{"id":10422,"date":"2022-09-19T08:52:58","date_gmt":"2022-09-19T08:52:58","guid":{"rendered":"https:\/\/worknow.vn\/conference-interpreters\/"},"modified":"2023-06-01T09:24:17","modified_gmt":"2023-06-01T09:24:17","slug":"phien-dich-hoi-nghi","status":"publish","type":"page","link":"https:\/\/worknow.vn\/vi\/phien-dich-hoi-nghi\/","title":{"rendered":"Phi\u00ean D\u1ecbch H\u1ed9i Ngh\u1ecb"},"content":{"rendered":"<div class=\"wpb-content-wrapper\">[vc_row top_margin=&#8221;0&#8243; bottom_margin=&#8221;0&#8243; css=&#8221;.vc_custom_1499912039446{margin-top: -30px !important;}&#8221;][vc_column]<div class=\"shortcode-wrapper shortcode-title clearfix hb-animate-element hb-fade-in\"><p style=\"color:#878787!important;border-color:#878787\" class=\"hb-text-large aligncenter\">Phi\u00ean D\u1ecbch H\u1ed9i Ngh\u1ecb<\/p><\/div>[vc_row_inner][vc_column_inner][vc_empty_space height=&#8221;10px&#8221;]<div class=\"shortcode-wrapper shortcode-icon-box clearfix\"><div class=\"feature-box alternative left-icon-box aligncenter\"><div class=\"feature-box-content\"><h4 class=\"bold\">M\u00f4 t\u1ea3 c\u00f4ng vi\u1ec7c Phi\u00ean D\u1ecbch H\u1ed9i Ngh\u1ecb<\/h4><p>Phi\u00ean d\u1ecbch h\u1ed9i ngh\u1ecb l\u00e0 ng\u01b0\u1eddi \u0111\u1ea3m nh\u1eadn vi\u1ec7c phi\u00ean d\u1ecbch t\u1eeb ti\u1ebfng n\u01b0\u1edbc ngo\u00e0i sang ti\u1ebfng n\u01b0\u1edbc c\u1ee7a h\u1ecd trong c\u00e1c h\u1ed9i ngh\u1ecb, h\u1ed9i th\u1ea3o. C\u00f4ng vi\u1ec7c th\u01b0\u1eddng thu\u1ed9c l\u0129nh v\u1ef1c kinh doanh qu\u1ed1c t\u1ebf ho\u1eb7c ngo\u1ea1i giao, m\u1eb7c d\u00f9 phi\u00ean d\u1ecbch h\u1ed9i ngh\u1ecb c\u00f3 th\u1ec3 th\u00f4ng d\u1ecbch cho b\u1ea5t k\u1ef3 t\u1ed5 ch\u1ee9c n\u00e0o l\u00e0m vi\u1ec7c v\u1edbi ng\u01b0\u1eddi n\u01b0\u1edbc ngo\u00e0i.<\/p>\n<p>Phi\u00ean d\u1ecbch h\u1ed9i ngh\u1ecb l\u00e0 d\u1ecbch tr\u1ef1c ti\u1ebfp t\u1eeb ng\u00f4n ng\u1eef n\u00e0y sang ng\u00f4n ng\u1eef kh\u00e1c. N\u00f3 \u0111\u01b0\u1ee3c g\u1ecdi l\u00e0 phi\u00ean d\u1ecbch h\u1ed9i ngh\u1ecb v\u00ec n\u00f3 th\u01b0\u1eddng \u0111\u01b0\u1ee3c th\u1ef1c hi\u1ec7n trong khung c\u1ea3nh ch\u00ednh th\u1ee9c c\u1ee7a m\u1ed9t cu\u1ed9c h\u1ecdp, m\u1eb7c d\u00f9 kh\u00f4ng ph\u1ea3i l\u00fac n\u00e0o c\u0169ng v\u1eady. M\u1ed9t thu\u1eadt ng\u1eef hi\u1ec7n \u0111\u1ea1i h\u01a1n c\u00f3 th\u1ec3 l\u00e0 phi\u00ean d\u1ecbch \u0111\u1ed3ng th\u1eddi, v\u00ec th\u00f4ng \u0111i\u1ec7p s\u1ebd \u0111\u01b0\u1ee3c truy\u1ec1n t\u1ea3i b\u1eb1ng m\u1ed9t ng\u00f4n ng\u1eef kh\u00e1c ngay sau ng\u01b0\u1eddi n\u00f3i.<\/p>\n<p>Phi\u00ean d\u1ecbch h\u1ed9i ngh\u1ecb th\u01b0\u1eddng l\u00e0m phi\u00ean d\u1ecbch \u0111\u1ed3ng th\u1eddi. Nh\u1eefng ng\u01b0\u1eddi tham d\u1ef1 h\u1ed9i ngh\u1ecb ho\u1eb7c cu\u1ed9c h\u1ecdp kh\u00f4ng hi\u1ec3u ng\u00f4n ng\u1eef c\u1ee7a ng\u01b0\u1eddi n\u00f3i th\u00ec c\u00f3 th\u1ec3 \u0111eo tai nghe \u0111\u01b0\u1ee3c \u0111i\u1ec1u ch\u1ec9nh c\u00f3 ng\u01b0\u1eddi phi\u00ean d\u1ecbch n\u00f3i ng\u00f4n ng\u1eef h\u1ecd mu\u1ed1n nghe.<\/p><\/div><\/div><\/div>[vc_empty_space height=&#8221;30px&#8221;]<div class=\"shortcode-wrapper shortcode-icon-box clearfix\"><div class=\"feature-box alternative left-icon-box aligncenter\"><div class=\"feature-box-content\"><h4 class=\"bold\">Nhi\u1ec7m v\u1ee5 ch\u00ednh c\u1ee7a Phi\u00ean D\u1ecbch H\u1ed9i Ngh\u1ecb<\/h4><p>M\u1ed9t s\u1ed1 k\u1ef9 n\u0103ng c\u1ea7n thi\u1ebft:<\/p>\n<ul>\n<li>K\u1ef9 n\u0103ng ng\u00f4n ng\u1eef xu\u1ea5t s\u1eafc, bao g\u1ed3m c\u1ea3 s\u1ef1 tr\u00f4i ch\u1ea3y v\u00e0 th\u00f4ng th\u1ea1o ti\u1ebfng m\u1eb9 \u0111\u1ebb.<\/li>\n<li>Tinh th\u1ea7n m\u1ea1nh m\u1ebd, ph\u1ea3n \u1ee9ng nhanh, t\u00f2 m\u00f2 v\u1ec1 th\u1ebf gi\u1edbi ch\u00fang ta \u0111ang s\u1ed1ng.<\/li>\n<li>M\u1ed9t tr\u00ed nh\u1edb t\u1ed1t \u0111\u1ec3 giao ti\u1ebfp.<\/li>\n<li>Nhi\u1ec7m v\u1ee5 v\u00e0 Tr\u00e1ch nhi\u1ec7m: truy\u1ec1n t\u1ea3i m\u1ed9t th\u00f4ng \u0111i\u1ec7p sang m\u1ed9t ng\u00f4n ng\u1eef kh\u00e1c c\u00f9ng l\u00fac ai \u0111\u00f3 \u0111ang n\u00f3i ho\u1eb7c k\u00fd. Ng\u01b0\u1eddi phi\u00ean d\u1ecbch \u0111\u1ed3ng th\u1eddi ph\u1ea3i n\u1eafm r\u00f5 ch\u1ee7 \u0111\u1ec1 v\u00e0 duy tr\u00ec s\u1ef1 t\u1eadp trung cao \u0111\u1ed9 \u0111\u1ec3 truy\u1ec1n t\u1ea3i th\u00f4ng \u0111i\u1ec7p m\u1ed9t c\u00e1ch ch\u00ednh x\u00e1c v\u00e0 tr\u1ecdn v\u1eb9n. Do \u1ea3nh h\u01b0\u1edfng \u0111\u1ebfn \u00e1p l\u1ef1c tinh th\u1ea7n, c\u00e1c th\u00f4ng d\u1ecbch vi\u00ean \u0111\u1ed3ng th\u1eddi c\u00f3 th\u1ec3 l\u00e0m vi\u1ec7c theo c\u1eb7p ho\u1eb7c nh\u00f3m nh\u1ecf n\u1ebfu h\u1ecd phi\u00ean d\u1ecbch trong th\u1eddi gian d\u00e0i, ch\u1eb3ng h\u1ea1n nh\u01b0 trong b\u1ed1i c\u1ea3nh t\u00f2a \u00e1n ho\u1eb7c h\u1ed9i ngh\u1ecb.<\/li>\n<\/ul>\n<\/p><\/div><\/div><\/div>[\/vc_column_inner][\/vc_row_inner][\/vc_column][\/vc_row]\n<\/div>","protected":false},"excerpt":{"rendered":"<p>[vc_row top_margin=&#8221;0&#8243; bottom_margin=&#8221;0&#8243; css=&#8221;.vc_custom_1499912039446{margin-top: -30px !important;}&#8221;][vc_column][vc_row_inner][vc_column_inner][vc_empty_space height=&#8221;10px&#8221;][vc_empty_space height=&#8221;30px&#8221;][\/vc_column_inner][\/vc_row_inner][\/vc_column][\/vc_row]<\/p>\n","protected":false},"author":4,"featured_media":0,"parent":0,"menu_order":0,"comment_status":"closed","ping_status":"closed","template":"","meta":{"nf_dc_page":"","footnotes":""},"class_list":["post-10422","page","type-page","status-publish","hentry"],"_links":{"self":[{"href":"https:\/\/worknow.vn\/vi\/wp-json\/wp\/v2\/pages\/10422","targetHints":{"allow":["GET"]}}],"collection":[{"href":"https:\/\/worknow.vn\/vi\/wp-json\/wp\/v2\/pages"}],"about":[{"href":"https:\/\/worknow.vn\/vi\/wp-json\/wp\/v2\/types\/page"}],"author":[{"embeddable":true,"href":"https:\/\/worknow.vn\/vi\/wp-json\/wp\/v2\/users\/4"}],"replies":[{"embeddable":true,"href":"https:\/\/worknow.vn\/vi\/wp-json\/wp\/v2\/comments?post=10422"}],"version-history":[{"count":4,"href":"https:\/\/worknow.vn\/vi\/wp-json\/wp\/v2\/pages\/10422\/revisions"}],"predecessor-version":[{"id":12069,"href":"https:\/\/worknow.vn\/vi\/wp-json\/wp\/v2\/pages\/10422\/revisions\/12069"}],"wp:attachment":[{"href":"https:\/\/worknow.vn\/vi\/wp-json\/wp\/v2\/media?parent=10422"}],"curies":[{"name":"wp","href":"https:\/\/api.w.org\/{rel}","templated":true}]}}