{"id":10424,"date":"2022-09-19T08:54:41","date_gmt":"2022-09-19T08:54:41","guid":{"rendered":"https:\/\/worknow.vn\/sign-language-interpreters\/"},"modified":"2023-06-01T09:26:10","modified_gmt":"2023-06-01T09:26:10","slug":"phien-dich-vien-ngon-ngu-ky-hieu","status":"publish","type":"page","link":"https:\/\/worknow.vn\/vi\/phien-dich-vien-ngon-ngu-ky-hieu\/","title":{"rendered":"Phi\u00ean D\u1ecbch Vi\u00ean Ng\u00f4n Ng\u1eef K\u00fd Hi\u1ec7u"},"content":{"rendered":"<div class=\"wpb-content-wrapper\">[vc_row top_margin=&#8221;0&#8243; bottom_margin=&#8221;0&#8243; css=&#8221;.vc_custom_1499912039446{margin-top: -30px !important;}&#8221;][vc_column]<div class=\"shortcode-wrapper shortcode-title clearfix hb-animate-element hb-fade-in\"><p style=\"color:#878787!important;border-color:#878787\" class=\"hb-text-large aligncenter\">Phi\u00ean D\u1ecbch Vi\u00ean Ng\u00f4n Ng\u1eef K\u00fd Hi\u1ec7u<\/p><\/div>[vc_row_inner][vc_column_inner][vc_empty_space height=&#8221;10px&#8221;]<div class=\"shortcode-wrapper shortcode-icon-box clearfix\"><div class=\"feature-box alternative left-icon-box aligncenter\"><div class=\"feature-box-content\"><h4 class=\"bold\">M\u00f4 t\u1ea3 c\u00f4ng vi\u1ec7c Phi\u00ean D\u1ecbch Vi\u00ean Ng\u00f4n Ng\u1eef K\u00fd Hi\u1ec7u<\/h4><p>Phi\u00ean d\u1ecbch vi\u00ean ng\u00f4n ng\u1eef k\u00fd hi\u1ec7u c\u00f3 tr\u00e1ch nhi\u1ec7m gi\u00fap nh\u1eefng ng\u01b0\u1eddi khi\u1ebfm th\u00ednh hi\u1ec3u nh\u1eefng g\u00ec \u0111ang \u0111\u01b0\u1ee3c n\u00f3i trong nhi\u1ec1u t\u00ecnh hu\u1ed1ng kh\u00e1c nhau. M\u1ed9t th\u00f4ng d\u1ecbch vi\u00ean ph\u1ea3i hi\u1ec3u r\u00f5 ch\u1ee7 \u0111\u1ec1 \u0111\u1ec3 h\u1ecd c\u00f3 th\u1ec3 d\u1ecbch ch\u00ednh x\u00e1c nh\u1eefng g\u00ec \u0111ang \u0111\u01b0\u1ee3c n\u00f3i sang ng\u00f4n ng\u1eef k\u00fd hi\u1ec7u. Phi\u00ean d\u1ecbch vi\u00ean ng\u00f4n ng\u1eef k\u00fd hi\u1ec7u c\u00f3 th\u1ec3 c\u00f3 m\u1eb7t \u0111\u1ec3 d\u1ecbch trong cu\u1ed9c h\u1ecdp v\u0103n ph\u00f2ng, trong ph\u00f2ng x\u1eed \u00e1n ho\u1eb7c t\u1ea1i m\u1ed9t b\u00e0i ph\u00e1t bi\u1ec3u ch\u00ednh tr\u1ecb. Phi\u00ean d\u1ecbch vi\u00ean c\u0169ng c\u00f3 th\u1ec3 \u0111\u01b0\u1ee3c s\u1eed d\u1ee5ng trong c\u00e1c t\u00ecnh hu\u1ed1ng m\u1ed9t \u0111\u1ed1i m\u1ed9t \u0111\u1ec3 gi\u00fap hai b\u00ean giao ti\u1ebfp v\u1edbi nhau. Phi\u00ean d\u1ecbch vi\u00ean ng\u00f4n ng\u1eef k\u00fd hi\u1ec7u c\u00f3 th\u1ec3 s\u1eed d\u1ee5ng c\u00f4ng ngh\u1ec7 \u0111\u1ec3 cung c\u1ea5p d\u1ecbch v\u1ee5 t\u1eeb xa.<\/p>\n<p>C\u00e1c nhi\u1ec7m v\u1ee5 ch\u00ednh c\u1ee7a phi\u00ean d\u1ecbch vi\u00ean y\u00eau c\u1ea7u k\u1ef9 n\u0103ng nghe, ng\u00f4n ng\u1eef k\u00fd hi\u1ec7u v\u00e0 giao ti\u1ebfp. \u0110\u1ec3 hi\u1ec3u \u0111\u01b0\u1ee3c nh\u1eefng g\u00ec s\u1ebd \u0111\u01b0\u1ee3c th\u00f4ng d\u1ecbch, phi\u00ean d\u1ecbch vi\u00ean c\u00f3 th\u1ec3 ph\u1ea3i nghi\u00ean c\u1ee9u n\u1ebfu c\u00e1c th\u00f4ng tin li\u00ean quan \u0111\u1ebfn k\u1ef9 thu\u1eadt cao ho\u1eb7c c\u00e1c th\u00f4ng tin ph\u1ee9c t\u1ea1p. M\u1ed9t tr\u00ed nh\u1edb t\u1ed1t c\u0169ng r\u1ea5t quan tr\u1ecdng v\u00ec phi\u00ean d\u1ecbch vi\u00ean s\u1ebd c\u1ea7n nh\u1edb nh\u1eefng g\u00ec \u0111\u00e3 \u0111\u01b0\u1ee3c n\u00f3i \u0111\u1ec3 di\u1ec5n t\u1ea3 n\u00f3.<\/p><\/div><\/div><\/div>[vc_empty_space height=&#8221;30px&#8221;]<div class=\"shortcode-wrapper shortcode-icon-box clearfix\"><div class=\"feature-box alternative left-icon-box aligncenter\"><div class=\"feature-box-content\"><h4 class=\"bold\">Nhi\u1ec7m v\u1ee5 chung c\u1ee7a Phi\u00ean D\u1ecbch Vi\u00ean Ng\u00f4n Ng\u1eef K\u00fd Hi\u1ec7u<\/h4><p>Nhi\u1ec7m v\u1ee5 v\u00e0 Tr\u00e1ch nhi\u1ec7m:<\/p>\n<ul>\n<li>Cung c\u1ea5p \u0111\u1ea7y \u0111\u1ee7 c\u00e1c d\u1ecbch v\u1ee5 th\u00f4ng d\u1ecbch \/ chuy\u1ec3n ng\u1eef cho nh\u00e2n vi\u00ean khi\u1ebfm th\u00ednh \/ l\u00e3ng tai<\/li>\n<li>Kh\u1ea3 n\u0103ng s\u1eed d\u1ee5ng nhi\u1ec1u ng\u00f4n ng\u1eef k\u00fd hi\u1ec7u kh\u00e1c nhau \u0111\u1ec3 t\u1ea1o \u0111i\u1ec1u ki\u1ec7n giao ti\u1ebfp<\/li>\n<li>Phi\u00ean d\u1ecbch b\u1ea5t k\u1ef3 cu\u1ed9c tr\u00f2 chuy\u1ec7n, cu\u1ed9c h\u1ecdp v\u00e0 bu\u1ed5i \u0111\u00e0o t\u1ea1o n\u00e0o c\u0169ng nh\u01b0 cu\u1ed9c ph\u1ecfng v\u1ea5n ho\u1eb7c s\u1ef1 ki\u1ec7n \u0111\u01b0\u1ee3c y\u00eau c\u1ea7u kh\u00e1c, bao g\u1ed3m cung c\u1ea5p th\u00f4ng d\u1ecbch b\u1eb1ng mi\u1ec7ng cho nh\u1eefng ng\u01b0\u1eddi kh\u00f4ng s\u1eed d\u1ee5ng ng\u00f4n ng\u1eef k\u00fd hi\u1ec7u<\/li>\n<li>Ch\u1ecbu tr\u00e1ch nhi\u1ec7m phi\u00ean d\u1ecbch trong nhi\u1ec1u h\u00ecnh th\u1ee9c giao ti\u1ebfp trong c\u00e1c s\u1ef1 ki\u1ec7n li\u00ean quan \u0111\u1ebfn c\u00f4ng vi\u1ec7c c\u1ee7a to\u00e0n c\u01a1 quan nh\u01b0 ch\u01b0\u01a1ng tr\u00ecnh, h\u1ed9i ngh\u1ecb, th\u1ea9m \u0111\u1ecbnh v\u00e0 c\u00e1c bu\u1ed5i t\u01b0 v\u1ea5n, v.v. cho c\u00e1c nhu c\u1ea7u v\u00e0 \u0111\u00e0o t\u1ea1o c\u1ee5 th\u1ec3<\/li>\n<li>Ch\u1ecbu tr\u00e1ch nhi\u1ec7m \u0111i\u1ec1u ph\u1ed1i t\u1ea5t c\u1ea3 c\u00e1c y\u00eau c\u1ea7u d\u1ecbch v\u1ee5 phi\u00ean d\u1ecbch c\u1ee7a kh\u00e1ch h\u00e0ng \u0111\u1ebfn th\u00f4ng qua email v\u00e0 cu\u1ed9c g\u1ecdi \u0111i\u1ec7n tho\u1ea1i<\/li>\n<li>Ch\u1ecbu tr\u00e1ch nhi\u1ec7m \u0111i\u1ec1u ph\u1ed1i c\u00e1c l\u1ecbch tr\u00ecnh tr\u00f9ng nhau v\u00e0 l\u00ean l\u1ecbch l\u1ea1i c\u00e1c th\u00f4ng b\u00e1o \u01b0u ti\u00ean<\/li>\n<li>Ph\u1ed1i h\u1ee3p v\u1edbi nh\u00e0 th\u1ea7u b\u00ean ngo\u00e0i \u0111\u1ec3 c\u00f3 c\u00e1c y\u00eau c\u1ea7u phi\u00ean d\u1ecbch khi c\u1ea7n thi\u1ebft<\/li>\n<li>X\u00e1c \u0111\u1ecbnh c\u00e1c c\u01a1 h\u1ed9i ph\u00e1t tri\u1ec3n quy tr\u00ecnh \u0111\u1ec3 c\u1ea3i thi\u1ec7n d\u1ecbch v\u1ee5 cho kh\u00e1ch h\u00e0ng<\/li>\n<li>L\u00e0m \u0111\u1ea1i di\u1ec7n cho v\u0103n ph\u00f2ng h\u1ee3p \u0111\u1ed3ng ho\u1eb7c cung c\u1ea5p d\u1ecbch v\u1ee5 phi\u00ean d\u1ecbch d\u1ef1 ph\u00f2ng cho h\u1ee3p \u0111\u1ed3ng b\u00ean ngo\u00e0i.<\/li>\n<\/ul>\n<\/p><\/div><\/div><\/div>[\/vc_column_inner][\/vc_row_inner][\/vc_column][\/vc_row]\n<\/div>","protected":false},"excerpt":{"rendered":"<p>[vc_row top_margin=&#8221;0&#8243; bottom_margin=&#8221;0&#8243; css=&#8221;.vc_custom_1499912039446{margin-top: -30px !important;}&#8221;][vc_column][vc_row_inner][vc_column_inner][vc_empty_space height=&#8221;10px&#8221;][vc_empty_space height=&#8221;30px&#8221;][\/vc_column_inner][\/vc_row_inner][\/vc_column][\/vc_row]<\/p>\n","protected":false},"author":4,"featured_media":0,"parent":0,"menu_order":0,"comment_status":"closed","ping_status":"closed","template":"","meta":{"nf_dc_page":"","footnotes":""},"class_list":["post-10424","page","type-page","status-publish","hentry"],"_links":{"self":[{"href":"https:\/\/worknow.vn\/vi\/wp-json\/wp\/v2\/pages\/10424","targetHints":{"allow":["GET"]}}],"collection":[{"href":"https:\/\/worknow.vn\/vi\/wp-json\/wp\/v2\/pages"}],"about":[{"href":"https:\/\/worknow.vn\/vi\/wp-json\/wp\/v2\/types\/page"}],"author":[{"embeddable":true,"href":"https:\/\/worknow.vn\/vi\/wp-json\/wp\/v2\/users\/4"}],"replies":[{"embeddable":true,"href":"https:\/\/worknow.vn\/vi\/wp-json\/wp\/v2\/comments?post=10424"}],"version-history":[{"count":4,"href":"https:\/\/worknow.vn\/vi\/wp-json\/wp\/v2\/pages\/10424\/revisions"}],"predecessor-version":[{"id":12074,"href":"https:\/\/worknow.vn\/vi\/wp-json\/wp\/v2\/pages\/10424\/revisions\/12074"}],"wp:attachment":[{"href":"https:\/\/worknow.vn\/vi\/wp-json\/wp\/v2\/media?parent=10424"}],"curies":[{"name":"wp","href":"https:\/\/api.w.org\/{rel}","templated":true}]}}