{"id":10426,"date":"2022-09-19T08:59:30","date_gmt":"2022-09-19T08:59:30","guid":{"rendered":"https:\/\/worknow.vn\/healthcare-or-medical-interpreters-and-translators\/"},"modified":"2023-06-01T09:26:10","modified_gmt":"2023-06-01T09:26:10","slug":"thong-dich-vien-va-bien-phien-dich-vien-cham-soc-suc-khoe-hoac-y-te","status":"publish","type":"page","link":"https:\/\/worknow.vn\/vi\/thong-dich-vien-va-bien-phien-dich-vien-cham-soc-suc-khoe-hoac-y-te\/","title":{"rendered":"Th\u00f4ng D\u1ecbch Vi\u00ean V\u00e0 Bi\u00ean Phi\u00ean D\u1ecbch Vi\u00ean Ch\u0103m S\u00f3c S\u1ee9c Kh\u1ecfe Ho\u1eb7c Y T\u1ebf"},"content":{"rendered":"<div class=\"wpb-content-wrapper\">[vc_row top_margin=&#8221;0&#8243; bottom_margin=&#8221;0&#8243; css=&#8221;.vc_custom_1499912039446{margin-top: -30px !important;}&#8221;][vc_column]<div class=\"shortcode-wrapper shortcode-title clearfix hb-animate-element hb-fade-in\"><p style=\"color:#878787!important;border-color:#878787\" class=\"hb-text-large aligncenter\">Th\u00f4ng D\u1ecbch Vi\u00ean V\u00e0 Bi\u00ean Phi\u00ean D\u1ecbch Vi\u00ean Ch\u0103m S\u00f3c S\u1ee9c Kh\u1ecfe Ho\u1eb7c Y T\u1ebf<\/p><\/div>[vc_row_inner][vc_column_inner][vc_empty_space height=&#8221;10px&#8221;]<div class=\"shortcode-wrapper shortcode-icon-box clearfix\"><div class=\"feature-box alternative left-icon-box aligncenter\"><div class=\"feature-box-content\"><h4 class=\"bold\">M\u00f4 t\u1ea3 c\u00f4ng vi\u1ec7c Th\u00f4ng D\u1ecbch Vi\u00ean V\u00e0 Bi\u00ean D\u1ecbch Vi\u00ean Ch\u0103m S\u00f3c S\u1ee9c Kh\u1ecfe Ho\u1eb7c Y T\u1ebf<\/h4><p>Th\u00f4ng d\u1ecbch vi\u00ean v\u00e0 bi\u00ean d\u1ecbch vi\u00ean ch\u0103m s\u00f3c s\u1ee9c kh\u1ecfe ho\u1eb7c y t\u1ebf th\u01b0\u1eddng l\u00e0m vi\u1ec7c trong c\u00e1c c\u01a1 s\u1edf ch\u0103m s\u00f3c s\u1ee9c kh\u1ecfe \u0111\u1ec3 gi\u00fap b\u1ec7nh nh\u00e2n giao ti\u1ebfp v\u1edbi b\u00e1c s\u0129, y t\u00e1, k\u1ef9 thu\u1eadt vi\u00ean v\u00e0 c\u00e1c nh\u00e2n vi\u00ean y t\u1ebf kh\u00e1c. Th\u00f4ng d\u1ecbch vi\u00ean v\u00e0 bi\u00ean d\u1ecbch vi\u00ean ph\u1ea3i c\u00f3 ki\u1ebfn \u200b\u200bth\u1ee9c v\u1ec1 thu\u1eadt ng\u1eef y t\u1ebf \u1edf c\u1ea3 hai ng\u00f4n ng\u1eef. H\u1ecd c\u00f3 th\u1ec3 d\u1ecbch t\u1eeb ng\u00f4n ng\u1eef n\u00e0y sang ng\u00f4n ng\u1eef kh\u00e1c c\u00e1c phi\u1ebfu cam k\u1ebft c\u1ee7a b\u1ec7nh nh\u00e2n, h\u1ed3 s\u01a1 b\u1ec7nh nh\u00e2n, \u1ea5n ph\u1ea9m qu\u1ea3ng c\u00e1o v\u00e0 th\u00f4ng tin v\u1ec1 d\u01b0\u1ee3c ph\u1ea9m, th\u00f4ng tin quy \u0111\u1ecbnh v\u00e0 t\u00e0i li\u1ec7u nghi\u00ean c\u1ee9u.<\/p>\n<p>Th\u00f4ng d\u1ecbch vi\u00ean ch\u0103m s\u00f3c s\u1ee9c kh\u1ecfe ho\u1eb7c y t\u1ebf ph\u1ea3i nh\u1ea1y b\u00e9n v\u1edbi c\u00e1c tr\u01b0\u1eddng h\u1ee3p c\u1ee7a b\u1ec7nh nh\u00e2n, ph\u1ea3i duy tr\u00ec t\u00ednh b\u1ea3o m\u1eadt v\u00e0 c\u00e1c ti\u00eau chu\u1ea9n \u0111\u1ea1o \u0111\u1ee9c.<\/p><\/div><\/div><\/div>[vc_empty_space height=&#8221;30px&#8221;]<div class=\"shortcode-wrapper shortcode-icon-box clearfix\"><div class=\"feature-box alternative left-icon-box aligncenter\"><div class=\"feature-box-content\"><h4 class=\"bold\">Nhi\u1ec7m v\u1ee5 chung c\u1ee7a Th\u00f4ng D\u1ecbch Vi\u00ean V\u00e0 Bi\u00ean D\u1ecbch Vi\u00ean Ch\u0103m S\u00f3c S\u1ee9c Kh\u1ecfe Ho\u1eb7c Y T\u1ebf<\/h4><p>Nhi\u1ec7m v\u1ee5 v\u00e0 Tr\u00e1ch nhi\u1ec7m:<\/p>\n<ul>\n<li>D\u1ecbch c\u00e1c th\u00f4ng tin y t\u1ebf qua l\u1eddi n\u00f3i.<\/li>\n<li>D\u1ecbch v\u0103n b\u1ea3n y t\u1ebf.<\/li>\n<li>B\u1ea3o m\u1eadt th\u00f4ng tin cho b\u1ec7nh nh\u00e2n.<\/li>\n<li>H\u1ed7 tr\u1ee3 theo d\u00f5i b\u1ec7nh nh\u00e2n.<\/li>\n<li>T\u00edch c\u1ef1c th\u1ef1c hi\u1ec7n t\u01b0\u01a1ng t\u00e1c.<\/li>\n<li>Tham gia \u0111\u00e0o t\u1ea1o li\u00ean t\u1ee5c.<\/li>\n<li>D\u1ecbch c\u00e1c c\u00e2u h\u1ecfi v\u00e0 d\u1ecbch ch\u00ednh x\u00e1c ti\u1ec1n s\u1eed b\u1ec7nh c\u0169ng nh\u01b0 c\u00e1c th\u00f4ng tin kh\u00e1c t\u1eeb b\u1ec7nh nh\u00e2n cho nh\u00e2n vi\u00ean y t\u1ebf.<\/li>\n<li>Chuy\u1ec3n ti\u1ebfp ch\u00ednh x\u00e1c c\u00e1c ch\u1ea9n \u0111o\u00e1n, h\u01b0\u1edbng d\u1eabn v\u00e0 th\u00f4ng tin y t\u1ebf cho b\u1ec7nh nh\u00e2n v\u00e0 gia \u0111\u00ecnh c\u1ee7a h\u1ecd, v\u00e0 \u0111\u1ea3m b\u1ea3o r\u1eb1ng h\u1ecd hi\u1ec3u.<\/li>\n<li>Hi\u1ec3u c\u00e1c kho\u1ea3ng c\u00e1ch v\u0103n h\u00f3a v\u00e0 gi\u1ea3i th\u00edch v\u1edbi c\u00e1c chuy\u00ean gia y t\u1ebf \u0111\u1ec3 c\u00f3 th\u1ec3 can thi\u1ec7p v\u00e0o hi\u1ec3u bi\u1ebft ho\u1eb7c c\u00e1c h\u00e0nh vi v\u0103n h\u00f3a.<\/li>\n<li>Vi\u1ebft v\u00e0 n\u00f3i l\u01b0u lo\u00e1t b\u1eb1ng hai ng\u00f4n ng\u1eef li\u00ean quan.<\/li>\n<li>K\u1ef9 n\u0103ng x\u00e3 h\u1ed9i t\u1ed1t.<\/li>\n<li>C\u00f3 ki\u1ebfn th\u1ee9c l\u00e0m vi\u1ec7c v\u1ec1 thu\u1eadt ng\u1eef y t\u1ebf.<\/li>\n<li>K\u1ef9 n\u0103ng giao ti\u1ebfp b\u1eb1ng l\u1eddi n\u00f3i xu\u1ea5t s\u1eafc<\/li>\n<\/ul>\n<\/p><\/div><\/div><\/div>[\/vc_column_inner][\/vc_row_inner][\/vc_column][\/vc_row]\n<\/div>","protected":false},"excerpt":{"rendered":"<p>[vc_row top_margin=&#8221;0&#8243; bottom_margin=&#8221;0&#8243; css=&#8221;.vc_custom_1499912039446{margin-top: -30px !important;}&#8221;][vc_column][vc_row_inner][vc_column_inner][vc_empty_space height=&#8221;10px&#8221;][vc_empty_space height=&#8221;30px&#8221;][\/vc_column_inner][\/vc_row_inner][\/vc_column][\/vc_row]<\/p>\n","protected":false},"author":4,"featured_media":0,"parent":0,"menu_order":0,"comment_status":"closed","ping_status":"closed","template":"","meta":{"nf_dc_page":"","footnotes":""},"class_list":["post-10426","page","type-page","status-publish","hentry"],"_links":{"self":[{"href":"https:\/\/worknow.vn\/vi\/wp-json\/wp\/v2\/pages\/10426","targetHints":{"allow":["GET"]}}],"collection":[{"href":"https:\/\/worknow.vn\/vi\/wp-json\/wp\/v2\/pages"}],"about":[{"href":"https:\/\/worknow.vn\/vi\/wp-json\/wp\/v2\/types\/page"}],"author":[{"embeddable":true,"href":"https:\/\/worknow.vn\/vi\/wp-json\/wp\/v2\/users\/4"}],"replies":[{"embeddable":true,"href":"https:\/\/worknow.vn\/vi\/wp-json\/wp\/v2\/comments?post=10426"}],"version-history":[{"count":5,"href":"https:\/\/worknow.vn\/vi\/wp-json\/wp\/v2\/pages\/10426\/revisions"}],"predecessor-version":[{"id":12075,"href":"https:\/\/worknow.vn\/vi\/wp-json\/wp\/v2\/pages\/10426\/revisions\/12075"}],"wp:attachment":[{"href":"https:\/\/worknow.vn\/vi\/wp-json\/wp\/v2\/media?parent=10426"}],"curies":[{"name":"wp","href":"https:\/\/api.w.org\/{rel}","templated":true}]}}