{"id":10428,"date":"2022-09-19T09:22:53","date_gmt":"2022-09-19T09:22:53","guid":{"rendered":"https:\/\/worknow.vn\/liaison-or-escort-interpreters\/"},"modified":"2023-06-01T09:26:11","modified_gmt":"2023-06-01T09:26:11","slug":"lien-lac-vien-hoac-thong-dich-vien-ho-tong","status":"publish","type":"page","link":"https:\/\/worknow.vn\/vi\/lien-lac-vien-hoac-thong-dich-vien-ho-tong\/","title":{"rendered":"Li\u00ean L\u1ea1c Vi\u00ean Ho\u1eb7c Th\u00f4ng D\u1ecbch Vi\u00ean H\u1ed9 T\u1ed1ng"},"content":{"rendered":"<div class=\"wpb-content-wrapper\">[vc_row top_margin=&#8221;0&#8243; bottom_margin=&#8221;0&#8243; css=&#8221;.vc_custom_1499912039446{margin-top: -30px !important;}&#8221;][vc_column]<div class=\"shortcode-wrapper shortcode-title clearfix hb-animate-element hb-fade-in\"><p style=\"color:#878787!important;border-color:#878787\" class=\"hb-text-large aligncenter\">Li\u00ean L\u1ea1c Vi\u00ean Ho\u1eb7c Th\u00f4ng D\u1ecbch Vi\u00ean H\u1ed9 T\u1ed1ng<\/p><\/div>[vc_row_inner][vc_column_inner][vc_empty_space height=&#8221;10px&#8221;]<div class=\"shortcode-wrapper shortcode-icon-box clearfix\"><div class=\"feature-box alternative left-icon-box aligncenter\"><div class=\"feature-box-content\"><h4 class=\"bold\">M\u00f4 t\u1ea3 c\u00f4ng vi\u1ec7c<\/h4><p>Li\u00ean l\u1ea1c vi\u00ean ho\u1eb7c th\u00f4ng d\u1ecbch vi\u00ean h\u1ed9 t\u1ed1ng \u0111i c\u00f9ng v\u1edbi kh\u00e1ch Hoa K\u1ef3 \u1edf n\u01b0\u1edbc ngo\u00e0i ho\u1eb7c kh\u00e1ch n\u01b0\u1edbc ngo\u00e0i \u1edf Hoa K\u1ef3 c\u00f3 tr\u00ecnh \u0111\u1ed9 ti\u1ebfng Anh h\u1ea1n ch\u1ebf. Th\u00f4ng d\u1ecbch trong c\u1ea3 m\u00f4i tr\u01b0\u1eddng ch\u00ednh th\u1ee9c v\u00e0 kh\u00f4ng ch\u00ednh th\u1ee9c, \u0111\u1ea3m b\u1ea3o r\u1eb1ng du kh\u00e1ch c\u00f3 th\u1ec3 giao ti\u1ebfp trong th\u1eddi gian l\u01b0u tr\u00fa c\u1ee7a h\u1ecd.<\/p><\/div><\/div><\/div>[vc_empty_space height=&#8221;30px&#8221;]<div class=\"shortcode-wrapper shortcode-icon-box clearfix\"><div class=\"feature-box alternative left-icon-box aligncenter\"><div class=\"feature-box-content\"><h4 class=\"bold\">K\u1ef9 n\u0103ng c\u1ea7n thi\u1ebft<\/h4><p><\/p><\/div><\/div><\/div>[\/vc_column_inner][\/vc_row_inner][\/vc_column][\/vc_row]\n<\/div>","protected":false},"excerpt":{"rendered":"<p>[vc_row top_margin=&#8221;0&#8243; bottom_margin=&#8221;0&#8243; css=&#8221;.vc_custom_1499912039446{margin-top: -30px !important;}&#8221;][vc_column][vc_row_inner][vc_column_inner][vc_empty_space height=&#8221;10px&#8221;][vc_empty_space height=&#8221;30px&#8221;][\/vc_column_inner][\/vc_row_inner][\/vc_column][\/vc_row]<\/p>\n","protected":false},"author":4,"featured_media":0,"parent":0,"menu_order":0,"comment_status":"closed","ping_status":"closed","template":"","meta":{"nf_dc_page":"","footnotes":""},"class_list":["post-10428","page","type-page","status-publish","hentry"],"_links":{"self":[{"href":"https:\/\/worknow.vn\/vi\/wp-json\/wp\/v2\/pages\/10428","targetHints":{"allow":["GET"]}}],"collection":[{"href":"https:\/\/worknow.vn\/vi\/wp-json\/wp\/v2\/pages"}],"about":[{"href":"https:\/\/worknow.vn\/vi\/wp-json\/wp\/v2\/types\/page"}],"author":[{"embeddable":true,"href":"https:\/\/worknow.vn\/vi\/wp-json\/wp\/v2\/users\/4"}],"replies":[{"embeddable":true,"href":"https:\/\/worknow.vn\/vi\/wp-json\/wp\/v2\/comments?post=10428"}],"version-history":[{"count":5,"href":"https:\/\/worknow.vn\/vi\/wp-json\/wp\/v2\/pages\/10428\/revisions"}],"predecessor-version":[{"id":12076,"href":"https:\/\/worknow.vn\/vi\/wp-json\/wp\/v2\/pages\/10428\/revisions\/12076"}],"wp:attachment":[{"href":"https:\/\/worknow.vn\/vi\/wp-json\/wp\/v2\/media?parent=10428"}],"curies":[{"name":"wp","href":"https:\/\/api.w.org\/{rel}","templated":true}]}}