{"id":10430,"date":"2022-09-19T09:02:18","date_gmt":"2022-09-19T09:02:18","guid":{"rendered":"https:\/\/worknow.vn\/legal-or-judicial-interpreters-and-translators\/"},"modified":"2023-06-01T09:26:16","modified_gmt":"2023-06-01T09:26:16","slug":"thong-dich-vien-va-bien-dich-vien-phap-ly-hoac-tu-phap","status":"publish","type":"page","link":"https:\/\/worknow.vn\/vi\/thong-dich-vien-va-bien-dich-vien-phap-ly-hoac-tu-phap\/","title":{"rendered":"Th\u00f4ng D\u1ecbch Vi\u00ean V\u00e0 Bi\u00ean D\u1ecbch Vi\u00ean Ph\u00e1p L\u00fd Ho\u1eb7c T\u01b0 Ph\u00e1p"},"content":{"rendered":"<div class=\"wpb-content-wrapper\">[vc_row top_margin=&#8221;0&#8243; bottom_margin=&#8221;0&#8243; css=&#8221;.vc_custom_1499912039446{margin-top: -30px !important;}&#8221;][vc_column]<div class=\"shortcode-wrapper shortcode-title clearfix hb-animate-element hb-fade-in\"><p style=\"color:#878787!important;border-color:#878787\" class=\"hb-text-large aligncenter\">Th\u00f4ng D\u1ecbch Vi\u00ean V\u00e0 Bi\u00ean D\u1ecbch Vi\u00ean Ph\u00e1p L\u00fd Ho\u1eb7c T\u01b0 Ph\u00e1p<\/p><\/div>[vc_row_inner][vc_column_inner][vc_empty_space height=&#8221;10px&#8221;]<div class=\"shortcode-wrapper shortcode-icon-box clearfix\"><div class=\"feature-box alternative left-icon-box aligncenter\"><div class=\"feature-box-content\"><h4 class=\"bold\">M\u00f4 t\u1ea3 c\u00f4ng vi\u1ec7c Th\u00f4ng D\u1ecbch Vi\u00ean V\u00e0 Bi\u00ean D\u1ecbch Vi\u00ean Ph\u00e1p L\u00fd Ho\u1eb7c T\u01b0 Ph\u00e1p<\/h4><p>Th\u00f4ng d\u1ecbch vi\u00ean v\u00e0 bi\u00ean d\u1ecbch vi\u00ean ph\u00e1p l\u00fd ho\u1eb7c t\u01b0 ph\u00e1p th\u01b0\u1eddng l\u00e0m vi\u1ec7c trong t\u00f2a \u00e1n v\u00e0 c\u00e1c c\u01a1 s\u1edf t\u01b0 ph\u00e1p kh\u00e1c. H\u1ecd gi\u00fap nh\u1eefng ng\u01b0\u1eddi c\u00f3 tr\u00ecnh \u0111\u1ed9 ti\u1ebfng Anh h\u1ea1n ch\u1ebf t\u1ea1i c\u00e1c bu\u1ed5i th\u01b0a ki\u1ec7n, \u0111\u1eb7t c\u1ecdc, phi\u00ean \u0111i\u1ec1u tr\u1ea7n v\u00e0 x\u00e9t x\u1eed,. Theo \u0111\u00f3, h\u1ecd ph\u1ea3i hi\u1ec3u c\u00e1c thu\u1eadt ng\u1eef ph\u00e1p l\u00fd. Th\u00f4ng d\u1ecbch vi\u00ean t\u00f2a \u00e1n \u0111\u00f4i khi ph\u1ea3i \u0111\u1ecdc. to c\u00e1c t\u00e0i li\u1ec7u ngu\u1ed3n b\u1eb1ng ng\u00f4n ng\u1eef \u0111\u00edch, nhi\u1ec7m v\u1ee5 c\u00f4ng vi\u1ec7c n\u00e0y bi\u1ebft \u0111\u1ebfn nh\u01b0 l\u00e0 d\u1ecbch nh\u00ecn v\u0103n b\u1ea3n<\/p><\/div><\/div><\/div>[vc_empty_space height=&#8221;30px&#8221;]<div class=\"shortcode-wrapper shortcode-icon-box clearfix\"><div class=\"feature-box alternative left-icon-box aligncenter\"><div class=\"feature-box-content\"><h4 class=\"bold\">Nhi\u1ec7m v\u1ee5 chung c\u1ee7a Th\u00f4ng D\u1ecbch Vi\u00ean V\u00e0 Bi\u00ean D\u1ecbch Vi\u00ean Ph\u00e1p L\u00fd Ho\u1eb7c T\u01b0 Ph\u00e1p<\/h4><p>Nhi\u1ec7m v\u1ee5 v\u00e0 Tr\u00e1ch nhi\u1ec7m:<\/p>\n<ul>\n<li>S\u1ebd c\u1ea7n nghe b\u1ea1n n\u00f3i b\u1eb1ng ng\u00f4n ng\u1eef m\u1eb9 \u0111\u1ebb c\u1ee7a b\u1ea1n, v\u00e0 c\u00f3 th\u1ec3 h\u1ecfi b\u1ea1n nh\u1eefng c\u00e2u h\u1ecfi nh\u01b0 b\u1ea1n \u0111\u1ebfn t\u1eeb \u0111\u00e2u ho\u1eb7c li\u1ec7u b\u1ea1n \u0111\u00e3 t\u1eebng s\u1eed d\u1ee5ng th\u00f4ng d\u1ecbch vi\u00ean tr\u01b0\u1edbc \u0111\u00e2y ch\u01b0a.<\/li>\n<li>S\u1ebd h\u1ed7 tr\u1ee3 b\u1ea1n giao ti\u1ebfp v\u1edbi nh\u1eefng ng\u01b0\u1eddi trong ph\u00f2ng x\u1eed \u00e1n, bao g\u1ed3m lu\u1eadt s\u01b0, nh\u00e2n vi\u00ean t\u00f2a \u00e1n v\u00e0 th\u1ea9m ph\u00e1n.<\/li>\n<li>S\u1ebd gi\u1ea3i th\u00edch m\u1ecdi th\u1ee9 b\u1ea1n n\u00f3i sang ti\u1ebfng Anh.<\/li>\n<li>S\u1ebd gi\u1ea3i th\u00edch m\u1ecdi \u0111i\u1ec1u \u0111\u00e3 n\u00f3i tr\u01b0\u1edbc t\u00f2a sang ng\u00f4n ng\u1eef m\u1eb9 \u0111\u1ebb c\u1ee7a b\u1ea1n.<\/li>\n<li>S\u1ebd di\u1ec5n gi\u1ea3i t\u1ea5t c\u1ea3 nh\u1eefng g\u00ec \u0111\u00e3 n\u00f3i, kh\u00f4ng th\u00eam, b\u1edbt ho\u1eb7c thay \u0111\u1ed5i b\u1ea5t c\u1ee9 chi ti\u1ebft g\u00ec.<\/li>\n<li>B\u1ecb r\u00e0ng bu\u1ed9c b\u1edfi c\u00e1c quy t\u1eafc b\u1ea3o m\u1eadt v\u00e0 s\u1ebd kh\u00f4ng l\u1eb7p l\u1ea1i v\u1edbi b\u1ea5t k\u1ef3 ai nh\u1eefng g\u00ec b\u1ea1n n\u00f3i ri\u00eang v\u1edbi lu\u1eadt s\u01b0 c\u1ee7a m\u00ecnh.<\/li>\n<li>Kh\u00f4ng th\u1ec3 cung c\u1ea5p cho b\u1ea1n l\u1eddi khuy\u00ean ph\u00e1p l\u00fd.<\/li>\n<li>Kh\u00f4ng th\u1ec3 n\u00f3i chuy\u1ec7n v\u1edbi b\u1ea1n v\u1ec1 tr\u01b0\u1eddng h\u1ee3p c\u1ee7a b\u1ea1n.<\/li>\n<li>Kh\u00f4ng th\u1ec3 gi\u1ea3i th\u00edch \u00fd ngh\u0129a c\u1ee7a m\u1ed9t s\u1ed1 t\u1eeb ho\u1eb7c thu\u1eadt ng\u1eef nh\u1ea5t \u0111\u1ecbnh.<\/li>\n<li>Kh\u00f4ng th\u1ec3 tr\u1ea3 l\u1eddi c\u00e1c c\u00e2u h\u1ecfi v\u1ec1 nh\u1eefng g\u00ec s\u1ebd x\u1ea3y ra tr\u01b0\u1edbc t\u00f2a.<\/li>\n<li>Kh\u00f4ng th\u1ec3 tr\u00f2 chuy\u1ec7n ri\u00eang v\u1edbi b\u1ea1n, gia \u0111\u00ecnh ho\u1eb7c b\u1ea1n b\u00e8 c\u1ee7a b\u1ea1n<\/li>\n<\/ul>\n<\/p><\/div><\/div><\/div>[\/vc_column_inner][\/vc_row_inner][\/vc_column][\/vc_row]\n<\/div>","protected":false},"excerpt":{"rendered":"<p>[vc_row top_margin=&#8221;0&#8243; bottom_margin=&#8221;0&#8243; css=&#8221;.vc_custom_1499912039446{margin-top: -30px !important;}&#8221;][vc_column][vc_row_inner][vc_column_inner][vc_empty_space height=&#8221;10px&#8221;][vc_empty_space height=&#8221;30px&#8221;][\/vc_column_inner][\/vc_row_inner][\/vc_column][\/vc_row]<\/p>\n","protected":false},"author":4,"featured_media":0,"parent":0,"menu_order":0,"comment_status":"closed","ping_status":"closed","template":"","meta":{"nf_dc_page":"","footnotes":""},"class_list":["post-10430","page","type-page","status-publish","hentry"],"_links":{"self":[{"href":"https:\/\/worknow.vn\/vi\/wp-json\/wp\/v2\/pages\/10430","targetHints":{"allow":["GET"]}}],"collection":[{"href":"https:\/\/worknow.vn\/vi\/wp-json\/wp\/v2\/pages"}],"about":[{"href":"https:\/\/worknow.vn\/vi\/wp-json\/wp\/v2\/types\/page"}],"author":[{"embeddable":true,"href":"https:\/\/worknow.vn\/vi\/wp-json\/wp\/v2\/users\/4"}],"replies":[{"embeddable":true,"href":"https:\/\/worknow.vn\/vi\/wp-json\/wp\/v2\/comments?post=10430"}],"version-history":[{"count":5,"href":"https:\/\/worknow.vn\/vi\/wp-json\/wp\/v2\/pages\/10430\/revisions"}],"predecessor-version":[{"id":12077,"href":"https:\/\/worknow.vn\/vi\/wp-json\/wp\/v2\/pages\/10430\/revisions\/12077"}],"wp:attachment":[{"href":"https:\/\/worknow.vn\/vi\/wp-json\/wp\/v2\/media?parent=10430"}],"curies":[{"name":"wp","href":"https:\/\/api.w.org\/{rel}","templated":true}]}}