{"id":10432,"date":"2022-09-19T09:03:58","date_gmt":"2022-09-19T09:03:58","guid":{"rendered":"https:\/\/worknow.vn\/literary-translators\/"},"modified":"2023-06-01T09:26:38","modified_gmt":"2023-06-01T09:26:38","slug":"dich-gia-van-hoc","status":"publish","type":"page","link":"https:\/\/worknow.vn\/vi\/dich-gia-van-hoc\/","title":{"rendered":"D\u1ecbch Gi\u1ea3 V\u0103n H\u1ecdc"},"content":{"rendered":"<div class=\"wpb-content-wrapper\">[vc_row top_margin=&#8221;0&#8243; bottom_margin=&#8221;0&#8243; css=&#8221;.vc_custom_1499912039446{margin-top: -30px !important;}&#8221;][vc_column]<div class=\"shortcode-wrapper shortcode-title clearfix hb-animate-element hb-fade-in\"><p style=\"color:#878787!important;border-color:#878787\" class=\"hb-text-large aligncenter\">D\u1ecbch Gi\u1ea3 V\u0103n H\u1ecdc<\/p><\/div>[vc_row_inner][vc_column_inner][vc_empty_space height=&#8221;10px&#8221;]<div class=\"shortcode-wrapper shortcode-icon-box clearfix\"><div class=\"feature-box alternative left-icon-box aligncenter\"><div class=\"feature-box-content\"><h4 class=\"bold\">M\u00f4 t\u1ea3 c\u00f4ng vi\u1ec7c D\u1ecbch Gi\u1ea3 V\u0103n H\u1ecdc<\/h4><p>D\u1ecbch gi\u1ea3 v\u0103n h\u1ecdc l\u00e0 chuy\u1ec3n \u0111\u1ed5i t\u1eeb ng\u00f4n ng\u1eef ngu\u1ed3n sang ng\u00f4n ng\u1eef \u0111\u00edch c\u00e1c s\u00e1ch, th\u01a1 v\u00e0 c\u00e1c t\u00e1c ph\u1ea9m \u0111\u00e3 xu\u1ea5t b\u1ea3n. B\u1ea5t c\u1ee9 khi n\u00e0o c\u00f3 th\u1ec3, c\u00e1c d\u1ecbch gi\u1ea3 v\u0103n h\u1ecdc l\u00e0m vi\u1ec7c ch\u1eb7t ch\u1ebd v\u1edbi c\u00e1c t\u00e1c gi\u1ea3 \u0111\u1ec3 n\u1eafm b\u1eaft \u00fd ngh\u0129a, c\u0169ng nh\u01b0 c\u00e1c t\u00e0i li\u1ec7u tham kh\u1ea3o v\u1ec1 v\u0103n h\u1ecdc v\u00e0 v\u0103n h\u00f3a, c\u1ee7a \u1ea5n ph\u1ea9m g\u1ed1c.<\/p><\/div><\/div><\/div>[vc_empty_space height=&#8221;30px&#8221;]<div class=\"shortcode-wrapper shortcode-icon-box clearfix\"><div class=\"feature-box alternative left-icon-box aligncenter\"><div class=\"feature-box-content\"><h4 class=\"bold\">Nhi\u1ec7m v\u1ee5 chung c\u1ee7a D\u1ecbch Gi\u1ea3 V\u0103n H\u1ecdc<\/h4><p>Nhi\u1ec7m v\u1ee5 v\u00e0 Tr\u00e1ch nhi\u1ec7m:<\/p>\n<ul>\n<li>Ph\u00e1t tri\u1ec3n c\u00e1c ph\u01b0\u01a1ng ph\u00e1p b\u1eb1ng c\u00e1ch s\u1eed d\u1ee5ng m\u00e1y t\u00ednh v\u00e0 c\u00e1c c\u00f4ng c\u1ee5 kh\u00e1c \u0111\u1ec3 c\u1ea3i thi\u1ec7n t\u1ed1c \u0111\u1ed9 v\u00e0 ch\u1ea5t l\u01b0\u1ee3ng c\u1ee7a b\u1ea3n d\u1ecbch.<\/li>\n<li>G\u1ee3i l\u00ean t\u00e2m tr\u1ea1ng v\u00e0 s\u1ef1 tinh t\u1ebf c\u1ee7a c\u00e2u chuy\u1ec7n g\u1ed1c trong qu\u00e1 tr\u00ecnh d\u1ecbch.<\/li>\n<li>Duy tr\u00ec th\u00f4ng \u0111i\u1ec7p g\u1ed1c c\u1ee7a t\u00e1c gi\u1ea3 trong t\u00e0i li\u1ec7u trong qu\u00e1 tr\u00ecnh d\u1ecbch.<\/li>\n<li>Xem l\u1ea1i v\u00e0 \u0111\u1ecdc r\u00e0 so\u00e1t t\u00e0i li\u1ec7u \u0111\u00e3 d\u1ecbch.<\/li>\n<li>Truy t\u00ecm ngu\u1ed3n g\u1ed1c v\u00e0 s\u1ef1 ph\u00e1t tri\u1ec3n c\u1ee7a c\u00e1c t\u1eeb, ng\u1eef ph\u00e1p v\u00e0 h\u00ecnh th\u1ee9c ng\u00f4n ng\u1eef \u0111\u01b0\u1ee3c s\u1eed d\u1ee5ng trong b\u1ea3n t\u01b0\u1eddng thu\u1eadt ngu\u1ed3n.<\/li>\n<li>K\u1ef9 n\u0103ng Ng\u00f4n ng\u1eef: Ng\u01b0\u1eddi d\u1ecbch s\u00e1ch ph\u1ea3i th\u00f4ng th\u1ea1o \u00edt nh\u1ea5t hai ng\u00f4n ng\u1eef v\u00e0 c\u00f3 hi\u1ec3u bi\u1ebft to\u00e0n di\u1ec7n v\u1ec1 c\u00e1c n\u1ec1n v\u0103n h\u00f3a n\u01a1i m\u1ed7i ng\u00f4n ng\u1eef \u0111\u01b0\u1ee3c s\u1eed d\u1ee5ng. V\u0103n h\u00f3a bao g\u1ed3m l\u1ecbch s\u1eed, c\u00e1c v\u1ea5n \u0111\u1ec1 ch\u00ednh tr\u1ecb, v\u0103n h\u1ecdc, t\u00f4n gi\u00e1o, ngh\u1ec7 thu\u1eadt v\u00e0 cu\u1ed9c s\u1ed1ng h\u00e0ng ng\u00e0y.<\/li>\n<li>Kinh nghi\u1ec7m: C\u1ee5c Th\u1ed1ng k\u00ea Lao \u0111\u1ed9ng Hoa K\u1ef3 (BLS) tuy\u00ean b\u1ed1 r\u1eb1ng c\u00e1c y\u00eau c\u1ea7u v\u1ec1 tr\u00ecnh \u0111\u1ed9 h\u1ecdc v\u1ea5n kh\u00e1c nhau t\u00f9y thu\u1ed9c nh\u00e0 tuy\u1ec3n d\u1ee5ng v\u00e0 kinh nghi\u1ec7m l\u00e0 \u0111i\u1ec1u quan tr\u1ecdng nh\u1ea5t \u0111\u1ed1i v\u1edbi ng\u01b0\u1eddi d\u1ecbch s\u00e1ch. BLS g\u1ee3i \u00fd r\u1eb1ng nh\u1eefng ng\u01b0\u1eddi d\u1ecbch s\u00e1ch n\u00ean b\u1eaft \u0111\u1ea7u b\u1eb1ng vi\u1ec7c t\u00ecnh nguy\u1ec7n ho\u1eb7c th\u1ef1c hi\u1ec7n c\u00f4ng vi\u1ec7c d\u1ecbch thu\u1eadt kh\u00f4ng ch\u00ednh th\u1ee9c.<\/li>\n<li>T\u0103ng danh m\u1ee5c \u0111\u1ea7u t\u01b0 v\u00e0 danh ti\u1ebfng: Theo Hi\u1ec7p h\u1ed9i D\u1ecbch gi\u1ea3 V\u0103n h\u1ecdc Hoa K\u1ef3 (ALTA), r\u1ea5t hi\u1ebfm khi \u0111\u1ec3 b\u1eaft \u0111\u1ea7u s\u1ef1 nghi\u1ec7p d\u1ecbch v\u0103n h\u1ecdc b\u1eb1ng m\u1ed9t b\u1ea3n d\u1ecbch s\u00e1ch. D\u1ecbch c\u00e1c ph\u1ea7n ng\u1eafn h\u01a1n nh\u01b0 l\u00e0 truy\u1ec7n ng\u1eafn v\u00e0 th\u01a1 l\u00e0 m\u1ed9t c\u00e1ch t\u1ed1t \u0111\u1ec3 x\u00e2y d\u1ef1ng danh m\u1ee5c ngh\u1ec1 nghi\u1ec7p v\u00e0 thi\u1ebft l\u1eadp danh ti\u1ebfng \u0111\u1ec3 \u0111\u01b0a ra l\u1ef1a ch\u1ecdn t\u1ed1t v\u1ec1 vi\u1ec7c d\u1ecbch ti\u1ec3u thuy\u1ebft n\u00e0o.<\/li>\n<li>Tr\u00ecnh \u0111\u1ed9 h\u1ecdc v\u1ea5n: Nhi\u1ec1u ng\u01b0\u1eddi d\u1ecbch s\u00e1ch \u0111\u1ea1t \u0111\u01b0\u1ee3c tr\u00ecnh \u0111\u1ed9 h\u1ecdc v\u1ea5n v\u1ec1 d\u1ecbch thu\u1eadt b\u1eb1ng c\u00e1ch ho\u00e0n th\u00e0nh ch\u01b0\u01a1ng tr\u00ecnh ch\u1ee9ng ch\u1ec9 d\u1ecbch thu\u1eadt. C\u00e1c ch\u01b0\u01a1ng tr\u00ecnh \u0111\u1ea1i h\u1ecdc v\u1ec1 v\u0103n h\u1ecdc so s\u00e1nh v\u00e0 \u0111\u1ed1i chi\u1ebfu \u0111\u01b0\u1ee3c ch\u1ea5p nh\u1eadn, nh\u01b0ng c\u00e1c b\u1eb1ng c\u1ea5p sau \u0111\u1ea1i h\u1ecdc ph\u1ea3i t\u1eadp trung c\u1ee5 th\u1ec3 h\u01a1n v\u00e0o d\u1ecbch v\u0103n h\u1ecdc.<\/li>\n<\/ul>\n<\/p><\/div><\/div><\/div>[\/vc_column_inner][\/vc_row_inner][\/vc_column][\/vc_row]\n<\/div>","protected":false},"excerpt":{"rendered":"<p>[vc_row top_margin=&#8221;0&#8243; bottom_margin=&#8221;0&#8243; css=&#8221;.vc_custom_1499912039446{margin-top: -30px !important;}&#8221;][vc_column][vc_row_inner][vc_column_inner][vc_empty_space height=&#8221;10px&#8221;][vc_empty_space height=&#8221;30px&#8221;][\/vc_column_inner][\/vc_row_inner][\/vc_column][\/vc_row]<\/p>\n","protected":false},"author":4,"featured_media":0,"parent":0,"menu_order":0,"comment_status":"closed","ping_status":"closed","template":"","meta":{"nf_dc_page":"","footnotes":""},"class_list":["post-10432","page","type-page","status-publish","hentry"],"_links":{"self":[{"href":"https:\/\/worknow.vn\/vi\/wp-json\/wp\/v2\/pages\/10432","targetHints":{"allow":["GET"]}}],"collection":[{"href":"https:\/\/worknow.vn\/vi\/wp-json\/wp\/v2\/pages"}],"about":[{"href":"https:\/\/worknow.vn\/vi\/wp-json\/wp\/v2\/types\/page"}],"author":[{"embeddable":true,"href":"https:\/\/worknow.vn\/vi\/wp-json\/wp\/v2\/users\/4"}],"replies":[{"embeddable":true,"href":"https:\/\/worknow.vn\/vi\/wp-json\/wp\/v2\/comments?post=10432"}],"version-history":[{"count":5,"href":"https:\/\/worknow.vn\/vi\/wp-json\/wp\/v2\/pages\/10432\/revisions"}],"predecessor-version":[{"id":12078,"href":"https:\/\/worknow.vn\/vi\/wp-json\/wp\/v2\/pages\/10432\/revisions\/12078"}],"wp:attachment":[{"href":"https:\/\/worknow.vn\/vi\/wp-json\/wp\/v2\/media?parent=10432"}],"curies":[{"name":"wp","href":"https:\/\/api.w.org\/{rel}","templated":true}]}}