{"id":10434,"date":"2022-09-19T09:07:58","date_gmt":"2022-09-19T09:07:58","guid":{"rendered":"https:\/\/worknow.vn\/trilingual-interpreters\/"},"modified":"2023-06-01T09:28:13","modified_gmt":"2023-06-01T09:28:13","slug":"thong-dich-vien-ba-thu-tieng","status":"publish","type":"page","link":"https:\/\/worknow.vn\/vi\/thong-dich-vien-ba-thu-tieng\/","title":{"rendered":"Th\u00f4ng D\u1ecbch Vi\u00ean Ba Th\u1ee9 Ti\u1ebfng"},"content":{"rendered":"<div class=\"wpb-content-wrapper\">[vc_row top_margin=&#8221;0&#8243; bottom_margin=&#8221;0&#8243; css=&#8221;.vc_custom_1499912039446{margin-top: -30px !important;}&#8221;][vc_column]<div class=\"shortcode-wrapper shortcode-title clearfix hb-animate-element hb-fade-in\"><p style=\"color:#878787!important;border-color:#878787\" class=\"hb-text-large aligncenter\">Th\u00f4ng D\u1ecbch Vi\u00ean Ba Th\u1ee9 Ti\u1ebfng<\/p><\/div>[vc_row_inner][vc_column_inner][vc_empty_space height=&#8221;10px&#8221;]<div class=\"shortcode-wrapper shortcode-icon-box clearfix\"><div class=\"feature-box alternative left-icon-box aligncenter\"><div class=\"feature-box-content\"><h4 class=\"bold\">M\u00f4 t\u1ea3 c\u00f4ng vi\u1ec7c Th\u00f4ng D\u1ecbch Vi\u00ean Ba Th\u1ee9 Ti\u1ebfng<\/h4><p>Th\u00f4ng d\u1ecbch vi\u00ean ba th\u1ee9 ti\u1ebfng t\u1ea1o \u0111i\u1ec1u ki\u1ec7n giao ti\u1ebfp gi\u1eefa ng\u01b0\u1eddi n\u00f3i ti\u1ebfng Anh, ng\u01b0\u1eddi n\u00f3i ng\u00f4n ng\u1eef kh\u00e1c v\u00e0 ng\u01b0\u1eddi d\u00f9ng ng\u00f4n ng\u1eef k\u00fd hi\u1ec7u. H\u1ecd ph\u1ea3i c\u00f3 s\u1ef1 linh ho\u1ea1t v\u00e0 hi\u1ec3u bi\u1ebft v\u0103n h\u00f3a \u0111\u1ec3 di\u1ec5n gi\u1ea3i b\u1eb1ng c\u1ea3 ba ng\u00f4n ng\u1eef m\u00e0 kh\u00f4ng l\u00e0m thay \u0111\u1ed5i \u00fd ngh\u0129a c\u01a1 b\u1ea3n c\u1ee7a th\u00f4ng \u0111i\u1ec7p.<\/p><\/div><\/div><\/div>[vc_empty_space height=&#8221;30px&#8221;]<div class=\"shortcode-wrapper shortcode-icon-box clearfix\"><div class=\"feature-box alternative left-icon-box aligncenter\"><div class=\"feature-box-content\"><h4 class=\"bold\">Nhi\u1ec7m v\u1ee5 chung c\u1ee7a Th\u00f4ng D\u1ecbch Vi\u00ean Ba Th\u1ee9 Ti\u1ebfng<\/h4><p>Nhi\u1ec7m v\u1ee5 v\u00e0 Tr\u00e1ch nhi\u1ec7m:<\/p>\n<ul>\n<li>Ho\u1ea1t \u0111\u1ed9ng nh\u01b0 Th\u00f4ng d\u1ecbch vi\u00ean cho nhi\u1ec1u ng\u01b0\u1eddi v\u1edbi nhi\u1ec1u gi\u1ecdng n\u00f3i, ph\u00e1t \u00e2m, nh\u1ecbp \u0111\u1ed9 n\u00f3i v\u00e0 c\u00e1 t\u00ednh kh\u00e1c nhau<\/li>\n<li>Cung c\u1ea5p cho c\u00e1c b\u00ean b\u1ea3n d\u1ecbch r\u00f5 r\u00e0ng v\u00e0 ch\u00ednh x\u00e1c qua c\u00e1c v\u0103n b\u1ea3n, v\u00e0 l\u1eddi n\u00f3i.<\/li>\n<li>Cung c\u1ea5p d\u1ecbch c\u00e1c c\u00e2u h\u1ecfi, c\u00e2u tr\u1ea3 l\u1eddi, tuy\u00ean b\u1ed1, l\u1eadp lu\u1eadn, gi\u1ea3i th\u00edch v\u00e0 c\u00e1c h\u00ecnh th\u1ee9c giao ti\u1ebfp b\u1eb1ng l\u1eddi n\u00f3i kh\u00e1c.<\/li>\n<li>Di\u1ec5n gi\u1ea3i c\u00e1c b\u1ea3n d\u1ecbch tr\u1ef1c quan c\u1ee7a t\u00e0i li\u1ec7u v\u00e0 c\u00e1c t\u00e0i li\u1ec7u vi\u1ebft kh\u00e1c.<\/li>\n<li>Truy\u1ec1n \u0111\u1ea1t t\u01b0 t\u01b0\u1edfng, m\u1ee5c \u0111\u00edch, tinh th\u1ea7n, c\u1ea3m x\u00fac v\u00e0 gi\u1ecdng \u0111i\u1ec7u c\u1ee7a ng\u01b0\u1eddi n\u00f3i t\u1eeb ng\u00f4n ng\u1eef g\u1ed1c sang ng\u00f4n ng\u1eef \u0111\u00edch.<\/li>\n<li>Th\u00f4ng d\u1ecbch kh\u00f4ng b\u1ed5 sung ho\u1eb7c thi\u1ebfu s\u00f3t.<\/li>\n<li>Th\u00f4ng b\u00e1o cho c\u00e1c b\u00ean li\u00ean quan v\u1ec1 c\u00e1c y\u1ebfu t\u1ed1 c\u00f3 th\u1ec3 c\u1ea3n tr\u1edf ho\u1ea1t \u0111\u1ed9ng c\u1ee7a b\u1ea1n.<\/li>\n<li>Ho\u00e0n th\u00e0nh nh\u1eadt k\u00fd ho\u1ea1t \u0111\u1ed9ng h\u00e0ng ng\u00e0y v\u00e0 c\u00e1c t\u00e0i li\u1ec7u kh\u00e1c.<\/li>\n<li>Tu\u00e2n th\u1ee7 c\u00e1c ti\u00eau chu\u1ea9n \u0111\u1ea1o \u0111\u1ee9c<\/li>\n<\/ul>\n<\/p><\/div><\/div><\/div>[\/vc_column_inner][\/vc_row_inner][\/vc_column][\/vc_row]\n<\/div>","protected":false},"excerpt":{"rendered":"<p>[vc_row top_margin=&#8221;0&#8243; bottom_margin=&#8221;0&#8243; css=&#8221;.vc_custom_1499912039446{margin-top: -30px !important;}&#8221;][vc_column][vc_row_inner][vc_column_inner][vc_empty_space height=&#8221;10px&#8221;][vc_empty_space height=&#8221;30px&#8221;][\/vc_column_inner][\/vc_row_inner][\/vc_column][\/vc_row]<\/p>\n","protected":false},"author":4,"featured_media":0,"parent":0,"menu_order":0,"comment_status":"closed","ping_status":"closed","template":"","meta":{"nf_dc_page":"","footnotes":""},"class_list":["post-10434","page","type-page","status-publish","hentry"],"_links":{"self":[{"href":"https:\/\/worknow.vn\/vi\/wp-json\/wp\/v2\/pages\/10434","targetHints":{"allow":["GET"]}}],"collection":[{"href":"https:\/\/worknow.vn\/vi\/wp-json\/wp\/v2\/pages"}],"about":[{"href":"https:\/\/worknow.vn\/vi\/wp-json\/wp\/v2\/types\/page"}],"author":[{"embeddable":true,"href":"https:\/\/worknow.vn\/vi\/wp-json\/wp\/v2\/users\/4"}],"replies":[{"embeddable":true,"href":"https:\/\/worknow.vn\/vi\/wp-json\/wp\/v2\/comments?post=10434"}],"version-history":[{"count":5,"href":"https:\/\/worknow.vn\/vi\/wp-json\/wp\/v2\/pages\/10434\/revisions"}],"predecessor-version":[{"id":12079,"href":"https:\/\/worknow.vn\/vi\/wp-json\/wp\/v2\/pages\/10434\/revisions\/12079"}],"wp:attachment":[{"href":"https:\/\/worknow.vn\/vi\/wp-json\/wp\/v2\/media?parent=10434"}],"curies":[{"name":"wp","href":"https:\/\/api.w.org\/{rel}","templated":true}]}}