{"id":10437,"date":"2022-09-19T09:09:22","date_gmt":"2022-09-19T09:09:22","guid":{"rendered":"https:\/\/worknow.vn\/coordinating-interpreters\/"},"modified":"2023-06-01T09:28:20","modified_gmt":"2023-06-01T09:28:20","slug":"dieu-phoi-thong-dich-vien","status":"publish","type":"page","link":"https:\/\/worknow.vn\/vi\/dieu-phoi-thong-dich-vien\/","title":{"rendered":"\u0110i\u1ec1u Ph\u1ed1i Th\u00f4ng D\u1ecbch Vi\u00ean"},"content":{"rendered":"<div class=\"wpb-content-wrapper\">[vc_row top_margin=&#8221;0&#8243; bottom_margin=&#8221;0&#8243; css=&#8221;.vc_custom_1499912039446{margin-top: -30px !important;}&#8221;][vc_column]<div class=\"shortcode-wrapper shortcode-title clearfix hb-animate-element hb-fade-in\"><p style=\"color:#878787!important;border-color:#878787\" class=\"hb-text-large aligncenter\">\u0110i\u1ec1u Ph\u1ed1i Th\u00f4ng D\u1ecbch Vi\u00ean<\/p><\/div>[vc_row_inner][vc_column_inner][vc_empty_space height=&#8221;10px&#8221;]<div class=\"shortcode-wrapper shortcode-icon-box clearfix\"><div class=\"feature-box alternative left-icon-box aligncenter\"><div class=\"feature-box-content\"><h4 class=\"bold\">M\u00f4 t\u1ea3 c\u00f4ng vi\u1ec7c \u0110i\u1ec1u Ph\u1ed1i Th\u00f4ng D\u1ecbch Vi\u00ean<\/h4><p>\u0110i\u1ec1u ph\u1ed1i th\u00f4ng d\u1ecbch vi\u00ean tri\u1ec3n khai c\u00e1c m\u1ee5c ti\u00eau cho nh\u00e2n vi\u00ean phi\u00ean d\u1ecbch v\u00e0 ng\u01b0\u1eddi sao l\u1ea1i l\u1eddi, gi\u00e1m s\u00e1t ng\u00e2n s\u00e1ch \u0111\u01b0\u1ee3c giao v\u00e0 cung c\u1ea5p b\u00e1o c\u00e1o h\u00e0ng th\u00e1ng; c\u1ed9ng t\u00e1c v\u1edbi sinh vi\u00ean v\u00e0 nh\u00e2n vi\u00ean \u0111\u1ec3 th\u1ea3o lu\u1eadn v\u00e0 \u0111\u00e1nh gi\u00e1 nhu c\u1ea7u c\u00e1 nh\u00e2n, \u0111\u1ed3ng th\u1eddi cung c\u1ea5p c\u00e1c d\u1ecbch v\u1ee5 th\u00f4ng d\u1ecbch v\u00e0 phi\u00ean \u00e2m n\u1ebfu c\u1ea7n.<\/p><\/div><\/div><\/div>[vc_empty_space height=&#8221;30px&#8221;]<div class=\"shortcode-wrapper shortcode-icon-box clearfix\"><div class=\"feature-box alternative left-icon-box aligncenter\"><div class=\"feature-box-content\"><h4 class=\"bold\">Nhi\u1ec7m v\u1ee5 chung c\u1ee7a \u0110i\u1ec1u Ph\u1ed1i Th\u00f4ng D\u1ecbch Vi\u00ean<\/h4><p>Nhi\u1ec7m v\u1ee5 v\u00e0 Tr\u00e1ch nhi\u1ec7m:<\/p>\n<ul>\n<li>T\u1ed5 ch\u1ee9c quy tr\u00ecnh c\u00f4ng vi\u1ec7c h\u00e0ng ng\u00e0y \u0111\u1ec3 \u0111\u1ea3m b\u1ea3o \u0111\u00e1p \u1ee9ng \u0111\u00fang th\u1eddi h\u1ea1n \u0111\u01b0\u1ee3c giao.<\/li>\n<li>L\u1eadp tr\u01b0\u1edbc c\u00e1c k\u1ebf ho\u1ea1ch, chi\u1ebfn l\u01b0\u1ee3c v\u00e0 t\u1eadp trung v\u00e0o vi\u1ec7c ch\u1ec9 \u0111\u1ecbnh th\u00f4ng d\u1ecbch vi\u00ean cho c\u00e1c ng\u00f4n ng\u1eef v\u00e0 \u0111\u1ecba \u0111i\u1ec3m c\u1ee5 th\u1ec3 n\u01a1i m\u00e0 iTi truy\u1ec1n th\u1ed1ng kh\u00f4ng th\u1ec3 cung c\u1ea5p c\u00e1c k\u1ef9 n\u0103ng ph\u00f9 h\u1ee3p cho c\u00e1c nh\u00e0 ng\u00f4n ng\u1eef h\u1ecdc.<\/li>\n<li>L\u00e0 m\u1ed9t ph\u1ea7n c\u1ee7a nh\u00f3m v\u1eadn h\u00e0nh, ch\u1ee7 \u0111\u1ed9ng c\u1ed9ng t\u00e1c v\u1edbi c\u00e1c nh\u00e0 tuy\u1ec3n d\u1ee5ng v\u00e0 t\u00edch c\u1ef1c \u01b0u ti\u00ean tuy\u1ec3n d\u1ee5ng c\u00e1c nh\u00e0 ng\u00f4n ng\u1eef h\u1ecdc ph\u00f9 h\u1ee3p nhanh ch\u00f3ng.<\/li>\n<li>Ch\u1ee7 \u0111\u1ed9ng l\u00e0m vi\u1ec7c v\u1edbi b\u1ed9 ph\u1eadn qu\u1ea3n l\u00fd phi\u00ean d\u1ecbch v\u00e0 \u0111\u1ed9i ng\u0169 l\u00e3nh \u0111\u1ea1o \u0111\u1ec3 bi\u1ebft v\u1ec1 c\u00e1c h\u1ee3p \u0111\u1ed3ng s\u1eafp t\u1edbi v\u00e0 \u0111\u1ea3m b\u1ea3o d\u1ef1 \u0111\u1ecbnh cho c\u00e1c nh\u00e0 ng\u00f4n ng\u1eef h\u1ecdc \u0111\u00e3 \u0111\u01b0\u1ee3c l\u00ean l\u1ecbch v\u00e0 s\u1eb5n s\u00e0ng \u0111\u01b0\u1ee3c giao.<\/li>\n<li>\u0110\u1ea3m b\u1ea3o r\u1eb1ng d\u1eef li\u1ec7u c\u1ee7a nh\u00e0 cung c\u1ea5p lu\u00f4n \u0111\u01b0\u1ee3c c\u1eadp nh\u1eadt v\u00e0 ho\u00e0n ch\u1ec9nh v\u1edbi t\u1ea5t c\u1ea3 th\u00f4ng tin v\u1ec1 nh\u00e0 ng\u00f4n ng\u1eef h\u1ecdc \u0111\u01b0\u1ee3c y\u00eau c\u1ea7u, c\u00f3 th\u1ec3 bao g\u1ed3m tr\u00ecnh \u0111\u1ed9 v\u00e0 d\u1ecbch v\u1ee5 c\u1ee7a h\u1ecd (ph\u00e1p l\u00fd, ch\u0103m s\u00f3c s\u1ee9c kh\u1ecfe, t\u00f2a \u00e1n, v.v.) m\u00e0 h\u1ecd c\u00f3 th\u1ec3 cung c\u1ea5p.<\/li>\n<li>Kh\u00f4ng ng\u1eebng n\u1ed7 l\u1ef1c c\u1ea3i ti\u1ebfn v\u00e0 thi\u1ebft l\u1eadp v\u0103n b\u1ea3n th\u1ee7 t\u1ee5c li\u00ean quan v\u00e0 h\u01b0\u1edbng d\u1eabn c\u00f4ng vi\u1ec7c \u0111\u1ec3 t\u0103ng n\u0103ng su\u1ea5t c\u1ee7a nh\u00f3m v\u1eadn h\u00e0nh.<\/li>\n<li>\u0110\u1ec1 xu\u1ea5t, th\u1ea3o lu\u1eadn, th\u1ef1c hi\u1ec7n c\u00e1c gi\u1ea3i ph\u00e1p s\u00e1ng t\u1ea1o v\u00e0 \u0111\u1ed5i m\u1edbi \u0111\u1ec3 \u0111\u1ea3m b\u1ea3o c\u00e1c nh\u00e0 ng\u00f4n ng\u1eef h\u1ecdc ch\u1ecdn iTi l\u00e0 l\u1ef1a ch\u1ecdn h\u00e0ng \u0111\u1ea7u \u0111\u1ec3 nh\u1eadn nhi\u1ec7m v\u1ee5<\/li>\n<li>K\u1ef9 n\u0103ng t\u1ed5 ch\u1ee9c, kh\u1ea3 n\u0103ng \u01b0u ti\u00ean v\u00e0 qu\u1ea3n l\u00fd d\u1ef1 \u00e1n t\u1ed1t.<\/li>\n<li>K\u1ef9 n\u0103ng ghi ch\u00fa \u0111\u1eb7c bi\u1ec7t c\u00f9ng v\u1edbi s\u1ef1 ch\u00fa \u00fd \u0111\u1ebfn t\u1eebng chi ti\u1ebft.<\/li>\n<li>C\u00f3 kh\u1ea3 n\u0103ng l\u00e0m vi\u1ec7c nhanh ch\u00f3ng v\u00e0 hi\u1ec7u qu\u1ea3, \u0111a nhi\u1ec7m v\u00e0 l\u00e0 m\u1ed9t nh\u00e0 l\u1eadp k\u1ebf ho\u1ea1ch linh ho\u1ea1t.<\/li>\n<li>C\u00f3 kh\u1ea3 n\u0103ng l\u00e0m vi\u1ec7c \u0111\u1ed9c l\u1eadp nh\u01b0ng c\u0169ng nh\u01b0 k\u1ef9 n\u0103ng l\u00e0m vi\u1ec7c nh\u00f3m t\u1ed1t.<\/li>\n<li>C\u00f3 kh\u1ea3 n\u0103ng giao ti\u1ebfp r\u00f5 r\u00e0ng v\u00e0 s\u00fac t\u00edch, c\u1ea3 b\u1eb1ng l\u1eddi n\u00f3i v\u00e0 b\u1eb1ng v\u0103n b\u1ea3n.<\/li>\n<li>C\u00f3 kh\u1ea3 n\u0103ng ph\u00e1t tri\u1ec3n t\u1ed1t m\u1ed1i quan h\u1ec7 v\u1edbi c\u00e1c nh\u00f3m nh\u00e0 ng\u00f4n ng\u1eef h\u1ecdc \u0111a d\u1ea1ng.<\/li>\n<li>H\u1ecdc h\u1ecfi nhanh v\u00e0 \u0111\u00e0m ph\u00e1n hi\u1ec7u qu\u1ea3.<\/li>\n<li>Th\u00e0nh th\u1ea1o Microsoft Office bao g\u1ed3m; Word, Excel, PowerPoint v\u00e0 Outlook.<\/li>\n<li>C\u00f3 kh\u1ea3 n\u0103ng l\u00e0m vi\u1ec7c trong m\u00f4i tr\u01b0\u1eddng nh\u1ecbp \u0111\u1ed9 nhanh v\u00e0 ng\u1ed3i tr\u01b0\u1edbc m\u00e1y t\u00ednh trong th\u1eddi gian d\u00e0i.<\/li>\n<li>Kh\u1ea3 n\u0103ng \u0111a nhi\u1ec7m trong t\u01b0\u01a1ng t\u00e1c tr\u00ean \u0111i\u1ec7n tho\u1ea1i ho\u1eb7c c\u00e1c thi\u1ebft b\u1ecb \u0111i\u1ec7n t\u1eed kh\u00e1c.<\/li>\n<\/ul>\n<\/p><\/div><\/div><\/div>[\/vc_column_inner][\/vc_row_inner][\/vc_column][\/vc_row]\n<\/div>","protected":false},"excerpt":{"rendered":"<p>[vc_row top_margin=&#8221;0&#8243; bottom_margin=&#8221;0&#8243; css=&#8221;.vc_custom_1499912039446{margin-top: -30px !important;}&#8221;][vc_column][vc_row_inner][vc_column_inner][vc_empty_space height=&#8221;10px&#8221;][vc_empty_space height=&#8221;30px&#8221;][\/vc_column_inner][\/vc_row_inner][\/vc_column][\/vc_row]<\/p>\n","protected":false},"author":4,"featured_media":0,"parent":0,"menu_order":0,"comment_status":"closed","ping_status":"closed","template":"","meta":{"nf_dc_page":"","footnotes":""},"class_list":["post-10437","page","type-page","status-publish","hentry"],"_links":{"self":[{"href":"https:\/\/worknow.vn\/vi\/wp-json\/wp\/v2\/pages\/10437","targetHints":{"allow":["GET"]}}],"collection":[{"href":"https:\/\/worknow.vn\/vi\/wp-json\/wp\/v2\/pages"}],"about":[{"href":"https:\/\/worknow.vn\/vi\/wp-json\/wp\/v2\/types\/page"}],"author":[{"embeddable":true,"href":"https:\/\/worknow.vn\/vi\/wp-json\/wp\/v2\/users\/4"}],"replies":[{"embeddable":true,"href":"https:\/\/worknow.vn\/vi\/wp-json\/wp\/v2\/comments?post=10437"}],"version-history":[{"count":5,"href":"https:\/\/worknow.vn\/vi\/wp-json\/wp\/v2\/pages\/10437\/revisions"}],"predecessor-version":[{"id":12080,"href":"https:\/\/worknow.vn\/vi\/wp-json\/wp\/v2\/pages\/10437\/revisions\/12080"}],"wp:attachment":[{"href":"https:\/\/worknow.vn\/vi\/wp-json\/wp\/v2\/media?parent=10437"}],"curies":[{"name":"wp","href":"https:\/\/api.w.org\/{rel}","templated":true}]}}