{"id":10439,"date":"2022-09-19T09:12:43","date_gmt":"2022-09-19T09:12:43","guid":{"rendered":"https:\/\/worknow.vn\/educational-interpreters\/"},"modified":"2023-06-01T09:28:20","modified_gmt":"2023-06-01T09:28:20","slug":"thong-dich-vien-giao-duc","status":"publish","type":"page","link":"https:\/\/worknow.vn\/vi\/thong-dich-vien-giao-duc\/","title":{"rendered":"Th\u00f4ng D\u1ecbch Vi\u00ean Gi\u00e1o D\u1ee5c"},"content":{"rendered":"<div class=\"wpb-content-wrapper\">[vc_row top_margin=&#8221;0&#8243; bottom_margin=&#8221;0&#8243; css=&#8221;.vc_custom_1499912039446{margin-top: -30px !important;}&#8221;][vc_column]<div class=\"shortcode-wrapper shortcode-title clearfix hb-animate-element hb-fade-in\"><p style=\"color:#878787!important;border-color:#878787\" class=\"hb-text-large aligncenter\">Th\u00f4ng D\u1ecbch Vi\u00ean Gi\u00e1o D\u1ee5c<\/p><\/div>[vc_row_inner][vc_column_inner][vc_empty_space height=&#8221;10px&#8221;]<div class=\"shortcode-wrapper shortcode-icon-box clearfix\"><div class=\"feature-box alternative left-icon-box aligncenter\"><div class=\"feature-box-content\"><h4 class=\"bold\">M\u00f4 t\u1ea3 c\u00f4ng vi\u1ec7c Th\u00f4ng D\u1ecbch Vi\u00ean Gi\u00e1o D\u1ee5c<\/h4><p>Th\u00f4ng d\u1ecbch vi\u00ean gi\u00e1o d\u1ee5c cung c\u1ea5p kh\u1ea3 n\u0103ng ti\u1ebfp c\u1eadn th\u00f4ng tin li\u00ean l\u1ea1c cho h\u1ecdc sinh khi\u1ebfm th\u00ednh ho\u1eb7c nghe k\u00e9m b\u1eb1ng c\u00e1ch tr\u00ecnh b\u00e0y ch\u00ednh x\u00e1c c\u00e1c h\u01b0\u1edbng d\u1eabn tr\u00ean l\u1edbp, cu\u1ed9c \u0111\u1ed1i tho\u1ea1i c\u1ee7a gi\u00e1o vi\u00ean \/ h\u1ecdc sinh v\u00e0 c\u00e1c th\u00f4ng tin \u00e2m thanh trong ph\u01b0\u01a1ng th\u1ee9c giao ti\u1ebfp m\u00e0 h\u1ecdc sinh s\u1eed d\u1ee5ng.<\/p><\/div><\/div><\/div>[vc_empty_space height=&#8221;30px&#8221;]<div class=\"shortcode-wrapper shortcode-icon-box clearfix\"><div class=\"feature-box alternative left-icon-box aligncenter\"><div class=\"feature-box-content\"><h4 class=\"bold\">Nhi\u1ec7m v\u1ee5 chung c\u1ee7a Th\u00f4ng D\u1ecbch Vi\u00ean Gi\u00e1o D\u1ee5c<\/h4><p>Nhi\u1ec7m v\u1ee5 v\u00e0 Tr\u00e1ch nhi\u1ec7m:<\/p>\n<ul>\n<li>Khuy\u1ebfn kh\u00edch h\u1ecdc sinh l\u00e0m vi\u1ec7c tr\u1ef1c ti\u1ebfp v\u1edbi gi\u00e1o vi\u00ean trong l\u1edbp<\/li>\n<li>L\u00e0m quen v\u1edbi gi\u00e1o vi\u00ean trong l\u1edbp v\u1edbi vai tr\u00f2 c\u1ee7a th\u00f4ng d\u1ecbch vi\u00ean \/ tr\u1ee3 gi\u1ea3ng trong l\u1edbp h\u1ecdc<\/li>\n<li>\u0110i\u1ec1u ph\u1ed1i v\u00e0 x\u00e1c \u0111\u1ecbnh c\u00e1c ng\u01b0\u1eddi ghi ch\u00fa khi th\u00edch h\u1ee3p, v\u00e0 khuy\u1ebfn kh\u00edch c\u00e1c m\u1ed1i quan h\u1ec7 t\u1ed1t \u0111\u1eb9p gi\u1eefa c\u00e1c sinh vi\u00ean<\/li>\n<li>Gi\u1eef s\u1ed5 ghi ch\u00e9p \/ nh\u1eadt k\u00fd \/ l\u1ecbch h\u00e0ng ng\u00e0y, trong \u0111\u00f3 ph\u1ea3i bao g\u1ed3m t\u1ea5t c\u1ea3 c\u00e1c ch\u1ee7 \u0111\u1ec1 l\u1edbp h\u1ecdc \/ b\u00e0i t\u1eadp cho c\u00e1c l\u1edbp, t\u1eeb v\u1ef1ng m\u1edbi, c\u00e2u h\u1ecfi \u0111\u1ec3 h\u1ecfi gi\u00e1o vi\u00ean, v.v.<\/li>\n<li>Tham gia v\u00e0o c\u00e1c cu\u1ed9c h\u1ecdp gi\u00e1o d\u1ee5c, bao g\u1ed3m c\u1ea3 vi\u1ec7c ph\u00e1t tri\u1ec3n v\u00e0 xem x\u00e9t ti\u1ebfn \u0111\u1ed9 trong ch\u01b0\u01a1ng tr\u00ecnh gi\u00e1o d\u1ee5c c\u00e1 nh\u00e2n<\/li>\n<li>Cung c\u1ea5p s\u1ef1 hi\u1ec3u bi\u1ebft s\u00e2u s\u1eafc v\u1ec1 s\u1ef1 th\u00e0nh c\u00f4ng c\u1ee7a c\u00e1c chi\u1ebfn l\u01b0\u1ee3c truy\u1ec1n th\u00f4ng hi\u1ec7n \u0111ang \u0111\u01b0\u1ee3c s\u1eed d\u1ee5ng b\u1edfi sinh vi\u00ean v\u00e0 nh\u00e2n vi\u00ean.<\/li>\n<li>Cung c\u1ea5p th\u00f4ng d\u1ecbch cho c\u00e1c ho\u1ea1t \u0111\u1ed9ng ngo\u1ea1i kh\u00f3a, h\u1ecdp ph\u1ee5 huynh, v\u1ec1 c\u00e1c nhu c\u1ea7u \u0111\u1eb7c bi\u1ec7t kh\u00e1c c\u1ee7a h\u1ecdc sinh khi c\u1ea7n thi\u1ebft v\u00e0 khi \u0111\u01b0\u1ee3c l\u00ean l\u1ecbch th\u00edch h\u1ee3p.<\/li>\n<li>L\u00e0m vi\u1ec7c h\u1ee3p t\u00e1c v\u1edbi c\u00e1c th\u00f4ng d\u1ecbch vi\u00ean, nh\u00e2n vi\u00ean v\u00e0 qu\u1ea3n l\u00fd kh\u00e1c \u0111\u1ec3 cung c\u1ea5p c\u00e1c d\u1ecbch v\u1ee5 th\u00edch h\u1ee3p nh\u1ea5t trong su\u1ed1t qu\u00e1 tr\u00ecnh h\u1ecdc.<\/li>\n<li>L\u00e0m quen v\u1edbi vi\u1ec7c b\u1ea3o tr\u00ec v\u00e0 s\u1eed d\u1ee5ng c\u00e1c thi\u1ebft b\u1ecb tr\u1ee3 th\u00ednh c\u1ee7a h\u1ecdc sinh.<\/li>\n<li>Cung c\u1ea5p d\u1ecbch v\u1ee5 th\u00f4ng d\u1ecbch cho h\u1ecdc sinh khi\u1ebfm th\u00ednh trong c\u00e1c chuy\u1ebfn \u0111i th\u1ef1c \u0111\u1ecba, c\u00e1c bu\u1ed5i t\u01b0 v\u1ea5n, c\u00e1c cu\u1ed9c h\u1ecdp v\u1edbi Tr\u01b0\u1edfng khoa, Hi\u1ec7u tr\u01b0\u1edfng ho\u1eb7c c\u00e1c nh\u00e2n vi\u00ean kh\u00e1c .<\/li>\n<\/ul>\n<\/p><\/div><\/div><\/div>[\/vc_column_inner][\/vc_row_inner][\/vc_column][\/vc_row]\n<\/div>","protected":false},"excerpt":{"rendered":"<p>[vc_row top_margin=&#8221;0&#8243; bottom_margin=&#8221;0&#8243; css=&#8221;.vc_custom_1499912039446{margin-top: -30px !important;}&#8221;][vc_column][vc_row_inner][vc_column_inner][vc_empty_space height=&#8221;10px&#8221;][vc_empty_space height=&#8221;30px&#8221;][\/vc_column_inner][\/vc_row_inner][\/vc_column][\/vc_row]<\/p>\n","protected":false},"author":4,"featured_media":0,"parent":0,"menu_order":0,"comment_status":"closed","ping_status":"closed","template":"","meta":{"nf_dc_page":"","footnotes":""},"class_list":["post-10439","page","type-page","status-publish","hentry"],"_links":{"self":[{"href":"https:\/\/worknow.vn\/vi\/wp-json\/wp\/v2\/pages\/10439","targetHints":{"allow":["GET"]}}],"collection":[{"href":"https:\/\/worknow.vn\/vi\/wp-json\/wp\/v2\/pages"}],"about":[{"href":"https:\/\/worknow.vn\/vi\/wp-json\/wp\/v2\/types\/page"}],"author":[{"embeddable":true,"href":"https:\/\/worknow.vn\/vi\/wp-json\/wp\/v2\/users\/4"}],"replies":[{"embeddable":true,"href":"https:\/\/worknow.vn\/vi\/wp-json\/wp\/v2\/comments?post=10439"}],"version-history":[{"count":4,"href":"https:\/\/worknow.vn\/vi\/wp-json\/wp\/v2\/pages\/10439\/revisions"}],"predecessor-version":[{"id":12081,"href":"https:\/\/worknow.vn\/vi\/wp-json\/wp\/v2\/pages\/10439\/revisions\/12081"}],"wp:attachment":[{"href":"https:\/\/worknow.vn\/vi\/wp-json\/wp\/v2\/media?parent=10439"}],"curies":[{"name":"wp","href":"https:\/\/api.w.org\/{rel}","templated":true}]}}