{"id":10441,"date":"2022-09-19T09:19:22","date_gmt":"2022-09-19T09:19:22","guid":{"rendered":"https:\/\/worknow.vn\/escort-interpreters\/"},"modified":"2023-06-01T09:28:28","modified_gmt":"2023-06-01T09:28:28","slug":"thong-dich-vien-ho-tong","status":"publish","type":"page","link":"https:\/\/worknow.vn\/vi\/thong-dich-vien-ho-tong\/","title":{"rendered":"Th\u00f4ng D\u1ecbch Vi\u00ean H\u1ed9 T\u1ed1ng"},"content":{"rendered":"<div class=\"wpb-content-wrapper\">[vc_row top_margin=&#8221;0&#8243; bottom_margin=&#8221;0&#8243; css=&#8221;.vc_custom_1499912039446{margin-top: -30px !important;}&#8221;][vc_column]<div class=\"shortcode-wrapper shortcode-title clearfix hb-animate-element hb-fade-in\"><p style=\"color:#878787!important;border-color:#878787\" class=\"hb-text-large aligncenter\">Th\u00f4ng D\u1ecbch Vi\u00ean H\u1ed9 T\u1ed1ng<\/p><\/div>[vc_row_inner][vc_column_inner][vc_empty_space height=&#8221;10px&#8221;]<div class=\"shortcode-wrapper shortcode-icon-box clearfix\"><div class=\"feature-box alternative left-icon-box aligncenter\"><div class=\"feature-box-content\"><h4 class=\"bold\">M\u00f4 t\u1ea3 c\u00f4ng vi\u1ec7c<\/h4><p>Trong phi\u00ean d\u1ecbch h\u1ed9 t\u1ed1ng, c\u00f4ng vi\u1ec7c c\u1ee7a th\u00f4ng d\u1ecbch vi\u00ean l\u00e0 gi\u1ea3i th\u00edch m\u1ecdi th\u1ee9 m\u00e0 kh\u00e1ch h\u00e0ng \u0111ang n\u00f3i sang ng\u00f4n ng\u1eef \u0111\u00edch c\u1ee7a b\u00ean kia v\u00e0 ng\u01b0\u1ee3c l\u1ea1i. \u0110\u1ea3m b\u1ea3o r\u1eb1ng c\u1ea3 hai b\u00ean hi\u1ec3u nhau v\u00e0 h\u1ecd c\u00f3 th\u1ec3 giao ti\u1ebfp tr\u00f4i ch\u1ea3y.<\/p><\/div><\/div><\/div>[vc_empty_space height=&#8221;30px&#8221;]<div class=\"shortcode-wrapper shortcode-icon-box clearfix\"><div class=\"feature-box alternative left-icon-box aligncenter\"><div class=\"feature-box-content\"><h4 class=\"bold\">K\u1ef9 n\u0103ng c\u1ea7n thi\u1ebft<\/h4><p><\/p><\/div><\/div><\/div>[\/vc_column_inner][\/vc_row_inner][\/vc_column][\/vc_row]\n<\/div>","protected":false},"excerpt":{"rendered":"<p>[vc_row top_margin=&#8221;0&#8243; bottom_margin=&#8221;0&#8243; css=&#8221;.vc_custom_1499912039446{margin-top: -30px !important;}&#8221;][vc_column][vc_row_inner][vc_column_inner][vc_empty_space height=&#8221;10px&#8221;][vc_empty_space height=&#8221;30px&#8221;][\/vc_column_inner][\/vc_row_inner][\/vc_column][\/vc_row]<\/p>\n","protected":false},"author":4,"featured_media":0,"parent":0,"menu_order":0,"comment_status":"closed","ping_status":"closed","template":"","meta":{"nf_dc_page":"","footnotes":""},"class_list":["post-10441","page","type-page","status-publish","hentry"],"_links":{"self":[{"href":"https:\/\/worknow.vn\/vi\/wp-json\/wp\/v2\/pages\/10441","targetHints":{"allow":["GET"]}}],"collection":[{"href":"https:\/\/worknow.vn\/vi\/wp-json\/wp\/v2\/pages"}],"about":[{"href":"https:\/\/worknow.vn\/vi\/wp-json\/wp\/v2\/types\/page"}],"author":[{"embeddable":true,"href":"https:\/\/worknow.vn\/vi\/wp-json\/wp\/v2\/users\/4"}],"replies":[{"embeddable":true,"href":"https:\/\/worknow.vn\/vi\/wp-json\/wp\/v2\/comments?post=10441"}],"version-history":[{"count":4,"href":"https:\/\/worknow.vn\/vi\/wp-json\/wp\/v2\/pages\/10441\/revisions"}],"predecessor-version":[{"id":12083,"href":"https:\/\/worknow.vn\/vi\/wp-json\/wp\/v2\/pages\/10441\/revisions\/12083"}],"wp:attachment":[{"href":"https:\/\/worknow.vn\/vi\/wp-json\/wp\/v2\/media?parent=10441"}],"curies":[{"name":"wp","href":"https:\/\/api.w.org\/{rel}","templated":true}]}}