{"id":10443,"date":"2022-09-19T09:16:08","date_gmt":"2022-09-19T09:16:08","guid":{"rendered":"https:\/\/worknow.vn\/judiciary-interpreters-and-translators\/"},"modified":"2023-06-01T09:28:27","modified_gmt":"2023-06-01T09:28:27","slug":"bien-dich-va-phien-dich-tu-phap","status":"publish","type":"page","link":"https:\/\/worknow.vn\/vi\/bien-dich-va-phien-dich-tu-phap\/","title":{"rendered":"Bi\u00ean D\u1ecbch V\u00e0 Phi\u00ean D\u1ecbch T\u01b0 Ph\u00e1p"},"content":{"rendered":"<div class=\"wpb-content-wrapper\">[vc_row top_margin=&#8221;0&#8243; bottom_margin=&#8221;0&#8243; css=&#8221;.vc_custom_1499912039446{margin-top: -30px !important;}&#8221;][vc_column]<div class=\"shortcode-wrapper shortcode-title clearfix hb-animate-element hb-fade-in\"><p style=\"color:#878787!important;border-color:#878787\" class=\"hb-text-large aligncenter\">Bi\u00ean D\u1ecbch V\u00e0 Phi\u00ean D\u1ecbch T\u01b0 Ph\u00e1p<\/p><\/div>[vc_row_inner][vc_column_inner][vc_empty_space height=&#8221;10px&#8221;]<div class=\"shortcode-wrapper shortcode-icon-box clearfix\"><div class=\"feature-box alternative left-icon-box aligncenter\"><div class=\"feature-box-content\"><h4 class=\"bold\">M\u00f4 t\u1ea3 c\u00f4ng vi\u1ec7c Bi\u00ean Phi\u00ean D\u1ecbch T\u01b0 Ph\u00e1p<\/h4><p>Phi\u00ean d\u1ecbch c\u1ee7a t\u00f2a \u00e1n gi\u00fap nh\u1eefng ng\u01b0\u1eddi kh\u00f4ng th\u00e0nh th\u1ea1o \u00a0ti\u1ebfng Anh ho\u1eb7c ng\u01b0\u1eddi khi\u1ebfm th\u00ednh b\u1eb1ng c\u00e1ch d\u1ecbch nh\u1eefng g\u00ec \u0111\u01b0\u1ee3c n\u00f3i sang ng\u00f4n ng\u1eef \u0111\u00edch ho\u1eb7c ng\u00f4n ng\u1eef k\u00fd hi\u1ec7u. M\u1ed9t kh\u00eda c\u1ea1nh kh\u00e1c c\u1ee7a c\u00f4ng vi\u1ec7c phi\u00ean d\u1ecbch vi\u00ean t\u00f2a \u00e1n l\u00e0 \u0111\u1ea3m b\u1ea3o m\u1ecdi th\u1ee9 m\u00e0 ng\u01b0\u1eddi n\u01b0\u1edbc ngo\u00e0i n\u00f3i \u0111\u1ec1u \u0111\u01b0\u1ee3c d\u1ecbch sang ti\u1ebfng Anh \u0111\u1ec3 m\u1ecdi ng\u01b0\u1eddi trong ph\u00f2ng x\u1eed \u00e1n c\u00f3 c\u00f9ng chung th\u00f4ng tin.<\/p><\/div><\/div><\/div>[vc_empty_space height=&#8221;30px&#8221;]<div class=\"shortcode-wrapper shortcode-icon-box clearfix\"><div class=\"feature-box alternative left-icon-box aligncenter\"><div class=\"feature-box-content\"><h4 class=\"bold\">Nhi\u1ec7m v\u1ee5 chung c\u1ee7a Bi\u00ean D\u1ecbch V\u00e0 Phi\u00ean D\u1ecbch T\u01b0 Ph\u00e1p<\/h4><p>Nhi\u1ec7m v\u1ee5 v\u00e0 Tr\u00e1ch nhi\u1ec7m:<\/p>\n<ul>\n<li>Ph\u1ea3i th\u00f4ng th\u1ea1o c\u1ea3 ti\u1ebfng Anh v\u00e0 \u00edt nh\u1ea5t m\u1ed9t ng\u00f4n ng\u1eef kh\u00e1c, ch\u1eb3ng h\u1ea1n nh\u01b0 Ng\u00f4n ng\u1eef k\u00fd hi\u1ec7u T\u00e2y Ban Nha ho\u1eb7c M\u1ef9<\/li>\n<li>C\u0169ng ph\u1ea3i c\u00f3 hi\u1ec3u bi\u1ebft v\u1ec1 c\u00e1c thu\u1eadt ng\u1eef k\u1ef9 thu\u1eadt v\u00e0 ph\u00e1p l\u00fd m\u00e0 c\u00e1c th\u1ea9m ph\u00e1n v\u00e0 lu\u1eadt s\u01b0 s\u1eed d\u1ee5ng \u0111\u1ec3 c\u00f3 th\u1ec3 di\u1ec5n gi\u1ea3i ch\u00ednh x\u00e1c t\u1eeb ng\u1eef c\u1ee7a h\u1ecd<\/li>\n<li>C\u00f3 b\u1eb1ng c\u1eed nh\u00e2n.<\/li>\n<li>C\u1ea7n c\u00f3 k\u1ef9 n\u0103ng t\u1eeb v\u1ef1ng v\u1eefng ch\u1eafc \u0111i k\u00e8m v\u1edbi tr\u00ecnh \u0111\u1ed9 h\u1ecdc v\u1ea5n.<\/li>\n<li>Tr\u01b0\u1edbc khi b\u1ea1n c\u00f3 th\u1ec3 \u0111\u01b0\u1ee3c ch\u1ea5p nh\u1eadn l\u00e0m th\u00f4ng d\u1ecbch vi\u00ean c\u1ee7a t\u00f2a \u00e1n b\u1ea1n c\u1ea7n tham gia m\u1ed9t l\u1edbp \u0111\u1ecbnh h\u01b0\u1edbng, \u0111\u1eadu c\u00e1c k\u1ef3 thi vi\u1ebft v\u00e0 v\u1ea5n \u0111\u00e1p, v\u00e0 ki\u1ec3m tra h\u1ed3 s\u01a1 t\u1ed9i ph\u1ea1m. Hi\u1ec7p h\u1ed9i Bi\u00ean d\u1ecbch v\u00e0 Phi\u00ean d\u1ecbch T\u01b0 ph\u00e1p Qu\u1ed1c gia (NAJIT), Hi\u1ec7p h\u1ed9i ti\u1ebfp c\u1eadn ng\u00f4n ng\u1eef<\/li>\n<li>T\u1ea1i c\u00e1c T\u00f2a \u00e1n v\u00e0 C\u01a1 quan \u0111\u0103ng k\u00fd Phi\u00ean d\u1ecbch cho ng\u01b0\u1eddi khi\u1ebfm th\u00ednh, t\u1ea5t c\u1ea3 \u0111\u1ec1u cung c\u1ea5p ch\u1ee9ng ch\u1ec9 th\u00f4ng d\u1ecbch h\u1ee3p ph\u00e1p. C\u00e1c t\u00f2a \u00e1n li\u00ean bang c\u00f3 quy tr\u00ecnh ch\u1ee9ng nh\u1eadn nghi\u00eam ng\u1eb7t c\u1ee7a ri\u00eang h\u1ecd \u0111\u1ed1i v\u1edbi c\u00e1c th\u00f4ng d\u1ecbch vi\u00ean ti\u1ebfng T\u00e2y Ban Nha v\u00e0 ti\u1ebfng Anh.<\/li>\n<\/ul>\n<\/p><\/div><\/div><\/div>[\/vc_column_inner][\/vc_row_inner][\/vc_column][\/vc_row]\n<\/div>","protected":false},"excerpt":{"rendered":"<p>[vc_row top_margin=&#8221;0&#8243; bottom_margin=&#8221;0&#8243; css=&#8221;.vc_custom_1499912039446{margin-top: -30px !important;}&#8221;][vc_column][vc_row_inner][vc_column_inner][vc_empty_space height=&#8221;10px&#8221;][vc_empty_space height=&#8221;30px&#8221;][\/vc_column_inner][\/vc_row_inner][\/vc_column][\/vc_row]<\/p>\n","protected":false},"author":4,"featured_media":0,"parent":0,"menu_order":0,"comment_status":"closed","ping_status":"closed","template":"","meta":{"nf_dc_page":"","footnotes":""},"class_list":["post-10443","page","type-page","status-publish","hentry"],"_links":{"self":[{"href":"https:\/\/worknow.vn\/vi\/wp-json\/wp\/v2\/pages\/10443","targetHints":{"allow":["GET"]}}],"collection":[{"href":"https:\/\/worknow.vn\/vi\/wp-json\/wp\/v2\/pages"}],"about":[{"href":"https:\/\/worknow.vn\/vi\/wp-json\/wp\/v2\/types\/page"}],"author":[{"embeddable":true,"href":"https:\/\/worknow.vn\/vi\/wp-json\/wp\/v2\/users\/4"}],"replies":[{"embeddable":true,"href":"https:\/\/worknow.vn\/vi\/wp-json\/wp\/v2\/comments?post=10443"}],"version-history":[{"count":5,"href":"https:\/\/worknow.vn\/vi\/wp-json\/wp\/v2\/pages\/10443\/revisions"}],"predecessor-version":[{"id":12082,"href":"https:\/\/worknow.vn\/vi\/wp-json\/wp\/v2\/pages\/10443\/revisions\/12082"}],"wp:attachment":[{"href":"https:\/\/worknow.vn\/vi\/wp-json\/wp\/v2\/media?parent=10443"}],"curies":[{"name":"wp","href":"https:\/\/api.w.org\/{rel}","templated":true}]}}