{"id":10445,"date":"2022-08-09T07:24:18","date_gmt":"2022-08-09T07:24:18","guid":{"rendered":"https:\/\/worknow.vn\/human-resources-generalist\/"},"modified":"2023-06-01T08:12:24","modified_gmt":"2023-06-01T08:12:24","slug":"nhan-su-tong-quat","status":"publish","type":"page","link":"https:\/\/worknow.vn\/vi\/nhan-su-tong-quat\/","title":{"rendered":"Nh\u00e2n S\u1ef1 T\u1ed5ng Qu\u00e1t"},"content":{"rendered":"<div class=\"wpb-content-wrapper\">[vc_row top_margin=&#8221;0&#8243; bottom_margin=&#8221;0&#8243; css=&#8221;.vc_custom_1499912039446{margin-top: -30px !important;}&#8221;][vc_column]<div class=\"shortcode-wrapper shortcode-title clearfix hb-animate-element hb-fade-in\"><p style=\"color:#878787!important;border-color:#878787\" class=\"hb-text-large aligncenter\">Nh\u00e2n S\u1ef1 T\u1ed5ng H\u1ee3p<\/p><\/div>[vc_row_inner][vc_column_inner][vc_empty_space height=&#8221;10px&#8221;]<div class=\"shortcode-wrapper shortcode-icon-box clearfix\"><div class=\"feature-box alternative left-icon-box aligncenter\"><div class=\"feature-box-content\"><h4 class=\"bold\">M\u00f4 t\u1ea3 c\u00f4ng vi\u1ec7c<\/h4><p>Chuy\u00ean vi\u00ean nh\u00e2n s\u1ef1 t\u1ed5ng qu\u00e1t bao g\u1ed3m h\u1ea7u h\u1ebft c\u00e1c ch\u1ee9c n\u0103ng nh\u00e2n s\u1ef1: \u00a0tuy\u1ec3n d\u1ee5ng, l\u01b0\u01a1ng th\u01b0\u1edfng v\u00e0 ph\u00fac l\u1ee3i, qu\u1ea3n tr\u1ecb nh\u00e2n s\u1ef1 v\u00e0 c\u00e1c nhi\u1ec7m v\u1ee5 kh\u00e1c. Khi c\u00e1c c\u00f4ng ty ph\u00e1t tri\u1ec3n, c\u00e1c b\u1ed9 ph\u1eadn nh\u00e2n s\u1ef1 ph\u00e2n chia nhi\u1ec7m v\u1ee5 c\u1ee7a HR t\u1ed5ng qu\u00e1t th\u00e0nh c\u00e1c c\u00f4ng vi\u1ec7c kh\u00e1c nhau. HR qu\u1ea3n l\u00fd c\u00e1c ho\u1ea1t \u0111\u1ed9ng h\u00e0ng ng\u00e0y c\u1ee7a ph\u00f2ng nh\u00e2n s\u1ef1 t\u1ea1i c\u00f4ng ty, c\u0169ng nh\u01b0 qu\u1ea3n l\u00fd c\u00e1c ch\u00ednh s\u00e1ch, th\u1ee7 t\u1ee5c v\u00e0 ch\u01b0\u01a1ng tr\u00ecnh v\u1ec1 ngu\u1ed3n nh\u00e2n l\u1ef1c. X\u1eed l\u00fd c\u00e1c m\u1ed1i quan h\u1ec7 nh\u00e2n vi\u00ean, \u0111\u00e0o t\u1ea1o v\u00e0 ph\u00e1t tri\u1ec3n, ph\u00fac l\u1ee3i, l\u01b0\u01a1ng th\u01b0\u1edfng, ph\u00e1t tri\u1ec3n t\u1ed5 ch\u1ee9c v\u00e0 vi\u1ec7c l\u00e0m.<\/p>\n<p><strong>Vai tr\u00f2 v\u00e0 tr\u00e1ch nhi\u1ec7m<\/strong><\/p>\n<ul>\n<li>Tuy\u1ec3n d\u1ee5ng v\u00e0 b\u1ed1 tr\u00ed nh\u00e2n vi\u00ean h\u1eadu c\u1ea7n<\/li>\n<li>L\u1eadp k\u1ebf ho\u1ea1ch t\u1ed5 ch\u1ee9c.<\/li>\n<li>X\u00e2y d\u1ef1ng h\u1ec7 th\u1ed1ng c\u1ea3i ti\u1ebfn v\u00e0 qu\u1ea3n l\u00fd hi\u1ec7u su\u1ea5t.<\/li>\n<li>Ph\u00e1t tri\u1ec3n t\u1ed5 ch\u1ee9c.<\/li>\n<li>Tu\u00e2n th\u1ee7 quy \u0111\u1ecbnh v\u00e0 b\u00e1o c\u00e1o.<\/li>\n<li>\u0110\u1ecbnh h\u01b0\u1edbng, ph\u00e1t tri\u1ec3n v\u00e0 \u0111\u00e0o t\u1ea1o nh\u00e2n vi\u00ean.<\/li>\n<li>X\u00e2y d\u1ef1ng ch\u00ednh s\u00e1ch cho nh\u00e2n s\u1ef1.<\/li>\n<li>Qu\u1ea3n l\u00fd quan h\u1ec7 nh\u00e2n vi\u00ean.<\/li>\n<li>Giao ti\u1ebfp gi\u1eefa c\u00f4ng ty v\u00e0 nh\u00e2n vi\u00ean.<\/li>\n<li>Qu\u1ea3n l\u00fd l\u01b0\u01a1ng th\u01b0\u1edfng v\u00e0 ph\u00fac l\u1ee3i.<\/li>\n<li>Gi\u00e1o d\u1ee5c an to\u00e0n, ph\u00fac l\u1ee3i v\u00e0 s\u1ee9c kh\u1ecfe cho nh\u00e2n vi\u00ean.<\/li>\n<\/ul>\n<\/p><\/div><\/div><\/div>[vc_empty_space height=&#8221;30px&#8221;]<div class=\"shortcode-wrapper shortcode-icon-box clearfix\"><div class=\"feature-box alternative left-icon-box aligncenter\"><div class=\"feature-box-content\"><h4 class=\"bold\">K\u1ef9 n\u0103ng c\u1ea7n thi\u1ebft<\/h4><p>\n<ul>\n<li>K\u1ef9 n\u0103ng giao ti\u1ebfp b\u1eb1ng l\u1eddi n\u00f3i v\u00e0 v\u0103n b\u1ea3n.<\/li>\n<li>K\u1ef9 n\u0103ng giao ti\u1ebfp, th\u01b0\u01a1ng l\u01b0\u1ee3ng v\u00e0 gi\u1ea3i quy\u1ebft xung \u0111\u1ed9t.<\/li>\n<li>K\u1ef9 n\u0103ng t\u1ed5 ch\u1ee9c t\u1ed1t.<\/li>\n<li>K\u1ef9 n\u0103ng qu\u1ea3n l\u00fd th\u1eddi gian t\u1ed1t \u0111\u00e1p \u1ee9ng \u0111\u00fang deadline.<\/li>\n<li>K\u1ef9 n\u0103ng ph\u00e2n t\u00edch v\u00e0 gi\u1ea3i quy\u1ebft v\u1ea5n \u0111\u1ec1.<\/li>\n<li>Kh\u1ea3 n\u0103ng s\u1eafp x\u1ebfp th\u1ee9 t\u1ef1 \u01b0u ti\u00ean c\u00e1c nhi\u1ec7m v\u1ee5.<\/li>\n<li>Ch\u00ednh tr\u1ef1c, chuy\u00ean nghi\u1ec7p v\u00e0 b\u1ea3o m\u1eadt th\u00f4ng tin.<\/li>\n<li>C\u00f3 ki\u1ebfn th\u1ee9c v\u1ec1 lu\u1eadt v\u00e0 quy \u0111\u1ecbnh li\u00ean quan \u0111\u1ebfn vi\u1ec7c l\u00e0m.<\/li>\n<li>S\u1eed d\u1ee5ng th\u00e0nh th\u1ea1o Microsoft Office ho\u1eb7c c\u00e1c ph\u1ea7n m\u1ec1m li\u00ean quan.<\/li>\n<li>Hi\u1ec3u c\u00e1c t\u1ed5 ch\u1ee9c HRIS v\u00e0 h\u1ec7 th\u1ed1ng qu\u1ea3n l\u00fd nh\u00e2n t\u00e0i.<\/li>\n<\/ul>\n<p><strong>Tr\u00ecnh \u0111\u1ed9:<\/strong><\/p>\n<ul>\n<li>B\u1eb1ng c\u1eed nh\u00e2n v\u1ec1 Nh\u00e2n s\u1ef1, Qu\u1ea3n tr\u1ecb Kinh doanh ho\u1eb7c l\u0129nh v\u1ef1c li\u00ean quan.<\/li>\n<li>B\u1eb1ng c\u1ea5p trong l\u0129nh v\u1ef1c li\u00ean quan \u0111\u1ebfn nh\u00e2n s\u1ef1, lu\u1eadt lao \u0111\u1ed9ng, l\u01b0\u01a1ng th\u01b0\u1edfng,..<\/li>\n<li>Ch\u1ee9ng ch\u1ec9 Chuy\u00ean gia v\u1ec1 ngu\u1ed3n nh\u00e2n l\u1ef1c (PHR) l\u00e0 m\u1ed9t \u0111i\u1ec3m c\u1ed9ng.<\/li>\n<li>\u01afu ti\u00ean c\u00e1c \u1ee9ng vi\u00ean c\u00f3 kinh nghi\u1ec7m.<\/li>\n<\/ul>\n<\/p><\/div><\/div><\/div>[\/vc_column_inner][\/vc_row_inner][\/vc_column][\/vc_row]\n<\/div>","protected":false},"excerpt":{"rendered":"<p>[vc_row top_margin=&#8221;0&#8243; bottom_margin=&#8221;0&#8243; css=&#8221;.vc_custom_1499912039446{margin-top: -30px !important;}&#8221;][vc_column][vc_row_inner][vc_column_inner][vc_empty_space height=&#8221;10px&#8221;][vc_empty_space height=&#8221;30px&#8221;][\/vc_column_inner][\/vc_row_inner][\/vc_column][\/vc_row]<\/p>\n","protected":false},"author":4,"featured_media":0,"parent":0,"menu_order":0,"comment_status":"closed","ping_status":"closed","template":"","meta":{"nf_dc_page":"","footnotes":""},"class_list":["post-10445","page","type-page","status-publish","hentry"],"_links":{"self":[{"href":"https:\/\/worknow.vn\/vi\/wp-json\/wp\/v2\/pages\/10445","targetHints":{"allow":["GET"]}}],"collection":[{"href":"https:\/\/worknow.vn\/vi\/wp-json\/wp\/v2\/pages"}],"about":[{"href":"https:\/\/worknow.vn\/vi\/wp-json\/wp\/v2\/types\/page"}],"author":[{"embeddable":true,"href":"https:\/\/worknow.vn\/vi\/wp-json\/wp\/v2\/users\/4"}],"replies":[{"embeddable":true,"href":"https:\/\/worknow.vn\/vi\/wp-json\/wp\/v2\/comments?post=10445"}],"version-history":[{"count":5,"href":"https:\/\/worknow.vn\/vi\/wp-json\/wp\/v2\/pages\/10445\/revisions"}],"predecessor-version":[{"id":11987,"href":"https:\/\/worknow.vn\/vi\/wp-json\/wp\/v2\/pages\/10445\/revisions\/11987"}],"wp:attachment":[{"href":"https:\/\/worknow.vn\/vi\/wp-json\/wp\/v2\/media?parent=10445"}],"curies":[{"name":"wp","href":"https:\/\/api.w.org\/{rel}","templated":true}]}}