{"id":10447,"date":"2022-08-09T07:24:44","date_gmt":"2022-08-09T07:24:44","guid":{"rendered":"https:\/\/worknow.vn\/recruiter\/"},"modified":"2023-06-01T08:18:19","modified_gmt":"2023-06-01T08:18:19","slug":"tuyen-dung-vien","status":"publish","type":"page","link":"https:\/\/worknow.vn\/vi\/tuyen-dung-vien\/","title":{"rendered":"Tuy\u1ec3n D\u1ee5ng Vi\u00ean"},"content":{"rendered":"<div class=\"wpb-content-wrapper\">[vc_row top_margin=&#8221;0&#8243; bottom_margin=&#8221;0&#8243; css=&#8221;.vc_custom_1499912039446{margin-top: -30px !important;}&#8221;][vc_column]<div class=\"shortcode-wrapper shortcode-title clearfix hb-animate-element hb-fade-in\"><p style=\"color:#878787!important;border-color:#878787\" class=\"hb-text-large aligncenter\">Chuy\u00ean Vi\u00ean Tuy\u1ec3n D\u1ee5ng <\/p><\/div>[vc_row_inner][vc_column_inner][vc_empty_space height=&#8221;10px&#8221;]<div class=\"shortcode-wrapper shortcode-icon-box clearfix\"><div class=\"feature-box alternative left-icon-box aligncenter\"><div class=\"feature-box-content\"><h4 class=\"bold\">M\u00f4 t\u1ea3 c\u00f4ng vi\u1ec7c<\/h4><p>T\u00ecm ki\u1ebfm, s\u00e0ng l\u1ecdc v\u00e0 thu h\u00fat c\u00e1c \u1ee9ng vi\u00ean cho c\u00e1c v\u1ecb tr\u00ed \u0111ang tuy\u1ec3n. Bao g\u1ed3m qu\u1ea3ng c\u00e1o vi\u1ec7c l\u00e0m, xem x\u00e9t h\u1ed3 s\u01a1, ph\u1ecfng v\u1ea5n \u1ee9ng vi\u00ean v\u00e0 l\u00e0m vi\u1ec7c v\u1edbi ng\u01b0\u1eddi qu\u1ea3n l\u00fd tuy\u1ec3n d\u1ee5ng \u0111\u1ec3 t\u00ecm ng\u01b0\u1eddi ph\u00f9 h\u1ee3p. \u0110\u00f3ng vai tr\u00f2 nh\u01b0 m\u1ed9t \u0111\u1ea1i s\u1ee9 th\u01b0\u01a1ng hi\u1ec7u cho c\u00f4ng ty, \u0111\u1eb7c bi\u1ec7t l\u00e0 khi tham gia c\u00e1c h\u1ed9i ch\u1ee3 vi\u1ec7c l\u00e0m. Ph\u1ea3i gi\u1eef li\u00ean l\u1ea1c v\u1edbi nhi\u1ec1u \u1ee9ng vi\u00ean c\u00f4ng vi\u1ec7c c\u00f9ng m\u1ed9t l\u00fac bao g\u1ed3m c\u00e1c \u0111\u1ec1 ngh\u1ecb th\u01b0\u01a1ng l\u01b0\u1ee3ng v\u00e0 th\u00f4ng b\u00e1o cho c\u00e1c \u1ee9ng vi\u00ean t\u1ea1m th\u1eddi ch\u01b0a ph\u00f9 h\u1ee3p. Ph\u1ea7n l\u1edbn th\u1eddi gian l\u00e0m vi\u1ec7c tr\u00ean \u0111i\u1ec7n tho\u1ea1i \u0111\u1ec3 n\u00f3i chuy\u1ec7n v\u1edbi c\u00e1c \u1ee9ng vi\u00ean, ngo\u00e0i ra c\u00f4ng vi\u1ec7c c\u00f2n li\u00ean quan \u0111\u1ebfn r\u1ea5t nhi\u1ec1u d\u1eef li\u1ec7u v\u00e0 chi ti\u1ebft \u2013 m\u1ee9c l\u01b0\u01a1ng, y\u00eau c\u1ea7u v\u00e0 hi\u1ec7u su\u1ea5t t\u1ea1i t\u1eebng v\u1ecb tr\u00ed.<\/p>\n<p><strong>Vai tr\u00f2 v\u00e0 tr\u00e1ch nhi\u1ec7m<\/strong><\/p>\n<ul>\n<li>G\u1eb7p g\u1ee1 c\u00e1c nh\u00e0 tuy\u1ec3n d\u1ee5ng \u0111\u1ec3 t\u00ecm hi\u1ec3u v\u1ec1 nhu c\u1ea7u nh\u00e2n s\u1ef1 c\u1ee7a h\u1ecd.<\/li>\n<li>N\u00f3i chuy\u1ec7n v\u1edbi c\u00e1c \u1ee9ng vi\u00ean \u0111\u1ec3 t\u00ecm hi\u1ec3u v\u1ec1 m\u1ee5c ti\u00eau ngh\u1ec1 nghi\u1ec7p.<\/li>\n<li>T\u00ecm \u1ee9ng vi\u00ean ti\u1ec1m n\u0103ng th\u00f4ng qua c\u00e1c trang web m\u1ea1ng vi\u1ec7c l\u00e0m ho\u1eb7c c\u1ed5ng th\u00f4ng tin vi\u1ec7c l\u00e0m tr\u1ef1c tuy\u1ebfn.<\/li>\n<li>S\u00e0ng l\u1ecdc c\u00e1c \u1ee9ng vi\u00ean t\u1eeb c\u00e1c cu\u1ed9c ph\u1ecfng v\u1ea5n qua \u0111i\u1ec7n tho\u1ea1i v\u00e0 CV.<\/li>\n<li>Ph\u1ecfng v\u1ea5n c\u00e1c \u1ee9ng vi\u00ean v\u01b0\u1ee3t qua qu\u00e1 tr\u00ecnh s\u00e0ng l\u1ecdc.<\/li>\n<li>T\u00ecm hi\u1ec3u v\u1ec1 k\u1ef9 n\u0103ng, tr\u00ecnh \u0111\u1ed9 chuy\u00ean m\u00f4n v\u00e0 n\u1ec1n t\u1ea3ng ngh\u1ec1 nghi\u1ec7p c\u1ee7a \u1ee9ng vi\u00ean.<\/li>\n<li>Tham d\u1ef1 h\u1ed9i ch\u1ee3 vi\u1ec7c l\u00e0m \u0111\u1ec3 g\u1eb7p g\u1ee1 \u1ee9ng vi\u00ean v\u00e0 thu h\u00fat nh\u00e2n t\u00e0i.<\/li>\n<li>\u0110\u00e0m ph\u00e1n c\u00e1c \u0111\u1ec1 ngh\u1ecb tuy\u1ec3n d\u1ee5ng v\u1edbi c\u00e1c \u1ee9ng vi\u00ean h\u00e0ng \u0111\u1ea7u.<\/li>\n<li>G\u1ecdi cho ng\u01b0\u1eddi tham kh\u1ea3o \u0111\u1ec3 t\u00ecm hi\u1ec3u th\u00eam v\u1ec1 kinh nghi\u1ec7m l\u00e0m vi\u1ec7c tr\u01b0\u1edbc \u0111\u00e2y c\u1ee7a \u1ee9ng vi\u00ean.<\/li>\n<li>X\u1eed l\u00fd th\u1ee7 t\u1ee5c gi\u1ea5y t\u1edd tuy\u1ec3n d\u1ee5ng v\u00e0 b\u1eaft \u0111\u1ea7u qu\u00e1 tr\u00ecnh gi\u1edbi thi\u1ec7u v\u1edbi nh\u1eefng nh\u00e2n vi\u00ean m\u1edbi.<\/li>\n<li>T\u1ea1o quy tr\u00ecnh gi\u1edbi thi\u1ec7u, h\u00f2a nh\u1eadp \u0111\u1ec3 gi\u1eef ch\u00e2n nh\u00e2n vi\u00ean t\u1ed1t h\u01a1n.<\/li>\n<\/ul>\n<\/p><\/div><\/div><\/div>[vc_empty_space height=&#8221;30px&#8221;]<div class=\"shortcode-wrapper shortcode-icon-box clearfix\"><div class=\"feature-box alternative left-icon-box aligncenter\"><div class=\"feature-box-content\"><h4 class=\"bold\">K\u1ef9 n\u0103ng c\u1ea7n thi\u1ebft<\/h4><p>\n<ul>\n<li>Ch\u00fa \u00fd \u0111\u1ebfn chi ti\u1ebft.<\/li>\n<li>\u0110\u1ed3ng c\u1ea3m.<\/li>\n<li>Ki\u1ebfn th\u1ee9c chuy\u00ean m\u00f4n.<\/li>\n<li>Nh\u1eefng k\u1ef9 n\u0103ng t\u1ed5 ch\u1ee9c<\/li>\n<li>K\u1ef9 n\u0103ng gi\u1ea3i quy\u1ebft v\u1ea5n \u0111\u1ec1.<\/li>\n<li>Ki\u1ebfn th\u1ee9c \u0111\u00e0m ph\u00e1n, th\u01b0\u01a1ng l\u01b0\u1ee3ng.<\/li>\n<li>K\u1ef9 n\u0103ng qu\u1ea3n l\u00fd th\u1eddi gian.<\/li>\n<li>K\u1ef9 n\u0103ng giao ti\u1ebfp b\u1eb1ng v\u0103n b\u1ea3n v\u00e0 b\u1eb1ng l\u1eddi n\u00f3i<\/li>\n<\/ul>\n<p><strong>Tr\u00ecnh \u0111\u1ed9:<\/strong> B\u1eb1ng C\u1eed nh\u00e2n v\u1ec1 nh\u00e2n s\u1ef1, qu\u1ea3n tr\u1ecb Kinh doanh, t\u00e2m l\u00fd h\u1ecdc ho\u1eb7c l\u0129nh v\u1ef1c li\u00ean quan.<\/p><\/div><\/div><\/div>[\/vc_column_inner][\/vc_row_inner][\/vc_column][\/vc_row]\n<\/div>","protected":false},"excerpt":{"rendered":"<p>[vc_row top_margin=&#8221;0&#8243; bottom_margin=&#8221;0&#8243; css=&#8221;.vc_custom_1499912039446{margin-top: -30px !important;}&#8221;][vc_column][vc_row_inner][vc_column_inner][vc_empty_space height=&#8221;10px&#8221;][vc_empty_space height=&#8221;30px&#8221;][\/vc_column_inner][\/vc_row_inner][\/vc_column][\/vc_row]<\/p>\n","protected":false},"author":4,"featured_media":0,"parent":0,"menu_order":0,"comment_status":"closed","ping_status":"closed","template":"","meta":{"nf_dc_page":"","footnotes":""},"class_list":["post-10447","page","type-page","status-publish","hentry"],"_links":{"self":[{"href":"https:\/\/worknow.vn\/vi\/wp-json\/wp\/v2\/pages\/10447","targetHints":{"allow":["GET"]}}],"collection":[{"href":"https:\/\/worknow.vn\/vi\/wp-json\/wp\/v2\/pages"}],"about":[{"href":"https:\/\/worknow.vn\/vi\/wp-json\/wp\/v2\/types\/page"}],"author":[{"embeddable":true,"href":"https:\/\/worknow.vn\/vi\/wp-json\/wp\/v2\/users\/4"}],"replies":[{"embeddable":true,"href":"https:\/\/worknow.vn\/vi\/wp-json\/wp\/v2\/comments?post=10447"}],"version-history":[{"count":5,"href":"https:\/\/worknow.vn\/vi\/wp-json\/wp\/v2\/pages\/10447\/revisions"}],"predecessor-version":[{"id":11989,"href":"https:\/\/worknow.vn\/vi\/wp-json\/wp\/v2\/pages\/10447\/revisions\/11989"}],"wp:attachment":[{"href":"https:\/\/worknow.vn\/vi\/wp-json\/wp\/v2\/media?parent=10447"}],"curies":[{"name":"wp","href":"https:\/\/api.w.org\/{rel}","templated":true}]}}