{"id":10449,"date":"2022-09-16T04:31:06","date_gmt":"2022-09-16T04:31:06","guid":{"rendered":"https:\/\/worknow.vn\/corporate-recruiter\/"},"modified":"2023-06-01T08:19:00","modified_gmt":"2023-06-01T08:19:00","slug":"cong-ty-tuyen-dung","status":"publish","type":"page","link":"https:\/\/worknow.vn\/vi\/cong-ty-tuyen-dung\/","title":{"rendered":"C\u00f4ng Ty Tuy\u1ec3n D\u1ee5ng"},"content":{"rendered":"<div class=\"wpb-content-wrapper\">[vc_row top_margin=&#8221;0&#8243; bottom_margin=&#8221;0&#8243; css=&#8221;.vc_custom_1499912039446{margin-top: -30px !important;}&#8221;][vc_column]<div class=\"shortcode-wrapper shortcode-title clearfix hb-animate-element hb-fade-in\"><p style=\"color:#878787!important;border-color:#878787\" class=\"hb-text-large aligncenter\">CHUY\u00caN VI\u00caN TUY\u1ec2N D\u1ee4NG C\u1ee6A C\u00d4NG TY<\/p><\/div>[vc_row_inner][vc_column_inner][vc_empty_space height=&#8221;10px&#8221;]<div class=\"shortcode-wrapper shortcode-icon-box clearfix\"><div class=\"feature-box alternative left-icon-box aligncenter\"><div class=\"feature-box-content\"><h4 class=\"bold\">M\u00f4 t\u1ea3 c\u00f4ng vi\u1ec7c<\/h4><p>Nhi\u1ec7m v\u1ee5 tuy\u1ec3n d\u1ee5ng nh\u00e2n t\u00e0i cho c\u00f4ng ty ho\u1eb7c t\u1ed5 ch\u1ee9c n\u01a1i h\u1ecd \u0111\u01b0\u1ee3c tuy\u1ec3n d\u1ee5ng, ch\u1ecbu tr\u00e1ch nhi\u1ec7m ch\u00ednh trong vi\u1ec7c t\u00ecm ki\u1ebfm v\u00e0 s\u00e0ng l\u1ecdc c\u00e1c \u1ee9ng vi\u00ean. C\u00e1c nh\u00e0 tuy\u1ec3n d\u1ee5ng c\u1ee7a c\u00f4ng ty ch\u1ecbu tr\u00e1ch nhi\u1ec7m v\u1ec1 nh\u1eefng s\u00e1ng ki\u1ebfn \u200b\u200bh\u00e0ng \u0111\u1ea7u n\u00e0y. L\u00e0 \u0111\u1ea7u m\u1ed1i li\u00ean h\u1ec7 \u0111\u1ea7u ti\u00ean cho c\u00e1c \u0111\u01a1n xin vi\u1ec7c trong n\u01b0\u1edbc, ch\u1ecbu tr\u00e1ch nhi\u1ec7m v\u1ec1 vi\u1ec7c gia h\u1ea1n c\u00e1c \u01b0u \u0111\u00e3i v\u00e0 ti\u1ebfp nh\u1eadn nh\u00e2n vi\u00ean m\u1edbi. Nh\u01b0 b\u1ea1n c\u00f3 th\u1ec3 th\u1ea5y, vai tr\u00f2 nh\u00e0 tuy\u1ec3n d\u1ee5ng c\u1ee7a c\u00f4ng ty c\u00f3 nhi\u1ec1u l\u1edbp, bao g\u1ed3m s\u1ef1 k\u1ebft h\u1ee3p c\u1ee7a c\u00e1c nhi\u1ec7m v\u1ee5 l\u1eb7p \u0111i l\u1eb7p l\u1ea1i c\u0169ng nh\u01b0 c\u00e1c tr\u00e1ch nhi\u1ec7m chi\u1ebfn l\u01b0\u1ee3c.<\/p>\n<p><strong>Vai tr\u00f2 v\u00e0 tr\u00e1ch nhi\u1ec7m<\/strong><\/p>\n<ul>\n<li>X\u00e1c \u0111\u1ecbnh nhu c\u1ea7u tuy\u1ec3n d\u1ee5ng v\u00e0 t\u00ecm ki\u1ebfm nh\u1eefng \u1ee9ng vi\u00ean t\u1ed1t nh\u1ea5t \u0111\u1ec3 l\u1ea5p \u0111\u1ea7y c\u00e1c v\u1ecb tr\u00ed tuy\u1ec3n d\u1ee5ng.<\/li>\n<li>Chu\u1ea9n b\u1ecb v\u00e0 \u0111\u0103ng c\u00e1c b\u1ea3n m\u00f4 t\u1ea3 c\u00f4ng vi\u1ec7c h\u1ea5p d\u1eabn l\u00ean b\u1ea3ng vi\u1ec7c l\u00e0m tr\u1ef1c tuy\u1ebfn ho\u1eb7c chuy\u1ec3n ch\u00fang qua c\u00e1c k\u00eanh kh\u00e1c, ch\u1eb3ng h\u1ea1n nh\u01b0 email ho\u1eb7c ph\u01b0\u01a1ng ti\u1ec7n truy\u1ec1n th\u00f4ng x\u00e3 h\u1ed9i.<\/li>\n<li>Ph\u00e2n t\u00edch c\u00e1c th\u1ee7 t\u1ee5c thu nh\u1eadn nh\u00e2n t\u00e0i hi\u1ec7n c\u00f3 v\u00e0 ph\u00e1t tri\u1ec3n c\u00e1c ph\u01b0\u01a1ng ph\u00e1p t\u00ecm ki\u1ebfm \u1ee9ng vi\u00ean tuy\u1ec7t v\u1eddi m\u1edbi, hi\u1ec7u qu\u1ea3 h\u01a1n.<\/li>\n<li>S\u1eed d\u1ee5ng tr\u00ecnh ph\u00e2n t\u00edch s\u01a1 y\u1ebfu l\u00fd l\u1ecbch, h\u1ec7 th\u1ed1ng theo d\u00f5i \u1ee9ng vi\u00ean (ATS) v\u00e0 ph\u1ea7n m\u1ec1m qu\u1ea3n l\u00fd m\u1ed1i quan h\u1ec7 \u1ee9ng vi\u00ean (CRM) \u0111\u1ec3 h\u1ee3p l\u00fd h\u00f3a quy tr\u00ecnh tuy\u1ec3n d\u1ee5ng.<\/li>\n<li>T\u1ea1o v\u00e0 duy tr\u00ec \u0111\u1ed9i ng\u0169 nh\u00e2n t\u00e0i.<\/li>\n<li>L\u00ean l\u1ecbch v\u00e0 th\u1ef1c hi\u1ec7n c\u00e1c cu\u1ed9c ph\u1ecfng v\u1ea5n v\u1edbi c\u00e1c nh\u00e2n vi\u00ean ti\u1ec1m n\u0103ng qua email, \u0111i\u1ec7n tho\u1ea1i, video ho\u1eb7c g\u1eb7p tr\u1ef1c ti\u1ebfp.<\/li>\n<li>Ph\u00e1t tri\u1ec3n ngu\u1ed3n l\u1ef1c cho c\u00e1c gian h\u00e0ng t\u1ea1i h\u1ed9i ch\u1ee3 ngh\u1ec1 nghi\u1ec7p.<\/li>\n<li>T\u1ed5 ch\u1ee9c v\u00e0 tham d\u1ef1 c\u00e1c h\u1ed9i ch\u1ee3 vi\u1ec7c l\u00e0m truy\u1ec1n th\u1ed1ng v\u00e0 \u1ea3o.<\/li>\n<li>Ho\u00e0n th\u00e0nh ki\u1ec3m tra t\u00e0i li\u1ec7u tham kh\u1ea3o v\u00e0 l\u00fd l\u1ecbch.<\/li>\n<li>K\u1ebft n\u1ed1i v\u1edbi c\u00e1c chuy\u00ean gia trong ng\u00e0nh v\u00e0 theo s\u00e1t c\u00e1c b\u01b0\u1edbc ph\u00e1t tri\u1ec3n trong vi\u1ec7c thu h\u00fat nh\u00e2n t\u00e0i.<\/li>\n<\/ul>\n<\/p><\/div><\/div><\/div>[vc_empty_space height=&#8221;30px&#8221;]<div class=\"shortcode-wrapper shortcode-icon-box clearfix\"><div class=\"feature-box alternative left-icon-box aligncenter\"><div class=\"feature-box-content\"><h4 class=\"bold\">K\u1ef9 n\u0103ng thi\u1ebft y\u1ebfu<\/h4><p>\n<ul>\n<li>C\u00f3 th\u1ec3 c\u1ea7n ph\u1ea3i c\u00f3 n\u0103ng l\u1ef1c tuy\u1ec3n d\u1ee5ng to\u00e0n b\u1ed9 chu k\u1ef3.<\/li>\n<li>C\u00f3 ki\u1ebfn \u200b\u200bth\u1ee9c v\u1ec1 ph\u1ea7n m\u1ec1m qu\u1ea3n l\u00fd nh\u00e2n t\u00e0i, ch\u1eb3ng h\u1ea1n nh\u01b0 BambooHR v\u00e0 Recruitee.<\/li>\n<li>Quen thu\u1ed9c v\u1edbi ph\u1ea7n m\u1ec1m ph\u00e2n t\u00edch s\u01a1 y\u1ebfu l\u00fd l\u1ecbch, ch\u1eb3ng h\u1ea1n nh\u01b0 Freshteam, v\u00e0 c\u00e1c h\u1ec7 th\u1ed1ng theo d\u00f5i \u1ee9ng vi\u00ean (ATS), ch\u1eb3ng h\u1ea1n nh\u01b0 Jobvite v\u00e0 Greenhouse.<\/li>\n<li>Giao ti\u1ebfp t\u1ed1t v\u00e0 k\u1ef9 n\u0103ng giao ti\u1ebfp.<\/li>\n<li>Phong th\u00e1i chuy\u00ean nghi\u1ec7p nh\u01b0ng d\u1ec5 g\u1ea7n.<\/li>\n<li>Kh\u1ea3 n\u0103ng b\u1ea3o v\u1ec7 th\u00f4ng tin b\u00ed m\u1eadt.<\/li>\n<li>S\u1ef1 s\u1eb5n s\u00e0ng th\u00edch \u1ee9ng v\u1edbi nh\u1eefng thay \u0111\u1ed5i.<\/li>\n<\/ul>\n<p><strong>Tr\u00ecnh \u0111\u1ed9 chuy\u00ean m\u00f4n: <\/strong><\/p>\n<p>B\u1eb1ng c\u1eed nh\u00e2n v\u1ec1 kinh doanh, qu\u1ea3n tr\u1ecb kinh doanh, qu\u1ea3n l\u00fd nh\u00e2n s\u1ef1 ho\u1eb7c m\u1ed9t l\u0129nh v\u1ef1c li\u00ean quan.<\/p>\n<p>Ch\u1ee9ng ch\u1ec9 Chuy\u00ean gia v\u1ec1 H\u1ecdc t\u1eadp v\u00e0 Hi\u1ec7u su\u1ea5t (CPLP), Chuy\u00ean gia v\u1ec1 Ngu\u1ed3n nh\u00e2n l\u1ef1c (PHR), ho\u1eb7c ch\u1ee9ng ch\u1ec9 t\u01b0\u01a1ng t\u1ef1.<\/p><\/div><\/div><\/div>[\/vc_column_inner][\/vc_row_inner][\/vc_column][\/vc_row]\n<\/div>","protected":false},"excerpt":{"rendered":"<p>[vc_row top_margin=&#8221;0&#8243; bottom_margin=&#8221;0&#8243; css=&#8221;.vc_custom_1499912039446{margin-top: -30px !important;}&#8221;][vc_column][vc_row_inner][vc_column_inner][vc_empty_space height=&#8221;10px&#8221;][vc_empty_space height=&#8221;30px&#8221;][\/vc_column_inner][\/vc_row_inner][\/vc_column][\/vc_row]<\/p>\n","protected":false},"author":4,"featured_media":0,"parent":0,"menu_order":0,"comment_status":"closed","ping_status":"closed","template":"","meta":{"nf_dc_page":"","footnotes":""},"class_list":["post-10449","page","type-page","status-publish","hentry"],"_links":{"self":[{"href":"https:\/\/worknow.vn\/vi\/wp-json\/wp\/v2\/pages\/10449","targetHints":{"allow":["GET"]}}],"collection":[{"href":"https:\/\/worknow.vn\/vi\/wp-json\/wp\/v2\/pages"}],"about":[{"href":"https:\/\/worknow.vn\/vi\/wp-json\/wp\/v2\/types\/page"}],"author":[{"embeddable":true,"href":"https:\/\/worknow.vn\/vi\/wp-json\/wp\/v2\/users\/4"}],"replies":[{"embeddable":true,"href":"https:\/\/worknow.vn\/vi\/wp-json\/wp\/v2\/comments?post=10449"}],"version-history":[{"count":4,"href":"https:\/\/worknow.vn\/vi\/wp-json\/wp\/v2\/pages\/10449\/revisions"}],"predecessor-version":[{"id":11990,"href":"https:\/\/worknow.vn\/vi\/wp-json\/wp\/v2\/pages\/10449\/revisions\/11990"}],"wp:attachment":[{"href":"https:\/\/worknow.vn\/vi\/wp-json\/wp\/v2\/media?parent=10449"}],"curies":[{"name":"wp","href":"https:\/\/api.w.org\/{rel}","templated":true}]}}