{"id":10451,"date":"2022-08-09T07:25:49","date_gmt":"2022-08-09T07:25:49","guid":{"rendered":"https:\/\/worknow.vn\/hr-manager\/"},"modified":"2023-06-01T08:19:16","modified_gmt":"2023-06-01T08:19:16","slug":"truong-phong-nhan-su","status":"publish","type":"page","link":"https:\/\/worknow.vn\/vi\/truong-phong-nhan-su\/","title":{"rendered":"Tr\u01b0\u1edfng Ph\u00f2ng Nh\u00e2n S\u1ef1"},"content":{"rendered":"<div class=\"wpb-content-wrapper\">[vc_row top_margin=&#8221;0&#8243; bottom_margin=&#8221;0&#8243; css=&#8221;.vc_custom_1499912039446{margin-top: -30px !important;}&#8221;][vc_column]<div class=\"shortcode-wrapper shortcode-title clearfix hb-animate-element hb-fade-in\"><p style=\"color:#878787!important;border-color:#878787\" class=\"hb-text-large aligncenter\">Tr\u01b0\u1edfng Ph\u00f2ng Nh\u00e2n S\u1ef1<\/p><\/div>[vc_row_inner][vc_column_inner][vc_empty_space height=&#8221;10px&#8221;]<div class=\"shortcode-wrapper shortcode-icon-box clearfix\"><div class=\"feature-box alternative left-icon-box aligncenter\"><div class=\"feature-box-content\"><h4 class=\"bold\">M\u00f4 t\u1ea3 c\u00f4ng vi\u1ec7c<\/h4><p>L\u00e0 nh\u1eefng nh\u00e0 l\u00e3nh \u0111\u1ea1o quan tr\u1ecdng trong t\u1ed5 ch\u1ee9c, gi\u00e1m s\u00e1t vi\u1ec7c tuy\u1ec3n d\u1ee5ng nh\u00e2n vi\u00ean, \u0111\u00e0o t\u1ea1o v\u00e0 ph\u00e1t tri\u1ec3n nh\u00e2n vi\u00ean c\u0169ng nh\u01b0 c\u00e1c ch\u00ednh s\u00e1ch v\u00e0 quy tr\u00ecnh t\u1ea1i n\u01a1i l\u00e0m vi\u1ec7c. C\u1ea7n th\u00edch \u1ee9ng v\u1edbi c\u00f4ng ngh\u1ec7, lu\u1eadt ph\u00e1p v\u00e0 c\u00e1c ch\u01b0\u01a1ng tr\u00ecnh ph\u00fac l\u1ee3i m\u1edbi \u0111\u1ec3 c\u1ea3i thi\u1ec7n tr\u1ea3i nghi\u1ec7m v\u00e0 m\u1ed1i quan h\u1ec7 c\u1ee7a nh\u00e2n vi\u00ean. Linh ho\u1ea1t trong vi\u1ec7c s\u1eed d\u1ee5ng th\u00f4ng tin c\u00f3 s\u1eb5n \u0111\u1ec3 gi\u1ea3i quy\u1ebft v\u1ea5n \u0111\u1ec1 nh\u01b0ng v\u1eabn duy tr\u00ec c\u00e1c ti\u00eau chu\u1ea9n tuy\u1ec3n d\u1ee5ng. Kh\u1ea3 n\u0103ng x\u1eed l\u00fd nhi\u1ec1u d\u1ef1 \u00e1n \u0111\u00f2i h\u1ecfi c\u00f3 k\u1ef9 n\u0103ng qu\u1ea3n l\u00fd th\u1eddi gian. C\u00e2n b\u1eb1ng gi\u1eefa nhi\u1ec7m v\u1ee5 ph\u1ee9c t\u1ea1p \u0111\u1ec3 \u0111\u1ea3m b\u1ea3o t\u00ednh t\u1ed5 ch\u1ee9c t\u1ea1i n\u01a1i l\u00e0m vi\u1ec7c.<\/p>\n<p><strong>Vai tr\u00f2 v\u00e0 tr\u00e1ch nhi\u1ec7m<\/strong><\/p>\n<ul>\n<li>H\u1ee3p t\u00e1c v\u1edbi \u0111\u1ed9i ng\u0169 l\u00e3nh \u0111\u1ea1o \u0111\u1ec3 hi\u1ec3u v\u00e0 th\u1ef1c hi\u1ec7n chi\u1ebfn l\u01b0\u1ee3c ngu\u1ed3n nh\u00e2n l\u1ef1c v\u00e0 t\u00e0i n\u0103ng c\u1ee7a t\u1ed5 ch\u1ee9c, sao cho ph\u00f9 h\u1ee3p v\u1edbi nhu c\u1ea7u nh\u00e2n t\u00e0i hi\u1ec7n t\u1ea1i v\u00e0 t\u01b0\u01a1ng lai, k\u1ebf ho\u1ea1ch tuy\u1ec3n d\u1ee5ng, gi\u1eef ch\u00e2n v\u00e0 k\u1ebf nhi\u1ec7m.<\/li>\n<li>H\u1ed7 tr\u1ee3 v\u00e0 h\u01b0\u1edbng d\u1eabn cho c\u00e1c chuy\u00ean vi\u00ean nh\u00e2n s\u1ef1, qu\u1ea3n l\u00fd v\u00e0 c\u00e1c nh\u00e2n vi\u00ean kh\u00e1c khi ph\u00e1t sinh c\u00e1c c\u00e2u h\u1ecfi v\u00e0 v\u1ea5n \u0111\u1ec1 ph\u1ee9c t\u1ea1p, chuy\u00ean bi\u1ec7t v\u00e0 nh\u1ea1y c\u1ea3m; c\u00f3 th\u1ec3 \u0111\u01b0\u1ee3c y\u00eau c\u1ea7u qu\u1ea3n l\u00fd v\u00e0 th\u1ef1c hi\u1ec7n c\u00e1c nhi\u1ec7m v\u1ee5 th\u00f4ng th\u01b0\u1eddng trong nh\u1eefng tr\u01b0\u1eddng h\u1ee3p t\u1ebf nh\u1ecb nh\u01b0 cung c\u1ea5p c\u00e1c bi\u1ec7n ph\u00e1p ph\u00f9 h\u1ee3p h\u1ee3p l\u00fd, \u0111i\u1ec1u tra c\u00e1c c\u00e1o bu\u1ed9c v\u1ec1 h\u00e0nh vi sai tr\u00e1i v\u00e0 ch\u1ea5m d\u1ee9t h\u1ee3p \u0111\u1ed3ng.<\/li>\n<li>Qu\u1ea3n l\u00fd qu\u00e1 tr\u00ecnh thu nh\u1eadn nh\u00e2n t\u00e0i, c\u00f3 th\u1ec3 bao g\u1ed3m tuy\u1ec3n d\u1ee5ng, ph\u1ecfng v\u1ea5n v\u00e0 thu\u00ea nh\u1eefng nh\u00e2n t\u00e0i ph\u00f9 h\u1ee3p, \u0111\u1eb7c bi\u1ec7t cho c\u00e1c vai tr\u00f2 qu\u1ea3n l\u00fd, c\u1ed9ng t\u00e1c v\u1edbi c\u00e1c qu\u1ea3n l\u00fd b\u1ed9 ph\u1eadn kh\u00e1c \u0111\u1ec3 hi\u1ec3u c\u00e1c k\u1ef9 n\u0103ng v\u00e0 n\u0103ng l\u1ef1c c\u1ea7n thi\u1ebft.<\/li>\n<li>Ph\u00e2n t\u00edch xu h\u01b0\u1edbng b\u1ed3i th\u01b0\u1eddng v\u00e0 ph\u00fac l\u1ee3i; nghi\u00ean c\u1ee9u v\u00e0 \u0111\u1ec1 xu\u1ea5t c\u01a1 s\u1edf c\u1ea1nh tranh v\u00e0 c\u00e1c ch\u01b0\u01a1ng tr\u00ecnh tr\u1ea3 l\u01b0\u01a1ng khuy\u1ebfn kh\u00edch \u0111\u1ec3 \u0111\u1ea3m b\u1ea3o t\u1ed5 ch\u1ee9c thu h\u00fat v\u00e0 gi\u1eef ch\u00e2n \u0111\u01b0\u1ee3c nh\u1eefng nh\u00e2n t\u00e0i h\u00e0ng \u0111\u1ea7u.<\/li>\n<li>T\u1ea1o ra c\u00e1c ch\u01b0\u01a1ng tr\u00ecnh v\u00e0 s\u00e1ng ki\u1ebfn \u200b\u200bh\u1ecdc t\u1eadp v\u00e0 ph\u00e1t tri\u1ec3n mang l\u1ea1i c\u01a1 h\u1ed9i ph\u00e1t tri\u1ec3n n\u1ed9i b\u1ed9 cho nh\u00e2n vi\u00ean.<\/li>\n<li>Gi\u00e1m s\u00e1t c\u00e1c cu\u1ed9c h\u1ecdp k\u1ef7 lu\u1eadt nh\u00e2n vi\u00ean, ch\u1ea5m d\u1ee9t h\u1ee3p \u0111\u1ed3ng v\u00e0 \u0111i\u1ec1u tra.<\/li>\n<li>Duy tr\u00ec s\u1ef1 tu\u00e2n th\u1ee7 c\u00e1c lu\u1eadt v\u00e0 quy \u0111\u1ecbnh v\u1ec1 vi\u1ec7c l\u00e0m t\u1ea1i \u0111\u1ecba ph\u01b0\u01a1ng, xem x\u00e9t c\u00e1c ch\u00ednh s\u00e1ch v\u00e0 th\u1ef1c h\u00e0nh \u0111\u1ec3 duy tr\u00ec s\u1ef1 tu\u00e2n th\u1ee7.<\/li>\n<li>C\u1eadp c\u00e1c xu h\u01b0\u1edbng, th\u1ef1c t\u1ebf, c\u00e1c thay \u0111\u1ed5i v\u1ec1 quy \u0111\u1ecbnh v\u00e0 c\u00f4ng ngh\u1ec7 m\u1edbi trong ngu\u1ed3n nh\u00e2n l\u1ef1c, qu\u1ea3n l\u00fd nh\u00e2n t\u00e0i v\u00e0 lu\u1eadt vi\u1ec7c l\u00e0m.<\/li>\n<li>Th\u1ef1c hi\u1ec7n c\u00e1c nhi\u1ec7m v\u1ee5 kh\u00e1c theo s\u1ef1 ph\u00e2n c\u00f4ng.<\/li>\n<\/ul>\n<\/p><\/div><\/div><\/div>[vc_empty_space height=&#8221;30px&#8221;]<div class=\"shortcode-wrapper shortcode-icon-box clearfix\"><div class=\"feature-box alternative left-icon-box aligncenter\"><div class=\"feature-box-content\"><h4 class=\"bold\">K\u1ef9 n\u0103ng thi\u1ebft y\u1ebfu<\/h4><p>\n<ul>\n<li>K\u1ef9 n\u0103ng giao ti\u1ebfp b\u1eb1ng l\u1eddi n\u00f3i v\u00e0 v\u0103n b\u1ea3n.<\/li>\n<li>K\u1ef9 n\u0103ng giao ti\u1ebfp, th\u01b0\u01a1ng l\u01b0\u1ee3ng v\u00e0 gi\u1ea3i quy\u1ebft xung \u0111\u1ed9t.<\/li>\n<li>K\u1ef9 n\u0103ng t\u1ed5 ch\u1ee9c v\u00e0 c\u1ea9n th\u1eadn.<\/li>\n<li>K\u1ef9 n\u0103ng ph\u00e2n t\u00edch v\u00e0 gi\u1ea3i quy\u1ebft v\u1ea5n \u0111\u1ec1.<\/li>\n<li>Kh\u1ea3 n\u0103ng s\u1eafp x\u1ebfp th\u1ee9 t\u1ef1 \u01b0u ti\u00ean c\u00e1c nhi\u1ec7m v\u1ee5 v\u00e0 \u1ee7y quy\u1ec1n khi c\u00f3 y\u00eau c\u1ea7u.<\/li>\n<li>H\u00e0nh \u0111\u1ed9ng ch\u00ednh tr\u1ef1c, chuy\u00ean nghi\u1ec7p v\u00e0 b\u1ea3o m\u1eadt.<\/li>\n<li>C\u00f3 ki\u1ebfn th\u1ee9c v\u1ec1 lu\u1eadt v\u00e0 quy \u0111\u1ecbnh li\u00ean quan \u0111\u1ebfn vi\u1ec7c l\u00e0m.<\/li>\n<li>S\u1eed d\u1ee5ng th\u00e0nh th\u1ea1o Microsoft Office ho\u1eb7c c\u00e1c ph\u1ea7n m\u1ec1m li\u00ean quan.<\/li>\n<li>Y\u00eau c\u1ea7u t\u00ecm hi\u1ec3u c\u00e1c t\u1ed5 ch\u1ee9c HRIS v\u00e0 h\u1ec7 th\u1ed1ng qu\u1ea3n l\u00fd nh\u00e2n t\u00e0i.<\/li>\n<\/ul>\n<p><strong>Tr\u00ecnh \u0111\u1ed9 chuy\u00ean m\u00f4n:<\/strong><\/p>\n<p>Y\u00eau c\u1ea7u b\u1eb1ng c\u1eed nh\u00e2n v\u1ec1 Nh\u00e2n s\u1ef1, Qu\u1ea3n tr\u1ecb Kinh doanh ho\u1eb7c l\u0129nh v\u1ef1c li\u00ean quan.<\/p>\n<p>B\u1eb1ng c\u1ea5p trong l\u0129nh v\u1ef1c li\u00ean quan \u0111\u1ebfn nh\u00e2n s\u1ef1, lu\u1eadt lao \u0111\u1ed9ng, l\u01b0\u01a1ng th\u01b0\u1edfng,..<\/p>\n<p>Ch\u1ee9ng ch\u1ec9 Chuy\u00ean gia v\u1ec1 ngu\u1ed3n nh\u00e2n l\u1ef1c (PHR) l\u00e0 m\u1ed9t \u0111i\u1ec3m c\u1ed9ng.<\/p>\n<p>\u01afu ti\u00ean c\u00e1c \u1ee9ng vi\u00ean c\u00f3 kinh nghi\u1ec7m.<\/p><\/div><\/div><\/div>[\/vc_column_inner][\/vc_row_inner][\/vc_column][\/vc_row]\n<\/div>","protected":false},"excerpt":{"rendered":"<p>[vc_row top_margin=&#8221;0&#8243; bottom_margin=&#8221;0&#8243; css=&#8221;.vc_custom_1499912039446{margin-top: -30px !important;}&#8221;][vc_column][vc_row_inner][vc_column_inner][vc_empty_space height=&#8221;10px&#8221;][vc_empty_space height=&#8221;30px&#8221;][\/vc_column_inner][\/vc_row_inner][\/vc_column][\/vc_row]<\/p>\n","protected":false},"author":4,"featured_media":0,"parent":0,"menu_order":0,"comment_status":"closed","ping_status":"closed","template":"","meta":{"nf_dc_page":"","footnotes":""},"class_list":["post-10451","page","type-page","status-publish","hentry"],"_links":{"self":[{"href":"https:\/\/worknow.vn\/vi\/wp-json\/wp\/v2\/pages\/10451","targetHints":{"allow":["GET"]}}],"collection":[{"href":"https:\/\/worknow.vn\/vi\/wp-json\/wp\/v2\/pages"}],"about":[{"href":"https:\/\/worknow.vn\/vi\/wp-json\/wp\/v2\/types\/page"}],"author":[{"embeddable":true,"href":"https:\/\/worknow.vn\/vi\/wp-json\/wp\/v2\/users\/4"}],"replies":[{"embeddable":true,"href":"https:\/\/worknow.vn\/vi\/wp-json\/wp\/v2\/comments?post=10451"}],"version-history":[{"count":5,"href":"https:\/\/worknow.vn\/vi\/wp-json\/wp\/v2\/pages\/10451\/revisions"}],"predecessor-version":[{"id":11991,"href":"https:\/\/worknow.vn\/vi\/wp-json\/wp\/v2\/pages\/10451\/revisions\/11991"}],"wp:attachment":[{"href":"https:\/\/worknow.vn\/vi\/wp-json\/wp\/v2\/media?parent=10451"}],"curies":[{"name":"wp","href":"https:\/\/api.w.org\/{rel}","templated":true}]}}