{"id":10454,"date":"2022-08-09T07:26:07","date_gmt":"2022-08-09T07:26:07","guid":{"rendered":"https:\/\/worknow.vn\/human-resources-assistant\/"},"modified":"2023-06-01T08:20:09","modified_gmt":"2023-06-01T08:20:09","slug":"tro-ly-nhan-su","status":"publish","type":"page","link":"https:\/\/worknow.vn\/vi\/tro-ly-nhan-su\/","title":{"rendered":"Tr\u1ee3 L\u00fd Nh\u00e2n S\u1ef1"},"content":{"rendered":"<div class=\"wpb-content-wrapper\">[vc_row top_margin=&#8221;0&#8243; bottom_margin=&#8221;0&#8243; css=&#8221;.vc_custom_1499912039446{margin-top: -30px !important;}&#8221;][vc_column]<div class=\"shortcode-wrapper shortcode-title clearfix hb-animate-element hb-fade-in\"><p style=\"color:#878787!important;border-color:#878787\" class=\"hb-text-large aligncenter\">Tr\u1ee3 L\u00fd Nh\u00e2n S\u1ef1<\/p><\/div>[vc_row_inner][vc_column_inner][vc_empty_space height=&#8221;10px&#8221;]<div class=\"shortcode-wrapper shortcode-icon-box clearfix\"><div class=\"feature-box alternative left-icon-box aligncenter\"><div class=\"feature-box-content\"><h4 class=\"bold\">M\u00f4 t\u1ea3 c\u00f4ng vi\u1ec7c<\/h4><p>H\u1ed7 tr\u1ee3 c\u00e1c chuy\u00ean vi\u00ean, qu\u1ea3n l\u00fd c\u1ee5 th\u1ec3 nh\u1ea5t l\u00e0 gi\u00e1m \u0111\u1ed1c nh\u00e2n s\u1ef1 t\u1ea1i c\u00f4ng ty. X\u1eed l\u00fd c\u00e1c c\u00f4ng vi\u1ec7c v\u0103n th\u01b0, tr\u1ea3 l\u1eddi \u0111i\u1ec7n tho\u1ea1i v\u00e0 s\u1eafp x\u1ebfp c\u00e1c cu\u1ed9c h\u1eb9n. Quan tr\u1ecdng nh\u1ea5t l\u00e0 duy tr\u00ec h\u1ed3 s\u01a1 nh\u00e2n s\u1ef1 bao g\u1ed3m theo d\u00f5i th\u00f4ng tin b\u00ed m\u1eadt hay thay \u0111\u1ed5i \u0111\u1ecba ch\u1ec9 c\u1ee7a nh\u00e2n vi\u00ean, \u0111\u00e1nh gi\u00e1 hi\u1ec7u su\u1ea5t, l\u1ee3i \u00edch v\u00e0 ti\u1ec1n l\u01b0\u01a1ng. H\u1ed7 tr\u1ee3 v\u00e0 gi\u00fap \u0111\u1ee1 cho ph\u00f2ng nh\u00e2n s\u1ef1 v\u1ec1 c\u00e1c th\u1ee7 t\u1ee5c \u0111\u1ec3 tuy\u1ec3n d\u1ee5ng, th\u0103ng ch\u1ee9c hay ch\u1ea5m d\u1ee9t h\u1ee3p \u0111\u1ed3ng lao \u0111\u1ed9ng.<\/p>\n<p><strong>Vai tr\u00f2 v\u00e0 nhi\u1ec7m v\u1ee5<\/strong><\/p>\n<ul>\n<li>Th\u1ef1c hi\u1ec7n c\u00e1c nghi\u1ec7p v\u1ee5 h\u00e0nh ch\u00ednh, ch\u1eb3ng h\u1ea1n nh\u01b0 duy tr\u00ec c\u01a1 s\u1edf d\u1eef li\u1ec7u nh\u00e2n vi\u00ean v\u00e0 ph\u00e2n lo\u1ea1i email cho b\u1ed9 ph\u1eadn nh\u00e2n s\u1ef1.<\/li>\n<li>Duy tr\u00ec h\u1ed3 s\u01a1 th\u00edch h\u1ee3p v\u1ec1 s\u1ef1 tham gia v\u00e0 ngh\u1ec9 vi\u1ec7c c\u1ee7a nh\u00e2n vi\u00ean.<\/li>\n<li>H\u1ed7 tr\u1ee3 Gi\u00e1m \u0111\u1ed1c Nh\u00e2n s\u1ef1 trong vi\u1ec7c x\u00e2y d\u1ef1ng ch\u00ednh s\u00e1ch, tuy\u1ec3n d\u1ee5ng v\u00e0 qu\u1ea3n l\u00fd ti\u1ec1n l\u01b0\u01a1ng.<\/li>\n<li>G\u1eedi tin tuy\u1ec3n d\u1ee5ng tr\u1ef1c tuy\u1ebfn, c\u00e1c \u1ee9ng vi\u00ean trong danh s\u00e1ch ch\u1ecdn l\u1ecdc v\u00e0 l\u00ean l\u1ecbch ph\u1ecfng v\u1ea5n vi\u1ec7c l\u00e0m.<\/li>\n<li>\u0110i\u1ec1u ph\u1ed1i c\u00e1c bu\u1ed5i \u0111\u1ecbnh h\u01b0\u1edbng v\u00e0 \u0111\u00e0o t\u1ea1o cho nh\u00e2n vi\u00ean m\u1edbi.<\/li>\n<li>\u0110\u1ea3m b\u1ea3o giao ti\u1ebfp v\u1edbi nh\u00e2n vi\u00ean v\u00e0 gi\u1ea3i quy\u1ebft k\u1ecbp th\u1eddi c\u00e1c th\u1eafc m\u1eafc, v\u1ea5n \u0111\u1ec1 c\u1ee7a h\u1ecd.<\/li>\n<\/ul>\n<\/p><\/div><\/div><\/div>[vc_empty_space height=&#8221;30px&#8221;]<div class=\"shortcode-wrapper shortcode-icon-box clearfix\"><div class=\"feature-box alternative left-icon-box aligncenter\"><div class=\"feature-box-content\"><h4 class=\"bold\">K\u1ef9 n\u0103ng thi\u1ebft y\u1ebfu<\/h4><p>\n<ul>\n<li>2 n\u0103m kinh nghi\u1ec7m l\u00e0m tr\u1ee3 l\u00fd nh\u00e2n s\u1ef1 (ch\u1ee7 y\u1ebfu).<\/li>\n<li>T\u1eebng ti\u1ebfp x\u00fac v\u1edbi lu\u1eadt lao \u0111\u1ed9ng v\u00e0 c\u00e1c quy \u0111\u1ecbnh v\u1ec1 b\u00ecnh \u0111\u1eb3ng vi\u1ec7c l\u00e0m.<\/li>\n<li>K\u1ef9 n\u0103ng qu\u1ea3n tr\u1ecb nh\u00e2n s\u1ef1 v\u00e0 qu\u1ea3n l\u00fd con ng\u01b0\u1eddi hi\u1ec7u qu\u1ea3.<\/li>\n<li>Ti\u1ebfp x\u00fac v\u1edbi vi\u1ec7c tr\u1ea3 l\u01b0\u01a1ng.<\/li>\n<li>Hi\u1ec3u bi\u1ebft \u0111\u1ea7y \u0111\u1ee7 v\u1ec1 c\u00e1c ch\u1ee9c n\u0103ng nh\u00e2n s\u1ef1.<\/li>\n<li>K\u1ef9 n\u0103ng giao ti\u1ebfp b\u1eb1ng v\u0103n b\u1ea3n v\u00e0 b\u1eb1ng l\u1eddi n\u00f3i.<\/li>\n<li>Kh\u1ea3 n\u0103ng l\u00e0m vi\u1ec7c d\u01b0\u1edbi \u00e1p l\u1ef1c v\u00e0 deadline.<\/li>\n<li>C\u00f3 tr\u00ecnh \u0111\u1ed9 tin h\u1ecdc cao v\u1edbi kh\u1ea3 n\u0103ng s\u1eed d\u1ee5ng email, MS Office, c\u00e1c c\u00f4ng c\u1ee5 li\u00ean l\u1ea1c v\u00e0 kinh doanh li\u00ean quan.<\/li>\n<li>K\u1ef9 n\u0103ng t\u1ed5 ch\u1ee9c v\u00e0 qu\u1ea3n l\u00fd th\u1eddi gian.<\/li>\n<li>K\u1ef9 n\u0103ng ra quy\u1ebft \u0111\u1ecbnh v\u00e0 gi\u1ea3i quy\u1ebft v\u1ea5n \u0111\u1ec1.<\/li>\n<li>Chu \u0111\u00e1o, c\u1ea9n th\u1eadn, t\u1ec9 m\u1ec9.<\/li>\n<li>Kh\u1ea3 n\u0103ng l\u00e0m theo h\u01b0\u1edbng d\u1eabn ch\u00ednh x\u00e1c.<\/li>\n<\/ul>\n<p><strong>Tr\u00ecnh \u0111\u1ed9:<\/strong> B\u1eb1ng c\u1eed nh\u00e2n v\u1ec1 ngu\u1ed3n nh\u00e2n l\u1ef1c ho\u1eb7c c\u00f3 li\u00ean quan.<\/p><\/div><\/div><\/div>[\/vc_column_inner][\/vc_row_inner][\/vc_column][\/vc_row]\n<\/div>","protected":false},"excerpt":{"rendered":"<p>[vc_row top_margin=&#8221;0&#8243; bottom_margin=&#8221;0&#8243; css=&#8221;.vc_custom_1499912039446{margin-top: -30px !important;}&#8221;][vc_column][vc_row_inner][vc_column_inner][vc_empty_space height=&#8221;10px&#8221;][vc_empty_space height=&#8221;30px&#8221;][\/vc_column_inner][\/vc_row_inner][\/vc_column][\/vc_row]<\/p>\n","protected":false},"author":4,"featured_media":0,"parent":0,"menu_order":0,"comment_status":"closed","ping_status":"closed","template":"","meta":{"nf_dc_page":"","footnotes":""},"class_list":["post-10454","page","type-page","status-publish","hentry"],"_links":{"self":[{"href":"https:\/\/worknow.vn\/vi\/wp-json\/wp\/v2\/pages\/10454","targetHints":{"allow":["GET"]}}],"collection":[{"href":"https:\/\/worknow.vn\/vi\/wp-json\/wp\/v2\/pages"}],"about":[{"href":"https:\/\/worknow.vn\/vi\/wp-json\/wp\/v2\/types\/page"}],"author":[{"embeddable":true,"href":"https:\/\/worknow.vn\/vi\/wp-json\/wp\/v2\/users\/4"}],"replies":[{"embeddable":true,"href":"https:\/\/worknow.vn\/vi\/wp-json\/wp\/v2\/comments?post=10454"}],"version-history":[{"count":4,"href":"https:\/\/worknow.vn\/vi\/wp-json\/wp\/v2\/pages\/10454\/revisions"}],"predecessor-version":[{"id":11992,"href":"https:\/\/worknow.vn\/vi\/wp-json\/wp\/v2\/pages\/10454\/revisions\/11992"}],"wp:attachment":[{"href":"https:\/\/worknow.vn\/vi\/wp-json\/wp\/v2\/media?parent=10454"}],"curies":[{"name":"wp","href":"https:\/\/api.w.org\/{rel}","templated":true}]}}