{"id":10456,"date":"2022-08-09T07:26:37","date_gmt":"2022-08-09T07:26:37","guid":{"rendered":"https:\/\/worknow.vn\/hr-coordinator\/"},"modified":"2023-06-01T08:13:54","modified_gmt":"2023-06-01T08:13:54","slug":"dieu-phoi-vien-nhan-su","status":"publish","type":"page","link":"https:\/\/worknow.vn\/vi\/dieu-phoi-vien-nhan-su\/","title":{"rendered":"\u0110i\u1ec1u Ph\u1ed1i Vi\u00ean Nh\u00e2n S\u1ef1"},"content":{"rendered":"<div class=\"wpb-content-wrapper\">[vc_row top_margin=&#8221;0&#8243; bottom_margin=&#8221;0&#8243; css=&#8221;.vc_custom_1499912039446{margin-top: -30px !important;}&#8221;][vc_column]<div class=\"shortcode-wrapper shortcode-title clearfix hb-animate-element hb-fade-in\"><p style=\"color:#878787!important;border-color:#878787\" class=\"hb-text-large aligncenter\">\u0110i\u1ec1u Ph\u1ed1i Vi\u00ean Nh\u00e2n S\u1ef1<\/p><\/div>[vc_row_inner][vc_column_inner][vc_empty_space height=&#8221;10px&#8221;]<div class=\"shortcode-wrapper shortcode-icon-box clearfix\"><div class=\"feature-box alternative left-icon-box aligncenter\"><div class=\"feature-box-content\"><h4 class=\"bold\">M\u00f4 t\u1ea3 c\u00f4ng vi\u1ec7c<\/h4><p>Ph\u1ed1i h\u1ee3p v\u1edbi gi\u00e1m \u0111\u1ed1c ho\u1eb7c ng\u01b0\u1eddi qu\u1ea3n l\u00fd nh\u00e2n s\u1ef1 v\u00e0 c\u0169ng l\u00e0m vi\u1ec7c v\u1edbi c\u00e1c gi\u00e1m \u0111\u1ed1c tuy\u1ec3n d\u1ee5ng, nh\u00e0 tuy\u1ec3n d\u1ee5ng v\u00e0 c\u00e1c nh\u00e2n vi\u00ean nh\u00e2n s\u1ef1 kh\u00e1c \u0111\u1ec3 \u0111\u1ea3m b\u1ea3o r\u1eb1ng c\u00e1c ch\u00ednh s\u00e1ch, quy tr\u00ecnh v\u00e0 th\u00f4ng l\u1ec7 nh\u00e2n s\u1ef1 c\u1ee7a t\u1ed5 ch\u1ee9c l\u00e0 hi\u1ec7u qu\u1ea3 v\u00e0 hi\u1ec7u su\u1ea5t cao nh\u1ea5t c\u00f3 th\u1ec3. Ho\u00e0n th\u00e0nh c\u00e1c nhi\u1ec7m v\u1ee5 v\u0103n th\u01b0 cho b\u1ed9 ph\u1eadn nh\u00e2n s\u1ef1 c\u1ee7a t\u1ed5 ch\u1ee9c. Nhi\u1ec7m v\u1ee5 ch\u00ednh bao g\u1ed3m h\u1ed7 tr\u1ee3 h\u00e0nh ch\u00ednh cho nh\u00e2n vi\u00ean, h\u1ed7 tr\u1ee3 Gi\u00e1m \u0111\u1ed1c nh\u00e2n s\u1ef1 tuy\u1ec3n d\u1ee5ng \u1ee9ng vi\u00ean \u0111\u1ec3 \u0111\u1ea3m nh\u1eadn c\u00e1c vai tr\u00f2 m\u1edf v\u00e0 h\u1ed7 tr\u1ee3 c\u00e1c x\u1eed l\u00fd b\u1ea3ng l\u01b0\u01a1ng.<\/p>\n<p><strong>Vai tr\u00f2 v\u00e0 tr\u00e1ch nhi\u1ec7m<\/strong><\/p>\n<ul>\n<li>Qu\u1ea3n l\u00fd c\u00e1c k\u1ebf ho\u1ea1ch s\u1ee9c kh\u1ecfe v\u00e0 ph\u00fac l\u1ee3i, bao g\u1ed3m ghi danh, thay \u0111\u1ed5i v\u00e0 ch\u1ea5m d\u1ee9t h\u1ee3p \u0111\u1ed3ng. X\u1eed l\u00fd c\u00e1c t\u00e0i li\u1ec7u c\u1ea7n thi\u1ebft th\u00f4ng qua c\u00e1c nh\u00e0 cung c\u1ea5p d\u1ecbch v\u1ee5 tr\u1ea3 l\u01b0\u01a1ng v\u00e0 b\u1ea3o hi\u1ec3m \u0111\u1ec3 \u0111\u1ea3m b\u1ea3o vi\u1ec7c l\u01b0u tr\u1eef h\u1ed3 s\u01a1 ch\u00ednh x\u00e1c v\u00e0 c\u00e1c kho\u1ea3n kh\u1ea5u tr\u1eeb ph\u00f9 h\u1ee3p.<\/li>\n<li>Th\u1ef1c hi\u1ec7n c\u00e1c ch\u1ee9c n\u0103ng d\u1ecbch v\u1ee5 kh\u00e1ch h\u00e0ng b\u1eb1ng c\u00e1ch tr\u1ea3 l\u1eddi c\u00e1c y\u00eau c\u1ea7u v\u00e0 c\u00e2u h\u1ecfi c\u1ee7a nh\u00e2n vi\u00ean.<\/li>\n<li>Ho\u00e0n th\u00e0nh M\u1eabu I-9, x\u00e1c minh t\u00e0i li\u1ec7u I-9 v\u00e0 l\u01b0u gi\u1eef c\u00e1c t\u1ec7p I-9.<\/li>\n<li>G\u1eedi y\u00eau c\u1ea7u \u0111i\u1ec1u tra tr\u1ef1c tuy\u1ebfn v\u00e0 h\u1ed7 tr\u1ee3 ki\u1ec3m tra l\u00fd l\u1ecbch c\u1ee7a nh\u00e2n vi\u00ean m\u1edbi.<\/li>\n<li>T\u1ed5ng h\u1ee3p l\u1ea1i c\u00e1c b\u00e1o c\u00e1o.<\/li>\n<li>Ti\u1ebfn h\u00e0nh \u0111\u00e1nh gi\u00e1 b\u1ea3ng l\u01b0\u01a1ng, ph\u00fac l\u1ee3i ho\u1eb7c c\u00e1c ch\u01b0\u01a1ng tr\u00ecnh nh\u00e2n s\u1ef1 kh\u00e1c v\u00e0 \u0111\u1ec1 xu\u1ea5t h\u00e0nh \u0111\u1ed9ng kh\u1eafc ph\u1ee5c.<\/li>\n<li>H\u1ed7 tr\u1ee3 x\u1eed l\u00fd vi\u1ec7c ch\u1ea5m d\u1ee9t h\u1ee3p \u0111\u1ed3ng.<\/li>\n<li>H\u1ed7 tr\u1ee3 vi\u1ec7c chu\u1ea9n b\u1ecb qu\u00e1 tr\u00ecnh \u0111\u00e1nh gi\u00e1 k\u1ebft qu\u1ea3 ho\u1ea1t \u0111\u1ed9ng.<\/li>\n<li>H\u1ed7 tr\u1ee3 qu\u00e1 tr\u00ecnh tuy\u1ec3n d\u1ee5ng v\u00e0 ph\u1ecfng v\u1ea5n. Theo d\u00f5i tr\u1ea1ng th\u00e1i c\u1ee7a c\u00e1c \u1ee9ng vi\u00ean trong HRIS v\u00e0 tr\u1ea3 l\u1eddi b\u1eb1ng th\u01b0 theo d\u00f5i v\u00e0o cu\u1ed1i qu\u00e1 tr\u00ecnh tuy\u1ec3n d\u1ee5ng.<\/li>\n<li>L\u00ean l\u1ecbch h\u1ecdp v\u00e0 ph\u1ecfng v\u1ea5n theo y\u00eau c\u1ea7u c\u1ee7a gi\u00e1m \u0111\u1ed1c nh\u00e2n s\u1ef1.<\/li>\n<li>Photo, x\u1eed l\u00fd t\u00e0i li\u1ec7u v\u00e0 email v\u00e0 th\u1ef1c hi\u1ec7n c\u00e1c ch\u1ee9c n\u0103ng v\u0103n th\u01b0 kh\u00e1c.<\/li>\n<li>T\u1eadp h\u1ee3p c\u00e1c t\u00e0i li\u1ec7u v\u00e0o c\u00e1c t\u1ec7p nh\u00e2n vi\u00ean th\u00edch h\u1ee3p.<\/li>\n<li>H\u1ed7 tr\u1ee3 ho\u1eb7c chu\u1ea9n b\u1ecb th\u01b0 t\u1eeb theo y\u00eau c\u1ea7u.<\/li>\n<li>Chu\u1ea9n b\u1ecb h\u1ed3 s\u01a1 nh\u00e2n vi\u00ean m\u1edbi.<\/li>\n<li>Th\u1ef1c hi\u1ec7n c\u00e1c nhi\u1ec7m v\u1ee5 li\u00ean quan kh\u00e1c theo s\u1ef1 ph\u00e2n c\u00f4ng.<\/li>\n<\/ul>\n<\/p><\/div><\/div><\/div>[vc_empty_space height=&#8221;30px&#8221;]<div class=\"shortcode-wrapper shortcode-icon-box clearfix\"><div class=\"feature-box alternative left-icon-box aligncenter\"><div class=\"feature-box-content\"><h4 class=\"bold\">K\u1ef9 n\u0103ng c\u1ea7n thi\u1ebft<\/h4><p>\n<ul>\n<li>K\u1ef9 n\u0103ng giao ti\u1ebfp b\u1eb1ng l\u1eddi n\u00f3i v\u00e0 v\u0103n b\u1ea3n.<\/li>\n<li>K\u1ef9 n\u0103ng giao ti\u1ebfp c\u00e1 nh\u00e2n v\u00e0 d\u1ecbch v\u1ee5 kh\u00e1ch h\u00e0ng.<\/li>\n<li>K\u1ef9 n\u0103ng t\u1ed5 ch\u1ee9c t\u1ed1t v\u00e0 c\u1ea9n tr\u1ecdng, t\u1ec9 m\u1ec9.<\/li>\n<li>Hi\u1ec3u bi\u1ebft v\u1ec1 c\u00e1c nguy\u00ean t\u1eafc, th\u1ee7 t\u1ee5c ngu\u1ed3n nh\u00e2n l\u1ef1c.<\/li>\n<li>K\u1ef9 n\u0103ng qu\u1ea3n l\u00fd th\u1eddi gian v\u00e0 l\u00e0m vi\u1ec7c theo deadline.<\/li>\n<li>C\u00f3 kh\u1ea3 n\u0103ng ho\u1ea1t \u0111\u1ed9ng t\u1ed1t trong m\u00f4i tr\u01b0\u1eddng nh\u1ecbp \u0111\u1ed9 cao v\u00e0 c\u0103ng th\u1eb3ng.<\/li>\n<li>S\u1eed d\u1ee5ng th\u00e0nh th\u1ea1o Microsoft Office ho\u1eb7c c\u00e1c ph\u1ea7n m\u1ec1m li\u00ean quan.<\/li>\n<\/ul>\n<p><strong>Tr\u00ecnh \u0111\u1ed9 chuy\u00ean m\u00f4n:<\/strong> B\u1eb1ng c\u1eed nh\u00e2n v\u1ec1 ngu\u1ed3n nh\u00e2n l\u1ef1c ho\u1eb7c l\u0129nh v\u1ef1c li\u00ean quan v\u00e0 \/ ho\u1eb7c t\u01b0\u01a1ng \u0111\u01b0\u01a1ng.<\/p><\/div><\/div><\/div>[\/vc_column_inner][\/vc_row_inner][\/vc_column][\/vc_row]\n<\/div>","protected":false},"excerpt":{"rendered":"<p>[vc_row top_margin=&#8221;0&#8243; bottom_margin=&#8221;0&#8243; css=&#8221;.vc_custom_1499912039446{margin-top: -30px !important;}&#8221;][vc_column][vc_row_inner][vc_column_inner][vc_empty_space height=&#8221;10px&#8221;][vc_empty_space height=&#8221;30px&#8221;][\/vc_column_inner][\/vc_row_inner][\/vc_column][\/vc_row]<\/p>\n","protected":false},"author":4,"featured_media":0,"parent":0,"menu_order":0,"comment_status":"closed","ping_status":"closed","template":"","meta":{"nf_dc_page":"","footnotes":""},"class_list":["post-10456","page","type-page","status-publish","hentry"],"_links":{"self":[{"href":"https:\/\/worknow.vn\/vi\/wp-json\/wp\/v2\/pages\/10456","targetHints":{"allow":["GET"]}}],"collection":[{"href":"https:\/\/worknow.vn\/vi\/wp-json\/wp\/v2\/pages"}],"about":[{"href":"https:\/\/worknow.vn\/vi\/wp-json\/wp\/v2\/types\/page"}],"author":[{"embeddable":true,"href":"https:\/\/worknow.vn\/vi\/wp-json\/wp\/v2\/users\/4"}],"replies":[{"embeddable":true,"href":"https:\/\/worknow.vn\/vi\/wp-json\/wp\/v2\/comments?post=10456"}],"version-history":[{"count":4,"href":"https:\/\/worknow.vn\/vi\/wp-json\/wp\/v2\/pages\/10456\/revisions"}],"predecessor-version":[{"id":11988,"href":"https:\/\/worknow.vn\/vi\/wp-json\/wp\/v2\/pages\/10456\/revisions\/11988"}],"wp:attachment":[{"href":"https:\/\/worknow.vn\/vi\/wp-json\/wp\/v2\/media?parent=10456"}],"curies":[{"name":"wp","href":"https:\/\/api.w.org\/{rel}","templated":true}]}}