{"id":10459,"date":"2022-09-16T05:08:01","date_gmt":"2022-09-16T05:08:01","guid":{"rendered":"https:\/\/worknow.vn\/human-resource-business-partner\/"},"modified":"2023-06-01T08:21:41","modified_gmt":"2023-06-01T08:21:41","slug":"doi-tac-kinh-doanh-nhan-su","status":"publish","type":"page","link":"https:\/\/worknow.vn\/vi\/doi-tac-kinh-doanh-nhan-su\/","title":{"rendered":"\u0110\u1ed1i T\u00e1c Kinh Doanh Nh\u00e2n S\u1ef1"},"content":{"rendered":"<div class=\"wpb-content-wrapper\">[vc_row top_margin=&#8221;0&#8243; bottom_margin=&#8221;0&#8243; css=&#8221;.vc_custom_1499912039446{margin-top: -30px !important;}&#8221;][vc_column]<div class=\"shortcode-wrapper shortcode-title clearfix hb-animate-element hb-fade-in\"><p style=\"color:#878787!important;border-color:#878787\" class=\"hb-text-large aligncenter\">\u0110\u1ed1i T\u00e1c Kinh Doanh Nh\u00e2n S\u1ef1<\/p><\/div>[vc_row_inner][vc_column_inner][vc_empty_space height=&#8221;10px&#8221;]<div class=\"shortcode-wrapper shortcode-icon-box clearfix\"><div class=\"feature-box alternative left-icon-box aligncenter\"><div class=\"feature-box-content\"><h4 class=\"bold\">M\u00f4 t\u1ea3 c\u00f4ng vi\u1ec7c<\/h4><p>Gi\u00fap \u0111i\u1ec1u ch\u1ec9nh chi\u1ebfn l\u01b0\u1ee3c con ng\u01b0\u1eddi v\u1edbi chi\u1ebfn l\u01b0\u1ee3c kinh doanh c\u1ee7a t\u1ed5 ch\u1ee9c. Thi\u1ebft l\u1eadp c\u00e1c \u01b0u ti\u00ean, c\u00e1c gi\u00e1 tr\u1ecb th\u00fac \u0111\u1ea9y v\u00e0 mang l\u1ea1i k\u1ebft qu\u1ea3 kinh doanh. Ch\u1ecbu tr\u00e1ch nhi\u1ec7m cho h\u00e0ng tr\u0103m \u0111\u1ebfn h\u00e0ng ngh\u00ecn nh\u00e2n vi\u00ean v\u00e0 l\u00e0 m\u1ed9t ph\u1ea7n c\u1ee7a b\u1ed9 ph\u1eadn nh\u00e2n s\u1ef1. C\u1ea7n c\u00f3 kh\u1ea3 n\u0103ng gi\u00fap t\u1ed5 ch\u1ee9c tr\u1edf n\u00ean s\u1eb5n s\u00e0ng trong t\u01b0\u01a1ng lai b\u1eb1ng c\u00e1ch t\u1eadp trung v\u00e0o l\u1ef1c l\u01b0\u1ee3ng lao \u0111\u1ed9ng hi\u1ec7n c\u00f3 trong t\u1ed5 ch\u1ee9c v\u00e0 chu\u1ea9n b\u1ecb cho t\u01b0\u01a1ng lai. C\u1ea7n c\u00f3 nhi\u1ec1u lo\u1ea1i s\u1ea3n ph\u1ea9m ph\u1ea7n m\u1ec1m \u0111\u1ec3 gi\u00fap ph\u00e1t tri\u1ec3n v\u00e0 truy\u1ec1n \u0111\u1ea1t chi\u1ebfn l\u01b0\u1ee3c nh\u00e2n s\u1ef1, qu\u1ea3n l\u00fd c\u00e1c c\u00e1 nh\u00e2n v\u00e0 nh\u00f3m c\u0169ng nh\u01b0 theo d\u00f5i chi ti\u00eau. Danh s\u00e1ch bao g\u1ed3m th\u00f4ng tin kinh doanh, h\u1ed7 tr\u1ee3 quy\u1ebft \u0111\u1ecbnh, tr\u1ef1c quan h\u00f3a d\u1eef li\u1ec7u v\u00e0 c\u00e1c c\u1ed9ng \u0111\u1ed3ng tr\u1ef1c tuy\u1ebfn h\u1ed7 tr\u1ee3 chia s\u1ebb th\u00f4ng tin. Ph\u00e2n t\u00edch d\u1eef li\u1ec7u c\u00f3 th\u1ec3 gi\u00fap c\u00e1c b\u1ed9 ph\u1eadn nh\u00e2n s\u1ef1 th\u1ef1c hi\u1ec7n c\u00e1c nhi\u1ec7m v\u1ee5 nh\u01b0 \u0111\u00e1nh gi\u00e1 \u1ee9ng vi\u00ean c\u00f4ng vi\u1ec7c, \u0111\u00e1nh gi\u00e1 nhu c\u1ea7u nh\u00e2n s\u1ef1 v\u00e0 theo d\u00f5i n\u0103ng su\u1ea5t v\u00e0 c\u00e1c th\u01b0\u1edbc \u0111o hi\u1ec7u su\u1ea5t c\u00f4ng vi\u1ec7c kh\u00e1c.<\/p>\n<p><strong>Vai tr\u00f2 v\u00e0 tr\u00e1ch nhi\u1ec7m<\/strong><\/p>\n<ul>\n<li>Th\u1ef1c hi\u1ec7n c\u00e1c cu\u1ed9c h\u1ecdp h\u00e0ng tu\u1ea7n v\u1edbi c\u00e1c \u0111\u01a1n v\u1ecb kinh doanh t\u01b0\u01a1ng \u1ee9ng.<\/li>\n<li>Tham kh\u1ea3o \u00fd ki\u1ebfn \u200b\u200bc\u1ee7a qu\u1ea3n l\u00fd d\u00e2y chuy\u1ec1n, h\u01b0\u1edbng d\u1eabn nh\u00e2n s\u1ef1 khi th\u00edch h\u1ee3p.<\/li>\n<li>Ph\u00e2n t\u00edch c\u00e1c xu h\u01b0\u1edbng v\u00e0 s\u1ed1 li\u1ec7u trong quan h\u1ec7 \u0111\u1ed1i t\u00e1c v\u1edbi nh\u00f3m nh\u00e2n s\u1ef1 \u0111\u1ec3 ph\u00e1t tri\u1ec3n c\u00e1c gi\u1ea3i ph\u00e1p, ch\u01b0\u01a1ng tr\u00ecnh v\u00e0 ch\u00ednh s\u00e1ch.<\/li>\n<li>Qu\u1ea3n l\u00fd v\u00e0 gi\u1ea3i quy\u1ebft c\u00e1c v\u1ea5n \u0111\u1ec1 ph\u1ee9c t\u1ea1p v\u1ec1 quan h\u1ec7 nh\u00e2n vi\u00ean. Ti\u1ebfn h\u00e0nh c\u00e1c cu\u1ed9c \u0111i\u1ec1u tra hi\u1ec7u qu\u1ea3, k\u1ef9 l\u01b0\u1ee1ng v\u00e0 kh\u00e1ch quan.<\/li>\n<li>Duy tr\u00ec ki\u1ebfn \u200b\u200bth\u1ee9c chuy\u00ean s\u00e2u v\u1ec1 c\u00e1c y\u00eau c\u1ea7u ph\u00e1p l\u00fd li\u00ean quan \u0111\u1ebfn vi\u1ec7c qu\u1ea3n l\u00fd nh\u00e2n vi\u00ean h\u00e0ng ng\u00e0y, gi\u1ea3m thi\u1ec3u r\u1ee7i ro ph\u00e1p l\u00fd v\u00e0 \u0111\u1ea3m b\u1ea3o tu\u00e2n th\u1ee7 quy \u0111\u1ecbnh. H\u1ee3p t\u00e1c v\u1edbi b\u1ed9 ph\u1eadn ph\u00e1p l\u00fd khi c\u1ea7n thi\u1ebft \/ \u0111\u01b0\u1ee3c y\u00eau c\u1ea7u.<\/li>\n<li>Cung c\u1ea5p h\u01b0\u1edbng d\u1eabn qu\u1ea3n l\u00fd hi\u1ec7u su\u1ea5t h\u00e0ng ng\u00e0y cho qu\u1ea3n l\u00fd (v\u00ed d\u1ee5: hu\u1ea5n luy\u1ec7n, t\u01b0 v\u1ea5n, ph\u00e1t tri\u1ec3n ngh\u1ec1 nghi\u1ec7p, c\u00e1c ho\u1ea1t \u0111\u1ed9ng k\u1ef7 lu\u1eadt).<\/li>\n<li>Ph\u1ed1i h\u1ee3p ch\u1eb7t ch\u1ebd v\u1edbi qu\u1ea3n l\u00fd v\u00e0 nh\u00e2n vi\u00ean \u0111\u1ec3 c\u1ea3i thi\u1ec7n m\u1ed1i quan h\u1ec7 c\u00f4ng vi\u1ec7c, x\u00e2y d\u1ef1ng tinh th\u1ea7n, t\u0103ng n\u0103ng su\u1ea5t v\u00e0 kh\u1ea3 n\u0103ng duy tr\u00ec.<\/li>\n<li>Cung c\u1ea5p h\u01b0\u1edbng d\u1eabn v\u00e0 gi\u1ea3i th\u00edch ch\u00ednh s\u00e1ch nh\u00e2n s\u1ef1.<\/li>\n<li>X\u00e2y d\u1ef1ng c\u00e1c \u0111i\u1ec1u kho\u1ea3n h\u1ee3p \u0111\u1ed3ng cho vi\u1ec7c thu\u00ea m\u1edbi, th\u0103ng ch\u1ee9c v\u00e0 thuy\u00ean chuy\u1ec3n.<\/li>\n<li>H\u1ed7 tr\u1ee3 nh\u00e2n vi\u00ean qu\u1ed1c t\u1ebf v\u1ec1 c\u00e1c nhi\u1ec7m v\u1ee5 \u1edf n\u01b0\u1edbc ngo\u00e0i v\u00e0 c\u00e1c v\u1ea5n \u0111\u1ec1 nh\u00e2n s\u1ef1 li\u00ean quan.<\/li>\n<li>Cung c\u1ea5p h\u01b0\u1edbng d\u1eabn v\u00e0 \u0111\u1ea7u v\u00e0o v\u1ec1 c\u01a1 c\u1ea5u l\u1ea1i \u0111\u01a1n v\u1ecb kinh doanh, l\u1eadp k\u1ebf ho\u1ea1ch l\u1ef1c l\u01b0\u1ee3ng lao \u0111\u1ed9ng v\u00e0 l\u1eadp k\u1ebf ho\u1ea1ch k\u1ebf th\u1eeba.<\/li>\n<li>X\u00e1c \u0111\u1ecbnh nhu c\u1ea7u \u0111\u00e0o t\u1ea1o cho c\u00e1c \u0111\u01a1n v\u1ecb kinh doanh v\u00e0 nhu c\u1ea7u hu\u1ea5n luy\u1ec7n \u0111i\u1ec1u h\u00e0nh c\u00e1 nh\u00e2n.<\/li>\n<li>Tham gia \u0111\u00e1nh gi\u00e1 v\u00e0 gi\u00e1m s\u00e1t c\u00e1c ch\u01b0\u01a1ng tr\u00ecnh \u0111\u00e0o t\u1ea1o. Theo d\u00f5i \u0111\u1ec3 \u0111\u1ea3m b\u1ea3o c\u00e1c m\u1ee5c ti\u00eau \u0111\u00e0o t\u1ea1o \u0111\u01b0\u1ee3c \u0111\u00e1p \u1ee9ng.<\/li>\n<li>Th\u1ef1c hi\u1ec7n c\u00e1c nhi\u1ec7m v\u1ee5 li\u00ean quan kh\u00e1c theo s\u1ef1 ph\u00e2n c\u00f4ng.<\/li>\n<\/ul>\n<\/p><\/div><\/div><\/div>[vc_empty_space height=&#8221;30px&#8221;]<div class=\"shortcode-wrapper shortcode-icon-box clearfix\"><div class=\"feature-box alternative left-icon-box aligncenter\"><div class=\"feature-box-content\"><h4 class=\"bold\">K\u1ef9 n\u0103ng thi\u1ebft y\u1ebfu<\/h4><p>\n<ul>\n<li>K\u1ef9 n\u0103ng giao ti\u1ebfp b\u1eb1ng l\u1eddi n\u00f3i v\u00e0 v\u0103n b\u1ea3n.<\/li>\n<li>K\u1ef9 n\u0103ng giao ti\u1ebfp c\u00e1 nh\u00e2n v\u00e0 d\u1ecbch v\u1ee5 kh\u00e1ch h\u00e0ng.<\/li>\n<li>K\u1ef9 n\u0103ng t\u1ed5 ch\u1ee9c t\u1ed1t v\u00e0 c\u1ea9n th\u1eadn, t\u1ec9 m\u1ec9.<\/li>\n<li>C\u00f3 kh\u1ea3 n\u0103ng hi\u1ec3u, gi\u1ea3i th\u00edch v\u00e0 \u00e1p d\u1ee5ng c\u00e1c ph\u1ea7n th\u00edch h\u1ee3p c\u1ee7a lu\u1eadt, h\u01b0\u1edbng d\u1eabn, quy \u0111\u1ecbnh, ph\u00e1p l\u1ec7nh v\u00e0 ch\u00ednh s\u00e1ch hi\u1ec7n h\u00e0nh.<\/li>\n<li>Hi\u1ec3u v\u1ec1 h\u1ec7 th\u1ed1ng ph\u00e2n c\u1ea5p, c\u00f4ng vi\u1ec7c, tr\u00ecnh \u0111\u1ed9, th\u00f4ng l\u1ec7 b\u1ed3i th\u01b0\u1eddng c\u1ee7a t\u1ed5 ch\u1ee9c v\u00e0 c\u00e1c th\u00f4ng l\u1ec7 h\u00e0nh ch\u00ednh li\u00ean quan \u0111\u1ebfn c\u00e1c y\u1ebfu t\u1ed1 \u0111\u00f3.<\/li>\n<li>K\u1ef9 n\u0103ng qu\u1ea3n l\u00fd th\u1eddi gian t\u1ed1t v\u1edbi deadline.<\/li>\n<li>K\u1ef9 n\u0103ng ph\u00e2n t\u00edch v\u00e0 gi\u1ea3i quy\u1ebft v\u1ea5n \u0111\u1ec1.<\/li>\n<li>S\u1eed d\u1ee5ng th\u00e0nh th\u1ea1o Microsoft Office Suite ho\u1eb7c c\u00e1c ph\u1ea7n m\u1ec1m li\u00ean quan.<\/li>\n<\/ul>\n<p><strong>B\u1eb1ng c\u1ea5p:<\/strong> B\u1eb1ng kinh doanh ho\u1eb7c HRM.<\/p><\/div><\/div><\/div>[\/vc_column_inner][\/vc_row_inner][\/vc_column][\/vc_row]\n<\/div>","protected":false},"excerpt":{"rendered":"<p>[vc_row top_margin=&#8221;0&#8243; bottom_margin=&#8221;0&#8243; css=&#8221;.vc_custom_1499912039446{margin-top: -30px !important;}&#8221;][vc_column][vc_row_inner][vc_column_inner][vc_empty_space height=&#8221;10px&#8221;][vc_empty_space height=&#8221;30px&#8221;][\/vc_column_inner][\/vc_row_inner][\/vc_column][\/vc_row]<\/p>\n","protected":false},"author":4,"featured_media":0,"parent":0,"menu_order":0,"comment_status":"closed","ping_status":"closed","template":"","meta":{"nf_dc_page":"","footnotes":""},"class_list":["post-10459","page","type-page","status-publish","hentry"],"_links":{"self":[{"href":"https:\/\/worknow.vn\/vi\/wp-json\/wp\/v2\/pages\/10459","targetHints":{"allow":["GET"]}}],"collection":[{"href":"https:\/\/worknow.vn\/vi\/wp-json\/wp\/v2\/pages"}],"about":[{"href":"https:\/\/worknow.vn\/vi\/wp-json\/wp\/v2\/types\/page"}],"author":[{"embeddable":true,"href":"https:\/\/worknow.vn\/vi\/wp-json\/wp\/v2\/users\/4"}],"replies":[{"embeddable":true,"href":"https:\/\/worknow.vn\/vi\/wp-json\/wp\/v2\/comments?post=10459"}],"version-history":[{"count":4,"href":"https:\/\/worknow.vn\/vi\/wp-json\/wp\/v2\/pages\/10459\/revisions"}],"predecessor-version":[{"id":11995,"href":"https:\/\/worknow.vn\/vi\/wp-json\/wp\/v2\/pages\/10459\/revisions\/11995"}],"wp:attachment":[{"href":"https:\/\/worknow.vn\/vi\/wp-json\/wp\/v2\/media?parent=10459"}],"curies":[{"name":"wp","href":"https:\/\/api.w.org\/{rel}","templated":true}]}}