{"id":10461,"date":"2022-08-09T07:27:42","date_gmt":"2022-08-09T07:27:42","guid":{"rendered":"https:\/\/worknow.vn\/hr-specialist\/"},"modified":"2023-06-01T08:21:43","modified_gmt":"2023-06-01T08:21:43","slug":"chuyen-gia-nhan-su","status":"publish","type":"page","link":"https:\/\/worknow.vn\/vi\/chuyen-gia-nhan-su\/","title":{"rendered":"Chuy\u00ean Vi\u00ean Nh\u00e2n S\u1ef1"},"content":{"rendered":"<div class=\"wpb-content-wrapper\">[vc_row top_margin=&#8221;0&#8243; bottom_margin=&#8221;0&#8243; css=&#8221;.vc_custom_1499912039446{margin-top: -30px !important;}&#8221;][vc_column]<div class=\"shortcode-wrapper shortcode-title clearfix hb-animate-element hb-fade-in\"><p style=\"color:#878787!important;border-color:#878787\" class=\"hb-text-large aligncenter\">Chuy\u00ean Vi\u00ean Nh\u00e2n S\u1ef1<\/p><\/div>[vc_row_inner][vc_column_inner][vc_empty_space height=&#8221;10px&#8221;]<div class=\"shortcode-wrapper shortcode-icon-box clearfix\"><div class=\"feature-box alternative left-icon-box aligncenter\"><div class=\"feature-box-content\"><h4 class=\"bold\">M\u00f4 t\u1ea3 c\u00f4ng vi\u1ec7c<\/h4><p>Tuy\u1ec3n d\u1ee5ng \u1ee9ng vi\u00ean, xem x\u00e9t h\u1ed3 s\u01a1, ph\u1ecfng v\u1ea5n v\u00e0 ki\u1ec3m tra CV. Th\u00f4ng b\u00e1o cho c\u00e1c \u1ee9ng vi\u00ean v\u1ec1 vi\u1ec7c \u0111\u01b0\u1ee3c ch\u1ea5p nh\u1eadn ho\u1eb7c t\u1eeb ch\u1ed1i. \u0110\u1ecbnh h\u01b0\u1edbng cho nh\u00e2n vi\u00ean m\u1edbi b\u1eb1ng c\u00e1ch gi\u1ea3i th\u00edch c\u00e1c ch\u00ednh s\u00e1ch, th\u1ee7 t\u1ee5c, l\u1ee3i \u00edch c\u1ee7a c\u00f4ng ty, qu\u1ea3n l\u00fd ph\u00fac l\u1ee3i v\u00e0 duy tr\u00ec nh\u00e2n vi\u00ean. Duy tr\u00ec nh\u00e2n s\u1ef1 c\u1ee7a t\u1ed5 ch\u1ee9c v\u00e0 qu\u1ea3n l\u00fd chi ti\u1ebft vi\u1ec7c l\u00e0m, x\u00e1c \u0111\u1ecbnh v\u0103n h\u00f3a v\u00e0 s\u1ef1 ph\u00e1t tri\u1ec3n ti\u1ec1m n\u0103ng c\u1ee7a m\u1ed9t t\u1ed5 ch\u1ee9cCh\u1ecbu tr\u00e1ch nhi\u1ec7m x\u00e1c \u0111\u1ecbnh c\u00e1c l\u0129nh v\u1ef1c c\u1ea3i ti\u1ebfn \u0111\u1ec3 t\u0103ng n\u0103ng su\u1ea5t, s\u1ef1 tham gia v\u00e0 gi\u00e1 tr\u1ecb c\u1ee7a t\u1ed5 ch\u1ee9c. C\u00e1c chuy\u00ean gia nh\u00e2n s\u1ef1 th\u01b0\u1eddng ho\u00e0n th\u00e0nh nhi\u1ec7m v\u1ee5 t\u1ed5ng th\u1ec3 n\u00e0y b\u1eb1ng c\u00e1ch th\u1ef1c hi\u1ec7n nhi\u1ec1u nhi\u1ec7m v\u1ee5 li\u00ean k\u1ebft v\u1edbi nhau, t\u1ea5t c\u1ea3 \u0111\u1ec1u ch\u1ee7 y\u1ebfu t\u1eadp trung v\u00e0o vi\u1ec7c qu\u1ea3n l\u00fd th\u01b0\u01a1ng hi\u1ec7u c\u1ee7a nh\u00e0 tuy\u1ec3n d\u1ee5ng v\u00e0 kinh nghi\u1ec7m nh\u00e2n s\u1ef1 trong m\u1ed9t t\u1ed5 ch\u1ee9c. V\u1edbi \u0111i\u1ec1u n\u00e0y, nhi\u1ec7m v\u1ee5 ch\u00ednh c\u1ee7a c\u00e1c chuy\u00ean gia nh\u00e2n s\u1ef1 l\u00e0 thi\u1ebft k\u1ebf ch\u01b0\u01a1ng tr\u00ecnh gi\u1eef ch\u00e2n nh\u00e2n vi\u00ean.<\/p>\n<p><strong>Vai tr\u00f2 v\u00e0 tr\u00e1ch nhi\u1ec7m<\/strong><\/p>\n<ul>\n<li>Chu\u1ea9n b\u1ecb v\u00e0 xem x\u00e9t c\u00e1c g\u00f3i b\u1ed3i th\u01b0\u1eddng v\u00e0 ph\u00fac l\u1ee3i.<\/li>\n<li>Qu\u1ea3n l\u00fd c\u00e1c ch\u01b0\u01a1ng tr\u00ecnh b\u1ea3o hi\u1ec3m s\u1ee9c kh\u1ecfe v\u00e0 nh\u00e2n th\u1ecd.<\/li>\n<li>Th\u1ef1c hi\u1ec7n c\u00e1c k\u1ebf ho\u1ea1ch \u0111\u00e0o t\u1ea1o v\u00e0 ph\u00e1t tri\u1ec3n.<\/li>\n<li>L\u1eadp k\u1ebf ho\u1ea1ch cho c\u00e1c bu\u1ed5i \u0111\u00e1nh gi\u00e1 hi\u1ec7u su\u1ea5t h\u00e0ng qu\u00fd v\u00e0 h\u00e0ng n\u0103m.<\/li>\n<li>Th\u00f4ng b\u00e1o cho nh\u00e2n vi\u00ean v\u1ec1 c\u00e1c l\u1ee3i \u00edch b\u1ed5 sung m\u00e0 h\u1ecd \u0111\u1ee7 \u0111i\u1ec1u ki\u1ec7n nh\u1eadn \u0111\u01b0\u1ee3c (v\u00ed d\u1ee5: th\u00eam ng\u00e0y ngh\u1ec9 ph\u00e9p).<\/li>\n<li>C\u1eadp nh\u1eadt h\u1ed3 s\u01a1 nh\u00e2n vi\u00ean v\u1edbi th\u00f4ng tin tuy\u1ec3n d\u1ee5ng m\u1edbi v\u00e0 \/ ho\u1eb7c nh\u1eefng thay \u0111\u1ed5i v\u1ec1 t\u00ecnh tr\u1ea1ng vi\u1ec7c l\u00e0m.<\/li>\n<li>Duy tr\u00ec s\u01a1 \u0111\u1ed3 t\u1ed5 ch\u1ee9c v\u00e0 m\u00f4 t\u1ea3 c\u00f4ng vi\u1ec7c chi ti\u1ebft c\u00f9ng v\u1edbi h\u1ed3 s\u01a1 l\u01b0\u01a1ng.<\/li>\n<li>D\u1ef1 b\u00e1o nhu c\u1ea7u tuy\u1ec3n d\u1ee5ng v\u00e0 \u0111\u1ea3m b\u1ea3o qu\u00e1 tr\u00ecnh tuy\u1ec3n d\u1ee5ng.<\/li>\n<li>X\u00e2y d\u1ef1ng v\u00e0 th\u1ef1c hi\u1ec7n c\u00e1c ch\u00ednh s\u00e1ch nh\u00e2n s\u1ef1 trong to\u00e0n t\u1ed5 ch\u1ee9c.<\/li>\n<li>Theo d\u00f5i ng\u00e2n s\u00e1ch theo b\u1ed9 ph\u1eadn.<\/li>\n<li>X\u1eed l\u00fd c\u00e1c truy v\u1ea5n c\u1ee7a nh\u00e2n vi\u00ean v\u00e0 tr\u1ea3 l\u1eddi k\u1ecbp th\u1eddi.<\/li>\n<li>Lu\u00f4n c\u1eadp nh\u1eadt v\u00e0 tu\u00e2n th\u1ee7 nh\u1eefng thay \u0111\u1ed5i trong lu\u1eadt lao \u0111\u1ed9ng.<\/li>\n<\/ul>\n<\/p><\/div><\/div><\/div>[vc_empty_space height=&#8221;30px&#8221;]<div class=\"shortcode-wrapper shortcode-icon-box clearfix\"><div class=\"feature-box alternative left-icon-box aligncenter\"><div class=\"feature-box-content\"><h4 class=\"bold\">K\u1ef9 n\u0103ng thi\u1ebft y\u1ebfu<\/h4><p>\n<ul>\n<li>Kinh nghi\u1ec7m th\u1ef1c t\u1ebf v\u1edbi H\u1ec7 th\u1ed1ng th\u00f4ng tin ngu\u1ed3n nh\u00e2n l\u1ef1c (HRIS), nh\u01b0 BambooHR v\u00e0 PeopleSoft.<\/li>\n<li>Kinh nghi\u1ec7m l\u00e0m vi\u1ec7c v\u1edbi t\u01b0 c\u00e1ch l\u00e0 HR.<\/li>\n<li>Ki\u1ebfn th\u1ee9c v\u1ec1 h\u1ec7 th\u1ed1ng theo d\u00f5i \u1ee9ng vi\u00ean.<\/li>\n<li>Hi\u1ec3u bi\u1ebft v\u1eefng ch\u1eafc v\u1ec1 lu\u1eadt lao \u0111\u1ed9ng v\u00e0 quy tr\u00ecnh tr\u1ea3 l\u01b0\u01a1ng.<\/li>\n<li>Tuy\u1ec3n d\u1ee5ng theo chu k\u1ef3 v\u00e0 \u0111\u1ea3m b\u1ea3o s\u1ed1 l\u01b0\u1ee3ng nh\u00e2n s\u1ef1.<\/li>\n<li>K\u1ef9 n\u0103ng giao ti\u1ebfp b\u1eb1ng l\u1eddi n\u00f3i v\u00e0 v\u0103n b\u1ea3n.<\/li>\n<li>Kh\u1ea3 n\u0103ng gi\u1ea3i quy\u1ebft v\u1ea5n \u0111\u1ec1.<\/li>\n<li>K\u1ef9 n\u0103ng qu\u1ea3n l\u00fd nh\u00f3m.<\/li>\n<\/ul>\n<p><strong>Tr\u00ecnh \u0111\u1ed9 chuy\u00ean m\u00f4n:<\/strong> B\u1eb1ng C\u1eed nh\u00e2n v\u1ec1 Ngu\u1ed3n nh\u00e2n l\u1ef1c ho\u1eb7c L\u0129nh v\u1ef1c li\u00ean quan.<\/p><\/div><\/div><\/div>[\/vc_column_inner][\/vc_row_inner][\/vc_column][\/vc_row]\n<\/div>","protected":false},"excerpt":{"rendered":"<p>[vc_row top_margin=&#8221;0&#8243; bottom_margin=&#8221;0&#8243; css=&#8221;.vc_custom_1499912039446{margin-top: -30px !important;}&#8221;][vc_column][vc_row_inner][vc_column_inner][vc_empty_space height=&#8221;10px&#8221;][vc_empty_space height=&#8221;30px&#8221;][\/vc_column_inner][\/vc_row_inner][\/vc_column][\/vc_row]<\/p>\n","protected":false},"author":4,"featured_media":0,"parent":0,"menu_order":0,"comment_status":"closed","ping_status":"closed","template":"","meta":{"nf_dc_page":"","footnotes":""},"class_list":["post-10461","page","type-page","status-publish","hentry"],"_links":{"self":[{"href":"https:\/\/worknow.vn\/vi\/wp-json\/wp\/v2\/pages\/10461","targetHints":{"allow":["GET"]}}],"collection":[{"href":"https:\/\/worknow.vn\/vi\/wp-json\/wp\/v2\/pages"}],"about":[{"href":"https:\/\/worknow.vn\/vi\/wp-json\/wp\/v2\/types\/page"}],"author":[{"embeddable":true,"href":"https:\/\/worknow.vn\/vi\/wp-json\/wp\/v2\/users\/4"}],"replies":[{"embeddable":true,"href":"https:\/\/worknow.vn\/vi\/wp-json\/wp\/v2\/comments?post=10461"}],"version-history":[{"count":4,"href":"https:\/\/worknow.vn\/vi\/wp-json\/wp\/v2\/pages\/10461\/revisions"}],"predecessor-version":[{"id":11996,"href":"https:\/\/worknow.vn\/vi\/wp-json\/wp\/v2\/pages\/10461\/revisions\/11996"}],"wp:attachment":[{"href":"https:\/\/worknow.vn\/vi\/wp-json\/wp\/v2\/media?parent=10461"}],"curies":[{"name":"wp","href":"https:\/\/api.w.org\/{rel}","templated":true}]}}