{"id":10463,"date":"2022-08-09T07:28:12","date_gmt":"2022-08-09T07:28:12","guid":{"rendered":"https:\/\/worknow.vn\/resources-manager\/"},"modified":"2023-06-01T08:21:26","modified_gmt":"2023-06-01T08:21:26","slug":"quan-ly-tai-nguyen","status":"publish","type":"page","link":"https:\/\/worknow.vn\/vi\/quan-ly-tai-nguyen\/","title":{"rendered":"Qu\u1ea3n Tr\u1ecb Ngu\u1ed3n Nh\u00e2n L\u1ef1c"},"content":{"rendered":"<div class=\"wpb-content-wrapper\">[vc_row top_margin=&#8221;0&#8243; bottom_margin=&#8221;0&#8243; css=&#8221;.vc_custom_1499912039446{margin-top: -30px !important;}&#8221;][vc_column]<div class=\"shortcode-wrapper shortcode-title clearfix hb-animate-element hb-fade-in\"><p style=\"color:#878787!important;border-color:#878787\" class=\"hb-text-large aligncenter\">QU\u1ea2N TR\u1eca NGU\u1ed2N NH\u00c2N L\u1ef0C<\/p><\/div>[vc_row_inner][vc_column_inner][vc_empty_space height=&#8221;10px&#8221;]<div class=\"shortcode-wrapper shortcode-icon-box clearfix\"><div class=\"feature-box alternative left-icon-box aligncenter\"><div class=\"feature-box-content\"><h4 class=\"bold\">M\u00f4 t\u1ea3 c\u00f4ng vi\u1ec7c<\/h4><p>Gi\u00fap ng\u01b0\u1eddi qu\u1ea3n l\u00fd d\u1ef1 \u00e1n l\u1eadp k\u1ebf ho\u1ea1ch v\u00e0 ph\u00e2n b\u1ed5 ngu\u1ed3n l\u1ef1c cho m\u1ed9t d\u1ef1 \u00e1n; x\u00e1c \u0111\u1ecbnh nhu c\u1ea7u c\u1ee7a t\u1ed5 ch\u1ee9c v\u1ec1 ngu\u1ed3n l\u1ef1c v\u00e0 \u0111\u1ea3m b\u1ea3o n\u0103ng l\u1ef1c c\u1ee7a t\u1ed5 ch\u1ee9c \u0111\u1ec3 \u0111\u00e1p \u1ee9ng nhu c\u1ea7u nh\u00e2n s\u1ef1 c\u1ee7a c\u00e1c d\u1ef1 \u00e1n; ch\u1ec9 \u0111\u1ecbnh nh\u00e2n vi\u00ean cho c\u00e1c nhi\u1ec7m v\u1ee5 c\u1ee7a d\u1ef1 \u00e1n; v\u00e0 tham gia v\u00e0o qu\u00e1 tr\u00ecnh tuy\u1ec3n d\u1ee5ng. Ph\u00e2n b\u1ed5 \u0111\u00fang ngu\u1ed3n l\u1ef1c cho \u0111\u00fang nhi\u1ec7m v\u1ee5 v\u00e0o \u0111\u00fang th\u1eddi \u0111i\u1ec3m, c\u1ea3i thi\u1ec7n quy tr\u00ecnh t\u1ed5ng th\u1ec3 c\u1ee7a d\u1ef1 \u00e1n, gi\u1eef hi\u1ec7u su\u1ea5t c\u1ee7a nh\u00e2n vi\u00ean \u0111\u01b0\u1ee3c c\u00e2n b\u1eb1ng v\u00e0 gi\u00fap h\u1ecd kh\u00f4ng b\u1ecb ki\u1ec7t s\u1ee9c, kh\u1eafc ph\u1ee5c t\u00ecnh tr\u1ea1ng thi\u1ebfu h\u1ee5t ngu\u1ed3n l\u1ef1c v\u00e0 \u0111\u1ea3m b\u1ea3o r\u1eb1ng t\u1ea5t c\u1ea3 c\u00e1c d\u1ef1 \u00e1n \u0111ang ho\u1ea1t \u0111\u1ed9ng trong m\u1ed9t c\u00f4ng ty \u0111\u1ec1u c\u00f3 \u0111\u1ed9i ng\u0169 nh\u00e2n vi\u00ean ph\u00f9 h\u1ee3p ho\u00e0n h\u1ea3o.<\/p>\n<p><strong>Vai tr\u00f2 v\u00e0 tr\u00e1ch nhi\u1ec7m<\/strong><\/p>\n<ul>\n<li>Ph\u00e2n c\u00f4ng nh\u00e2n vi\u00ean c\u00f3 s\u1eb5n v\u00e0o c\u00e1c d\u1ef1 \u00e1n ph\u00f9 h\u1ee3p v\u1edbi k\u1ef9 n\u0103ng, kinh nghi\u1ec7m tr\u01b0\u1edbc \u0111\u00e2y v\u00e0 kh\u1ea3 n\u0103ng s\u1eb5n c\u00f3 c\u1ee7a h\u1ecd.<\/li>\n<li>Gi\u00e1m s\u00e1t c\u00e1c ho\u1ea1t \u0111\u1ed9ng h\u00e0ng ng\u00e0y c\u1ee7a d\u1ef1 \u00e1n v\u00e0 ngu\u1ed3n l\u1ef1c t\u01b0\u01a1ng \u1ee9ng.<\/li>\n<li>L\u1eadp k\u1ebf ho\u1ea1ch n\u0103ng l\u1ef1c, t\u1ee9c l\u00e0 \u0111\u1ea3m b\u1ea3o r\u1eb1ng c\u00e1c ngu\u1ed3n l\u1ef1c c\u1ee7a c\u00f4ng ty c\u00f3 \u0111\u1ee7 n\u0103ng l\u1ef1c \u0111\u1ec3 th\u1ef1c hi\u1ec7n c\u00e1c d\u1ef1 \u00e1n s\u1eafp t\u1edbi.<\/li>\n<li>Gi\u00e1m s\u00e1t v\u00e0 qu\u1ea3n l\u00fd kh\u1ed1i l\u01b0\u1ee3ng c\u00f4ng vi\u1ec7c, s\u1eed d\u1ee5ng v\u00e0 gi\u1edd l\u00e0m th\u00eam c\u1ee7a nh\u00e2n vi\u00ean.<\/li>\n<li>Qu\u1ea3n l\u00fd xung \u0111\u1ed9t ngu\u1ed3n l\u1ef1c.<\/li>\n<li>Kh\u1eafc ph\u1ee5c t\u00ecnh tr\u1ea1ng thi\u1ebfu h\u1ee5t ngu\u1ed3n l\u1ef1c b\u1eb1ng c\u00e1c k\u1ef9 thu\u1eadt qu\u1ea3n l\u00fd ngu\u1ed3n l\u1ef1c, ph\u00e2n b\u1ed5 l\u1ea1i ngu\u1ed3n l\u1ef1c, b\u1ed1 tr\u00ed th\u00eam nh\u00e2n vi\u00ean, v.v.; th\u00f4ng b\u00e1o cho qu\u1ea3n l\u00fd c\u1ea5p cao v\u1ec1 b\u1ea5t k\u1ef3 v\u1ea5n \u0111\u1ec1 n\u00e0o li\u00ean quan \u0111\u1ebfn vi\u1ec7c kh\u00f4ng th\u1ec3 \u0111\u00e1p \u1ee9ng nhu c\u1ea7u c\u1ee7a kh\u00e1ch h\u00e0ng do ngu\u1ed3n l\u1ef1c.<\/li>\n<li>Cung c\u1ea5p cho c\u00e1c nh\u00e0 qu\u1ea3n l\u00fd d\u1ef1 \u00e1n s\u1ef1 h\u1ed7 tr\u1ee3 khi n\u00f3i \u0111\u1ebfn c\u00e1c v\u1ea5n \u0111\u1ec1 qu\u1ea3n l\u00fd t\u00e0i nguy\u00ean ho\u1eb7c c\u1ea3i ti\u1ebfn c\u00e1c quy tr\u00ecnh qu\u1ea3n l\u00fd t\u00e0i nguy\u00ean.<\/li>\n<li>Bi\u1ebft t\u1ea5t c\u1ea3 c\u00e1c d\u1ef1 \u00e1n hi\u1ec7n t\u1ea1i v\u00e0 s\u1eafp t\u1edbi \u0111ang di\u1ec5n ra trong m\u1ed9t t\u1ed5 ch\u1ee9c v\u00e0 c\u00e1c ho\u1ea1t \u0111\u1ed9ng ph\u00e1t tri\u1ec3n kinh doanh v\u00e0 c\u00f3 th\u1ec3 l\u1eadp k\u1ebf ho\u1ea1ch ngu\u1ed3n l\u1ef1c cho ph\u00f9 h\u1ee3p.<\/li>\n<li>Ph\u1ed1i h\u1ee3p v\u1edbi b\u1ed9 ph\u1eadn nh\u00e2n s\u1ef1 li\u00ean quan \u0111\u1ebfn \u0111\u00e0o t\u1ea1o nh\u00e2n vi\u00ean, l\u1eadp k\u1ebf ho\u1ea1ch l\u01b0\u01a1ng th\u01b0\u1edfng v\u00e0 ph\u00fac l\u1ee3i, qu\u1ea3n l\u00fd bi\u00ean ch\u1ebf v\u00e0 thu\u00ea nh\u00e2n vi\u00ean m\u1edbi cho c\u00e1c d\u1ef1 \u00e1n.<\/li>\n<li>Am hi\u1ec3u v\u1ec1 lu\u1eadt lao \u0111\u1ed9ng c\u0169ng nh\u01b0 xu h\u01b0\u1edbng qu\u1ea3n l\u00fd ngu\u1ed3n l\u1ef1c.<\/li>\n<li>L\u1eadp h\u1ed3 s\u01a1 c\u00e1c quy tr\u00ecnh (v\u00ed d\u1ee5: b\u00e1o c\u00e1o s\u1eed d\u1ee5ng h\u00e0ng tu\u1ea7n, v.v.).<\/li>\n<\/ul>\n<\/p><\/div><\/div><\/div>[vc_empty_space height=&#8221;30px&#8221;]<div class=\"shortcode-wrapper shortcode-icon-box clearfix\"><div class=\"feature-box alternative left-icon-box aligncenter\"><div class=\"feature-box-content\"><h4 class=\"bold\">K\u1ef9 n\u0103ng thi\u1ebft y\u1ebfu<\/h4><p>\n<ul>\n<li>Th\u00e0nh th\u1ea1o qu\u1ea3n l\u00fd ngu\u1ed3n nh\u00e2n l\u1ef1c v\u00e0 d\u1ef1 \u00e1n.<\/li>\n<li>Kh\u1ea3 n\u0103ng s\u1eed d\u1ee5ng c\u00f4ng ngh\u1ec7 (c\u00f4ng c\u1ee5 ph\u00e2n t\u00edch, CRM, PSA ho\u1eb7c ph\u1ea7n m\u1ec1m qu\u1ea3n l\u00fd t\u00e0i nguy\u00ean).<\/li>\n<li>Ki\u1ebfn th\u1ee9c v\u1ec1 lu\u1eadt lao \u0111\u1ed9ng hi\u1ec7n h\u00e0nh.<\/li>\n<li>Kh\u1ea3 n\u0103ng s\u1eafp x\u1ebfp th\u1ee9 t\u1ef1 \u01b0u ti\u00ean v\u00e0 qu\u1ea3n l\u00fd nhi\u1ec1u nhi\u1ec7m v\u1ee5 m\u1ed9t c\u00e1ch hi\u1ec7u qu\u1ea3.<\/li>\n<li>T\u01b0 duy ph\u1ea3n bi\u1ec7n, k\u1ef9 n\u0103ng ph\u00e2n t\u00edch v\u00e0 d\u1ef1 b\u00e1o.<\/li>\n<li>K\u1ef9 n\u0103ng gi\u1ea3i quy\u1ebft xung \u0111\u1ed9t v\u00e0 gi\u1ea3i quy\u1ebft v\u1ea5n \u0111\u1ec1.<\/li>\n<li>T\u00ednh linh ho\u1ea1t v\u00e0 k\u1ef9 n\u0103ng ra quy\u1ebft \u0111\u1ecbnh t\u1ed1t.<\/li>\n<li>K\u1ef9 n\u0103ng qu\u1ea3n l\u00fd v\u00e0 qu\u1ea3n l\u00fd th\u1eddi gian.<\/li>\n<li>K\u1ef9 n\u0103ng t\u01b0\u01a1ng t\u00e1c gi\u1eefa c\u00e1c c\u00e1 nh\u00e2n (giao ti\u1ebfp hi\u1ec7u qu\u1ea3, \u0111\u00e0m ph\u00e1n, h\u1ee3p t\u00e1c, kh\u1ea3 n\u0103ng ngo\u1ea1i giao v\u00e0 l\u1eadp tr\u01b0\u1eddng c\u1ee7a m\u1ed9t ng\u01b0\u1eddi).<\/li>\n<\/ul>\n<p><strong>Tr\u00ecnh \u0111\u1ed9 chuy\u00ean m\u00f4n:<\/strong> B\u1eb1ng C\u1eed nh\u00e2n v\u1ec1 qu\u1ea3n l\u00fd ngu\u1ed3n nh\u00e2n l\u1ef1c, kinh doanh, qu\u1ea3n l\u00fd ho\u1eb7c m\u1ed9t l\u0129nh v\u1ef1c t\u01b0\u01a1ng t\u1ef1.<\/p><\/div><\/div><\/div>[\/vc_column_inner][\/vc_row_inner][\/vc_column][\/vc_row]\n<\/div>","protected":false},"excerpt":{"rendered":"<p>[vc_row top_margin=&#8221;0&#8243; bottom_margin=&#8221;0&#8243; css=&#8221;.vc_custom_1499912039446{margin-top: -30px !important;}&#8221;][vc_column][vc_row_inner][vc_column_inner][vc_empty_space height=&#8221;10px&#8221;][vc_empty_space height=&#8221;30px&#8221;][\/vc_column_inner][\/vc_row_inner][\/vc_column][\/vc_row]<\/p>\n","protected":false},"author":4,"featured_media":0,"parent":0,"menu_order":0,"comment_status":"closed","ping_status":"closed","template":"","meta":{"nf_dc_page":"","footnotes":""},"class_list":["post-10463","page","type-page","status-publish","hentry"],"_links":{"self":[{"href":"https:\/\/worknow.vn\/vi\/wp-json\/wp\/v2\/pages\/10463","targetHints":{"allow":["GET"]}}],"collection":[{"href":"https:\/\/worknow.vn\/vi\/wp-json\/wp\/v2\/pages"}],"about":[{"href":"https:\/\/worknow.vn\/vi\/wp-json\/wp\/v2\/types\/page"}],"author":[{"embeddable":true,"href":"https:\/\/worknow.vn\/vi\/wp-json\/wp\/v2\/users\/4"}],"replies":[{"embeddable":true,"href":"https:\/\/worknow.vn\/vi\/wp-json\/wp\/v2\/comments?post=10463"}],"version-history":[{"count":5,"href":"https:\/\/worknow.vn\/vi\/wp-json\/wp\/v2\/pages\/10463\/revisions"}],"predecessor-version":[{"id":11993,"href":"https:\/\/worknow.vn\/vi\/wp-json\/wp\/v2\/pages\/10463\/revisions\/11993"}],"wp:attachment":[{"href":"https:\/\/worknow.vn\/vi\/wp-json\/wp\/v2\/media?parent=10463"}],"curies":[{"name":"wp","href":"https:\/\/api.w.org\/{rel}","templated":true}]}}