{"id":10465,"date":"2022-08-09T07:28:34","date_gmt":"2022-08-09T07:28:34","guid":{"rendered":"https:\/\/worknow.vn\/hr-analyst\/"},"modified":"2023-06-01T08:21:26","modified_gmt":"2023-06-01T08:21:26","slug":"chuyen-vien-phan-tich-nhan-su","status":"publish","type":"page","link":"https:\/\/worknow.vn\/vi\/chuyen-vien-phan-tich-nhan-su\/","title":{"rendered":"Chuy\u00ean Vi\u00ean Ph\u00e2n T\u00edch Nh\u00e2n S\u1ef1"},"content":{"rendered":"<div class=\"wpb-content-wrapper\">[vc_row top_margin=&#8221;0&#8243; bottom_margin=&#8221;0&#8243; css=&#8221;.vc_custom_1499912039446{margin-top: -30px !important;}&#8221;][vc_column]<div class=\"shortcode-wrapper shortcode-title clearfix hb-animate-element hb-fade-in\"><p style=\"color:#878787!important;border-color:#878787\" class=\"hb-text-large aligncenter\">Chuy\u00ean Vi\u00ean Ph\u00e2n T\u00edch Nh\u00e2n S\u1ef1<\/p><\/div>[vc_row_inner][vc_column_inner][vc_empty_space height=&#8221;10px&#8221;]<div class=\"shortcode-wrapper shortcode-icon-box clearfix\"><div class=\"feature-box alternative left-icon-box aligncenter\"><div class=\"feature-box-content\"><h4 class=\"bold\">M\u00f4 t\u1ea3 c\u00f4ng vi\u1ec7c<\/h4><p>Ch\u1ecbu tr\u00e1ch nhi\u1ec7m thu th\u1eadp, qu\u1ea3n l\u00fd v\u00e0 ph\u00e2n t\u00edch d\u1eef li\u1ec7u li\u00ean quan \u0111\u1ebfn c\u00e1c ch\u1ee9c n\u0103ng ch\u00ednh c\u1ee7a HR. L\u00e0m vi\u1ec7c v\u1edbi chuy\u00ean vi\u00ean nh\u00e2n s\u1ef1, \u0111\u1ed1i t\u00e1c kinh doanh, chuy\u00ean vi\u00ean v\u00e0 qu\u1ea3n l\u00fd nh\u00e2n s\u1ef1 c\u1ea5p cao \u0111\u1ec3 \u0111\u01b0a ra quy\u1ebft \u0111\u1ecbnh d\u1ef1a tr\u00ean d\u1eef li\u1ec7u d\u1ef1a tr\u00ean xu h\u01b0\u1edbng v\u00e0 th\u00f4ng tin chi ti\u1ebft. C\u00f3 tr\u00e1ch nhi\u1ec7m bi\u00ean so\u1ea1n, c\u1ea5u tr\u00fac v\u00e0 ph\u00e2n t\u00edch d\u1eef li\u1ec7u \u0111\u1ec3 ph\u00e1t tri\u1ec3n nh\u1eefng hi\u1ec3u bi\u1ebft s\u00e2u s\u1eafc v\u00e0 k\u1ebft lu\u1eadn gi\u00fap h\u1ee3p l\u00fd h\u00f3a c\u00e1c quy tr\u00ecnh nh\u00e2n s\u1ef1 trong to\u00e0n b\u1ed9 t\u1ed5 ch\u1ee9c. Thu th\u1eadp v\u00e0 bi\u00ean so\u1ea1n c\u00e1c s\u1ed1 li\u1ec7u v\u00e0 d\u1eef li\u1ec7u nh\u00e2n s\u1ef1 t\u1eeb nhi\u1ec1u ngu\u1ed3n kh\u00e1c nhau bao g\u1ed3m h\u1ec7 th\u1ed1ng th\u00f4ng tin ngu\u1ed3n nh\u00e2n l\u1ef1c (HRIS) v\u00e0 k\u1ebft qu\u1ea3 tr\u1ea3 l\u01b0\u01a1ng, kh\u1ea3o s\u00e1t v\u1ec1 qu\u1ea3n l\u00fd v\u00e0 nh\u00e2n vi\u00ean, ph\u1ecfng v\u1ea5n r\u1eddi kh\u1ecfi, h\u1ed3 s\u01a1 vi\u1ec7c l\u00e0m, th\u1ed1ng k\u00ea lao \u0111\u1ed9ng c\u1ee7a ch\u00ednh ph\u1ee7, th\u1ef1c ti\u1ec5n c\u1ee7a \u0111\u1ed1i th\u1ee7 c\u1ea1nh tranh v\u00e0 c\u00e1c ngu\u1ed3n kh\u00e1c.<\/p>\n<p><strong>Vai tr\u00f2 v\u00e0 tr\u00e1ch nhi\u1ec7m<\/strong><\/p>\n<ul>\n<li>Ph\u00e2n t\u00edch d\u1eef li\u1ec7u v\u00e0 th\u1ed1ng k\u00ea cho c\u00e1c xu h\u01b0\u1edbng v\u00e0 m\u00f4 h\u00ecnh, ch\u00fa \u00fd \u0111\u1ebfn tuy\u1ec3n d\u1ee5ng, th\u1ef1c h\u00e0nh tuy\u1ec3n d\u1ee5ng, doanh thu v\u00e0 tu\u00e2n th\u1ee7 lu\u1eadt v\u00e0 quy \u0111\u1ecbnh v\u1ec1 vi\u1ec7c l\u00e0m.<\/li>\n<li>Chu\u1ea9n b\u1ecb c\u00e1c b\u00e1o c\u00e1o k\u1ebft qu\u1ea3 d\u1eef li\u1ec7u, tr\u00ecnh b\u00e0y v\u00e0 gi\u1ea3i th\u00edch c\u00e1c ph\u00e1t hi\u1ec7n cho l\u00e3nh \u0111\u1ea1o c\u1ea5p cao.<\/li>\n<li>X\u00e1c \u0111\u1ecbnh v\u00e0 \u0111\u1ec1 xu\u1ea5t c\u00e1c m\u1ee5c ti\u00eau, s\u1ef1 ki\u1ec7n quan tr\u1ecdng v\u00e0 \u0111i\u1ec3m chu\u1ea9n ng\u1eafn h\u1ea1n v\u00e0 d\u00e0i h\u1ea1n h\u1ee3p l\u00fd cho c\u00e1c ch\u1ec9 s\u1ed1 hi\u1ec7u su\u1ea5t ch\u00ednh.<\/li>\n<li>D\u1ef1a tr\u00ean c\u00e1c s\u1ed1 li\u1ec7u v\u00e0 ph\u00e2n t\u00edch, \u0111\u01b0a ra c\u00e1c \u0111\u1ec1 xu\u1ea5t cho c\u00e1c ch\u00ednh s\u00e1ch v\u00e0 ho\u1ea1t \u0111\u1ed9ng \u0111\u1ec3 c\u1ea3i thi\u1ec7n v\u0103n h\u00f3a t\u1ed5 ch\u1ee9c, bao g\u1ed3m c\u00e1c \u0111\u1ec1 xu\u1ea5t \u0111\u1ec3 thu h\u00fat v\u00e0 thu\u00ea c\u00e1c \u1ee9ng vi\u00ean c\u00f3 n\u0103ng l\u1ef1c, \u0111\u1ec3 t\u1ea1o \u0111\u1ed9ng l\u1ef1c v\u00e0 gi\u1eef ch\u00e2n nh\u00e2n vi\u00ean, gi\u1ea3i quy\u1ebft c\u00e1c v\u1ea5n \u0111\u1ec1 v\u1ec1 nh\u00e2n s\u1ef1 v\u00e0 duy tr\u00ec s\u1ef1 tu\u00e2n th\u1ee7 ph\u00e1p lu\u1eadt.<\/li>\n<li>T\u1ea1o \u0111i\u1ec1u ki\u1ec7n thu\u1eadn l\u1ee3i cho vi\u1ec7c th\u1ef1c hi\u1ec7n \u0111\u00e0o t\u1ea1o, ph\u00e1t tri\u1ec3n, tuy\u1ec3n d\u1ee5ng m\u1edbi v\u00e0 c\u00e1c s\u00e1ng ki\u1ebfn \u200b\u200bli\u00ean quan kh\u00e1c.<\/li>\n<li>C\u00f3 th\u1ec3 ti\u1ebfn h\u00e0nh ho\u1eb7c h\u1ed7 tr\u1ee3 th\u1ef1c hi\u1ec7n \u0111\u00e1nh gi\u00e1 ph\u00e2n lo\u1ea1i \u0111\u1ec3 \u0111\u1ea3m b\u1ea3o r\u1eb1ng c\u00e1c c\u00f4ng vi\u1ec7c \u0111\u01b0\u1ee3c ph\u00e2n lo\u1ea1i ph\u00f9 h\u1ee3p l\u00e0 \u0111\u01b0\u1ee3c mi\u1ec5n ho\u1eb7c kh\u00f4ng \u0111\u01b0\u1ee3c mi\u1ec5n.<\/li>\n<li>\u0110\u1ea3m b\u1ea3o tu\u00e2n th\u1ee7 c\u00e1c quy \u0111\u1ecbnh v\u1ec1 quy\u1ec1n ri\u00eang t\u01b0 d\u1eef li\u1ec7u v\u00e0 c\u00e1c ph\u01b0\u01a1ng ph\u00e1p hay nh\u1ea5t.<\/li>\n<li>C\u00f3 th\u1ec3 h\u1ed7 tr\u1ee3 l\u00e3nh \u0111\u1ea1o nh\u00e2n s\u1ef1 v\u1ec1 vi\u1ec7c b\u1ed1 tr\u00ed nh\u00e2n vi\u00ean, tuy\u1ec3n d\u1ee5ng v\u00e0 ng\u00e2n s\u00e1ch c\u1ee7a c\u00e1c ph\u00f2ng ban.<\/li>\n<li>C\u00f3 th\u1ec3 h\u01b0\u1edbng d\u1eabn v\u00e0 \/ ho\u1eb7c h\u1ed7 tr\u1ee3 c\u00e1c quy tr\u00ecnh xem x\u00e9t v\u00e0 \u0111\u00e1nh gi\u00e1 hi\u1ec7u su\u1ea5t, l\u1ee3i \u00edch v\u00e0 b\u1ed3i th\u01b0\u1eddng.<\/li>\n<li>Th\u1ef1c hi\u1ec7n c\u00e1c nhi\u1ec7m v\u1ee5 kh\u00e1c theo s\u1ef1 ph\u00e2n c\u00f4ng.<\/li>\n<\/ul>\n<\/p><\/div><\/div><\/div>[vc_empty_space height=&#8221;30px&#8221;]<div class=\"shortcode-wrapper shortcode-icon-box clearfix\"><div class=\"feature-box alternative left-icon-box aligncenter\"><div class=\"feature-box-content\"><h4 class=\"bold\">K\u1ef9 n\u0103ng thi\u1ebft y\u1ebfu<\/h4><p>\n<ul>\n<li>K\u1ef9 n\u0103ng giao ti\u1ebfp b\u1eb1ng l\u1eddi n\u00f3i v\u00e0 v\u0103n b\u1ea3n.<\/li>\n<li>K\u1ef9 n\u0103ng ph\u00e2n t\u00edch v\u00e0 gi\u1ea3i quy\u1ebft v\u1ea5n \u0111\u1ec1.<\/li>\n<li>Hi\u1ec3u bi\u1ebft v\u1ec1 lu\u1eadt ph\u00e1p n\u00f3i chung v\u00e0 lu\u1eadt vi\u1ec7c l\u00e0m n\u00f3i ri\u00eang, nh\u00e2n s\u1ef1 v\u00e0 ch\u00ednh s\u00e1ch nh\u00e2n s\u1ef1.<\/li>\n<li>S\u1eed d\u1ee5ng th\u00e0nh th\u1ea1o Microsoft Office Suite ho\u1eb7c c\u00e1c ph\u1ea7n m\u1ec1m li\u00ean quan.<\/li>\n<li>Th\u00e0nh th\u1ea1o ho\u1eb7c c\u00f3 kh\u1ea3 n\u0103ng t\u00ecm hi\u1ec3u nhanh c\u00e1c t\u1ed5 ch\u1ee9c HRIS, ph\u1ea7n m\u1ec1m t\u00ednh l\u01b0\u01a1ng, v\u00e0 c\u00e1c ph\u1ea7n m\u1ec1m qu\u1ea3n l\u00fd nh\u00e2n vi\u00ean t\u01b0\u01a1ng t\u1ef1.<\/li>\n<\/ul>\n<p><strong>Tr\u00ecnh \u0111\u1ed9 chuy\u00ean m\u00f4n:<\/strong> B\u1eb1ng c\u1eed nh\u00e2n v\u1ec1 Nh\u00e2n s\u1ef1, Qu\u1ea3n tr\u1ecb Kinh doanh, T\u00e2m l\u00fd C\u00f4ng nghi\u1ec7p, ho\u1eb7c l\u0129nh v\u1ef1c li\u00ean quan y\u00eau c\u1ea7u.<\/p><\/div><\/div><\/div>[\/vc_column_inner][\/vc_row_inner][\/vc_column][\/vc_row]\n<\/div>","protected":false},"excerpt":{"rendered":"<p>[vc_row top_margin=&#8221;0&#8243; bottom_margin=&#8221;0&#8243; css=&#8221;.vc_custom_1499912039446{margin-top: -30px !important;}&#8221;][vc_column][vc_row_inner][vc_column_inner][vc_empty_space height=&#8221;10px&#8221;][vc_empty_space height=&#8221;30px&#8221;][\/vc_column_inner][\/vc_row_inner][\/vc_column][\/vc_row]<\/p>\n","protected":false},"author":4,"featured_media":0,"parent":0,"menu_order":0,"comment_status":"closed","ping_status":"closed","template":"","meta":{"nf_dc_page":"","footnotes":""},"class_list":["post-10465","page","type-page","status-publish","hentry"],"_links":{"self":[{"href":"https:\/\/worknow.vn\/vi\/wp-json\/wp\/v2\/pages\/10465","targetHints":{"allow":["GET"]}}],"collection":[{"href":"https:\/\/worknow.vn\/vi\/wp-json\/wp\/v2\/pages"}],"about":[{"href":"https:\/\/worknow.vn\/vi\/wp-json\/wp\/v2\/types\/page"}],"author":[{"embeddable":true,"href":"https:\/\/worknow.vn\/vi\/wp-json\/wp\/v2\/users\/4"}],"replies":[{"embeddable":true,"href":"https:\/\/worknow.vn\/vi\/wp-json\/wp\/v2\/comments?post=10465"}],"version-history":[{"count":5,"href":"https:\/\/worknow.vn\/vi\/wp-json\/wp\/v2\/pages\/10465\/revisions"}],"predecessor-version":[{"id":11994,"href":"https:\/\/worknow.vn\/vi\/wp-json\/wp\/v2\/pages\/10465\/revisions\/11994"}],"wp:attachment":[{"href":"https:\/\/worknow.vn\/vi\/wp-json\/wp\/v2\/media?parent=10465"}],"curies":[{"name":"wp","href":"https:\/\/api.w.org\/{rel}","templated":true}]}}