{"id":10467,"date":"2022-08-09T07:29:00","date_gmt":"2022-08-09T07:29:00","guid":{"rendered":"https:\/\/worknow.vn\/human-resources-administrator\/"},"modified":"2023-06-01T08:23:08","modified_gmt":"2023-06-01T08:23:08","slug":"quan-tri-vien-nhan-su","status":"publish","type":"page","link":"https:\/\/worknow.vn\/vi\/quan-tri-vien-nhan-su\/","title":{"rendered":"Qu\u1ea3n Tr\u1ecb Vi\u00ean Nh\u00e2n S\u1ef1"},"content":{"rendered":"<div class=\"wpb-content-wrapper\">[vc_row top_margin=&#8221;0&#8243; bottom_margin=&#8221;0&#8243; css=&#8221;.vc_custom_1499912039446{margin-top: -30px !important;}&#8221;][vc_column]<div class=\"shortcode-wrapper shortcode-title clearfix hb-animate-element hb-fade-in\"><p style=\"color:#878787!important;border-color:#878787\" class=\"hb-text-large aligncenter\">Qu\u1ea3n Tr\u1ecb Vi\u00ean Nh\u00e2n S\u1ef1<\/p><\/div>[vc_row_inner][vc_column_inner][vc_empty_space height=&#8221;10px&#8221;]<div class=\"shortcode-wrapper shortcode-icon-box clearfix\"><div class=\"feature-box alternative left-icon-box aligncenter\"><div class=\"feature-box-content\"><h4 class=\"bold\">M\u00f4 t\u1ea3 c\u00f4ng vi\u1ec7c<\/h4><p>C\u00f3 kh\u1ea3 n\u0103ng \u0111a nhi\u1ec7m, gi\u1ea3i th\u00edch m\u1ecdi th\u1ee9 theo c\u00e1ch hi\u1ec3u c\u1ee7a nh\u00e2n s\u1ef1 v\u00e0 \u0111\u1eb7c bi\u1ec7t c\u00f3 t\u1ed5 ch\u1ee9c. Gi\u00fap qu\u1ea3n l\u00fd v\u00e0 chu\u1ea9n b\u1ecb c\u00e1c t\u00e0i li\u1ec7u nh\u00e2n s\u1ef1 kh\u00e1c nhau, gi\u00fap nh\u00e2n vi\u00ean gi\u1ea3i quy\u1ebft c\u00e1c v\u1ea5n \u0111\u1ec1 ph\u00e1t sinh, t\u1ea1o \u0111i\u1ec1u ki\u1ec7n cho nh\u00e2n vi\u00ean gi\u1edbi thi\u1ec7u v\u00e0 \u0111\u00e0o t\u1ea1o, \u0111\u1ed3ng th\u1eddi gi\u00fap l\u1eadp b\u1ea3ng l\u01b0\u01a1ng. X\u1eed l\u00fd c\u00e1c h\u1ee3p \u0111\u1ed3ng nh\u00e2n vi\u00ean, tuy\u1ec3n d\u1ee5ng v\u00e0 ph\u1ecfng v\u1ea5n cho c\u00f4ng ty. C\u00f3 kh\u1ea3 n\u0103ng \u0111\u00e1nh gi\u00e1 c\u00e1c k\u1ef9 n\u0103ng c\u1ee7a l\u1ef1c l\u01b0\u1ee3ng lao \u0111\u1ed9ng c\u1ee7a h\u1ecd \u0111\u1ec3 ch\u1ecdn ng\u01b0\u1eddi ph\u00f9 h\u1ee3p cho m\u1ed9t c\u00f4ng vi\u1ec7c c\u1ee5 th\u1ec3, gi\u00fap c\u00e1c chuy\u00ean gia nh\u00e2n s\u1ef1 d\u1ef1 \u0111o\u00e1n nh\u1eefng c\u00e1ch c\u00f3 th\u1ec3 nh\u1eadn ra s\u1ef1 thay \u0111\u1ed5i ho\u1eb7c xung \u0111\u1ed9t.<\/p>\n<p><strong>Vai tr\u00f2 v\u00e0 tr\u00e1ch nhi\u1ec7m<\/strong><\/p>\n<ul>\n<li>T\u1ed5 ch\u1ee9c v\u00e0 duy tr\u00ec h\u1ed3 s\u01a1 nh\u00e2n s\u1ef1.<\/li>\n<li>C\u1eadp nh\u1eadt c\u01a1 s\u1edf d\u1eef li\u1ec7u n\u1ed9i b\u1ed9 (v\u00ed d\u1ee5: ghi l\u1ea1i th\u1eddi gian ngh\u1ec9 \u1ed1m ho\u1eb7c thai s\u1ea3n).<\/li>\n<li>Chu\u1ea9n b\u1ecb c\u00e1c t\u00e0i li\u1ec7u nh\u00e2n s\u1ef1, nh\u01b0 h\u1ee3p \u0111\u1ed3ng lao \u0111\u1ed9ng v\u00e0 h\u01b0\u1edbng d\u1eabn tuy\u1ec3n d\u1ee5ng m\u1edbi.<\/li>\n<li>S\u1eeda \u0111\u1ed5i c\u00e1c ch\u00ednh s\u00e1ch c\u1ee7a c\u00f4ng ty.<\/li>\n<li>Li\u00ean l\u1ea1c v\u1edbi c\u00e1c \u0111\u1ed1i t\u00e1c b\u00ean ngo\u00e0i, nh\u01b0 nh\u00e0 cung c\u1ea5p b\u1ea3o hi\u1ec3m v\u00e0 \u0111\u1ea3m b\u1ea3o tu\u00e2n th\u1ee7 ph\u00e1p lu\u1eadt.<\/li>\n<li>T\u1ea1o b\u00e1o c\u00e1o v\u00e0 thuy\u1ebft tr\u00ecnh th\u01b0\u1eddng xuy\u00ean v\u1ec1 c\u00e1c ch\u1ec9 s\u1ed1 nh\u00e2n s\u1ef1 (v\u00ed d\u1ee5: t\u1ef7 l\u1ec7 doanh thu).<\/li>\n<li>Gi\u1ea3i \u0111\u00e1p th\u1eafc m\u1eafc c\u1ee7a nh\u00e2n vi\u00ean v\u1ec1 c\u00e1c v\u1ea5n \u0111\u1ec1 li\u00ean quan \u0111\u1ebfn nh\u00e2n s\u1ef1.<\/li>\n<li>H\u1ed7 tr\u1ee3 b\u1ed9 ph\u1eadn t\u00ednh l\u01b0\u01a1ng b\u1eb1ng c\u00e1ch cung c\u1ea5p th\u00f4ng tin nh\u00e2n vi\u00ean c\u00f3 li\u00ean quan (v\u00ed d\u1ee5: ngh\u1ec9 ph\u00e9p, ng\u00e0y \u1ed1m v\u00e0 l\u1ecbch l\u00e0m vi\u1ec7c).<\/li>\n<li>S\u1eafp x\u1ebfp ch\u1ed7 \u1edf \u0111i l\u1ea1i v\u00e0 x\u1eed l\u00fd c\u00e1c v\u1ea5n \u0111\u1ec1 chi ph\u00ed.<\/li>\n<li>Tham gia v\u00e0o c\u00e1c d\u1ef1 \u00e1n nh\u00e2n s\u1ef1 (v\u00ed d\u1ee5: gi\u00fap t\u1ed5 ch\u1ee9c s\u1ef1 ki\u1ec7n h\u1ed9i ch\u1ee3 vi\u1ec7c l\u00e0m).<\/li>\n<\/ul>\n<\/p><\/div><\/div><\/div>[vc_empty_space height=&#8221;30px&#8221;]<div class=\"shortcode-wrapper shortcode-icon-box clearfix\"><div class=\"feature-box alternative left-icon-box aligncenter\"><div class=\"feature-box-content\"><h4 class=\"bold\">K\u1ef9 n\u0103ng thi\u1ebft y\u1ebfu<\/h4><p>\n<ul>\n<li>C\u00f3 kinh nghi\u1ec7m l\u00e0m vi\u1ec7c l\u00e0 Qu\u1ea3n tr\u1ecb vi\u00ean Nh\u00e2n s\u1ef1, Tr\u1ee3 l\u00fd H\u00e0nh ch\u00ednh Nh\u00e2n s\u1ef1 ho\u1eb7c vai tr\u00f2 li\u00ean quan.<\/li>\n<li>C\u00f3 kinh nghi\u1ec7m v\u1edbi ph\u1ea7n m\u1ec1m nh\u00e2n s\u1ef1, nh\u01b0 HRIS ho\u1eb7c HRMS<\/li>\n<li>Tr\u00ecnh \u0111\u1ed9 tin h\u1ecdc (\u0111\u1eb7c bi\u1ec7t l\u00e0 c\u00e1c \u1ee9ng d\u1ee5ng MS Office)<\/li>\n<li>Ki\u1ebfn th\u1ee9c v\u1ec1 lu\u1eadt lao \u0111\u1ed9ng.<\/li>\n<li>K\u1ef9 n\u0103ng t\u1ed5 ch\u1ee9c xu\u1ea5t s\u1eafc, v\u1edbi kh\u1ea3 n\u0103ng \u01b0u ti\u00ean c\u00e1c d\u1ef1 \u00e1n quan tr\u1ecdng.<\/li>\n<li>K\u1ef9 n\u0103ng giao ti\u1ebfp qua \u0111i\u1ec7n tho\u1ea1i, email v\u00e0 giao ti\u1ebfp tr\u1ef1c ti\u1ebfp.<\/li>\n<\/ul>\n<p><strong>Tr\u00ecnh \u0111\u1ed9 chuy\u00ean m\u00f4n:<\/strong> BS trong l\u0129nh v\u1ef1c Nh\u00e2n s\u1ef1 ho\u1eb7c l\u0129nh v\u1ef1c li\u00ean quan.<\/p><\/div><\/div><\/div>[\/vc_column_inner][\/vc_row_inner][\/vc_column][\/vc_row]\n<\/div>","protected":false},"excerpt":{"rendered":"<p>[vc_row top_margin=&#8221;0&#8243; bottom_margin=&#8221;0&#8243; css=&#8221;.vc_custom_1499912039446{margin-top: -30px !important;}&#8221;][vc_column][vc_row_inner][vc_column_inner][vc_empty_space height=&#8221;10px&#8221;][vc_empty_space height=&#8221;30px&#8221;][\/vc_column_inner][\/vc_row_inner][\/vc_column][\/vc_row]<\/p>\n","protected":false},"author":4,"featured_media":0,"parent":0,"menu_order":0,"comment_status":"closed","ping_status":"closed","template":"","meta":{"nf_dc_page":"","footnotes":""},"class_list":["post-10467","page","type-page","status-publish","hentry"],"_links":{"self":[{"href":"https:\/\/worknow.vn\/vi\/wp-json\/wp\/v2\/pages\/10467","targetHints":{"allow":["GET"]}}],"collection":[{"href":"https:\/\/worknow.vn\/vi\/wp-json\/wp\/v2\/pages"}],"about":[{"href":"https:\/\/worknow.vn\/vi\/wp-json\/wp\/v2\/types\/page"}],"author":[{"embeddable":true,"href":"https:\/\/worknow.vn\/vi\/wp-json\/wp\/v2\/users\/4"}],"replies":[{"embeddable":true,"href":"https:\/\/worknow.vn\/vi\/wp-json\/wp\/v2\/comments?post=10467"}],"version-history":[{"count":4,"href":"https:\/\/worknow.vn\/vi\/wp-json\/wp\/v2\/pages\/10467\/revisions"}],"predecessor-version":[{"id":11999,"href":"https:\/\/worknow.vn\/vi\/wp-json\/wp\/v2\/pages\/10467\/revisions\/11999"}],"wp:attachment":[{"href":"https:\/\/worknow.vn\/vi\/wp-json\/wp\/v2\/media?parent=10467"}],"curies":[{"name":"wp","href":"https:\/\/api.w.org\/{rel}","templated":true}]}}