{"id":10469,"date":"2022-08-09T07:29:30","date_gmt":"2022-08-09T07:29:30","guid":{"rendered":"https:\/\/worknow.vn\/technical-recruiter\/"},"modified":"2023-06-01T08:24:06","modified_gmt":"2023-06-01T08:24:06","slug":"tuyen-dung-ky-thuat-vien","status":"publish","type":"page","link":"https:\/\/worknow.vn\/vi\/tuyen-dung-ky-thuat-vien\/","title":{"rendered":"Tuy\u1ec3n D\u1ee5ng K\u1ef9 Thu\u1eadt Vi\u00ean"},"content":{"rendered":"<div class=\"wpb-content-wrapper\">[vc_row top_margin=&#8221;0&#8243; bottom_margin=&#8221;0&#8243; css=&#8221;.vc_custom_1499912039446{margin-top: -30px !important;}&#8221;][vc_column]<div class=\"shortcode-wrapper shortcode-title clearfix hb-animate-element hb-fade-in\"><p style=\"color:#878787!important;border-color:#878787\" class=\"hb-text-large aligncenter\">CHUY\u00caN VI\u00caN TUY\u1ec2N D\u1ee4NG K\u1ef8 THU\u1eacT VI\u00caN<\/p><\/div>[vc_row_inner][vc_column_inner][vc_empty_space height=&#8221;10px&#8221;]<div class=\"shortcode-wrapper shortcode-icon-box clearfix\"><div class=\"feature-box alternative left-icon-box aligncenter\"><div class=\"feature-box-content\"><h4 class=\"bold\">M\u00f4 t\u1ea3 c\u00f4ng vi\u1ec7c<\/h4><p>L\u00e0m vi\u1ec7c trong b\u1ed9 ph\u1eadn nh\u00e2n s\u1ef1 trong m\u1ed9t c\u00f4ng ty \u0111\u1ec3 \u0111\u1ea3m b\u1ea3o c\u00e1c v\u1ecb tr\u00ed nh\u00e2n s\u1ef1 li\u00ean quan \u0111\u1ebfn k\u1ef9 thu\u1eadt c\u00f4ng ngh\u1ec7. T\u00ecm ki\u1ebfm, x\u00e1c \u0111\u1ecbnh, tuy\u1ec3n d\u1ee5ng, s\u00e0n l\u1ecdc v\u00e0 \u0111\u01b0a ra nh\u1eefng \u1ee9ng vi\u00ean c\u00f3 chuy\u00ean m\u00f4n ph\u00f9 h\u1ee3p v\u1edbi c\u00e1c v\u1ecb tr\u00ed chuy\u00ean m\u00f4n v\u1ec1 c\u00f4ng ngh\u1ec7 th\u00f4ng tin, khoa h\u1ecdc d\u1eef li\u1ec7u ho\u1eb7c k\u1ef9 thu\u1eadt.<\/p>\n<p><strong>Vai tr\u00f2 v\u00e0 tr\u00e1ch nhi\u1ec7m <\/strong><\/p>\n<ul>\n<li>Ph\u1ed1i h\u1ee3p v\u1edbi c\u00e1c nh\u00e0 qu\u1ea3n l\u00fd tuy\u1ec3n d\u1ee5ng \u0111\u1ec3 hi\u1ec3u nhu c\u1ea7u v\u00e0 vai tr\u00f2 c\u1ea7n th\u1ef1c hi\u1ec7n; xem x\u00e9t m\u00f4 t\u1ea3 c\u00f4ng vi\u1ec7c cho c\u00e1c v\u1ecb tr\u00ed tuy\u1ec3n d\u1ee5ng.<\/li>\n<li>H\u1ed7 tr\u1ee3 ph\u00e1t tri\u1ec3n v\u00e0 s\u1eeda \u0111\u1ed5i c\u00e1c th\u00f4ng s\u1ed1 k\u1ef9 thu\u1eadt v\u00e0 m\u00f4 t\u1ea3 c\u00f4ng vi\u1ec7c cho c\u00e1c v\u1ecb tr\u00ed \u0111\u00e3 ch\u1ecdn.<\/li>\n<li>X\u00e1c \u0111\u1ecbnh c\u00e1c ph\u01b0\u01a1ng ph\u00e1p hi\u1ec7u qu\u1ea3 nh\u1ea5t \u0111\u1ec3 tuy\u1ec3n d\u1ee5ng v\u00e0 thu h\u00fat \u1ee9ng vi\u00ean.<\/li>\n<li>So\u1ea1n th\u1ea3o c\u00e1c qu\u1ea3ng c\u00e1o tuy\u1ec3n d\u1ee5ng; \u0111\u0103ng v\u00e0 \/ ho\u1eb7c \u0111\u1eb7t qu\u1ea3ng c\u00e1o tr\u00ean c\u00e1c ph\u01b0\u01a1ng ti\u1ec7n k\u1ef9 thu\u1eadt s\u1ed1 v\u00e0 \/ ho\u1eb7c ph\u01b0\u01a1ng ti\u1ec7n in \u1ea5n hi\u1ec7u qu\u1ea3 nh\u1ea5t cho c\u00e1c v\u1ecb tr\u00ed m\u1edf.<\/li>\n<li>Ch\u1ecdn m\u1ed9t ho\u1eb7c nhi\u1ec1u c\u01a1 quan s\u1eafp x\u1ebfp \u0111\u1ec3 h\u1ed7 tr\u1ee3 qu\u00e1 tr\u00ecnh tuy\u1ec3n d\u1ee5ng.<\/li>\n<li>X\u00e1c \u0111\u1ecbnh c\u00e1c \u1ee9ng vi\u00ean th\u00edch h\u1ee3p v\u00e0 \u0111\u00e1nh gi\u00e1 tr\u00ecnh \u0111\u1ed9 c\u1ee7a h\u1ecd th\u00f4ng qua vi\u1ec7c xem x\u00e9t h\u1ed3 s\u01a1, ph\u1ecfng v\u1ea5n v\u00e0 c\u00e1c h\u00ecnh th\u1ee9c li\u00ean l\u1ea1c kh\u00e1c.<\/li>\n<li>K\u1ebft n\u1ed1i c\u00e1c \u1ee9ng vi\u00ean c\u00f3 n\u0103ng l\u1ef1c v\u1edbi c\u00e1c nh\u00e0 qu\u1ea3n l\u00fd tuy\u1ec3n d\u1ee5ng.<\/li>\n<li>Duy tr\u00ec li\u00ean l\u1ea1c v\u1edbi c\u00e1c \u1ee9ng vi\u00ean \u0111\u1ec3 gi\u1eef cho h\u1ecd bi\u1ebft t\u00ecnh tr\u1ea1ng c\u1ee7a c\u00e1c \u1ee9ng d\u1ee5ng c\u1ee7a h\u1ecd.<\/li>\n<li>L\u1ea5y th\u00f4ng tin \u0111\u0103ng nh\u1eadp c\u1ee7a nh\u00e2n vi\u00ean ti\u1ec1m n\u0103ng.<\/li>\n<li>Cung c\u1ea5p l\u1eddi khuy\u00ean cho c\u00e1c nh\u00e0 qu\u1ea3n l\u00fd tuy\u1ec3n d\u1ee5ng li\u00ean quan \u0111\u1ebfn vi\u1ec7c \u0111\u00e0m ph\u00e1n l\u01b0\u01a1ng v\u1edbi c\u00e1c \u1ee9ng vi\u00ean cu\u1ed1i c\u00f9ng.<\/li>\n<li>T\u1ea1o \u0111i\u1ec1u ki\u1ec7n thu\u1eadn l\u1ee3i cho c\u00e1c m\u1ed1i li\u00ean h\u1ec7 b\u1eb1ng c\u00e1ch t\u1ea1o v\u00e0 duy tr\u00ec s\u1ef1 hi\u1ec7n di\u1ec7n trong c\u1ed9ng \u0111\u1ed3ng k\u1ef9 thu\u1eadt \/ c\u00f4ng nghi\u1ec7p v\u00e0 th\u1ecb tr\u01b0\u1eddng.<\/li>\n<li>Tham d\u1ef1 h\u1ed9i ch\u1ee3 vi\u1ec7c l\u00e0m v\u00e0 h\u1ed9i ngh\u1ecb ng\u00e0nh; \u0111i\u1ec1u h\u00e0nh gian h\u00e0ng c\u1ee7a c\u00f4ng ty t\u1ea1i c\u00e1c h\u1ed9i ch\u1ee3 vi\u1ec7c l\u00e0m.<\/li>\n<li>Th\u1ef1c hi\u1ec7n c\u00e1c nhi\u1ec7m v\u1ee5 li\u00ean quan kh\u00e1c theo s\u1ef1 ph\u00e2n c\u00f4ng.<\/li>\n<\/ul>\n<\/p><\/div><\/div><\/div>[vc_empty_space height=&#8221;30px&#8221;]<div class=\"shortcode-wrapper shortcode-icon-box clearfix\"><div class=\"feature-box alternative left-icon-box aligncenter\"><div class=\"feature-box-content\"><h4 class=\"bold\">K\u1ef9 n\u0103ng thi\u1ebft y\u1ebfu<\/h4><p>\n<ul>\n<li>K\u1ef9 n\u0103ng giao ti\u1ebfp b\u1eb1ng l\u1eddi n\u00f3i v\u00e0 v\u0103n b\u1ea3n.<\/li>\n<li>Hi\u1ec3u bi\u1ebft v\u1ec1 c\u00f4ng ngh\u1ec7 v\u00e0 vai tr\u00f2 k\u1ef9 thu\u1eadt.<\/li>\n<li>Hi\u1ec3u bi\u1ebft v\u1ec1 c\u00e1c ph\u01b0\u01a1ng ph\u00e1p tuy\u1ec3n d\u1ee5ng v\u00e0 th\u1ef1c ti\u1ec5n t\u1ed1t nh\u1ea5t, c\u0169ng nh\u01b0 c\u00e1c ch\u00ednh s\u00e1ch hi\u1ec7n h\u00e0nh v\u00e0 lu\u1eadt v\u00e0 quy \u0111\u1ecbnh v\u1ec1 vi\u1ec7c l\u00e0m c\u1ee7a lu\u1eadt lao \u0111\u1ed9ng.<\/li>\n<li>S\u1eed d\u1ee5ng th\u00e0nh th\u1ea1o Microsoft Office Suite ho\u1eb7c c\u00e1c ph\u1ea7n m\u1ec1m li\u00ean quan.<\/li>\n<\/ul>\n<p><strong>Tr\u00ecnh \u0111\u1ed9 chuy\u00ean m\u00f4n: <\/strong>Y\u00eau c\u1ea7u b\u1eb1ng c\u1eed nh\u00e2n trong l\u0129nh v\u1ef1c k\u1ef9 thu\u1eadt v\u00e0 \/ ho\u1eb7c ngu\u1ed3n nh\u00e2n l\u1ef1c li\u00ean quan.<\/p><\/div><\/div><\/div>[\/vc_column_inner][\/vc_row_inner][\/vc_column][\/vc_row]\n<\/div>","protected":false},"excerpt":{"rendered":"<p>[vc_row top_margin=&#8221;0&#8243; bottom_margin=&#8221;0&#8243; css=&#8221;.vc_custom_1499912039446{margin-top: -30px !important;}&#8221;][vc_column][vc_row_inner][vc_column_inner][vc_empty_space height=&#8221;10px&#8221;][vc_empty_space height=&#8221;30px&#8221;][\/vc_column_inner][\/vc_row_inner][\/vc_column][\/vc_row]<\/p>\n","protected":false},"author":4,"featured_media":0,"parent":0,"menu_order":0,"comment_status":"closed","ping_status":"closed","template":"","meta":{"nf_dc_page":"","footnotes":""},"class_list":["post-10469","page","type-page","status-publish","hentry"],"_links":{"self":[{"href":"https:\/\/worknow.vn\/vi\/wp-json\/wp\/v2\/pages\/10469","targetHints":{"allow":["GET"]}}],"collection":[{"href":"https:\/\/worknow.vn\/vi\/wp-json\/wp\/v2\/pages"}],"about":[{"href":"https:\/\/worknow.vn\/vi\/wp-json\/wp\/v2\/types\/page"}],"author":[{"embeddable":true,"href":"https:\/\/worknow.vn\/vi\/wp-json\/wp\/v2\/users\/4"}],"replies":[{"embeddable":true,"href":"https:\/\/worknow.vn\/vi\/wp-json\/wp\/v2\/comments?post=10469"}],"version-history":[{"count":5,"href":"https:\/\/worknow.vn\/vi\/wp-json\/wp\/v2\/pages\/10469\/revisions"}],"predecessor-version":[{"id":12000,"href":"https:\/\/worknow.vn\/vi\/wp-json\/wp\/v2\/pages\/10469\/revisions\/12000"}],"wp:attachment":[{"href":"https:\/\/worknow.vn\/vi\/wp-json\/wp\/v2\/media?parent=10469"}],"curies":[{"name":"wp","href":"https:\/\/api.w.org\/{rel}","templated":true}]}}