{"id":10471,"date":"2022-08-09T07:29:57","date_gmt":"2022-08-09T07:29:57","guid":{"rendered":"https:\/\/worknow.vn\/chief-human-resources-officer\/"},"modified":"2023-06-01T08:23:00","modified_gmt":"2023-06-01T08:23:00","slug":"giam-doc-tuyen-dung","status":"publish","type":"page","link":"https:\/\/worknow.vn\/vi\/giam-doc-tuyen-dung\/","title":{"rendered":"Gi\u00e1m \u0110\u1ed1c Tuy\u1ec3n D\u1ee5ng"},"content":{"rendered":"<div class=\"wpb-content-wrapper\">[vc_row top_margin=&#8221;0&#8243; bottom_margin=&#8221;0&#8243; css=&#8221;.vc_custom_1499912039446{margin-top: -30px !important;}&#8221;][vc_column]<div class=\"shortcode-wrapper shortcode-title clearfix hb-animate-element hb-fade-in\"><p style=\"color:#878787!important;border-color:#878787\" class=\"hb-text-large aligncenter\">Gi\u00e1m \u0110\u1ed1c Tuy\u1ec3n D\u1ee5ng <\/p><\/div>[vc_row_inner][vc_column_inner][vc_empty_space height=&#8221;10px&#8221;]<div class=\"shortcode-wrapper shortcode-icon-box clearfix\"><div class=\"feature-box alternative left-icon-box aligncenter\"><div class=\"feature-box-content\"><h4 class=\"bold\">M\u00f4 t\u1ea3 c\u00f4ng vi\u1ec7c<\/h4><p>L\u00e0 th\u00e0nh vi\u00ean c\u1ee7a b\u1ed9 ph\u1eadn nh\u00e2n s\u1ef1 c\u1ee7a c\u00f4ng ty, ch\u1ecbu tr\u00e1ch nhi\u1ec7m gi\u00e1m s\u00e1t c\u00e1c ho\u1ea1t \u0111\u1ed9ng v\u00e0 nh\u00e2n vi\u00ean ngu\u1ed3n nh\u00e2n l\u1ef1c. Gi\u1eef vai tr\u00f2 l\u00e3nh \u0111\u1ea1o trong b\u1ed9 ph\u1eadn nh\u00e2n s\u1ef1, gi\u00e1m s\u00e1t to\u00e0n b\u1ed9 b\u1ed9 ph\u1eadn nh\u00e2n s\u1ef1, n\u01a1i h\u1ecd qu\u1ea3n l\u00fd m\u1ed9t s\u1ed1 kh\u00eda c\u1ea1nh c\u1ee7a qu\u00e1 tr\u00ecnh tuy\u1ec3n d\u1ee5ng, ch\u1eb3ng h\u1ea1n nh\u01b0 tuy\u1ec3n d\u1ee5ng, thu\u00ea, thu nh\u1eadn ph\u00fac l\u1ee3i, \u0111\u00e0o t\u1ea1o v\u00e0 duy tr\u00ec m\u1ed1i quan h\u1ec7 nh\u00e2n vi\u00ean. C\u00f3 n\u1ec1n t\u1ea3ng s\u00e2u r\u1ed9ng v\u1ec1 ngu\u1ed3n nh\u00e2n l\u1ef1c v\u00e0 c\u00e1c vai tr\u00f2 li\u00ean quan \u0111\u1ebfn qu\u1ea3n l\u00fd, l\u00e3nh \u0111\u1ea1o c\u00e1c b\u1ed9 ph\u1eadn nh\u00e2n s\u1ef1 l\u00e0m vi\u1ec7c. Ph\u1ed1i h\u1ee3p c\u00f9ng v\u1edbi gi\u00e1m \u0111\u1ed1c \u0111i\u1ec1u h\u00e0nh (CEO) ho\u1eb7c gi\u00e1m \u0111\u1ed1c t\u00e0i ch\u00ednh (CFO) \u0111\u1ec3 \u0111\u1ea3m b\u1ea3o m\u1ee5c ti\u00eau v\u00e0 k\u1ebf ho\u1ea1ch c\u1ee7a doanh nghi\u1ec7p.<\/p>\n<p><strong>Vai tr\u00f2 v\u00e0 tr\u00e1ch nhi\u1ec7m<\/strong><\/p>\n<ul>\n<li>Thi\u1ebft l\u1eadp v\u00e0 th\u1ef1c hi\u1ec7n c\u00e1c n\u1ed7 l\u1ef1c nh\u00e2n s\u1ef1 nh\u1eb1m truy\u1ec1n \u0111\u1ea1t v\u00e0 h\u1ed7 tr\u1ee3 hi\u1ec7u qu\u1ea3 s\u1ee9 m\u1ec7nh v\u00e0 t\u1ea7m nh\u00ecn chi\u1ebfn l\u01b0\u1ee3c c\u1ee7a c\u00f4ng ty.<\/li>\n<li>X\u00e2y d\u1ef1ng k\u1ebf ho\u1ea1ch v\u00e0 chi\u1ebfn l\u01b0\u1ee3c nh\u00e2n s\u1ef1 v\u00ed d\u1ee5 \u0111\u1ec3 h\u1ed7 tr\u1ee3 vi\u1ec7c \u0111\u1ea1t \u0111\u01b0\u1ee3c c\u00e1c m\u1ee5c ti\u00eau ho\u1ea1t \u0111\u1ed9ng kinh doanh t\u1ed5ng th\u1ec3.<\/li>\n<li>C\u1ed1 v\u1ea5n chi\u1ebfn l\u01b0\u1ee3c kinh doanh cho ban \u0111i\u1ec1u h\u00e0nh \/ qu\u1ea3n l\u00fd c\u1ea5p cao c\u1ee7a t\u1eebng \u0111\u01a1n v\u1ecb kinh doanh ho\u1eb7c nh\u00f3m chuy\u00ean m\u00f4n li\u00ean quan \u0111\u1ebfn c\u00e1c v\u1ea5n \u0111\u1ec1 t\u1ed5 ch\u1ee9c v\u00e0 qu\u1ea3n l\u00fd quan tr\u1ecdng.<\/li>\n<li>L\u00e0m vi\u1ec7c v\u1edbi nh\u00f3m qu\u1ea3n l\u00fd \u0111i\u1ec1u h\u00e0nh c\u1ee7a c\u00f4ng ty \u0111\u1ec3 thi\u1ebft l\u1eadp m\u1ed9t k\u1ebf ho\u1ea1ch k\u1ebf th\u1eeba qu\u1ea3n l\u00fd ph\u00f9 h\u1ee3p v\u1edbi chi\u1ebfn l\u01b0\u1ee3c v\u00e0 m\u1ee5c ti\u00eau c\u1ee7a c\u00f4ng ty.<\/li>\n<li>X\u00e2y d\u1ef1ng k\u1ebf ho\u1ea1ch tuy\u1ec3n d\u1ee5ng v\u00e0 duy tr\u00ec chi\u1ebfn l\u01b0\u1ee3c to\u00e0n di\u1ec7n \u0111\u1ec3 \u0111\u00e1p \u1ee9ng nhu c\u1ea7u nh\u00e2n l\u1ef1c c\u1ee7a c\u00e1c m\u1ee5c ti\u00eau chi\u1ebfn l\u01b0\u1ee3c.<\/li>\n<li>X\u00e2y d\u1ef1ng v\u00e0 th\u1ef1c hi\u1ec7n c\u00e1c k\u1ebf ho\u1ea1ch b\u1ed3i th\u01b0\u1eddng v\u00e0 ph\u00fac l\u1ee3i to\u00e0n di\u1ec7n, c\u00f3 t\u00ednh c\u1ea1nh tranh v\u00e0 hi\u1ec7u qu\u1ea3 v\u1ec1 chi ph\u00ed.<\/li>\n<li>L\u00e3nh \u0111\u1ea1o v\u00e0 h\u01b0\u1edbng d\u1eabn t\u1ed5ng th\u1ec3 cho ch\u1ee9c n\u0103ng nh\u00e2n s\u1ef1 b\u1eb1ng c\u00e1ch gi\u00e1m s\u00e1t vi\u1ec7c thu nh\u1eadn nh\u00e2n t\u00e0i, ph\u00e1t tri\u1ec3n ngh\u1ec1 nghi\u1ec7p, l\u1eadp k\u1ebf ho\u1ea1ch k\u1ebf nhi\u1ec7m, gi\u1eef ch\u00e2n, \u0111\u00e0o t\u1ea1o, ph\u00e1t tri\u1ec3n kh\u1ea3 n\u0103ng l\u00e3nh \u0111\u1ea1o, l\u01b0\u01a1ng th\u01b0\u1edfng v\u00e0 l\u1ee3i \u00edch tr\u00ean to\u00e0n c\u1ea7u.<\/li>\n<\/ul>\n<\/p><\/div><\/div><\/div>[vc_empty_space height=&#8221;30px&#8221;]<div class=\"shortcode-wrapper shortcode-icon-box clearfix\"><div class=\"feature-box alternative left-icon-box aligncenter\"><div class=\"feature-box-content\"><h4 class=\"bold\">K\u1ef9 n\u0103ng thi\u1ebft y\u1ebfu<\/h4><p>\n<ul>\n<li>K\u1ef9 n\u0103ng giao ti\u1ebfp b\u1eb1ng l\u1eddi n\u00f3i v\u00e0 v\u0103n b\u1ea3n.<\/li>\n<li>K\u1ef9 n\u0103ng gi\u1ea3i quy\u1ebft xung \u0111\u1ed9t v\u00e0 giao ti\u1ebfp gi\u1eefa c\u00e1c c\u00e1 nh\u00e2n.<\/li>\n<li>K\u1ef9 n\u0103ng t\u1ed5 ch\u1ee9c, x\u00e2y d\u1ef1ng, c\u1ea9n tr\u1ecdng v\u00e0 t\u1ec9 m\u1ec9.<\/li>\n<li>K\u1ef9 n\u0103ng ph\u00e2n t\u00edch v\u00e0 gi\u1ea3i quy\u1ebft v\u1ea5n \u0111\u1ec1`.<\/li>\n<li>K\u1ef9 n\u0103ng gi\u00e1m s\u00e1t v\u00e0 l\u00e3nh \u0111\u1ea1o m\u1ea1nh m\u1ebd.<\/li>\n<li>Ki\u1ebfn th\u1ee9c v\u1ec1 lu\u1eadt v\u00e0 quy \u0111\u1ecbnh li\u00ean quan \u0111\u1ebfn vi\u1ec7c l\u00e0m.<\/li>\n<li>C\u00f3 ki\u1ebfn \u200b\u200bth\u1ee9c v\u00e0 kinh nghi\u1ec7m v\u1edbi c\u00e1c h\u1ec7 th\u1ed1ng th\u00f4ng tin ngu\u1ed3n nh\u00e2n l\u1ef1c \u0111a d\u1ea1ng.<\/li>\n<li>S\u1eed d\u1ee5ng th\u00e0nh th\u1ea1o Microsoft Office Suite ho\u1eb7c c\u00e1c ph\u1ea7n m\u1ec1m li\u00ean quan.<\/li>\n<\/ul>\n<p><strong>Tr\u00ecnh \u0111\u1ed9 chuy\u00ean m\u00f4n:<\/strong> B\u1eb1ng BS \/ BA t\u1eeb m\u1ed9t tr\u01b0\u1eddng cao \u0111\u1eb3ng \/ \u0111\u1ea1i h\u1ecdc \u0111\u01b0\u1ee3c c\u00f4ng nh\u1eadn; \u01afu ti\u00ean MBA ho\u1eb7c MA \/ MS trong l\u0129nh v\u1ef1c nh\u00e2n s\u1ef1 ho\u1eb7c l\u0129nh v\u1ef1c li\u00ean quan.<\/p><\/div><\/div><\/div>[\/vc_column_inner][\/vc_row_inner][\/vc_column][\/vc_row]\n<\/div>","protected":false},"excerpt":{"rendered":"<p>[vc_row top_margin=&#8221;0&#8243; bottom_margin=&#8221;0&#8243; css=&#8221;.vc_custom_1499912039446{margin-top: -30px !important;}&#8221;][vc_column][vc_row_inner][vc_column_inner][vc_empty_space height=&#8221;10px&#8221;][vc_empty_space height=&#8221;30px&#8221;][\/vc_column_inner][\/vc_row_inner][\/vc_column][\/vc_row]<\/p>\n","protected":false},"author":4,"featured_media":0,"parent":0,"menu_order":0,"comment_status":"closed","ping_status":"closed","template":"","meta":{"nf_dc_page":"","footnotes":""},"class_list":["post-10471","page","type-page","status-publish","hentry"],"_links":{"self":[{"href":"https:\/\/worknow.vn\/vi\/wp-json\/wp\/v2\/pages\/10471","targetHints":{"allow":["GET"]}}],"collection":[{"href":"https:\/\/worknow.vn\/vi\/wp-json\/wp\/v2\/pages"}],"about":[{"href":"https:\/\/worknow.vn\/vi\/wp-json\/wp\/v2\/types\/page"}],"author":[{"embeddable":true,"href":"https:\/\/worknow.vn\/vi\/wp-json\/wp\/v2\/users\/4"}],"replies":[{"embeddable":true,"href":"https:\/\/worknow.vn\/vi\/wp-json\/wp\/v2\/comments?post=10471"}],"version-history":[{"count":4,"href":"https:\/\/worknow.vn\/vi\/wp-json\/wp\/v2\/pages\/10471\/revisions"}],"predecessor-version":[{"id":11997,"href":"https:\/\/worknow.vn\/vi\/wp-json\/wp\/v2\/pages\/10471\/revisions\/11997"}],"wp:attachment":[{"href":"https:\/\/worknow.vn\/vi\/wp-json\/wp\/v2\/media?parent=10471"}],"curies":[{"name":"wp","href":"https:\/\/api.w.org\/{rel}","templated":true}]}}