{"id":10473,"date":"2022-08-09T07:30:14","date_gmt":"2022-08-09T07:30:14","guid":{"rendered":"https:\/\/worknow.vn\/director-of-human-resources\/"},"modified":"2023-06-01T08:26:45","modified_gmt":"2023-06-01T08:26:45","slug":"giam-doc-nhan-su","status":"publish","type":"page","link":"https:\/\/worknow.vn\/vi\/giam-doc-nhan-su\/","title":{"rendered":"Gi\u00e1m \u0110\u1ed1c Nh\u00e2n S\u1ef1"},"content":{"rendered":"<div class=\"wpb-content-wrapper\">[vc_row top_margin=&#8221;0&#8243; bottom_margin=&#8221;0&#8243; css=&#8221;.vc_custom_1499912039446{margin-top: -30px !important;}&#8221;][vc_column]<div class=\"shortcode-wrapper shortcode-title clearfix hb-animate-element hb-fade-in\"><p style=\"color:#878787!important;border-color:#878787\" class=\"hb-text-large aligncenter\">GI\u00c1M \u0110\u1ed0C NH\u00c2N S\u1ef0 H\u00c0NH CH\u00cdNH<\/p><\/div>[vc_row_inner][vc_column_inner][vc_empty_space height=&#8221;10px&#8221;]<div class=\"shortcode-wrapper shortcode-icon-box clearfix\"><div class=\"feature-box alternative left-icon-box aligncenter\"><div class=\"feature-box-content\"><h4 class=\"bold\">M\u00f4 t\u1ea3 c\u00f4ng vi\u1ec7c<\/h4><p>Nh\u00e2n s\u1ef1 cao c\u1ea5p nh\u1ea5t trong b\u1ed9 ph\u1eadn v\u00e0 ch\u1ecbu tr\u00e1ch nhi\u1ec7m \u0111\u01b0a ra c\u00e1c quy\u1ebft \u0111\u1ecbnh nh\u00e2n s\u1ef1 \u0111i\u1ec1u h\u00e0nh li\u00ean quan \u0111\u1ebfn c\u00e1c ch\u00ednh s\u00e1ch, th\u00f4ng l\u1ec7 v\u00e0 chi\u1ebfn l\u01b0\u1ee3c. Gi\u00e1m s\u00e1t, ch\u1ec9 \u0111\u1ea1o v\u00e0 \u0111\u00e1nh gi\u00e1 c\u00e1c nh\u00e2n s\u1ef1 t\u1ea1i c\u00f4ng ty. Gi\u00e1m \u0111\u1ed1c ngu\u1ed3n nh\u00e2n l\u1ef1c l\u00e0 ng\u01b0\u1eddi c\u00f3 tr\u00e1ch nhi\u1ec7m l\u1eadp k\u1ebf ho\u1ea1ch, ch\u1ec9 \u0111\u1ea1o v\u00e0 \u0111i\u1ec1u ph\u1ed1i c\u00e1c ho\u1ea1t \u0111\u1ed9ng, ch\u00ednh s\u00e1ch v\u00e0 ch\u01b0\u01a1ng tr\u00ecnh nh\u00e2n s\u1ef1 cho c\u00f4ng ty.<\/p>\n<p><strong>Vai tr\u00f2 v\u00e0 tr\u00e1ch nhi\u1ec7m<\/strong><\/p>\n<ul>\n<li>Ph\u1ed1i h\u1ee3p v\u1edbi l\u00e3nh \u0111\u1ea1o c\u1ea5p cao \u0111\u1ec3 hi\u1ec3u c\u00e1c m\u1ee5c ti\u00eau v\u00e0 chi\u1ebfn l\u01b0\u1ee3c c\u1ee7a t\u1ed5 ch\u1ee9c li\u00ean quan \u0111\u1ebfn nh\u00e2n s\u1ef1, tuy\u1ec3n d\u1ee5ng v\u00e0 duy tr\u00ec.<\/li>\n<li>L\u1eadp k\u1ebf ho\u1ea1ch, d\u1eabn d\u1eaft, ph\u00e1t tri\u1ec3n, \u0111i\u1ec1u ph\u1ed1i v\u00e0 th\u1ef1c hi\u1ec7n c\u00e1c ch\u00ednh s\u00e1ch, quy tr\u00ecnh, \u0111\u00e0o t\u1ea1o, s\u00e1ng ki\u1ebfn \u200b\u200bv\u00e0 kh\u1ea3o s\u00e1t \u0111\u1ec3 h\u1ed7 tr\u1ee3 c\u00e1c nhu c\u1ea7u v\u1ec1 tu\u00e2n th\u1ee7 v\u00e0 chi\u1ebfn l\u01b0\u1ee3c ngu\u1ed3n nh\u00e2n l\u1ef1c c\u1ee7a t\u1ed5 ch\u1ee9c.<\/li>\n<li>Qu\u1ea3n l\u00fd ho\u1eb7c gi\u00e1m s\u00e1t vi\u1ec7c \u0111i\u1ec1u h\u00e0nh c\u00e1c ch\u01b0\u01a1ng tr\u00ecnh nh\u00e2n s\u1ef1 bao g\u1ed3m, nh\u01b0ng kh\u00f4ng gi\u1edbi h\u1ea1n, l\u01b0\u01a1ng th\u01b0\u1edfng, ph\u00fac l\u1ee3i v\u00e0 ngh\u1ec9 ph\u00e9p; v\u1ea5n \u0111\u1ec1 k\u1ef7 lu\u1eadt; tranh ch\u1ea5p v\u00e0 \u0111i\u1ec1u tra; qu\u1ea3n l\u00fd hi\u1ec7u su\u1ea5t v\u00e0 t\u00e0i n\u0103ng; n\u0103ng su\u1ea5t, s\u1ef1 c\u00f4ng nh\u1eadn v\u00e0 tinh th\u1ea7n; s\u1ee9c kh\u1ecfe v\u00e0 an to\u00e0n lao \u0111\u1ed9ng; v\u00e0 \u0111\u00e0o t\u1ea1o v\u00e0 ph\u00e1t tri\u1ec3n.<\/li>\n<li>X\u00e1c \u0111\u1ecbnh nhu c\u1ea7u nh\u00e2n s\u1ef1 v\u00e0 tuy\u1ec3n d\u1ee5ng; ph\u00e1t tri\u1ec3n v\u00e0 th\u1ef1c hi\u1ec7n c\u00e1c ph\u01b0\u01a1ng ph\u00e1p hay nh\u1ea5t \u0111\u1ec3 tuy\u1ec3n d\u1ee5ng v\u00e0 qu\u1ea3n l\u00fd nh\u00e2n t\u00e0i.<\/li>\n<li>Ti\u1ebfn h\u00e0nh nghi\u00ean c\u1ee9u v\u00e0 ph\u00e2n t\u00edch c\u00e1c xu h\u01b0\u1edbng c\u1ee7a t\u1ed5 ch\u1ee9c bao g\u1ed3m vi\u1ec7c xem x\u00e9t c\u00e1c b\u00e1o c\u00e1o v\u00e0 s\u1ed1 li\u1ec7u t\u1eeb h\u1ec7 th\u1ed1ng th\u00f4ng tin ngu\u1ed3n nh\u00e2n l\u1ef1c (HRIS) ho\u1eb7c h\u1ec7 th\u1ed1ng qu\u1ea3n l\u00fd nh\u00e2n t\u00e0i c\u1ee7a t\u1ed5 ch\u1ee9c.<\/li>\n<li>Gi\u00e1m s\u00e1t v\u00e0 \u0111\u1ea3m b\u1ea3o c\u00e1c t\u1ed5 ch\u1ee9c tu\u00e2n th\u1ee7 lu\u1eadt v\u00e0 quy \u0111\u1ecbnh v\u1ec1 vi\u1ec7c l\u00e0m c\u1ee7a lu\u1eadt lao \u0111\u1ed9ng c\u0169ng nh\u01b0 c\u00e1c ph\u01b0\u01a1ng ph\u00e1p hay nh\u1ea5t \u0111\u01b0\u1ee3c \u0111\u1ec1 xu\u1ea5t; xem x\u00e9t v\u00e0 s\u1eeda \u0111\u1ed5i c\u00e1c ch\u00ednh s\u00e1ch v\u00e0 th\u1ef1c h\u00e0nh \u0111\u1ec3 duy tr\u00ec s\u1ef1 tu\u00e2n th\u1ee7.<\/li>\n<li>Lu\u00f4n c\u1eadp nh\u1eadt nh\u1eefng xu h\u01b0\u1edbng, c\u00e1c thay \u0111\u1ed5i v\u1ec1 quy \u0111\u1ecbnh v\u00e0 c\u00f4ng ngh\u1ec7 m\u1edbi trong ngu\u1ed3n nh\u00e2n l\u1ef1c, qu\u1ea3n l\u00fd nh\u00e2n t\u00e0i v\u00e0 lu\u1eadt vi\u1ec7c l\u00e0m; \u00e1p d\u1ee5ng ki\u1ebfn \u200b\u200bth\u1ee9c n\u00e0y \u0111\u1ec3 truy\u1ec1n \u0111\u1ea1t nh\u1eefng thay \u0111\u1ed5i v\u1ec1 ch\u00ednh s\u00e1ch, th\u1ef1c ti\u1ec5n v\u00e0 ngu\u1ed3n l\u1ef1c cho qu\u1ea3n l\u00fd c\u1ea5p tr\u00ean.<\/li>\n<li>X\u00e2y d\u1ef1ng v\u00e0 th\u1ef1c hi\u1ec7n ng\u00e2n s\u00e1ch b\u1ed9 ph\u1eadn.<\/li>\n<li>T\u1ea1o \u0111i\u1ec1u ki\u1ec7n thu\u1eadn l\u1ee3i cho c\u00e1c ho\u1ea1t \u0111\u1ed9ng ph\u00e1t tri\u1ec3n, \u0111\u00e0o t\u1ea1o v\u00e0 c\u1ea5p ch\u1ee9ng ch\u1ec9 chuy\u00ean m\u00f4n cho \u0111\u1ed9i ng\u0169 nh\u00e2n s\u1ef1.<\/li>\n<li>Th\u1ef1c hi\u1ec7n nh\u1eefng nhi\u1ec7m v\u1ee5 kh\u00e1c nh\u01b0 y\u00eau c\u1ea7u.<\/li>\n<\/ul>\n<\/p><\/div><\/div><\/div>[vc_empty_space height=&#8221;30px&#8221;]<div class=\"shortcode-wrapper shortcode-icon-box clearfix\"><div class=\"feature-box alternative left-icon-box aligncenter\"><div class=\"feature-box-content\"><h4 class=\"bold\">K\u1ef9 n\u0103ng thi\u1ebft y\u1ebfu<\/h4><p>\n<ul>\n<li>K\u1ef9 n\u0103ng giao ti\u1ebfp b\u1eb1ng l\u1eddi n\u00f3i v\u00e0 v\u0103n b\u1ea3n.<\/li>\n<li>K\u1ef9 n\u0103ng \u0111\u00e0m ph\u00e1n v\u00e0 giao ti\u1ebfp c\u00e1 nh\u00e2n.<\/li>\n<li>K\u1ef9 n\u0103ng t\u1ed5 ch\u1ee9c, x\u00e2y d\u1ef1ng, c\u1ea9n tr\u1ecdng v\u00e0 t\u1ec9 m\u1ec9.<\/li>\n<li>K\u1ef9 n\u0103ng qu\u1ea3n l\u00fd th\u1eddi gian v\u00e0 ho\u00e0n th\u00e0nh deadline..<\/li>\n<li>K\u1ef9 n\u0103ng ph\u00e2n t\u00edch v\u00e0 gi\u1ea3i quy\u1ebft v\u1ea5n \u0111\u1ec1.<\/li>\n<li>K\u1ef9 n\u0103ng gi\u00e1m s\u00e1t v\u00e0 l\u00e3nh \u0111\u1ea1o.<\/li>\n<li>Kh\u1ea3 n\u0103ng th\u00edch \u1ee9ng v\u1edbi nhu c\u1ea7u c\u1ee7a t\u1ed5 ch\u1ee9c v\u00e0 nh\u00e2n vi\u00ean.<\/li>\n<li>Kh\u1ea3 n\u0103ng s\u1eafp x\u1ebfp th\u1ee9 t\u1ef1 \u01b0u ti\u00ean c\u00e1c nhi\u1ec7m v\u1ee5 v\u00e0 \u1ee7y quy\u1ec1n khi c\u00f3 y\u00eau c\u1ea7u.<\/li>\n<li>Ki\u1ebfn th\u1ee9c k\u1ef9 l\u01b0\u1ee1ng v\u1ec1 lu\u1eadt v\u00e0 quy \u0111\u1ecbnh li\u00ean quan \u0111\u1ebfn vi\u1ec7c l\u00e0m.<\/li>\n<li>S\u1eed d\u1ee5ng th\u00e0nh th\u1ea1o Microsoft Office Suite ho\u1eb7c c\u00e1c ph\u1ea7n m\u1ec1m li\u00ean quan.<\/li>\n<li>Th\u00e0nh th\u1ea1o c\u00e1c t\u1ed5 ch\u1ee9c HRIS v\u00e0 h\u1ec7 th\u1ed1ng qu\u1ea3n l\u00fd nh\u00e2n t\u00e0i.<\/li>\n<\/ul>\n<p><strong>Tr\u00ecnh \u0111\u1ed9 chuy\u00ean m\u00f4n:<\/strong> B\u1eb1ng c\u1eed nh\u00e2n v\u1ec1 Nh\u00e2n s\u1ef1, Qu\u1ea3n tr\u1ecb Kinh doanh, ho\u1eb7c l\u0129nh v\u1ef1c li\u00ean quan y\u00eau c\u1ea7u; \u01afu ti\u00ean b\u1eb1ng th\u1ea1c s\u0129.<\/p><\/div><\/div><\/div>[\/vc_column_inner][\/vc_row_inner][\/vc_column][\/vc_row]\n<\/div>","protected":false},"excerpt":{"rendered":"<p>[vc_row top_margin=&#8221;0&#8243; bottom_margin=&#8221;0&#8243; css=&#8221;.vc_custom_1499912039446{margin-top: -30px !important;}&#8221;][vc_column][vc_row_inner][vc_column_inner][vc_empty_space height=&#8221;10px&#8221;][vc_empty_space height=&#8221;30px&#8221;][\/vc_column_inner][\/vc_row_inner][\/vc_column][\/vc_row]<\/p>\n","protected":false},"author":4,"featured_media":0,"parent":0,"menu_order":0,"comment_status":"closed","ping_status":"closed","template":"","meta":{"nf_dc_page":"","footnotes":""},"class_list":["post-10473","page","type-page","status-publish","hentry"],"_links":{"self":[{"href":"https:\/\/worknow.vn\/vi\/wp-json\/wp\/v2\/pages\/10473","targetHints":{"allow":["GET"]}}],"collection":[{"href":"https:\/\/worknow.vn\/vi\/wp-json\/wp\/v2\/pages"}],"about":[{"href":"https:\/\/worknow.vn\/vi\/wp-json\/wp\/v2\/types\/page"}],"author":[{"embeddable":true,"href":"https:\/\/worknow.vn\/vi\/wp-json\/wp\/v2\/users\/4"}],"replies":[{"embeddable":true,"href":"https:\/\/worknow.vn\/vi\/wp-json\/wp\/v2\/comments?post=10473"}],"version-history":[{"count":5,"href":"https:\/\/worknow.vn\/vi\/wp-json\/wp\/v2\/pages\/10473\/revisions"}],"predecessor-version":[{"id":12002,"href":"https:\/\/worknow.vn\/vi\/wp-json\/wp\/v2\/pages\/10473\/revisions\/12002"}],"wp:attachment":[{"href":"https:\/\/worknow.vn\/vi\/wp-json\/wp\/v2\/media?parent=10473"}],"curies":[{"name":"wp","href":"https:\/\/api.w.org\/{rel}","templated":true}]}}