{"id":10475,"date":"2022-08-09T07:30:39","date_gmt":"2022-08-09T07:30:39","guid":{"rendered":"https:\/\/worknow.vn\/human-resources-information-system-manager\/"},"modified":"2023-06-01T08:26:38","modified_gmt":"2023-06-01T08:26:38","slug":"quan-ly-thong-tin-nhan-su","status":"publish","type":"page","link":"https:\/\/worknow.vn\/vi\/quan-ly-thong-tin-nhan-su\/","title":{"rendered":"Qu\u1ea3n L\u00fd Th\u00f4ng Tin Nh\u00e2n S\u1ef1"},"content":{"rendered":"<div class=\"wpb-content-wrapper\">[vc_row top_margin=&#8221;0&#8243; bottom_margin=&#8221;0&#8243; css=&#8221;.vc_custom_1499912039446{margin-top: -30px !important;}&#8221;][vc_column]<div class=\"shortcode-wrapper shortcode-title clearfix hb-animate-element hb-fade-in\"><p style=\"color:#878787!important;border-color:#878787\" class=\"hb-text-large aligncenter\">Qu\u1ea3n L\u00fd Th\u00f4ng Tin Nh\u00e2n S\u1ef1<\/p><\/div>[vc_row_inner][vc_column_inner][vc_empty_space height=&#8221;10px&#8221;]<div class=\"shortcode-wrapper shortcode-icon-box clearfix\"><div class=\"feature-box alternative left-icon-box aligncenter\"><div class=\"feature-box-content\"><h4 class=\"bold\">M\u00f4 t\u1ea3 c\u00f4ng vi\u1ec7c<\/h4><p>Qu\u1ea3n l\u00fd t\u1ea5t c\u1ea3 nh\u1eefng vi\u1ec7c c\u1ea7n l\u00e0m v\u1edbi h\u1ec7 th\u1ed1ng nh\u00e2n s\u1ef1, gi\u1ea3i quy\u1ebft nh\u1eefng v\u1ea5n \u0111\u1ec1 li\u00ean quan \u0111\u1ebfn h\u1ec7 th\u1ed1ng ph\u1ea7n m\u1ec1m nh\u00e2n s\u1ef1. Li\u00ean k\u1ebft t\u1ed1t v\u1edbi c\u00e1c b\u1ed9 ph\u1eadn kh\u00e1c &#8211; ch\u1eb3ng h\u1ea1n nh\u01b0 t\u00e0i ch\u00ednh, nh\u00e2n s\u1ef1 v\u00e0 CNTT &#8211; \u0111\u1ec3 t\u1ea1o b\u00e1o c\u00e1o ho\u1eb7c gi\u1ea3i quy\u1ebft c\u00e1c v\u1ea5n \u0111\u1ec1 ho\u1ea1t \u0111\u1ed9ng \/ ho\u00e0n th\u00e0nh nhi\u1ec7m v\u1ee5. Ch\u1ecbu tr\u00e1ch nhi\u1ec7m \u0111\u00e0o t\u1ea1o nh\u00e2n vi\u00ean s\u1eed d\u1ee5ng h\u1ec7 th\u1ed1ng, c\u00f3 vai tr\u00f2 quan tr\u1ecdng trong vi\u1ec7c thi\u1ebft l\u1eadp v\u00e0 ch\u1ea1y ph\u1ea7n m\u1ec1m nh\u00e2n s\u1ef1, c\u0169ng nh\u01b0 duy tr\u00ec ph\u1ea7n m\u1ec1m \u0111\u00f3. Ch\u1ecbu tr\u00e1ch nhi\u1ec7m v\u1ec1 b\u1ea3o m\u1eadt c\u1ee7a h\u1ec7 th\u1ed1ng v\u00e0 b\u1ea5t k\u1ef3 s\u1ef1 c\u1ed1 d\u1eef li\u1ec7u n\u00e0o; m\u1eb7c d\u00f9 \u0111i\u1ec1u n\u00e0y c\u00f3 th\u1ec3 \u0111\u01b0\u1ee3c chia s\u1ebb v\u1edbi b\u1ed9 ph\u1eadn CNTT. T\u1ea1o m\u1ed1i quan h\u1ec7 t\u1ed1t v\u1edbi nh\u00e0 cung c\u1ea5p ph\u1ea7n m\u1ec1m \u0111\u1ec3 c\u00f3 b\u1ea5t k\u1ef3 v\u1ea5n \u0111\u1ec1 n\u00e0o ho\u1eb7c n\u1ebfu mu\u1ed1n s\u1eeda \u0111\u1ed5i h\u1ec7 th\u1ed1ng theo m\u1ed9t c\u00e1ch n\u00e0o \u0111\u00f3 th\u00ec \u0111\u01b0\u1ee3c h\u1ed7 tr\u1ee3 m\u1ed9t c\u00e1ch nhanh nh\u1ea5t.<br \/>\nVai tr\u00f2 v\u00e0 tr\u00e1ch nhi\u1ec7m<br \/>\n\u2022 Gi\u00e1m s\u00e1t v\u00e0 duy tr\u00ec ch\u1ee9c n\u0103ng t\u1ed1i \u01b0u c\u1ee7a h\u1ec7 th\u1ed1ng d\u1ecbch v\u1ee5 th\u00f4ng tin nh\u00e2n s\u1ef1 n\u1ed9i b\u1ed9 c\u1ee7a t\u1ed5 ch\u1ee9c, c\u00f3 th\u1ec3 bao g\u1ed3m qu\u1ea3n l\u00fd c\u01a1 s\u1edf d\u1eef li\u1ec7u, h\u1ed7 tr\u1ee3 m\u1ea1ng, c\u00e0i \u0111\u1eb7t, t\u00f9y ch\u1ec9nh, ph\u00e1t tri\u1ec3n, b\u1ea3o tr\u00ec v\u00e0 n\u00e2ng c\u1ea5p c\u00e1c \u1ee9ng d\u1ee5ng, h\u1ec7 th\u1ed1ng v\u00e0 m\u00f4-\u0111un.<br \/>\n\u2022 Gi\u00e1m s\u00e1t v\u00e0 duy tr\u00ec c\u00e1c t\u1ec7p c\u01a1 s\u1edf d\u1eef li\u1ec7u n\u1ed9i b\u1ed9, b\u1ea3ng, m\u00e3, t\u1ec7p sao l\u01b0u, t\u00ednh to\u00e0n v\u1eb9n v\u00e0 b\u1ea3o m\u1eadt.<br \/>\n\u2022 C\u00e0i \u0111\u1eb7t, tri\u1ec3n khai, s\u1eeda \u0111\u1ed5i v\u00e0 n\u00e2ng c\u1ea5p ph\u1ea7n m\u1ec1m v\u00e0 \u1ee9ng d\u1ee5ng \u0111\u1ec3 \u0111\u00e1p \u1ee9ng c\u00f4ng vi\u1ec7c v\u00e0 c\u00f4ng ngh\u1ec7 \u0111ang thay \u0111\u1ed5i.<br \/>\n\u2022 Cung c\u1ea5p h\u1ed7 tr\u1ee3 k\u1ef9 thu\u1eadt, kh\u1eafc ph\u1ee5c s\u1ef1 c\u1ed1 v\u00e0 h\u01b0\u1edbng d\u1eabn cho nh\u00e2n vi\u00ean Nh\u00e2n s\u1ef1.<br \/>\n\u2022 Ph\u1ed1i h\u1ee3p v\u1edbi l\u00e3nh \u0111\u1ea1o \u0111i\u1ec1u h\u00e0nh v\u00e0 nh\u00e2n vi\u00ean nh\u00e2n s\u1ef1 \u0111\u1ec3 x\u00e1c \u0111\u1ecbnh c\u00e1c c\u1ea3i ti\u1ebfn v\u00e0 n\u00e2ng cao c\u1ea7n thi\u1ebft \u0111\u1ed1i v\u1edbi c\u00e1c d\u1ecbch v\u1ee5 th\u00f4ng tin v\u00e0 c\u01a1 s\u1edf d\u1eef li\u1ec7u hi\u1ec7n c\u00f3; khuy\u1ebfn ngh\u1ecb v\u00e0 th\u1ef1c hi\u1ec7n c\u00e1c gi\u1ea3i ph\u00e1p.<br \/>\n\u2022 Qu\u1ea3n l\u00fd quy\u1ec1n, truy c\u1eadp, c\u00e1 nh\u00e2n h\u00f3a, c\u00e1c ho\u1ea1t \u0111\u1ed9ng v\u00e0 c\u00e0i \u0111\u1eb7t h\u1ec7 th\u1ed1ng t\u01b0\u01a1ng t\u1ef1 cho ng\u01b0\u1eddi d\u00f9ng d\u1ecbch v\u1ee5 nh\u00e2n s\u1ef1.<br \/>\n\u2022 L\u1eadp tr\u00ecnh c\u00e1c ch\u1ee9c n\u0103ng v\u00e0 t\u00e0i li\u1ec7u t\u00f9y ch\u1ec9nh nh\u01b0 truy v\u1ea5n t\u1ef1 \u0111\u1ed9ng, b\u1ed9 l\u1ecdc, macro v\u00e0 b\u00e1o c\u00e1o.<br \/>\n\u2022 Bi\u00ean so\u1ea1n ho\u1eb7c h\u1ed7 tr\u1ee3 thu th\u1eadp c\u00e1c b\u00e1o c\u00e1o d\u1eef li\u1ec7u ph\u1ee9c t\u1ea1p, t\u00f3m t\u1eaft v\u00e0 nh\u1eadt k\u00fd theo y\u00eau c\u1ea7u c\u1ee7a gi\u00e1m \u0111\u1ed1c \u0111i\u1ec1u h\u00e0nh c\u1ea5p cao v\u00e0 nh\u00e2n vi\u00ean nh\u00e2n s\u1ef1.<br \/>\n\u2022 \u0110\u00f3ng vai tr\u00f2 l\u00e0 \u0111\u1ea1i di\u1ec7n ch\u00ednh v\u00e0 li\u00ean l\u1ea1c vi\u00ean gi\u1eefa Nh\u00e2n s\u1ef1, D\u1ecbch v\u1ee5 Th\u00f4ng tin, c\u00e1c nh\u00e0 cung c\u1ea5p b\u00ean ngo\u00e0i v\u00e0 c\u00e1c b\u00ean li\u00ean quan kh\u00e1c cho c\u00e1c d\u1ef1 \u00e1n thi\u1ebft k\u1ebf v\u00e0 tri\u1ec3n khai c\u01a1 s\u1edf d\u1eef li\u1ec7u nh\u00e2n s\u1ef1.<br \/>\n\u2022 \u0110\u1ea3m b\u1ea3o h\u1ec7 th\u1ed1ng tu\u00e2n th\u1ee7 c\u00e1c y\u00eau c\u1ea7u v\u1ec1 quy\u1ec1n ri\u00eang t\u01b0 v\u00e0 b\u1ea3o m\u1eadt d\u1eef li\u1ec7u.<br \/>\n\u2022 Duy tr\u00ec ki\u1ebfn th\u1ee9c v\u1ec1 c\u00e1c xu h\u01b0\u1edbng v\u00e0 s\u1ef1 ph\u00e1t tri\u1ec3n trong qu\u1ea3n l\u00fd v\u00e0 b\u1ea3o m\u1eadt d\u1eef li\u1ec7u, c\u00f4ng ngh\u1ec7 nh\u00e2n s\u1ef1 v\u00e0 c\u00e1c \u1ee9ng d\u1ee5ng HRIS.<br \/>\n\u2022 Gi\u00e1m s\u00e1t vi\u1ec7c mua s\u1eafm ph\u1ea7n c\u1ee9ng v\u00e0 ph\u1ea7n m\u1ec1m th\u00edch h\u1ee3p \u0111\u1ec3 \u0111\u1ea3m b\u1ea3o r\u1eb1ng t\u1ed5 ch\u1ee9c c\u00f3 c\u00e1c h\u1ec7 th\u1ed1ng hi\u1ec7u qu\u1ea3 v\u00e0 ch\u1ea5t l\u01b0\u1ee3ng cao.<br \/>\n\u2022 T\u1ea1o \u0111i\u1ec1u ki\u1ec7n thu\u1eadn l\u1ee3i cho vi\u1ec7c di chuy\u1ec3n sang HRIS th\u1ed1ng nh\u1ea5t n\u1ebfu \u0111\u01b0\u1ee3c y\u00eau c\u1ea7u.<br \/>\n\u2022 Th\u1ef1c hi\u1ec7n nh\u1eefng nhi\u1ec7m v\u1ee5 kh\u00e1c nh\u01b0 y\u00eau c\u1ea7u.<\/p><\/div><\/div><\/div>[vc_empty_space height=&#8221;30px&#8221;]<div class=\"shortcode-wrapper shortcode-icon-box clearfix\"><div class=\"feature-box alternative left-icon-box aligncenter\"><div class=\"feature-box-content\"><h4 class=\"bold\">K\u1ef9 n\u0103ng thi\u1ebft y\u1ebfu<\/h4><p>\n<ul>\n<li>K\u1ef9 n\u0103ng giao ti\u1ebfp b\u1eb1ng l\u1eddi n\u00f3i v\u00e0 b\u1eb1ng v\u0103n b\u1ea3n.<\/li>\n<li>K\u1ef9 n\u0103ng h\u1ed7 tr\u1ee3 k\u1ef9 thu\u1eadt v\u00e0 giao ti\u1ebfp gi\u1eefa c\u00e1c c\u00e1 nh\u00e2n.<\/li>\n<li>K\u1ef9 n\u0103ng t\u1ed5 ch\u1ee9c xu\u1ea5t s\u1eafc v\u00e0 ch\u00fa \u00fd \u0111\u1ebfn t\u1eebng chi ti\u1ebft.<\/li>\n<li>C\u00f3 k\u1ef9 n\u0103ng ph\u00e2n t\u00edch v\u00e0 gi\u1ea3i quy\u1ebft v\u1ea5n \u0111\u1ec1.<\/li>\n<li>Hi\u1ec3u c\u00e1c ch\u00ednh s\u00e1ch v\u00e0 th\u1ee7 t\u1ee5c ngu\u1ed3n nh\u00e2n l\u1ef1c \u0111\u1ec3 \u0111\u1ea3m b\u1ea3o HRIS \u0111\u00e1p \u1ee9ng c\u00e1c nhu c\u1ea7u v\u00e0 m\u1ee5c ti\u00eau c\u1ee7a t\u1ed5 ch\u1ee9c.<\/li>\n<li>S\u1eed d\u1ee5ng th\u00e0nh th\u1ea1o Microsoft Office Suite ho\u1eb7c c\u00e1c ph\u1ea7n m\u1ec1m li\u00ean quan.<\/li>\n<li>Kh\u1ea3 n\u0103ng b\u1ea3o m\u1eadt th\u00f4ng tin.<\/li>\n<li>Hi\u1ec3u bi\u1ebft v\u1ec1 x\u00e2y d\u1ef1ng c\u01a1 s\u1edf d\u1eef li\u1ec7u.<\/li>\n<li>Hi\u1ec3u bi\u1ebft v\u1ec1 t\u1ea5t c\u1ea3 c\u00e1c l\u0129nh v\u1ef1c c\u1ee7a h\u1ec7 th\u1ed1ng th\u00f4ng tin v\u1edbi hi\u1ec3u bi\u1ebft k\u1ef9 thu\u1eadt cao v\u1ec1 \u00edt nh\u1ea5t m\u1ed9t s\u1ea3n ph\u1ea9m HRIS th\u01b0\u01a1ng m\u1ea1i.<\/li>\n<\/ul>\n<p><strong>Tr\u00ecnh \u0111\u1ed9 chuy\u00ean m\u00f4n:<\/strong> Y\u00eau c\u1ea7u b\u1eb1ng c\u1eed nh\u00e2n C\u00f4ng ngh\u1ec7 th\u00f4ng tin ho\u1eb7c Qu\u1ea3n l\u00fd ngu\u1ed3n nh\u00e2n l\u1ef1c.<\/p><\/div><\/div><\/div>[\/vc_column_inner][\/vc_row_inner][\/vc_column][\/vc_row]\n<\/div>","protected":false},"excerpt":{"rendered":"<p>[vc_row top_margin=&#8221;0&#8243; bottom_margin=&#8221;0&#8243; css=&#8221;.vc_custom_1499912039446{margin-top: -30px !important;}&#8221;][vc_column][vc_row_inner][vc_column_inner][vc_empty_space height=&#8221;10px&#8221;][vc_empty_space height=&#8221;30px&#8221;][\/vc_column_inner][\/vc_row_inner][\/vc_column][\/vc_row]<\/p>\n","protected":false},"author":4,"featured_media":0,"parent":0,"menu_order":0,"comment_status":"closed","ping_status":"closed","template":"","meta":{"nf_dc_page":"","footnotes":""},"class_list":["post-10475","page","type-page","status-publish","hentry"],"_links":{"self":[{"href":"https:\/\/worknow.vn\/vi\/wp-json\/wp\/v2\/pages\/10475","targetHints":{"allow":["GET"]}}],"collection":[{"href":"https:\/\/worknow.vn\/vi\/wp-json\/wp\/v2\/pages"}],"about":[{"href":"https:\/\/worknow.vn\/vi\/wp-json\/wp\/v2\/types\/page"}],"author":[{"embeddable":true,"href":"https:\/\/worknow.vn\/vi\/wp-json\/wp\/v2\/users\/4"}],"replies":[{"embeddable":true,"href":"https:\/\/worknow.vn\/vi\/wp-json\/wp\/v2\/comments?post=10475"}],"version-history":[{"count":5,"href":"https:\/\/worknow.vn\/vi\/wp-json\/wp\/v2\/pages\/10475\/revisions"}],"predecessor-version":[{"id":12001,"href":"https:\/\/worknow.vn\/vi\/wp-json\/wp\/v2\/pages\/10475\/revisions\/12001"}],"wp:attachment":[{"href":"https:\/\/worknow.vn\/vi\/wp-json\/wp\/v2\/media?parent=10475"}],"curies":[{"name":"wp","href":"https:\/\/api.w.org\/{rel}","templated":true}]}}