{"id":10477,"date":"2022-08-09T07:31:08","date_gmt":"2022-08-09T07:31:08","guid":{"rendered":"https:\/\/worknow.vn\/human-resource-administrative-assistant\/"},"modified":"2023-06-01T08:26:46","modified_gmt":"2023-06-01T08:26:46","slug":"tro-ly-hanh-chinh-nhan-su","status":"publish","type":"page","link":"https:\/\/worknow.vn\/vi\/tro-ly-hanh-chinh-nhan-su\/","title":{"rendered":"Tr\u1ee3 L\u00fd H\u00e0nh Ch\u00ednh Nh\u00e2n S\u1ef1"},"content":{"rendered":"<div class=\"wpb-content-wrapper\">[vc_row top_margin=&#8221;0&#8243; bottom_margin=&#8221;0&#8243; css=&#8221;.vc_custom_1499912039446{margin-top: -30px !important;}&#8221;][vc_column]<div class=\"shortcode-wrapper shortcode-title clearfix hb-animate-element hb-fade-in\"><p style=\"color:#878787!important;border-color:#878787\" class=\"hb-text-large aligncenter\">Tr\u1ee3 L\u00fd H\u00e0nh Ch\u00ednh Nh\u00e2n S\u1ef1<\/p><\/div>[vc_row_inner][vc_column_inner][vc_empty_space height=&#8221;10px&#8221;]<div class=\"shortcode-wrapper shortcode-icon-box clearfix\"><div class=\"feature-box alternative left-icon-box aligncenter\"><div class=\"feature-box-content\"><h4 class=\"bold\">M\u00f4 t\u1ea3 c\u00f4ng vi\u1ec7c<\/h4><p>Qu\u1ea3n l\u00fd h\u1ed3 s\u01a1 nh\u00e2n vi\u00ean v\u00e0 th\u1ef1c hi\u1ec7n c\u00e1c nhi\u1ec7m v\u1ee5 qu\u1ea3n l\u00fd v\u0103n ph\u00f2ng c\u01a1 b\u1ea3n. B\u00e1o c\u00e1o tr\u1ef1c ti\u1ebfp cho gi\u00e1m \u0111\u1ed1c nh\u00e2n s\u1ef1 ho\u1eb7c gi\u00e1m \u0111\u1ed1c nh\u00e2n s\u1ef1 v\u00e0 tham gia v\u00e0o vi\u1ec7c tuy\u1ec3n d\u1ee5ng, \u0111\u00e0o t\u1ea1o v\u00e0 gi\u1edbi thi\u1ec7u nh\u00e2n vi\u00ean m\u1edbi. S\u1eed d\u1ee5ng \u0111i\u1ec7n tho\u1ea1i, m\u00e1y t\u00ednh v\u00e0 c\u00e1c thi\u1ebft b\u1ecb v\u0103n ph\u00f2ng ti\u00eau chu\u1ea9n kh\u00e1c \u0111\u1ec3 th\u1ef1c hi\u1ec7n c\u00e1c c\u00f4ng vi\u1ec7c l\u01b0u tr\u1eef v\u00e0 duy tr\u00ec h\u1ed3 s\u01a1 gi\u1ea5y ho\u1eb7c h\u1ed3 s\u01a1 \u0111i\u1ec7n t\u1eed, c\u00f3 th\u1ec3 li\u00ean quan \u0111\u1ebfn vi\u1ec7c c\u1eadp nh\u1eadt b\u1ea3ng t\u00ednh. \u0110i\u1ec1u ph\u1ed1i v\u00e0 gi\u1ea3i th\u00edch c\u00e1c l\u1ee3i \u00edch c\u1ee7a nh\u00e2n vi\u00ean, s\u1eafp x\u1ebfp v\u00e0 tham d\u1ef1 c\u00e1c cu\u1ed9c h\u1ecdp, \u0111\u00f3ng g\u00f3p v\u00e0o c\u00e1c gi\u1ea3i ph\u00e1p nh\u00e2n s\u1ef1 v\u00e0 gi\u00fap l\u1eadp k\u1ebf ho\u1ea1ch c\u00e1c ch\u01b0\u01a1ng tr\u00ecnh.<\/p>\n<p><strong>Vai tr\u00f2 v\u00e0 tr\u00e1ch nhi\u1ec7m<\/strong><\/p>\n<ul>\n<li>Tr\u1ea3 l\u1eddi v\u00e0 ch\u1ec9 \u0111\u1ea1o c\u00e1c cu\u1ed9c \u0111i\u1ec7n tho\u1ea1i c\u1ee7a b\u1ed9 ph\u1eadn.<\/li>\n<li>Nh\u1eadn v\u00e0 ph\u00e2n ph\u1ed1i th\u01b0 v\u0103n ph\u00f2ng.<\/li>\n<li>L\u00ean l\u1ecbch v\u00e0 t\u1ed5 ch\u1ee9c c\u00e1c cu\u1ed9c h\u1eb9n; c\u00f3 bi\u00ean b\u1ea3n trong c\u00e1c cu\u1ed9c h\u1ecdp c\u1ee7a b\u1ed9 ph\u1eadn.<\/li>\n<li>Hi\u1ec7u \u0111\u00ednh v\u00e0 lo\u1ea1i c\u00e1c t\u00e0i li\u1ec7u v\u00e0 th\u01b0 t\u1eeb do b\u1ed9 ph\u1eadn t\u1ea1o ra.<\/li>\n<li>X\u1eed l\u00fd c\u00e1c th\u1ee7 t\u1ee5c gi\u1ea5y t\u1edd c\u1ea7n thi\u1ebft cho vi\u1ec7c thuy\u00ean chuy\u1ec3n nh\u00e2n vi\u00ean, thay \u0111\u1ed5i ph\u00e2n lo\u1ea1i c\u00f4ng vi\u1ec7c, t\u0103ng l\u01b0\u01a1ng v\u00e0 c\u00e1c v\u1ea5n \u0111\u1ec1 vi\u1ec7c l\u00e0m li\u00ean quan kh\u00e1c.<\/li>\n<li>H\u1ed7 tr\u1ee3 chu\u1ea9n b\u1ecb c\u00e1c b\u00e1o c\u00e1o ngu\u1ed3n nh\u00e2n l\u1ef1c nh\u01b0 b\u00e1o c\u00e1o tham gia, tuy\u1ec3n d\u1ee5ng m\u1edbi v\u00e0 b\u00e1o c\u00e1o doanh thu.<\/li>\n<li>Chu\u1ea9n b\u1ecb c\u00e1c \u0111\u01a1n \u0111\u1eb7t h\u00e0ng cho ph\u00f2ng nh\u00e2n s\u1ef1.<\/li>\n<li>Th\u1ef1c hi\u1ec7n c\u00e1c nhi\u1ec7m v\u1ee5 li\u00ean quan kh\u00e1c theo s\u1ef1 ph\u00e2n c\u00f4ng.<\/li>\n<\/ul>\n<\/p><\/div><\/div><\/div>[vc_empty_space height=&#8221;30px&#8221;]<div class=\"shortcode-wrapper shortcode-icon-box clearfix\"><div class=\"feature-box alternative left-icon-box aligncenter\"><div class=\"feature-box-content\"><h4 class=\"bold\">K\u1ef9 n\u0103ng thi\u1ebft y\u1ebfu<\/h4><p>\n<ul>\n<li>K\u1ef9 n\u0103ng t\u1ed5 ch\u1ee9c c\u1ea9n th\u1eadn v\u00e0 chi ti\u1ebft.<\/li>\n<li>C\u00f3 ki\u1ebfn th\u1ee9c v\u1ec1 c\u00e1c h\u1ec7 th\u1ed1ng v\u00e0 quy tr\u00ecnh qu\u1ea3n l\u00fd v\u0103n ph\u00f2ng.<\/li>\n<li>C\u00f3 kh\u1ea3 n\u0103ng v\u1eadn h\u00e0nh c\u00e1c thi\u1ebft b\u1ecb v\u0103n ph\u00f2ng t\u1ed5ng h\u1ee3p.<\/li>\n<li>K\u1ef9 n\u0103ng giao ti\u1ebfp b\u1eb1ng v\u0103n b\u1ea3n v\u00e0 b\u1eb1ng l\u1eddi n\u00f3i.<\/li>\n<li>Kh\u1ea3 n\u0103ng g\u00f5 60 t\u1eeb m\u1ed9t ph\u00fat.<\/li>\n<li>S\u1eed d\u1ee5ng th\u00e0nh th\u1ea1o Microsoft Office Suite ho\u1eb7c ph\u1ea7n m\u1ec1m t\u01b0\u01a1ng t\u1ef1.<\/li>\n<li>\u0110\u1ea3m b\u1ea3o th\u00f4ng tin b\u00ed m\u1eadt.<\/li>\n<\/ul>\n<p><strong>Tr\u00ecnh \u0111\u1ed9 chuy\u00ean m\u00f4n:<\/strong> B\u1eb1ng nh\u00e2n s\u1ef1, qu\u1ea3n tr\u1ecb kinh doanh ho\u1eb7c m\u1ed9t l\u0129nh v\u1ef1c t\u01b0\u01a1ng t\u1ef1.<\/p><\/div><\/div><\/div>[\/vc_column_inner][\/vc_row_inner][\/vc_column][\/vc_row]\n<\/div>","protected":false},"excerpt":{"rendered":"<p>[vc_row top_margin=&#8221;0&#8243; bottom_margin=&#8221;0&#8243; css=&#8221;.vc_custom_1499912039446{margin-top: -30px !important;}&#8221;][vc_column][vc_row_inner][vc_column_inner][vc_empty_space height=&#8221;10px&#8221;][vc_empty_space height=&#8221;30px&#8221;][\/vc_column_inner][\/vc_row_inner][\/vc_column][\/vc_row]<\/p>\n","protected":false},"author":4,"featured_media":0,"parent":0,"menu_order":0,"comment_status":"closed","ping_status":"closed","template":"","meta":{"nf_dc_page":"","footnotes":""},"class_list":["post-10477","page","type-page","status-publish","hentry"],"_links":{"self":[{"href":"https:\/\/worknow.vn\/vi\/wp-json\/wp\/v2\/pages\/10477","targetHints":{"allow":["GET"]}}],"collection":[{"href":"https:\/\/worknow.vn\/vi\/wp-json\/wp\/v2\/pages"}],"about":[{"href":"https:\/\/worknow.vn\/vi\/wp-json\/wp\/v2\/types\/page"}],"author":[{"embeddable":true,"href":"https:\/\/worknow.vn\/vi\/wp-json\/wp\/v2\/users\/4"}],"replies":[{"embeddable":true,"href":"https:\/\/worknow.vn\/vi\/wp-json\/wp\/v2\/comments?post=10477"}],"version-history":[{"count":4,"href":"https:\/\/worknow.vn\/vi\/wp-json\/wp\/v2\/pages\/10477\/revisions"}],"predecessor-version":[{"id":12003,"href":"https:\/\/worknow.vn\/vi\/wp-json\/wp\/v2\/pages\/10477\/revisions\/12003"}],"wp:attachment":[{"href":"https:\/\/worknow.vn\/vi\/wp-json\/wp\/v2\/media?parent=10477"}],"curies":[{"name":"wp","href":"https:\/\/api.w.org\/{rel}","templated":true}]}}