{"id":10479,"date":"2022-08-09T07:31:41","date_gmt":"2022-08-09T07:31:41","guid":{"rendered":"https:\/\/worknow.vn\/human-resources-executive\/"},"modified":"2023-06-01T08:26:47","modified_gmt":"2023-06-01T08:26:47","slug":"nhan-su-dieu-hanh","status":"publish","type":"page","link":"https:\/\/worknow.vn\/vi\/nhan-su-dieu-hanh\/","title":{"rendered":"Nh\u00e2n S\u1ef1 \u0110i\u1ec1u H\u00e0nh"},"content":{"rendered":"<div class=\"wpb-content-wrapper\">[vc_row top_margin=&#8221;0&#8243; bottom_margin=&#8221;0&#8243; css=&#8221;.vc_custom_1499912039446{margin-top: -30px !important;}&#8221;][vc_column]<div class=\"shortcode-wrapper shortcode-title clearfix hb-animate-element hb-fade-in\"><p style=\"color:#878787!important;border-color:#878787\" class=\"hb-text-large aligncenter\">Nh\u00e2n S\u1ef1 \u0110i\u1ec1u H\u00e0nh<\/p><\/div>[vc_row_inner][vc_column_inner][vc_empty_space height=&#8221;10px&#8221;]<div class=\"shortcode-wrapper shortcode-icon-box clearfix\"><div class=\"feature-box alternative left-icon-box aligncenter\"><div class=\"feature-box-content\"><h4 class=\"bold\">M\u00f4 t\u1ea3 c\u00f4ng vi\u1ec7c<\/h4><p>Xem x\u00e9t to\u00e0n b\u1ed9 b\u1ed9 ph\u1eadn nh\u00e2n s\u1ef1 v\u00e0 nh\u00e2n vi\u00ean c\u1ee7a b\u1ed9 ph\u1eadn n\u00e0y. \u0110\u00e2y l\u00e0 v\u1ecb tr\u00ed cao nh\u1ea5t c\u1ee7a h\u1ec7 th\u1ed1ng ph\u00e2n c\u1ea5p, \u0111\u1ea3m b\u1ea3o r\u1eb1ng t\u1ea5t c\u1ea3 c\u00e1c c\u00f4ng vi\u1ec7c nh\u00e2n s\u1ef1 di\u1ec5n ra su\u00f4n s\u1ebb. Tr\u1ef1c ti\u1ebfp ch\u1ecbu tr\u00e1ch nhi\u1ec7m \u0111\u1ea3m b\u1ea3o r\u1eb1ng c\u00e1c ch\u00ednh s\u00e1ch nh\u00e2n s\u1ef1 \u0111\u01b0\u1ee3c c\u1eadp nh\u1eadt v\u00e0 c\u1ea7n d\u1ef1 \u0111o\u00e1n khi n\u00e0o c\u00f4ng ty c\u1ea7n kh\u1edfi \u0111\u1ed9ng c\u00e1c quy tr\u00ecnh tuy\u1ec3n d\u1ee5ng kh\u00e1c nhau ho\u1eb7c thay \u0111\u1ed5i c\u00e1ch ti\u1ebfp c\u1eadn qu\u1ea3n l\u00fd ngu\u1ed3n nh\u00e2n l\u1ef1c c\u1ee7a m\u00ecnh. Th\u1ef1c hi\u1ec7n c\u00e1c th\u1ee7 t\u1ee5c c\u01a1 b\u1ea3n nh\u1ea5t c\u1ee7a b\u1ed9 ph\u1eadn nh\u00e2n s\u1ef1 v\u00e0 x\u1eed l\u00fd c\u00e1c kh\u00eda c\u1ea1nh nh\u01b0 qu\u1ea3n l\u00fd nh\u00e2n s\u1ef1, ph\u00fac l\u1ee3i x\u00e3 h\u1ed9i v\u00e0 duy tr\u00ec h\u1ed3 s\u01a1 nh\u00e2n s\u1ef1. Gi\u00e1m \u0111\u1ed1c nh\u00e2n s\u1ef1 l\u00e0 m\u1ed9t th\u00e0nh vi\u00ean quan tr\u1ecdng c\u1ee7a b\u1ed9 ph\u1eadn nh\u00e2n s\u1ef1, \u0111\u00f3ng m\u1ed9t vai tr\u00f2 quan tr\u1ecdng trong nhi\u1ec1u tr\u00e1ch nhi\u1ec7m nh\u00e2n s\u1ef1 v\u00e0 d\u1eabn d\u1eaft nh\u00e2n vi\u00ean nh\u00e2n s\u1ef1 th\u1ef1c hi\u1ec7n c\u00e1c d\u1ef1 \u00e1n kh\u00e1c nhau.<\/p>\n<p><strong>Vai tr\u00f2 v\u00e0 tr\u00e1ch nhi\u1ec7m<\/strong><\/p>\n<ul>\n<li>L\u00e0m vi\u1ec7c v\u1edbi Gi\u00e1m \u0111\u1ed1c \u0111i\u1ec1u h\u00e0nh \u0111\u1ec3 qu\u1ea3n l\u00fd chi\u1ebfn l\u01b0\u1ee3c ch\u00ednh s\u00e1ch nh\u00e2n s\u1ef1 c\u1ee7a doanh nghi\u1ec7p.<\/li>\n<li>Qu\u1ea3n l\u00fd vi\u1ec7c tuy\u1ec3n d\u1ee5ng v\u00e0 gi\u1edbi thi\u1ec7u nh\u00e2n t\u00e0i, gi\u1ea3i quy\u1ebft c\u00e1c v\u1ea5n \u0111\u1ec1 v\u1ec1 ti\u1ec1n l\u01b0\u01a1ng v\u00e0 ch\u1ea5m d\u1ee9t nh\u00e2n vi\u00ean.<\/li>\n<li>N\u1eafm t\u1ea5t c\u1ea3 c\u00e1c lu\u1eadt lao \u0111\u1ed9ng v\u00e0 gi\u00fap t\u1ed5 ch\u1ee9c \u0111\u1ea3m b\u1ea3o tu\u00e2n th\u1ee7 t\u1ea5t c\u1ea3 c\u00e1c lu\u1eadt li\u00ean quan.<\/li>\n<li>Th\u00fac \u0111\u1ea9y m\u00f4i tr\u01b0\u1eddng l\u00e0m vi\u1ec7c hi\u1ec7u qu\u1ea3 v\u00e0 \u0111\u1ea3m b\u1ea3o v\u0103n h\u00f3a c\u1ed9ng t\u00e1c v\u00e0 tr\u00e1ch nhi\u1ec7m gi\u1ea3i tr\u00ecnh.<\/li>\n<li>\u0110\u00f3ng vai tr\u00f2 l\u00e0 c\u01a1 quan c\u00f3 th\u1ea9m quy\u1ec1n h\u00e0ng \u0111\u1ea7u v\u1ec1 c\u00e1c v\u1ea5n \u0111\u1ec1 nh\u00e2n s\u1ef1.<\/li>\n<li>Qu\u1ea3n l\u00fd c\u00e1c thay \u0111\u1ed5i h\u00e0nh ch\u00ednh trong c\u00e1c k\u1ebf ho\u1ea1ch ph\u00fac l\u1ee3i, ch\u0103m s\u00f3c s\u1ee9c kh\u1ecfe, k\u1ebf ho\u1ea1ch h\u01b0u tr\u00ed, v.v.<\/li>\n<\/ul>\n<\/p><\/div><\/div><\/div>[vc_empty_space height=&#8221;30px&#8221;]<div class=\"shortcode-wrapper shortcode-icon-box clearfix\"><div class=\"feature-box alternative left-icon-box aligncenter\"><div class=\"feature-box-content\"><h4 class=\"bold\">K\u1ef9 n\u0103ng thi\u1ebft y\u1ebfu<\/h4><p>\n<ul>\n<li>Tho\u1ea3i m\u00e1i khi l\u00e0m vi\u1ec7c trong vai tr\u00f2 qu\u1ea3n l\u00fd.<\/li>\n<li>K\u1ef9 n\u0103ng ph\u00e2n t\u00edch v\u00e0 gi\u1ea3i quy\u1ebft v\u1ea5n \u0111\u1ec1.<\/li>\n<li>Trung th\u1ef1c, \u0111\u1ea1o \u0111\u1ee9c v\u00e0 \u0111\u00e1ng tin c\u1eady.<\/li>\n<li>C\u00f3 kinh nghi\u1ec7m trong c\u00e1c quy tr\u00ecnh h\u00f2a gi\u1ea3i v\u00e0 gi\u1ea3i quy\u1ebft xung \u0111\u1ed9t.<\/li>\n<li>Th\u00e1i \u0111\u1ed9 t\u00edch c\u1ef1c, c\u1ea7u ti\u1ebfn.<\/li>\n<li>K\u1ef9 n\u0103ng qu\u1ea3n l\u00fd c\u0103ng th\u1eb3ng c\u1ee7a chuy\u00ean gia v\u00e0 kh\u1ea3 n\u0103ng \u0111\u01b0a ra c\u00e1c quy\u1ebft \u0111\u1ecbnh quan tr\u1ecdng d\u01b0\u1edbi \u00e1p l\u1ef1c<\/li>\n<li>L\u1eafng nghe; hi\u1ec3u bi\u1ebft, \u0111\u1ed3ng c\u1ea3m v\u00e0 d\u1ec5 g\u1ea7n.<\/li>\n<li>Tr\u00ecnh \u0111\u1ed9 tin h\u1ecdc cao trong Microsoft Suite (\u0111\u1eb7c bi\u1ec7t l\u00e0 Excel) v\u00e0 c\u00e1c ch\u01b0\u01a1ng tr\u00ecnh ph\u1ea7n m\u1ec1m nh\u00e2n s\u1ef1 kh\u00e1c nhau bao g\u1ed3m HRIS.<\/li>\n<li>K\u1ef9 n\u0103ng giao ti\u1ebfp c\u00e1 nh\u00e2n t\u1ed1t, quan t\u00e2m \u0111\u1ebfn vi\u1ec7c th\u00fac \u0111\u1ea9y v\u00e0 gi\u00e1o d\u1ee5c hi\u1ec7u qu\u1ea3 v\u00e0 k\u1ebft n\u1ed1i c\u00e1c qu\u1ea3n l\u00fd b\u1ed9 ph\u1eadn v\u00e0 nh\u00e2n vi\u00ean v\u1ec1 t\u1ea5t c\u1ea3 c\u00e1c v\u1ea5n \u0111\u1ec1 nh\u00e2n s\u1ef1.<\/li>\n<\/ul>\n<p><strong>Tr\u00ecnh \u0111\u1ed9 chuy\u00ean m\u00f4n:<\/strong> B\u1eb1ng c\u1eed nh\u00e2n v\u1ec1 ngu\u1ed3n nh\u00e2n l\u1ef1c, qu\u1ea3n tr\u1ecb kinh doanh, t\u00e0i ch\u00ednh ho\u1eb7c l\u0129nh v\u1ef1c li\u00ean quan.<\/p><\/div><\/div><\/div>[\/vc_column_inner][\/vc_row_inner][\/vc_column][\/vc_row]\n<\/div>","protected":false},"excerpt":{"rendered":"<p>[vc_row top_margin=&#8221;0&#8243; bottom_margin=&#8221;0&#8243; css=&#8221;.vc_custom_1499912039446{margin-top: -30px !important;}&#8221;][vc_column][vc_row_inner][vc_column_inner][vc_empty_space height=&#8221;10px&#8221;][vc_empty_space height=&#8221;30px&#8221;][\/vc_column_inner][\/vc_row_inner][\/vc_column][\/vc_row]<\/p>\n","protected":false},"author":4,"featured_media":0,"parent":0,"menu_order":0,"comment_status":"closed","ping_status":"closed","template":"","meta":{"nf_dc_page":"","footnotes":""},"class_list":["post-10479","page","type-page","status-publish","hentry"],"_links":{"self":[{"href":"https:\/\/worknow.vn\/vi\/wp-json\/wp\/v2\/pages\/10479","targetHints":{"allow":["GET"]}}],"collection":[{"href":"https:\/\/worknow.vn\/vi\/wp-json\/wp\/v2\/pages"}],"about":[{"href":"https:\/\/worknow.vn\/vi\/wp-json\/wp\/v2\/types\/page"}],"author":[{"embeddable":true,"href":"https:\/\/worknow.vn\/vi\/wp-json\/wp\/v2\/users\/4"}],"replies":[{"embeddable":true,"href":"https:\/\/worknow.vn\/vi\/wp-json\/wp\/v2\/comments?post=10479"}],"version-history":[{"count":5,"href":"https:\/\/worknow.vn\/vi\/wp-json\/wp\/v2\/pages\/10479\/revisions"}],"predecessor-version":[{"id":12004,"href":"https:\/\/worknow.vn\/vi\/wp-json\/wp\/v2\/pages\/10479\/revisions\/12004"}],"wp:attachment":[{"href":"https:\/\/worknow.vn\/vi\/wp-json\/wp\/v2\/media?parent=10479"}],"curies":[{"name":"wp","href":"https:\/\/api.w.org\/{rel}","templated":true}]}}