{"id":10481,"date":"2022-08-09T07:32:43","date_gmt":"2022-08-09T07:32:43","guid":{"rendered":"https:\/\/worknow.vn\/employee-relations-manager\/"},"modified":"2023-06-01T08:28:36","modified_gmt":"2023-06-01T08:28:36","slug":"quan-ly-quan-he-nhan-su","status":"publish","type":"page","link":"https:\/\/worknow.vn\/vi\/quan-ly-quan-he-nhan-su\/","title":{"rendered":"Qu\u1ea3n L\u00fd Quan H\u1ec7 Nh\u00e2n S\u1ef1"},"content":{"rendered":"<div class=\"wpb-content-wrapper\">[vc_row top_margin=&#8221;0&#8243; bottom_margin=&#8221;0&#8243; css=&#8221;.vc_custom_1499912039446{margin-top: -30px !important;}&#8221;][vc_column]<div class=\"shortcode-wrapper shortcode-title clearfix hb-animate-element hb-fade-in\"><p style=\"color:#878787!important;border-color:#878787\" class=\"hb-text-large aligncenter\">Qu\u1ea3n L\u00fd Quan H\u1ec7 Nh\u00e2n S\u1ef1<\/p><\/div>[vc_row_inner][vc_column_inner][vc_empty_space height=&#8221;10px&#8221;]<div class=\"shortcode-wrapper shortcode-icon-box clearfix\"><div class=\"feature-box alternative left-icon-box aligncenter\"><div class=\"feature-box-content\"><h4 class=\"bold\">M\u00f4 t\u1ea3 c\u00f4ng vi\u1ec7c<\/h4><p>Ch\u1ecbu tr\u00e1ch nhi\u1ec7m gi\u00e1m s\u00e1t m\u1ed1i quan h\u1ec7 gi\u1eefa t\u1ed5 ch\u1ee9c v\u00e0 c\u00e1c nh\u00e2n vi\u00ean c\u1ee7a t\u1ed5 ch\u1ee9c. \u0110\u1ea3m b\u1ea3o r\u1eb1ng t\u1ea5t c\u1ea3 nh\u00e2n vi\u00ean \u0111\u01b0\u1ee3c \u0111\u1ed1i x\u1eed c\u00f4ng b\u1eb1ng v\u00e0 b\u00ecnh \u0111\u1eb3ng, b\u1ea5t k\u1ec3 v\u1ecb tr\u00ed ho\u1eb7c th\u00e2m ni\u00ean c\u1ee7a h\u1ecd trong c\u00f4ng ty. T\u1eadp trung v\u00e0o vi\u1ec7c c\u1ea3i thi\u1ec7n tinh th\u1ea7n c\u1ee7a nh\u00e2n vi\u00ean, s\u1ef1 g\u1eafn b\u00f3, s\u1ef1 h\u00e0i l\u00f2ng v\u00e0 l\u00f2ng trung th\u00e0nh.<\/p>\n<p><strong>Vai tr\u00f2 v\u00e0 tr\u00e1ch nhi\u1ec7m<\/strong><\/p>\n<ul>\n<li>Ph\u00e1t tri\u1ec3n c\u00e1c ch\u00ednh s\u00e1ch v\u1ec1 th\u1ef1c h\u00e0nh tuy\u1ec3n d\u1ee5ng, \u1ee9ng x\u1eed c\u1ee7a nh\u00e2n vi\u00ean v\u00e0 c\u00e1c v\u1ea5n \u0111\u1ec1 kh\u00e1c t\u1ea1i n\u01a1i l\u00e0m vi\u1ec7c li\u00ean quan \u0111\u1ebfn th\u1ef1c h\u00e0nh tuy\u1ec3n d\u1ee5ng.<\/li>\n<li>Gi\u00e1m s\u00e1t c\u00e1c ch\u01b0\u01a1ng tr\u00ecnh \u0111\u00e0o t\u1ea1o nh\u00e2n vi\u00ean, bao g\u1ed3m ph\u00e1t tri\u1ec3n k\u1ef9 n\u0103ng c\u1ee7a nh\u00e2n vi\u00ean m\u1edbi ho\u1eb7c c\u1eadp nh\u1eadt ki\u1ebfn \u200b\u200bth\u1ee9c c\u1ee7a nh\u00e2n vi\u00ean hi\u1ec7n t\u1ea1i v\u1ec1 c\u00e1c ch\u00ednh s\u00e1ch c\u1ee7a c\u00f4ng ty.<\/li>\n<li>Th\u1ef1c hi\u1ec7n c\u00e1c cu\u1ed9c ph\u1ecfng v\u1ea5n ngh\u1ec9 vi\u1ec7c v\u1edbi nh\u00e2n vi\u00ean r\u1eddi \u0111i \u0111\u1ec3 thu th\u1eadp ph\u1ea3n h\u1ed3i v\u1ec1 kinh nghi\u1ec7m c\u1ee7a h\u1ecd khi l\u00e0m vi\u1ec7c cho c\u00f4ng ty.<\/li>\n<li>Xem x\u00e9t nh\u1eefng b\u1ea5t b\u00ecnh v\u00e0 ph\u00e0n n\u00e0n c\u1ee7a nh\u00e2n vi\u00ean v\u1ec1 \u0111i\u1ec1u ki\u1ec7n l\u00e0m vi\u1ec7c ho\u1eb7c c\u00e1c v\u1ea5n \u0111\u1ec1 kh\u00e1c \u0111\u1ec3 gi\u1ea3i quy\u1ebft ch\u00fang.<\/li>\n<li>\u0110\u1ec1 xu\u1ea5t h\u00ecnh th\u1ee9c k\u1ef7 lu\u1eadt \u0111\u1ed1i v\u1edbi nh\u1eefng nh\u00e2n vi\u00ean vi ph\u1ea1m n\u1ed9i quy n\u01a1i l\u00e0m vi\u1ec7c ho\u1eb7c kh\u00f4ng th\u1ef1c hi\u1ec7n \u0111\u00fang ti\u00eau chu\u1ea9n.<\/li>\n<li>X\u00e1c \u0111\u1ecbnh h\u00ecnh th\u1ee9c k\u1ef7 lu\u1eadt \u0111\u1ed1i v\u1edbi c\u00e1c h\u00e0nh vi vi ph\u1ea1m nh\u01b0 v\u1eafng m\u1eb7t, kh\u00f4ng ph\u1ed1i h\u1ee3p ho\u1eb7c tr\u1ed9m c\u1eafp, d\u1ef1a tr\u00ean c\u00e1c ch\u00ednh s\u00e1ch c\u1ee7a c\u00f4ng ty.<\/li>\n<li>T\u1ea1o v\u00e0 qu\u1ea3n l\u00fd s\u1ed5 tay nh\u00e2n vi\u00ean v\u1edbi th\u00f4ng tin v\u1ec1 c\u00e1c ch\u00ednh s\u00e1ch v\u00e0 th\u1ee7 t\u1ee5c c\u1ee7a c\u00f4ng ty.<\/li>\n<li>L\u01b0u gi\u1eef h\u1ed3 s\u01a1 v\u1ec1 hi\u1ec7u su\u1ea5t c\u1ee7a nh\u00e2n vi\u00ean, s\u1ef1 chuy\u00ean c\u1ea7n v\u00e0 c\u00e1c chi ti\u1ebft kh\u00e1c v\u1ec1 l\u1ecbch s\u1eed c\u00f4ng vi\u1ec7c c\u1ee7a nh\u00e2n vi\u00ean.<\/li>\n<li>Thi\u1ebft l\u1eadp c\u00e1c ch\u01b0\u01a1ng tr\u00ecnh \u0111\u1ec3 c\u00f4ng nh\u1eadn nh\u00e2n vi\u00ean v\u1ec1 nh\u1eefng th\u00e0nh t\u00edch ho\u1eb7c s\u1ef1 ki\u1ec7n quan tr\u1ecdng c\u1ee7a h\u1ecd, ch\u1eb3ng h\u1ea1n nh\u01b0 sinh nh\u1eadt ho\u1eb7c ng\u00e0y k\u1ef7 ni\u1ec7m.<\/li>\n<\/ul>\n<\/p><\/div><\/div><\/div>[vc_empty_space height=&#8221;30px&#8221;]<div class=\"shortcode-wrapper shortcode-icon-box clearfix\"><div class=\"feature-box alternative left-icon-box aligncenter\"><div class=\"feature-box-content\"><h4 class=\"bold\">K\u1ef9 n\u0103ng thi\u1ebft y\u1ebfu<\/h4><p>\n<ul>\n<li>K\u1ef9 n\u0103ng giao ti\u1ebfp n\u00f3i v\u00e0 vi\u1ebft t\u1ed1t.<\/li>\n<li>Hi\u1ec3u bi\u1ebft v\u1ec1 lu\u1eadt li\u00ean quan \u0111\u1ebfn quan h\u1ec7 lao \u0111\u1ed9ng.<\/li>\n<li>C\u00f3 kh\u1ea3 n\u0103ng hi\u1ec3u, gi\u1ea3i th\u00edch v\u00e0 \u00e1p d\u1ee5ng c\u00e1c ph\u1ea7n th\u00edch h\u1ee3p c\u1ee7a lu\u1eadt, h\u01b0\u1edbng d\u1eabn, quy \u0111\u1ecbnh, ph\u00e1p l\u1ec7nh v\u00e0 ch\u00ednh s\u00e1ch hi\u1ec7n h\u00e0nh.<\/li>\n<li>C\u00f3 k\u1ef9 thu\u1eadt \u0111\u00e0m ph\u00e1n.<\/li>\n<li>C\u00f3 kinh nghi\u1ec7m gi\u1ea3i quy\u1ebft tranh ch\u1ea5p v\u00e0 qu\u1ea3n l\u00fd b\u1ed3i th\u01b0\u1eddng.<\/li>\n<li>C\u00f3 kh\u1ea3 n\u0103ng gi\u1eef s\u1ef1 kh\u00e9o l\u00e9o, b\u00ecnh t\u0129nh v\u00e0 thuy\u1ebft ph\u1ee5c trong c\u00e1c t\u00ecnh hu\u1ed1ng g\u00e2y tranh c\u00e3i v\u00e0 \/ ho\u1eb7c \u0111\u1ed1i \u0111\u1ea7u.<\/li>\n<\/ul>\n<p><strong>Tr\u00ecnh \u0111\u1ed9 chuy\u00ean m\u00f4n:<\/strong> Y\u00eau c\u1ea7u b\u1eb1ng c\u1eed nh\u00e2n v\u1ec1 Quan h\u1ec7 c\u00f4ng ch\u00fang, Nh\u00e2n s\u1ef1 ho\u1eb7c l\u0129nh v\u1ef1c li\u00ean quan.<\/p><\/div><\/div><\/div>[\/vc_column_inner][\/vc_row_inner][\/vc_column][\/vc_row]\n<\/div>","protected":false},"excerpt":{"rendered":"<p>[vc_row top_margin=&#8221;0&#8243; bottom_margin=&#8221;0&#8243; css=&#8221;.vc_custom_1499912039446{margin-top: -30px !important;}&#8221;][vc_column][vc_row_inner][vc_column_inner][vc_empty_space height=&#8221;10px&#8221;][vc_empty_space height=&#8221;30px&#8221;][\/vc_column_inner][\/vc_row_inner][\/vc_column][\/vc_row]<\/p>\n","protected":false},"author":4,"featured_media":0,"parent":0,"menu_order":0,"comment_status":"closed","ping_status":"closed","template":"","meta":{"nf_dc_page":"","footnotes":""},"class_list":["post-10481","page","type-page","status-publish","hentry"],"_links":{"self":[{"href":"https:\/\/worknow.vn\/vi\/wp-json\/wp\/v2\/pages\/10481","targetHints":{"allow":["GET"]}}],"collection":[{"href":"https:\/\/worknow.vn\/vi\/wp-json\/wp\/v2\/pages"}],"about":[{"href":"https:\/\/worknow.vn\/vi\/wp-json\/wp\/v2\/types\/page"}],"author":[{"embeddable":true,"href":"https:\/\/worknow.vn\/vi\/wp-json\/wp\/v2\/users\/4"}],"replies":[{"embeddable":true,"href":"https:\/\/worknow.vn\/vi\/wp-json\/wp\/v2\/comments?post=10481"}],"version-history":[{"count":5,"href":"https:\/\/worknow.vn\/vi\/wp-json\/wp\/v2\/pages\/10481\/revisions"}],"predecessor-version":[{"id":12006,"href":"https:\/\/worknow.vn\/vi\/wp-json\/wp\/v2\/pages\/10481\/revisions\/12006"}],"wp:attachment":[{"href":"https:\/\/worknow.vn\/vi\/wp-json\/wp\/v2\/media?parent=10481"}],"curies":[{"name":"wp","href":"https:\/\/api.w.org\/{rel}","templated":true}]}}