{"id":10483,"date":"2022-08-09T07:32:19","date_gmt":"2022-08-09T07:32:19","guid":{"rendered":"https:\/\/worknow.vn\/workforce-analyst\/"},"modified":"2023-06-01T08:29:45","modified_gmt":"2023-06-01T08:29:45","slug":"phan-tich-luong-lao-dong","status":"publish","type":"page","link":"https:\/\/worknow.vn\/vi\/phan-tich-luong-lao-dong\/","title":{"rendered":"Ph\u00e2n T\u00edch L\u01b0\u1ee3ng Lao \u0110\u1ed9ng"},"content":{"rendered":"<div class=\"wpb-content-wrapper\">[vc_row top_margin=&#8221;0&#8243; bottom_margin=&#8221;0&#8243; css=&#8221;.vc_custom_1499912039446{margin-top: -30px !important;}&#8221;][vc_column]<div class=\"shortcode-wrapper shortcode-title clearfix hb-animate-element hb-fade-in\"><p style=\"color:#878787!important;border-color:#878787\" class=\"hb-text-large aligncenter\">CHUY\u00caN VI\u00caN PH\u00c2N T\u00cdCH L\u1ef0C L\u01af\u1ee2NG LAO \u0110\u1ed8NG<\/p><\/div>[vc_row_inner][vc_column_inner][vc_empty_space height=&#8221;10px&#8221;]<div class=\"shortcode-wrapper shortcode-icon-box clearfix\"><div class=\"feature-box alternative left-icon-box aligncenter\"><div class=\"feature-box-content\"><h4 class=\"bold\">M\u00f4 t\u1ea3 c\u00f4ng vi\u1ec7c<\/h4><p>L\u00e0m vi\u1ec7c v\u1edbi ng\u01b0\u1eddi gi\u00e1m s\u00e1t v\u00e0 nh\u00e2n vi\u00ean ngu\u1ed3n nh\u00e2n l\u1ef1c, ch\u1ecbu tr\u00e1ch nhi\u1ec7m t\u1ea1o l\u1ecbch tr\u00ecnh cho nh\u00e2n vi\u00ean. Thu th\u1eadp v\u00e0 xem x\u00e9t r\u1ea5t nhi\u1ec1u th\u00f4ng tin li\u00ean quan \u0111\u1ebfn hi\u1ec7u su\u1ea5t c\u1ee7a nh\u00e2n vi\u00ean v\u00e0 c\u00e1c v\u1ea5n \u0111\u1ec1 c\u1ee7a kh\u00e1ch h\u00e0ng. X\u00e1c \u0111\u1ecbnh c\u00e1ch c\u1ea3i thi\u1ec7n ho\u1ea1t \u0111\u1ed9ng th\u00f4ng qua c\u00e1c quy\u1ebft \u0111\u1ecbnh b\u1ed1 tr\u00ed nh\u00e2n vi\u00ean hi\u1ec7u qu\u1ea3 \u0111\u1ec3 \u0111\u00e1p \u1ee9ng nhu c\u1ea7u c\u1ee7a kh\u00e1ch h\u00e0ng. \u0110\u00e1nh gi\u00e1 c\u00e1c c\u1ea5p \u0111\u1ed9 nh\u00e2n vi\u00ean h\u00e0ng ng\u00e0y, \u0111\u1ea3m b\u1ea3o r\u1eb1ng c\u00f3 \u0111\u1ee7 s\u1ed1 l\u01b0\u1ee3ng nh\u00e2n vi\u00ean \u0111\u1ec3 th\u1ef1c hi\u1ec7n t\u1ea5t c\u1ea3 c\u00e1c nhi\u1ec7m v\u1ee5 \u0111\u01b0\u1ee3c y\u00eau c\u1ea7u. T\u1ea1o b\u00e1o c\u00e1o cho b\u1ed9 ph\u1eadn nh\u00e2n s\u1ef1 \u0111\u1ec3 x\u00e1c \u0111\u1ecbnh xem nh\u00e2n vi\u00ean c\u00f3 \u0111\u01b0\u1ee3c s\u1eed d\u1ee5ng hi\u1ec7u qu\u1ea3 hay kh\u00f4ng ho\u1eb7c \u0111\u1ec3 ph\u00e1t tri\u1ec3n c\u00e1c chi\u1ebfn l\u01b0\u1ee3c tuy\u1ec3n d\u1ee5ng nh\u00e2n vi\u00ean c\u00f3 n\u0103ng l\u1ef1c v\u00e0 \u0111\u1ea3m b\u1ea3o r\u1eb1ng c\u00e1c ch\u00ednh s\u00e1ch c\u1ee7a c\u00f4ng ty \u0111\u01b0\u1ee3c tu\u00e2n th\u1ee7.<\/p>\n<p><strong>Vai tr\u00f2 v\u00e0 tr\u00e1ch nhi\u1ec7m<\/strong><\/p>\n<ul>\n<li>L\u00e0 \u0111\u1ea7u m\u1ed1i li\u00ean h\u1ec7 ch\u00ednh v\u1ec1 c\u00e1c ch\u00ednh s\u00e1ch qu\u1ea3n l\u00fd l\u1ef1c l\u01b0\u1ee3ng lao \u0111\u1ed9ng.<\/li>\n<li>Ph\u1ee5c v\u1ee5 v\u1edbi t\u01b0 c\u00e1ch l\u00e0 chuy\u00ean gia v\u1ec1 c\u00e1c v\u1ea5n \u0111\u1ec1 t\u1ed1i \u01b0u h\u00f3a l\u1ef1c l\u01b0\u1ee3ng lao \u0111\u1ed9ng.<\/li>\n<li>\u0110\u1ea3m b\u1ea3o c\u00e1c m\u1ee5c ti\u00eau v\u1ec1 m\u1ee9c \u0111\u1ed9 d\u1ecbch v\u1ee5 \u0111\u01b0\u1ee3c \u0111\u00e1p \u1ee9ng; duy tr\u00ec s\u1ed1 l\u01b0\u1ee3ng \u0111\u1ea7u ng\u01b0\u1eddi ph\u00f9 h\u1ee3p v\u00e0 t\u00ednh to\u00e1n c\u00f4ng su\u1ea5t cu\u1ed9c g\u1ecdi.<\/li>\n<li>Ch\u1ecbu tr\u00e1ch nhi\u1ec7m b\u1ea3o tr\u00ec v\u00e0 duy tr\u00ec ph\u1ea7n m\u1ec1m l\u1eadp l\u1ecbch tr\u00ecnh.<\/li>\n<li>Ch\u1ecbu tr\u00e1ch nhi\u1ec7m b\u00e1o c\u00e1o c\u00e1c ho\u1ea1t \u0111\u1ed9ng qu\u1ea3n l\u00fd d\u1eef li\u1ec7u xung quanh l\u1ecbch tr\u00ecnh v\u00e0 d\u1ef1 b\u00e1o c\u1ee7a nh\u00e2n vi\u00ean.<\/li>\n<li>C\u1ea3i thi\u1ec7n quy tr\u00ecnh v\u00e0 t\u0103ng hi\u1ec7u qu\u1ea3 ho\u1ea1t \u0111\u1ed9ng b\u1eb1ng c\u00e1ch \u0111\u1ec1 xu\u1ea5t nh\u1eefng thay \u0111\u1ed5i c\u1ea7n thi\u1ebft.<\/li>\n<li>\u0110\u1ea3m nh\u1eadn ph\u1ea7n l\u1edbn d\u1ef1 b\u00e1o cu\u1ed9c g\u1ecdi v\u00e0 l\u1eadp l\u1ecbch \u0111\u1ea1i l\u00fd cho trung t\u00e2m t\u1ed5ng \u0111\u00e0i.<\/li>\n<li>\u0110\u1ea3m b\u1ea3o th\u1eddi gian c\u1ee7a nh\u00e2n vi\u00ean \u0111\u01b0\u1ee3c ghi l\u1ea1i ch\u00ednh x\u00e1c b\u1eb1ng c\u00e1ch xem l\u1ea1i m\u1ecdi th\u1ebb ch\u1ea5m c\u00f4ng trong Oracle v\u00e0 I3 ho\u1eb7c ph\u1ea7n m\u1ec1m hi\u1ec7n h\u00e0nh kh\u00e1c.<\/li>\n<li>Gi\u1ea3i quy\u1ebft c\u00e1c l\u1ed7i nh\u01b0 \u0111i\u1ec1u ch\u1ec9nh gi\u1edd ngh\u1ec9 v\u00e0 s\u1eeda m\u00e3 d\u1ef1 \u00e1n, v.v. \u1ea3nh h\u01b0\u1edfng \u0111\u1ebfn nh\u00e2n vi\u00ean<\/li>\n<li>Th\u1ef1c hi\u1ec7n vi\u1ec7c xem x\u00e9t v\u00e0 ghi l\u1ea1i th\u1eddi gian l\u00e0m vi\u1ec7c theo m\u00e3 nhi\u1ec7m v\u1ee5 c\u00f4ng vi\u1ec7c th\u00edch h\u1ee3p khi m\u1ed9t nh\u00e2n vi\u00ean l\u00e0m vi\u1ec7c ngo\u00e0i gi\u1edd trong m\u1ed9t trung t\u00e2m chi ph\u00ed kh\u00e1c.<\/li>\n<li>\u0110i\u1ec1u ch\u1ec9nh t\u1ed5ng s\u1ed1 gi\u1edd l\u00e0m vi\u1ec7c v\u00e0 b\u1ea5t k\u1ef3 th\u1eddi gian ngh\u1ec9 (ngh\u1ec9) n\u00e0o m\u00e0 nh\u00e2n vi\u00ean \u0111\u00e3 ghi trong Oracle ho\u1eb7c ph\u1ea7n m\u1ec1m hi\u1ec7n h\u00e0nh.<\/li>\n<li>Ch\u1ecbu tr\u00e1ch nhi\u1ec7m ph\u00ea duy\u1ec7t th\u1ebb ch\u1ea5m c\u00f4ng c\u1ee7a nh\u00e2n vi\u00ean trong Oracle v\u00e0o cu\u1ed1i m\u1ed7i k\u1ef3 tr\u1ea3 l\u01b0\u01a1ng.<\/li>\n<\/ul>\n<\/p><\/div><\/div><\/div>[vc_empty_space height=&#8221;30px&#8221;]<div class=\"shortcode-wrapper shortcode-icon-box clearfix\"><div class=\"feature-box alternative left-icon-box aligncenter\"><div class=\"feature-box-content\"><h4 class=\"bold\">K\u1ef9 n\u0103ng thi\u1ebft y\u1ebfu<\/h4><p>\n<ul>\n<li>K\u1ef9 n\u0103ng vi t\u00ednh: Ph\u1ea3i th\u00e0nh th\u1ea1o Microsoft Excel v\u00e0 Office \u0111\u1ec3 l\u01b0u tr\u1eef d\u1eef li\u1ec7u, t\u1ea1o b\u00e1o c\u00e1o, l\u1eadp l\u1ecbch tr\u00ecnh v\u00e0 th\u1ef1c hi\u1ec7n c\u00e1c c\u00f4ng vi\u1ec7c kh\u00e1c.<\/li>\n<li>C\u00f3 ki\u1ebfn \u200b\u200bth\u1ee9c v\u1ec1 ph\u1ea7n m\u1ec1m eWFM, Siebel, Blue Pumpkin, IEX, TCS, Oracle v\u00e0 I3 (Interactive Intelligence) ho\u1eb7c b\u1ea5t k\u1ef3 ph\u1ea7n m\u1ec1m qu\u1ea3n l\u00fd l\u1ef1c l\u01b0\u1ee3ng lao \u0111\u1ed9ng n\u00e0o kh\u00e1c \u0111\u01b0\u1ee3c s\u1eed d\u1ee5ng \u0111\u1ec3 qu\u1ea3n l\u00fd l\u1ecbch tr\u00ecnh, quy tr\u00ecnh l\u00e0m vi\u1ec7c v\u00e0 d\u1eef li\u1ec7u th\u1ed1ng k\u00ea.<\/li>\n<li>K\u1ef9 n\u0103ng ph\u00e2n t\u00edch: Ph\u1ea3i c\u00f3 k\u1ef9 n\u0103ng ph\u00e2n t\u00edch v\u1ec1 c\u01a1 b\u1ea3n \u0111\u1ec3 xem x\u00e9t th\u00f4ng tin, ph\u00e2n t\u00edch d\u1eef li\u1ec7u v\u00e0 \u0111\u01b0a ra c\u00e1c khuy\u1ebfn ngh\u1ecb th\u00edch h\u1ee3p \u0111\u1ec3 c\u1ea3i ti\u1ebfn<\/li>\n<li>K\u1ef9 n\u0103ng giao ti\u1ebfp: Ph\u1ea3i c\u00f3 k\u1ef9 n\u0103ng giao ti\u1ebfp t\u1ed1t \u0111\u1ec3 \u0111\u1ea3m b\u1ea3o r\u1eb1ng nh\u00e2n vi\u00ean \u0111\u01b0\u1ee3c th\u00f4ng b\u00e1o v\u1ec1 c\u01a1 h\u1ed9i th\u0103ng ti\u1ebfn m\u1ed9t c\u00e1ch r\u00f5 rang.<\/li>\n<li>K\u1ef9 n\u0103ng t\u1ed5 ch\u1ee9c: Ph\u1ea3i c\u00f3 kh\u1ea3 n\u0103ng qu\u1ea3n l\u00fd m\u1ed9t lo\u1ea1t c\u00e1c nhi\u1ec7m v\u1ee5 v\u00e0 \u01b0u ti\u00ean c\u00e1c tr\u00e1ch nhi\u1ec7m c\u0169ng nh\u01b0 \u0111\u00e1p \u1ee9ng th\u1eddi h\u1ea1n.<\/li>\n<li>Kh\u1ea3 n\u0103ng t\u1ef1 kh\u1edfi \u0111\u1ed9ng \/ L\u00e0m vi\u1ec7c theo nh\u00f3m: Ph\u1ea3i c\u00f3 kh\u1ea3 n\u0103ng l\u00e0m vi\u1ec7c \u0111\u1ed9c l\u1eadp c\u0169ng nh\u01b0 ho\u1ea1t \u0111\u1ed9ng hi\u1ec7u qu\u1ea3 v\u1edbi t\u01b0 c\u00e1ch l\u00e0 th\u00e0nh vi\u00ean c\u1ee7a nh\u00f3m.<\/li>\n<li>Kh\u1ea3 n\u0103ng x\u1eed l\u00fd \u00e1p l\u1ef1c: \u0110\u00f2i h\u1ecfi kh\u1ea3 n\u0103ng l\u00e0m vi\u1ec7c hi\u1ec7u qu\u1ea3 trong t\u00ecnh hu\u1ed1ng c\u00f3 nh\u1ecbp \u0111\u1ed9 nhanh v\u00e0 x\u1eed l\u00fd c\u0103ng th\u1eb3ng, c\u0169ng nh\u01b0 th\u00edch \u1ee9ng v\u1edbi nh\u1eefng thay \u0111\u1ed5i nhanh ch\u00f3ng v\u1ec1 th\u00f4ng tin, quy tr\u00ecnh, h\u01b0\u1edbng \u0111i ho\u1eb7c quy tr\u00ecnh l\u00e0m vi\u1ec7c t\u1ee9c th\u1eddi.<\/li>\n<\/ul>\n<p><strong>Tr\u00ecnh \u0111\u1ed9 chuy\u00ean m\u00f4n:<\/strong> B\u1eb1ng c\u1eed nh\u00e2n v\u1ec1 To\u00e1n h\u1ecdc, Nghi\u00ean c\u1ee9u Kinh doanh, Qu\u1ea3n tr\u1ecb Kinh doanh ho\u1eb7c Nh\u00e2n s\u1ef1.<\/p><\/div><\/div><\/div>[\/vc_column_inner][\/vc_row_inner][\/vc_column][\/vc_row]\n<\/div>","protected":false},"excerpt":{"rendered":"<p>[vc_row top_margin=&#8221;0&#8243; bottom_margin=&#8221;0&#8243; css=&#8221;.vc_custom_1499912039446{margin-top: -30px !important;}&#8221;][vc_column][vc_row_inner][vc_column_inner][vc_empty_space height=&#8221;10px&#8221;][vc_empty_space height=&#8221;30px&#8221;][\/vc_column_inner][\/vc_row_inner][\/vc_column][\/vc_row]<\/p>\n","protected":false},"author":4,"featured_media":0,"parent":0,"menu_order":0,"comment_status":"closed","ping_status":"closed","template":"","meta":{"nf_dc_page":"","footnotes":""},"class_list":["post-10483","page","type-page","status-publish","hentry"],"_links":{"self":[{"href":"https:\/\/worknow.vn\/vi\/wp-json\/wp\/v2\/pages\/10483","targetHints":{"allow":["GET"]}}],"collection":[{"href":"https:\/\/worknow.vn\/vi\/wp-json\/wp\/v2\/pages"}],"about":[{"href":"https:\/\/worknow.vn\/vi\/wp-json\/wp\/v2\/types\/page"}],"author":[{"embeddable":true,"href":"https:\/\/worknow.vn\/vi\/wp-json\/wp\/v2\/users\/4"}],"replies":[{"embeddable":true,"href":"https:\/\/worknow.vn\/vi\/wp-json\/wp\/v2\/comments?post=10483"}],"version-history":[{"count":5,"href":"https:\/\/worknow.vn\/vi\/wp-json\/wp\/v2\/pages\/10483\/revisions"}],"predecessor-version":[{"id":12007,"href":"https:\/\/worknow.vn\/vi\/wp-json\/wp\/v2\/pages\/10483\/revisions\/12007"}],"wp:attachment":[{"href":"https:\/\/worknow.vn\/vi\/wp-json\/wp\/v2\/media?parent=10483"}],"curies":[{"name":"wp","href":"https:\/\/api.w.org\/{rel}","templated":true}]}}