{"id":10485,"date":"2022-09-16T06:53:23","date_gmt":"2022-09-16T06:53:23","guid":{"rendered":"https:\/\/worknow.vn\/employment-specialists\/"},"modified":"2023-06-01T08:28:27","modified_gmt":"2023-06-01T08:28:27","slug":"chuyen-gia-viec-lam","status":"publish","type":"page","link":"https:\/\/worknow.vn\/vi\/chuyen-gia-viec-lam\/","title":{"rendered":"Chuy\u00ean Gia Vi\u1ec7c L\u00e0m"},"content":{"rendered":"<div class=\"wpb-content-wrapper\">[vc_row top_margin=&#8221;0&#8243; bottom_margin=&#8221;0&#8243; css=&#8221;.vc_custom_1499912039446{margin-top: -30px !important;}&#8221;][vc_column]<div class=\"shortcode-wrapper shortcode-title clearfix hb-animate-element hb-fade-in\"><p style=\"color:#878787!important;border-color:#878787\" class=\"hb-text-large aligncenter\">CHUY\u00caN VI\u00caN V\u1ec0 VI\u1ec6C L\u00c0M<\/p><\/div>[vc_row_inner][vc_column_inner][vc_empty_space height=&#8221;10px&#8221;]<div class=\"shortcode-wrapper shortcode-icon-box clearfix\"><div class=\"feature-box alternative left-icon-box aligncenter\"><div class=\"feature-box-content\"><h4 class=\"bold\">M\u00f4 t\u1ea3 c\u00f4ng vi\u1ec7c<\/h4><p>L\u00e0 chuy\u00ean vi\u00ean s\u1eafp x\u1ebfp c\u00f4ng vi\u1ec7c, t\u1ed5 ch\u1ee9c h\u1ed9i th\u1ea3o, t\u01b0 v\u1ea5n vi\u1ec7c l\u00e0m ho\u1eb7c th\u1ef1c hi\u1ec7n c\u00e1c nhi\u1ec7m v\u1ee5 ti\u1ebfp c\u1eadn c\u1ed9ng \u0111\u1ed3ng. \u0110\u00e1nh gi\u00e1 k\u1ef9 n\u0103ng ngh\u1ec1 nghi\u1ec7p, ph\u00e1t ti\u1ec3n k\u1ef9 n\u0103ng t\u00ecm ki\u1ebfm vi\u1ec7c l\u00e0m, s\u00e0ng l\u1ecdc nh\u00e2n vi\u00ean v\u00e0 x\u00e2y d\u1ef1ng m\u1ed1i quan h\u1ec7 \u0111\u1ed1i t\u00e1c v\u1edbi c\u00e1c nh\u00e0 tuy\u1ec3n d\u1ee5ng ti\u1ec1m n\u0103ng.<\/p>\n<p>C\u00f2n \u0111\u01b0\u1ee3c g\u1ecdi l\u00e0 chuy\u00ean vi\u00ean s\u1eafp x\u1ebfp c\u00f4ng vi\u1ec7c, v\u1ecb tr\u00ed n\u00e0y c\u00f3 th\u1ec3 l\u00e0 m\u1ed9t v\u1ecb tr\u00ed ri\u00eang bi\u1ec7t trong m\u1ed9t c\u00f4ng ty ho\u1eb7c m\u1ed9t b\u1ed9 ph\u1eadn c\u1ee7a b\u1ed9 ph\u1eadn nh\u00e2n s\u1ef1. M\u1ed9t chuy\u00ean gia vi\u1ec7c l\u00e0m c\u0169ng c\u00f3 th\u1ec3 l\u00e0 m\u1ed9t ph\u1ea7n c\u1ee7a nh\u00f3m tuy\u1ec3n d\u1ee5ng vi\u1ec7c l\u00e0m ph\u1ee5c v\u1ee5 nhi\u1ec1u doanh nghi\u1ec7p ho\u1eb7c m\u1ed9t chuy\u00ean gia duy nh\u1ea5t \u0111\u01b0\u1ee3c thu\u00ea \u0111\u1ec3 th\u1ef1c hi\u1ec7n v\u1ecb tr\u00ed vi\u1ec7c l\u00e0m cho c\u00e1c c\u00f4ng ty l\u1edbn ho\u1eb7c nh\u1ecf. t\u00ecm vi\u1ec7c l\u00e0m cho nh\u1eefng ng\u01b0\u1eddi c\u1ea7n ch\u00fang. B\u1ea1n c\u00f3 th\u1ec3 t\u1ed5 ch\u1ee9c h\u1ed9i th\u1ea3o, t\u01b0 v\u1ea5n vi\u1ec7c l\u00e0m v\u00e0 \/ ho\u1eb7c th\u1ef1c hi\u1ec7n c\u00e1c nhi\u1ec7m v\u1ee5 ti\u1ebfp c\u1eadn c\u1ed9ng \u0111\u1ed3ng. Nhi\u1ec7m v\u1ee5 c\u1ee7a b\u1ea1n c\u00f3 th\u1ec3 bao g\u1ed3m \u0111\u00e1nh gi\u00e1 k\u1ef9 n\u0103ng ngh\u1ec1 nghi\u1ec7p, ph\u00e1t tri\u1ec3n k\u1ef9 n\u0103ng t\u00ecm ki\u1ebfm vi\u1ec7c l\u00e0m, s\u00e0ng l\u1ecdc nh\u00e2n vi\u00ean c\u00f3 th\u1ec3 c\u00f3 v\u00e0 x\u00e2y d\u1ef1ng quan h\u1ec7 \u0111\u1ed1i t\u00e1c v\u1edbi c\u00e1c nh\u00e0 tuy\u1ec3n d\u1ee5ng ti\u1ec1m n\u0103ng.<\/p>\n<p><strong>Vai tr\u00f2 v\u00e0 tr\u00e1ch nhi\u1ec7m<\/strong><\/p>\n<ul>\n<li>Hi\u1ec3u r\u00f5 c\u00e1c ch\u01b0\u01a1ng tr\u00ecnh v\u00e0 ch\u00ednh s\u00e1ch ph\u00fac l\u1ee3i x\u00e3 h\u1ed9i.<\/li>\n<li>Th\u1ef1c h\u00e0nh c\u00f4ng t\u00e1c x\u00e3 h\u1ed9i c\u1ed9ng \u0111\u1ed3ng<\/li>\n<li>Qu\u1ea3ng c\u00e1o c\u00e1c v\u1ecb tr\u00ed hi\u1ec7n c\u00f3 tr\u00ean c\u00e1c trang web vi\u1ec7c l\u00e0m, trang m\u1ea1ng x\u00e3 h\u1ed9i v\u00e0 c\u00e1c ngu\u1ed3n t\u00e0i nguy\u00ean k\u1ef9 thu\u1eadt s\u1ed1 kh\u00e1c.<\/li>\n<li>H\u1ed7 tr\u1ee3 b\u1ed9 ph\u1eadn nh\u00e2n s\u1ef1 thi\u1ebft k\u1ebf v\u00e0 th\u1ef1c hi\u1ec7n c\u00e1c c\u1ea5u tr\u00fac v\u1ecb tr\u00ed.<\/li>\n<li>S\u00e0ng l\u1ecdc \u1ee9ng vi\u00ean cho c\u00e1c v\u1ecb tr\u00ed c\u00f3 s\u1eb5n.<\/li>\n<li>Thi\u1ebft l\u1eadp v\u00e0 tham gia ph\u1ecfng v\u1ea5n \u1ee9ng vi\u00ean.<\/li>\n<li>Qu\u1ea3n l\u00fd v\u00e0 duy tr\u00ec c\u01a1 s\u1edf d\u1eef li\u1ec7u th\u00f4ng tin \u1ee9ng vi\u00ean.<\/li>\n<li>X\u1eed l\u00fd v\u00e0 g\u1eedi th\u01b0 xin vi\u1ec7c.<\/li>\n<li>Qu\u1ea3n l\u00fd ng\u00e2n s\u00e1ch qu\u1ea3ng c\u00e1o tuy\u1ec3n d\u1ee5ng.<\/li>\n<li>Th\u1ef1c hi\u1ec7n c\u00e1c cu\u1ed9c ph\u1ecfng v\u1ea5n sau khi tuy\u1ec3n d\u1ee5ng nh\u00e2n vi\u00ean c\u1ee7a c\u00f4ng ty.<\/li>\n<li>T\u1ea1o v\u00e0 tr\u00ecnh b\u00e0y b\u00e1o c\u00e1o tuy\u1ec3n d\u1ee5ng.<\/li>\n<\/ul>\n<\/p><\/div><\/div><\/div>[vc_empty_space height=&#8221;30px&#8221;]<div class=\"shortcode-wrapper shortcode-icon-box clearfix\"><div class=\"feature-box alternative left-icon-box aligncenter\"><div class=\"feature-box-content\"><h4 class=\"bold\">K\u1ef9 n\u0103ng thi\u1ebft y\u1ebfu<\/h4><p>\n<ul>\n<li>N\u1eafm b\u1eaft h\u00e0nh vi con ng\u01b0\u1eddi v\u00e0 t\u00e2m l\u00fd t\u1ed5 ch\u1ee9c.<\/li>\n<li>K\u1ef9 n\u0103ng ph\u1ecfng v\u1ea5n n\u00e2ng cao.<\/li>\n<li>Giao ti\u1ebfp t\u1ed1t.<\/li>\n<li>C\u00f3 ki\u1ebfn \u200b\u200bth\u1ee9c v\u1ec1 c\u00e1c k\u1ef9 thu\u1eadt ti\u1ebfp th\u1ecb k\u1ef9 thu\u1eadt s\u1ed1.<\/li>\n<li>C\u00f3 ki\u1ebfn \u200b\u200bth\u1ee9c v\u1ec1 chi\u1ebfn l\u01b0\u1ee3c tuy\u1ec3n d\u1ee5ng nh\u00e2n s\u1ef1 v\u00e0 c\u1ea5u tr\u00fac doanh nghi\u1ec7p.<\/li>\n<li>K\u1ef9 n\u0103ng t\u1ed5 ch\u1ee9c c\u1ea5p cao.<\/li>\n<\/ul>\n<p><strong>Tr\u00ecnh \u0111\u1ed9 chuy\u00ean m\u00f4n:<\/strong> B\u1eb1ng c\u1eed nh\u00e2n v\u1ec1 ngu\u1ed3n nh\u00e2n l\u1ef1c, kinh doanh, t\u00e2m l\u00fd h\u1ecdc ho\u1eb7c l\u0129nh v\u1ef1c t\u01b0\u01a1ng t\u1ef1.<\/p><\/div><\/div><\/div>[\/vc_column_inner][\/vc_row_inner][\/vc_column][\/vc_row]\n<\/div>","protected":false},"excerpt":{"rendered":"<p>[vc_row top_margin=&#8221;0&#8243; bottom_margin=&#8221;0&#8243; css=&#8221;.vc_custom_1499912039446{margin-top: -30px !important;}&#8221;][vc_column][vc_row_inner][vc_column_inner][vc_empty_space height=&#8221;10px&#8221;][vc_empty_space height=&#8221;30px&#8221;][\/vc_column_inner][\/vc_row_inner][\/vc_column][\/vc_row]<\/p>\n","protected":false},"author":4,"featured_media":0,"parent":0,"menu_order":0,"comment_status":"closed","ping_status":"closed","template":"","meta":{"nf_dc_page":"","footnotes":""},"class_list":["post-10485","page","type-page","status-publish","hentry"],"_links":{"self":[{"href":"https:\/\/worknow.vn\/vi\/wp-json\/wp\/v2\/pages\/10485","targetHints":{"allow":["GET"]}}],"collection":[{"href":"https:\/\/worknow.vn\/vi\/wp-json\/wp\/v2\/pages"}],"about":[{"href":"https:\/\/worknow.vn\/vi\/wp-json\/wp\/v2\/types\/page"}],"author":[{"embeddable":true,"href":"https:\/\/worknow.vn\/vi\/wp-json\/wp\/v2\/users\/4"}],"replies":[{"embeddable":true,"href":"https:\/\/worknow.vn\/vi\/wp-json\/wp\/v2\/comments?post=10485"}],"version-history":[{"count":4,"href":"https:\/\/worknow.vn\/vi\/wp-json\/wp\/v2\/pages\/10485\/revisions"}],"predecessor-version":[{"id":12005,"href":"https:\/\/worknow.vn\/vi\/wp-json\/wp\/v2\/pages\/10485\/revisions\/12005"}],"wp:attachment":[{"href":"https:\/\/worknow.vn\/vi\/wp-json\/wp\/v2\/media?parent=10485"}],"curies":[{"name":"wp","href":"https:\/\/api.w.org\/{rel}","templated":true}]}}