{"id":10487,"date":"2022-08-09T07:33:04","date_gmt":"2022-08-09T07:33:04","guid":{"rendered":"https:\/\/worknow.vn\/labor-relations-specialist\/"},"modified":"2023-06-01T08:34:20","modified_gmt":"2023-06-01T08:34:20","slug":"chuyen-gia-quan-he-lao-dong","status":"publish","type":"page","link":"https:\/\/worknow.vn\/vi\/chuyen-gia-quan-he-lao-dong\/","title":{"rendered":"Chuy\u00ean Gia Quan H\u1ec7 Lao \u0110\u1ed9ng"},"content":{"rendered":"<div class=\"wpb-content-wrapper\">[vc_row top_margin=&#8221;0&#8243; bottom_margin=&#8221;0&#8243; css=&#8221;.vc_custom_1499912039446{margin-top: -30px !important;}&#8221;][vc_column]<div class=\"shortcode-wrapper shortcode-title clearfix hb-animate-element hb-fade-in\"><p style=\"color:#878787!important;border-color:#878787\" class=\"hb-text-large aligncenter\">CHUY\u00caN VI\u00caN QUAN H\u1ec6 LAO \u0110\u1ed8NG<\/p><\/div>[vc_row_inner][vc_column_inner][vc_empty_space height=&#8221;10px&#8221;]<div class=\"shortcode-wrapper shortcode-icon-box clearfix\"><div class=\"feature-box alternative left-icon-box aligncenter\"><div class=\"feature-box-content\"><h4 class=\"bold\">Controller Job Description<\/h4><p><strong>M\u00f4 t\u1ea3 c\u00f4ng vi\u1ec7c <\/strong><\/p>\n<p>Vai tr\u00f2 l\u00e0 li\u00ean l\u1ea1c vi\u00ean gi\u1eefa c\u1ea5p qu\u1ea3n l\u00fd v\u00e0 ng\u01b0\u1eddi lao \u0111\u1ed9ng, gi\u00fap gi\u1ea3i quy\u1ebft c\u00e1c tranh ch\u1ea5p ho\u1eb7c s\u1ef1 c\u1ed1 t\u1ed5ng th\u1ec3 trong giao ti\u1ebfp. \u0110\u1ea1i di\u1ec7n doanh nghi\u1ec7p th\u01b0\u01a1ng l\u01b0\u1ee3ng v\u1ec1 m\u1ee9c l\u01b0\u01a1ng, \u0111i\u1ec1u ki\u1ec7n v\u00e0 l\u1ee3i \u00edch trong l\u0129nh v\u1ef1c c\u00f4ng nghi\u1ec7p. Gi\u00fap c\u00e1c c\u00f4ng ty tr\u00e1nh ki\u1ec7n t\u1ee5ng, l\u00e0m vi\u1ec7c theo th\u1ecfa thu\u1eadn th\u01b0\u01a1ng l\u01b0\u1ee3ng t\u1eadp th\u1ec3 v\u00e0 x\u1eed l\u00fd c\u00e1c khi\u1ebfu n\u1ea1i.<\/p>\n<p><strong>Vai tr\u00f2 v\u00e0 tr\u00e1ch nhi\u1ec7m<\/strong><\/p>\n<ul>\n<li>X\u1eed l\u00fd c\u00e1c quan h\u1ec7 lao \u0111\u1ed9ng th\u00f4ng th\u01b0\u1eddng v\u00e0 c\u00e1c th\u1eafc m\u1eafc v\u1ec1 ngu\u1ed3n nh\u00e2n l\u1ef1c li\u00ean quan \u0111\u1ebfn c\u00e1c ch\u00ednh s\u00e1ch, th\u1ee7 t\u1ee5c v\u00e0 c\u00e1c th\u1ecfa thu\u1eadn th\u01b0\u01a1ng l\u01b0\u1ee3ng; \u0111\u1ec1 c\u1eadp \u0111\u1ebfn c\u00e1c v\u1ea5n \u0111\u1ec1 ph\u1ee9c t\u1ea1p cho nh\u00e2n vi\u00ean qu\u1ea3n l\u00fd th\u00edch h\u1ee3p.<\/li>\n<li>\u0110\u00f3ng vai tr\u00f2 l\u00e0 ng\u01b0\u1eddi li\u00ean l\u1ea1c v\u00e0 li\u00ean l\u1ea1c ban \u0111\u1ea7u \u0111\u1ec3 ti\u1ebfp nh\u1eadn v\u00e0 \u0111\u00e1nh gi\u00e1 c\u00e1c khi\u1ebfu n\u1ea1i c\u1ee7a nh\u00e2n vi\u00ean.<\/li>\n<li>Th\u1ef1c hi\u1ec7n c\u00e1c cu\u1ed9c ph\u1ecfng v\u1ea5n ban \u0111\u1ea7u v\u00e0 thu th\u1eadp th\u00f4ng tin v\u1ec1 c\u00e1c v\u1ea5n \u0111\u1ec1 quan h\u1ec7 v\u1edbi nh\u00e2n vi\u00ean nh\u01b0 c\u00e1o bu\u1ed9c qu\u1ea5y r\u1ed1i, khi\u1ebfu n\u1ea1i v\u1ec1 c\u00f4ng vi\u1ec7c ho\u1eb7c c\u00e1c m\u1ed1i quan t\u00e2m kh\u00e1c; th\u00f4ng b\u00e1o cho nh\u00e2n vi\u00ean nh\u00e2n s\u1ef1 th\u00edch h\u1ee3p khi c\u1ea7n \u0111i\u1ec1u tra b\u1ed5 sung.<\/li>\n<li>H\u1ed7 tr\u1ee3 l\u01b0u tr\u1eef h\u1ed3 s\u01a1 li\u00ean quan \u0111\u1ebfn tuy\u1ec3n d\u1ee5ng, ch\u1ea5m d\u1ee9t, ngh\u1ec9 vi\u1ec7c, thuy\u00ean chuy\u1ec3n v\u00e0 th\u0103ng ch\u1ee9c, \u0111\u1eb7c bi\u1ec7t l\u00e0 li\u00ean quan \u0111\u1ebfn C\u01a1 h\u1ed9i vi\u1ec7c l\u00e0m b\u00ecnh \u0111\u1eb3ng (EEO), h\u00e0nh \u0111\u1ed9ng kh\u1eb3ng \u0111\u1ecbnh v\u00e0 c\u00e1c s\u00e1ng ki\u1ebfn \u200b\u200b\u0111a d\u1ea1ng.<\/li>\n<li>Thu th\u1eadp th\u00f4ng tin v\u00e0 d\u1eef li\u1ec7u \u0111\u1ec3 \u0111\u00e1nh gi\u00e1 t\u00e1c \u0111\u1ed9ng chi ph\u00ed v\u00e0 ch\u00ednh s\u00e1ch c\u1ee7a c\u00e1c cu\u1ed9c \u0111\u00e0m ph\u00e1n v\u00e0 tranh ch\u1ea5p. \u0110i\u1ec1u n\u00e0y c\u00f3 th\u1ec3 bao g\u1ed3m c\u00e1c \u0111\u1ec1 xu\u1ea5t v\u1ec1 qu\u1ea3n l\u00fd v\u00e0 c\u00f4ng \u0111o\u00e0n, thang l\u01b0\u01a1ng v\u00e0 m\u1ee9c l\u01b0\u01a1ng, ph\u00fac l\u1ee3i, \u0111i\u1ec1u ki\u1ec7n l\u00e0m vi\u1ec7c v\u00e0 c\u00e1c t\u00ecnh hu\u1ed1ng gi\u1ea3m nh\u1eb9 kh\u00e1c.<\/li>\n<li>Th\u1ef1c hi\u1ec7n c\u00e1c cu\u1ed9c kh\u1ea3o s\u00e1t, ph\u1ecfng v\u1ea5n v\u00e0 c\u00e1c nghi\u00ean c\u1ee9u kh\u00e1c li\u00ean quan \u0111\u1ebfn ch\u00ednh s\u00e1ch ngu\u1ed3n nh\u00e2n l\u1ef1c, l\u01b0\u01a1ng th\u01b0\u1edfng v\u00e0 c\u00e1c th\u01b0\u01a1ng l\u01b0\u1ee3ng lao \u0111\u1ed9ng kh\u00e1c; thu th\u1eadp th\u00f4ng tin v\u00e0 b\u00e1o c\u00e1o k\u1ebft qu\u1ea3 cho Gi\u00e1m \u0111\u1ed1c Quan h\u1ec7 Lao \u0111\u1ed9ng ho\u1eb7c Gi\u00e1m \u0111\u1ed1c Nh\u00e2n s\u1ef1.<\/li>\n<li>Duy tr\u00ec ki\u1ebfn \u200b\u200bth\u1ee9c v\u00e0 hi\u1ec3u bi\u1ebft v\u1ec1 lu\u1eadt v\u00e0 quy \u0111\u1ecbnh li\u00ean quan \u0111\u1ebfn EEO, h\u00e0nh \u0111\u1ed9ng kh\u1eb3ng \u0111\u1ecbnh, th\u01b0\u01a1ng l\u01b0\u1ee3ng t\u1eadp th\u1ec3, c\u00f4ng \u0111o\u00e0n, quan h\u1ec7 lao \u0111\u1ed9ng v\u00e0 ngu\u1ed3n nh\u00e2n l\u1ef1c.<\/li>\n<li>H\u1ed7 tr\u1ee3 chu\u1ea9n b\u1ecb k\u1ebf ho\u1ea1ch, ch\u00ednh s\u00e1ch, t\u00e0i li\u1ec7u v\u00e0 b\u00e1o c\u00e1o bao g\u1ed3m EEO-1, k\u1ebf ho\u1ea1ch h\u00e0nh \u0111\u1ed9ng kh\u1eb3ng \u0111\u1ecbnh, s\u01a1 \u0111\u1ed3 t\u1ed5 ch\u1ee9c, th\u1ecfa thu\u1eadn lao \u0111\u1ed9ng v\u00e0 s\u1ed5 tay nh\u00e2n vi\u00ean.<\/li>\n<li>H\u1ed7 tr\u1ee3 chu\u1ea9n b\u1ecb c\u00e1c t\u00e0i li\u1ec7u v\u00e0 h\u1ed3 s\u01a1 c\u1ea7n thi\u1ebft cho c\u00e1c cu\u1ed9c \u0111\u00e0m ph\u00e1n h\u1ee3p \u0111\u1ed3ng, c\u00e1c cu\u1ed9c h\u1ecdp v\u00e0 \u0111\u00e0m ph\u00e1n v\u1edbi c\u00e1c t\u1ed5 ch\u1ee9c nh\u00e2n vi\u00ean v\u00e0 lao \u0111\u1ed9ng.<\/li>\n<li>Th\u1ef1c hi\u1ec7n c\u00e1c nhi\u1ec7m v\u1ee5 kh\u00e1c theo s\u1ef1 ph\u00e2n c\u00f4ng.<\/li>\n<\/ul>\n<\/p><\/div><\/div><\/div>[vc_empty_space height=&#8221;30px&#8221;]<div class=\"shortcode-wrapper shortcode-icon-box clearfix\"><div class=\"feature-box alternative left-icon-box aligncenter\"><div class=\"feature-box-content\"><h4 class=\"bold\">K\u1ef9 n\u0103ng thi\u1ebft y\u1ebfu<\/h4><p>\n<ul>\n<li>K\u1ef9 n\u0103ng giao ti\u1ebfp b\u1eb1ng l\u1eddi n\u00f3i v\u00e0 v\u0103n b\u1ea3n.<\/li>\n<li>K\u1ef9 n\u0103ng giao ti\u1ebfp, th\u01b0\u01a1ng l\u01b0\u1ee3ng v\u00e0 gi\u1ea3i quy\u1ebft xung \u0111\u1ed9t.<\/li>\n<li>K\u1ef9 n\u0103ng qu\u1ea3n l\u00fd th\u1eddi gian v\u1edbi kh\u1ea3 n\u0103ng l\u00e0m vi\u1ec7c d\u01b0\u1edbi deadline.<\/li>\n<li>K\u1ef9 n\u0103ng ph\u00e2n t\u00edch v\u00e0 gi\u1ea3i quy\u1ebft v\u1ea5n \u0111\u1ec1.<\/li>\n<li>Hi\u1ec3u bi\u1ebft r\u00f5 v\u1ec1 lu\u1eadt, quy \u0111\u1ecbnh v\u00e0 h\u01b0\u1edbng d\u1eabn li\u00ean quan \u0111\u1ebfn nh\u00e2n s\u1ef1 v\u00e0 \u0111\u00e0m ph\u00e1n h\u1ee3p \u0111\u1ed3ng.<\/li>\n<li>S\u1eed d\u1ee5ng th\u00e0nh th\u1ea1o Microsoft Office Suite ho\u1eb7c c\u00e1c ph\u1ea7n m\u1ec1m li\u00ean quan.<\/li>\n<\/ul>\n<p><strong>Tr\u00ecnh \u0111\u1ed9 chuy\u00ean m\u00f4n<\/strong>: Y\u00eau c\u1ea7u b\u1eb1ng c\u1eed nh\u00e2n v\u1ec1 Nh\u00e2n s\u1ef1, Quan h\u1ec7 lao \u0111\u1ed9ng, Kinh doanh, K\u1ebf to\u00e1n ho\u1eb7c l\u0129nh v\u1ef1c li\u00ean quan.<\/p><\/div><\/div><\/div>[\/vc_column_inner][\/vc_row_inner][\/vc_column][\/vc_row]\n<\/div>","protected":false},"excerpt":{"rendered":"<p>[vc_row top_margin=&#8221;0&#8243; bottom_margin=&#8221;0&#8243; css=&#8221;.vc_custom_1499912039446{margin-top: -30px !important;}&#8221;][vc_column][vc_row_inner][vc_column_inner][vc_empty_space height=&#8221;10px&#8221;][vc_empty_space height=&#8221;30px&#8221;][\/vc_column_inner][\/vc_row_inner][\/vc_column][\/vc_row]<\/p>\n","protected":false},"author":4,"featured_media":0,"parent":0,"menu_order":0,"comment_status":"closed","ping_status":"closed","template":"","meta":{"nf_dc_page":"","footnotes":""},"class_list":["post-10487","page","type-page","status-publish","hentry"],"_links":{"self":[{"href":"https:\/\/worknow.vn\/vi\/wp-json\/wp\/v2\/pages\/10487","targetHints":{"allow":["GET"]}}],"collection":[{"href":"https:\/\/worknow.vn\/vi\/wp-json\/wp\/v2\/pages"}],"about":[{"href":"https:\/\/worknow.vn\/vi\/wp-json\/wp\/v2\/types\/page"}],"author":[{"embeddable":true,"href":"https:\/\/worknow.vn\/vi\/wp-json\/wp\/v2\/users\/4"}],"replies":[{"embeddable":true,"href":"https:\/\/worknow.vn\/vi\/wp-json\/wp\/v2\/comments?post=10487"}],"version-history":[{"count":5,"href":"https:\/\/worknow.vn\/vi\/wp-json\/wp\/v2\/pages\/10487\/revisions"}],"predecessor-version":[{"id":12008,"href":"https:\/\/worknow.vn\/vi\/wp-json\/wp\/v2\/pages\/10487\/revisions\/12008"}],"wp:attachment":[{"href":"https:\/\/worknow.vn\/vi\/wp-json\/wp\/v2\/media?parent=10487"}],"curies":[{"name":"wp","href":"https:\/\/api.w.org\/{rel}","templated":true}]}}