{"id":10489,"date":"2022-08-09T07:34:06","date_gmt":"2022-08-09T07:34:06","guid":{"rendered":"https:\/\/worknow.vn\/trainer\/"},"modified":"2023-06-01T08:34:29","modified_gmt":"2023-06-01T08:34:29","slug":"huan-luyen-vien","status":"publish","type":"page","link":"https:\/\/worknow.vn\/vi\/huan-luyen-vien\/","title":{"rendered":"Hu\u1ea5n Luy\u1ec7n Vi\u00ean"},"content":{"rendered":"<div class=\"wpb-content-wrapper\">[vc_row top_margin=&#8221;0&#8243; bottom_margin=&#8221;0&#8243; css=&#8221;.vc_custom_1499912039446{margin-top: -30px !important;}&#8221;][vc_column]<div class=\"shortcode-wrapper shortcode-title clearfix hb-animate-element hb-fade-in\"><p style=\"color:#878787!important;border-color:#878787\" class=\"hb-text-large aligncenter\">CHUY\u00caN VI\u00caN \u0110\u00c0O T\u1ea0O NH\u00c2N S\u1ef0<\/p><\/div>[vc_row_inner][vc_column_inner][vc_empty_space height=&#8221;10px&#8221;]<div class=\"shortcode-wrapper shortcode-icon-box clearfix\"><div class=\"feature-box alternative left-icon-box aligncenter\"><div class=\"feature-box-content\"><h4 class=\"bold\">M\u00f4 t\u1ea3 c\u00f4ng vi\u1ec7c<\/h4><p>\u0110i\u1ec1u khi\u1ec3n qu\u00e1 tr\u00ecnh gi\u1edbi thi\u1ec7u nh\u00e2n vi\u00ean m\u1edbi, h\u1ed7 tr\u1ee3 c\u00e1c nh\u00e2n s\u1ef1 m\u1edbi. Gi\u00fap nh\u00e2n s\u1ef1 m\u1edbi l\u00e0m quen v\u1edbi vai tr\u00f2 m\u1edbi t\u1ea1i doanh nghi\u1ec7p, tri\u1ec3n khai c\u00e1c ch\u01b0\u01a1ng tr\u00ecnh \u0111\u00e0o t\u1ea1o d\u1ea1y cho nh\u00e2n vi\u00ean v\u1ec1 v\u0103n h\u00f3a c\u1ee7a c\u00f4ng ty v\u00e0 k\u1ef3 v\u1ecdng c\u1ee7a ban qu\u1ea3n l\u00fd \u0111\u1ed1i v\u1edbi hi\u1ec7u su\u1ea5t c\u00f4ng vi\u1ec7c. M\u1ee5c ti\u00eau ch\u00ednh l\u00e0 duy tr\u00ec kh\u1ea3 n\u0103ng gi\u1eef ch\u00e2n nh\u00e2n vi\u00ean cao v\u00e0 s\u1ef1 h\u00e0i l\u00f2ng c\u1ee7a nh\u00e2n vi\u00ean.<\/p>\n<p><strong>Vai tr\u00f2 v\u00e0 tr\u00e1ch nhi\u1ec7m<\/strong><\/p>\n<ul>\n<li>X\u00e1c \u0111\u1ecbnh, ki\u1ec3m tra v\u00e0 \u0111\u00e1nh gi\u00e1 nhu c\u1ea7u \u0111\u00e0o t\u1ea1o trong m\u1ed9t t\u1ed5 ch\u1ee9c.<\/li>\n<li>Ti\u1ebfn h\u00e0nh \u0111\u00e0o t\u1ea1o nh\u00e2n vi\u00ean cho c\u00e1c c\u00f4ng vi\u1ec7c c\u1ee5 th\u1ec3.<\/li>\n<li>\u0110\u00e0o t\u1ea1o h\u1ecdc vi\u00ean v\u1ec1 c\u00e1c k\u1ef9 n\u0103ng nh\u01b0 \u1ee9ng d\u1ee5ng m\u00e1y t\u00ednh, h\u1ec7 th\u1ed1ng \u0111i\u1ec7n tho\u1ea1i, ch\u00ednh s\u00e1ch v\u00e0 th\u1ee7 t\u1ee5c, l\u1eafp r\u00e1p s\u1ea3n ph\u1ea9m v\u00e0 l\u1eadp k\u1ebf ho\u1ea1ch t\u1ed3n kho.<\/li>\n<li>T\u1ed5 ch\u1ee9c c\u00e1c cu\u1ed9c h\u1ecdp v\u00e0 thuy\u1ebft tr\u00ecnh v\u1ec1 t\u00e0i li\u1ec7u h\u1ecdc t\u1eadp khi c\u1ea7n thi\u1ebft.<\/li>\n<li>L\u1eadp k\u1ebf ho\u1ea1ch v\u00e0 thi\u1ebft k\u1ebf c\u00e1c ho\u1ea1t \u0111\u1ed9ng \u0111\u00e0o t\u1ea1o cho nh\u00e2n vi\u00ean m\u1edbi c\u0169ng nh\u01b0 nh\u00e2n vi\u00ean k\u1ef3 c\u1ef1u.<\/li>\n<li>H\u1ed7 tr\u1ee3 nh\u00e2n vi\u00ean trong qu\u00e1 tr\u00ecnh c\u1ea3i thi\u1ec7n ho\u1eb7c n\u00e2ng cao c\u00e1c k\u1ef9 n\u0103ng hi\u1ec7n c\u00f3.<\/li>\n<li>L\u1eadp k\u1ebf ho\u1ea1ch v\u00e0 ph\u00e1t tri\u1ec3n c\u00e1c m\u00f4 ph\u1ecfng \u0111\u01b0\u1ee3c gi\u00e1m s\u00e1t v\u00e0 c\u00e1c k\u1ecbch b\u1ea3n gi\u1ea3i quy\u1ebft v\u1ea5n \u0111\u1ec1.<\/li>\n<li>\u0110\u1ea3m b\u1ea3o r\u1eb1ng c\u00e1c b\u00e0i thuy\u1ebft tr\u00ecnh \u0111a ph\u01b0\u01a1ng ti\u1ec7n, t\u01b0\u01a1ng t\u00e1c, s\u00e1ng t\u1ea1o \u0111\u01b0\u1ee3c t\u1ea1o ra.<\/li>\n<li>T\u1ed5 ch\u1ee9c h\u1ed9i th\u1ea3o, h\u1ed9i th\u1ea3o v\u00e0 b\u00e0i gi\u1ea3ng.<\/li>\n<li>L\u01b0u gi\u1eef h\u1ed3 s\u01a1 \u0111\u00e0o t\u1ea1o \u0111\u00fang v\u00e0 ch\u00ednh x\u00e1c.<\/li>\n<li>Thu th\u1eadp ph\u1ea3n h\u1ed3i t\u1eeb nh\u00e2n vi\u00ean v\u1ec1 hi\u1ec7u qu\u1ea3 c\u1ee7a m\u1ed9t s\u1ed1 ph\u01b0\u01a1ng ph\u00e1p \u0111\u00e0o t\u1ea1o.<\/li>\n<\/ul>\n<\/p><\/div><\/div><\/div>[vc_empty_space height=&#8221;30px&#8221;]<div class=\"shortcode-wrapper shortcode-icon-box clearfix\"><div class=\"feature-box alternative left-icon-box aligncenter\"><div class=\"feature-box-content\"><h4 class=\"bold\">K\u1ef9 n\u0103ng thi\u1ebft y\u1ebfu<\/h4><p>\n<ul>\n<li>K\u1ef9 n\u0103ng ph\u00e2n t\u00edch, qu\u1ea3n l\u00fd v\u00e0 ra quy\u1ebft \u0111\u1ecbnh t\u1ed1t cho ph\u00e9p nh\u00e0 \u0111\u00e0o t\u1ea1o ngu\u1ed3n nh\u00e2n l\u1ef1c \u0111\u00e1nh gi\u00e1 hi\u1ec7u qu\u1ea3 nhu c\u1ea7u \u0111\u00e0o t\u1ea1o v\u00e0 \u0111\u1ec1 xu\u1ea5t c\u00e1c gi\u1ea3i ph\u00e1p ph\u00f9 h\u1ee3p<\/li>\n<li>K\u1ef9 n\u0103ng giao ti\u1ebfp b\u1eb1ng l\u1eddi n\u00f3i v\u00e0 v\u0103n b\u1ea3n, \u0111\u1ec3 giao ti\u1ebfp v\u1edbi c\u00e1c h\u1ecdc vi\u00ean v\u00e0 th\u1eadm ch\u00ed c\u1ea3 ban qu\u1ea3n l\u00fd, \u0111\u1ed3ng th\u1eddi thuy\u1ebft tr\u00ecnh v\u00e0 thu th\u1eadp b\u00e1o c\u00e1o ho\u1eb7c ph\u1ea3n h\u1ed3i.<\/li>\n<li>C\u1ea7n c\u00f3 k\u1ef9 n\u0103ng giao ti\u1ebfp t\u1ed1t v\u1edbi t\u01b0 c\u00e1ch l\u00e0 nh\u00e0 \u0111\u00e0o t\u1ea1o nh\u00e2n s\u1ef1 \u0111\u1ec3 l\u00e0m vi\u1ec7c hi\u1ec7u qu\u1ea3 v\u1edbi \u0111\u1ed3ng nghi\u1ec7p, th\u1ef1c t\u1eadp sinh v\u00e0 qu\u1ea3n l\u00fd.<\/li>\n<li>Ki\u1ebfn th\u1ee9c v\u1ec1 Microsoft PowerPoint v\u00e0 c\u00e1c ch\u01b0\u01a1ng tr\u00ecnh ho\u1eb7c \u1ee9ng d\u1ee5ng ph\u1ea7n m\u1ec1m \u0111\u00e0o t\u1ea1o v\u00e0 tr\u00ecnh b\u00e0y kh\u00e1c<\/li>\n<li>Hi\u1ec3u bi\u1ebft v\u1ec1 c\u00e1c nguy\u00ean t\u1eafc li\u00ean quan \u0111\u1ebfn m\u1ed9t ch\u01b0\u01a1ng tr\u00ecnh \u0111\u00e0o t\u1ea1o.<\/li>\n<li>C\u00f3 \u00edt nh\u1ea5t 3-6 n\u0103m kinh nghi\u1ec7m chuy\u00ean m\u00f4n ho\u1eb7c th\u00f4ng qua th\u1ef1c t\u1eadp<\/li>\n<\/ul>\n<p><strong>Tr\u00ecnh \u0111\u1ed9 chuy\u00ean m\u00f4n:<\/strong> B\u1eb1ng C\u1eed nh\u00e2n v\u1ec1 Qu\u1ea3n l\u00fd Ngu\u1ed3n nh\u00e2n l\u1ef1c ho\u1eb7c b\u1ea5t k\u1ef3 chuy\u00ean ng\u00e0nh n\u00e0o kh\u00e1c c\u00f3 li\u00ean quan.<\/p><\/div><\/div><\/div>[\/vc_column_inner][\/vc_row_inner][\/vc_column][\/vc_row]\n<\/div>","protected":false},"excerpt":{"rendered":"<p>[vc_row top_margin=&#8221;0&#8243; bottom_margin=&#8221;0&#8243; css=&#8221;.vc_custom_1499912039446{margin-top: -30px !important;}&#8221;][vc_column][vc_row_inner][vc_column_inner][vc_empty_space height=&#8221;10px&#8221;][vc_empty_space height=&#8221;30px&#8221;][\/vc_column_inner][\/vc_row_inner][\/vc_column][\/vc_row]<\/p>\n","protected":false},"author":4,"featured_media":0,"parent":0,"menu_order":0,"comment_status":"closed","ping_status":"closed","template":"","meta":{"nf_dc_page":"","footnotes":""},"class_list":["post-10489","page","type-page","status-publish","hentry"],"_links":{"self":[{"href":"https:\/\/worknow.vn\/vi\/wp-json\/wp\/v2\/pages\/10489","targetHints":{"allow":["GET"]}}],"collection":[{"href":"https:\/\/worknow.vn\/vi\/wp-json\/wp\/v2\/pages"}],"about":[{"href":"https:\/\/worknow.vn\/vi\/wp-json\/wp\/v2\/types\/page"}],"author":[{"embeddable":true,"href":"https:\/\/worknow.vn\/vi\/wp-json\/wp\/v2\/users\/4"}],"replies":[{"embeddable":true,"href":"https:\/\/worknow.vn\/vi\/wp-json\/wp\/v2\/comments?post=10489"}],"version-history":[{"count":4,"href":"https:\/\/worknow.vn\/vi\/wp-json\/wp\/v2\/pages\/10489\/revisions"}],"predecessor-version":[{"id":12009,"href":"https:\/\/worknow.vn\/vi\/wp-json\/wp\/v2\/pages\/10489\/revisions\/12009"}],"wp:attachment":[{"href":"https:\/\/worknow.vn\/vi\/wp-json\/wp\/v2\/media?parent=10489"}],"curies":[{"name":"wp","href":"https:\/\/api.w.org\/{rel}","templated":true}]}}