{"id":10491,"date":"2022-08-09T07:34:49","date_gmt":"2022-08-09T07:34:49","guid":{"rendered":"https:\/\/worknow.vn\/talent-acquisition-specialist\/"},"modified":"2023-06-01T08:34:29","modified_gmt":"2023-06-01T08:34:29","slug":"chuyen-gia-tim-kiem-tai-nang","status":"publish","type":"page","link":"https:\/\/worknow.vn\/vi\/chuyen-gia-tim-kiem-tai-nang\/","title":{"rendered":"Chuy\u00ean Gia T\u00ecm Ki\u1ebfm T\u00e0i N\u0103ng"},"content":{"rendered":"<div class=\"wpb-content-wrapper\">[vc_row top_margin=&#8221;0&#8243; bottom_margin=&#8221;0&#8243; css=&#8221;.vc_custom_1499912039446{margin-top: -30px !important;}&#8221;][vc_column]<div class=\"shortcode-wrapper shortcode-title clearfix hb-animate-element hb-fade-in\"><p style=\"color:#878787!important;border-color:#878787\" class=\"hb-text-large aligncenter\">CHUY\u00caN VI\u00caN THU H\u00daT NH\u00c2N T\u00c0I<\/p><\/div>[vc_row_inner][vc_column_inner][vc_empty_space height=&#8221;10px&#8221;]<div class=\"shortcode-wrapper shortcode-icon-box clearfix\"><div class=\"feature-box alternative left-icon-box aligncenter\"><div class=\"feature-box-content\"><h4 class=\"bold\">M\u00f4 t\u1ea3 c\u00f4ng vi\u1ec7c<\/h4><p>C\u00f3 th\u1ec3 l\u00e0m vi\u1ec7c \u0111\u1ed9c l\u1eadp ho\u1eb7c l\u00e0m vi\u1ec7c trong b\u1ed9 ph\u1eadn nh\u00e2n s\u1ef1. C\u00f4ng vi\u1ec7c ch\u00ednh l\u00e0 t\u00ecm ra nh\u00e2n s\u1ef1 c\u1ee5 th\u1ec3 c\u00f3 t\u00e0i n\u0103ng v\u00e0 tr\u00ecnh \u0111\u1ed9 cho m\u1ed9t c\u00f4ng vi\u1ec7c c\u1ee5 th\u1ec3 ho\u1eb7c t\u00ecm \u1ee9ng vi\u00ean l\u00e0m vi\u1ec7c v\u1edbi nhi\u1ec1u n\u0103ng l\u1ef1c \u00a0v\u00e0 c\u00f3 th\u1ec3 \u0111\u01b0\u1ee3c \u0111\u00e0o t\u1ea1o ch\u00e9o \u0111\u1ec3 l\u00e0m vi\u1ec7c trong c\u00e1c l\u0129nh v\u1ef1c kh\u00e1c. Thi\u1ebft l\u1eadp c\u00e1c chi\u1ebfn l\u01b0\u1ee3c v\u00e0 h\u01b0\u1edbng d\u1eabn c\u00f4ng ty h\u01b0\u1edbng \u0111\u1ebfn c\u00e1c m\u1ee5c ti\u00eau d\u00e0i h\u1ea1n. Thu th\u1eadp v\u00e0 \u0111\u00e1nh gi\u00e1 d\u1eef li\u1ec7u li\u00ean quan \u0111\u1ebfn l\u1ef1c l\u01b0\u1ee3ng lao \u0111\u1ed9ng v\u00e0 quy tr\u00ecnh nh\u00e2n s\u1ef1 c\u1ee7a c\u00f4ng ty h\u1ecd. Th\u01b0\u1eddng xuy\u00ean giao ti\u1ebfp v\u1edbi c\u00e1c \u1ee9ng vi\u00ean ti\u1ec1m n\u0103ng, l\u00e3nh \u0111\u1ea1o c\u00f4ng ty, chuy\u00ean gia nh\u00e2n s\u1ef1 v\u00e0 nh\u1eefng ng\u01b0\u1eddi kh\u00e1c tham gia v\u00e0o qu\u00e1 tr\u00ecnh tuy\u1ec3n d\u1ee5ng.<\/p>\n<p><strong>Vai tr\u00f2 v\u00e0 tr\u00e1ch nhi\u1ec7m<\/strong><\/p>\n<ul>\n<li>Ph\u1ed1i h\u1ee3p v\u1edbi c\u00e1c nh\u00e0 qu\u1ea3n l\u00fd tuy\u1ec3n d\u1ee5ng \u0111\u1ec3 x\u00e1c \u0111\u1ecbnh nhu c\u1ea7u nh\u00e2n s\u1ef1.<\/li>\n<li>X\u00e1c \u0111\u1ecbnh ti\u00eau ch\u00ed l\u1ef1a ch\u1ecdn.<\/li>\n<li>T\u00ecm ngu\u1ed3n \u1ee9ng vi\u00ean ti\u1ec1m n\u0103ng th\u00f4ng qua c\u00e1c k\u00eanh tr\u1ef1c tuy\u1ebfn (v\u00ed d\u1ee5: n\u1ec1n t\u1ea3ng x\u00e3 h\u1ed9i v\u00e0 m\u1ea1ng chuy\u00ean nghi\u1ec7p).<\/li>\n<li>L\u1eadp k\u1ebf ho\u1ea1ch cho c\u00e1c th\u1ee7 t\u1ee5c ph\u1ecfng v\u1ea5n v\u00e0 l\u1ef1a ch\u1ecdn, bao g\u1ed3m c\u00e1c cu\u1ed9c g\u1ecdi s\u00e0ng l\u1ecdc, \u0111\u00e1nh gi\u00e1 v\u00e0 ph\u1ecfng v\u1ea5n tr\u1ef1c ti\u1ebfp.<\/li>\n<li>\u0110\u00e1nh gi\u00e1 th\u00f4ng tin \u1ee9ng vi\u00ean, bao g\u1ed3m h\u1ed3 s\u01a1 v\u00e0 chi ti\u1ebft li\u00ean h\u1ec7, s\u1eed d\u1ee5ng H\u1ec7 th\u1ed1ng Theo d\u00f5i \u1ee8ng vi\u00ean c\u1ee7a c\u00f4ng ty.<\/li>\n<li>Thi\u1ebft k\u1ebf m\u00f4 t\u1ea3 c\u00f4ng vi\u1ec7c v\u00e0 c\u00e2u h\u1ecfi ph\u1ecfng v\u1ea5n ph\u1ea3n \u00e1nh y\u00eau c\u1ea7u c\u1ee7a t\u1eebng v\u1ecb tr\u00ed<\/li>\n<li>\u200bX\u00e2y d\u1ef1ng th\u01b0\u01a1ng hi\u1ec7u c\u1ee7a nh\u00e0 tuy\u1ec3n d\u1ee5ng.<\/li>\n<li>T\u1ed5 ch\u1ee9c v\u00e0 tham d\u1ef1 c\u00e1c h\u1ed9i ch\u1ee3 vi\u1ec7c l\u00e0m v\u00e0 c\u00e1c s\u1ef1 ki\u1ec7n tuy\u1ec3n d\u1ee5ng.<\/li>\n<li>D\u1ef1 b\u00e1o nhu c\u1ea7u tuy\u1ec3n d\u1ee5ng h\u00e0ng qu\u00fd v\u00e0 h\u00e0ng n\u0103m theo b\u1ed9 ph\u1eadn.<\/li>\n<li>Th\u00fac \u0111\u1ea9y m\u1ed1i quan h\u1ec7 l\u00e2u d\u00e0i v\u1edbi c\u00e1c \u1ee9ng vi\u00ean tr\u01b0\u1edbc \u0111\u00e2y v\u00e0 c\u00e1c \u1ee9ng vi\u00ean ti\u1ec1m n\u0103ng.<\/li>\n<\/ul>\n<\/p><\/div><\/div><\/div>[vc_empty_space height=&#8221;30px&#8221;]<div class=\"shortcode-wrapper shortcode-icon-box clearfix\"><div class=\"feature-box alternative left-icon-box aligncenter\"><div class=\"feature-box-content\"><h4 class=\"bold\">K\u1ef9 n\u0103ng thi\u1ebft y\u1ebfu<\/h4><p>\n<ul>\n<li>C\u00f3 kinh nghi\u1ec7m l\u00e0m vi\u1ec7c l\u00e0 Chuy\u00ean gia thu h\u00fat nh\u00e2n t\u00e0i ho\u1eb7c vai tr\u00f2 t\u01b0\u01a1ng t\u1ef1.<\/li>\n<li>Quen thu\u1ed9c v\u1edbi m\u1ea1ng x\u00e3 h\u1ed9i, c\u01a1 s\u1edf d\u1eef li\u1ec7u s\u01a1 y\u1ebfu l\u00fd l\u1ecbch v\u00e0 m\u1ea1ng chuy\u00ean nghi\u1ec7p (v\u00ed d\u1ee5: Stack Overflow v\u00e0 Github).<\/li>\n<li>Kinh nghi\u1ec7m v\u1edbi vi\u1ec7c tuy\u1ec3n d\u1ee5ng to\u00e0n chu k\u1ef3 s\u1eed d\u1ee5ng c\u00e1c k\u1ef9 thu\u1eadt ph\u1ecfng v\u1ea5n v\u00e0 ph\u01b0\u01a1ng ph\u00e1p \u0111\u00e1nh gi\u00e1 kh\u00e1c nhau.<\/li>\n<li>Ki\u1ebfn th\u1ee9c v\u1ec1 H\u1ec7 th\u1ed1ng theo d\u00f5i \u1ee9ng vi\u00ean (ATS).<\/li>\n<li>K\u1ef9 n\u0103ng giao ti\u1ebfp b\u1eb1ng l\u1eddi n\u00f3i v\u00e0 v\u0103n b\u1ea3n.<\/li>\n<li>Hi\u1ec3u bi\u1ebft v\u1ec1 s\u1ef1 kh\u00e1c bi\u1ec7t gi\u1eefa c\u00e1c vai tr\u00f2 kh\u00e1c nhau trong t\u1ed5 ch\u1ee9c.<\/li>\n<\/ul>\n<p><strong>Tr\u00ecnh \u0111\u1ed9 chuy\u00ean m\u00f4n:<\/strong> C\u1eed nh\u00e2n Qu\u1ea3n l\u00fd Nh\u00e2n s\u1ef1 ho\u1eb7c l\u0129nh v\u1ef1c li\u00ean quan<\/p><\/div><\/div><\/div>[\/vc_column_inner][\/vc_row_inner][\/vc_column][\/vc_row]\n<\/div>","protected":false},"excerpt":{"rendered":"<p>[vc_row top_margin=&#8221;0&#8243; bottom_margin=&#8221;0&#8243; css=&#8221;.vc_custom_1499912039446{margin-top: -30px !important;}&#8221;][vc_column][vc_row_inner][vc_column_inner][vc_empty_space height=&#8221;10px&#8221;][vc_empty_space height=&#8221;30px&#8221;][\/vc_column_inner][\/vc_row_inner][\/vc_column][\/vc_row]<\/p>\n","protected":false},"author":4,"featured_media":0,"parent":0,"menu_order":0,"comment_status":"closed","ping_status":"closed","template":"","meta":{"nf_dc_page":"","footnotes":""},"class_list":["post-10491","page","type-page","status-publish","hentry"],"_links":{"self":[{"href":"https:\/\/worknow.vn\/vi\/wp-json\/wp\/v2\/pages\/10491","targetHints":{"allow":["GET"]}}],"collection":[{"href":"https:\/\/worknow.vn\/vi\/wp-json\/wp\/v2\/pages"}],"about":[{"href":"https:\/\/worknow.vn\/vi\/wp-json\/wp\/v2\/types\/page"}],"author":[{"embeddable":true,"href":"https:\/\/worknow.vn\/vi\/wp-json\/wp\/v2\/users\/4"}],"replies":[{"embeddable":true,"href":"https:\/\/worknow.vn\/vi\/wp-json\/wp\/v2\/comments?post=10491"}],"version-history":[{"count":5,"href":"https:\/\/worknow.vn\/vi\/wp-json\/wp\/v2\/pages\/10491\/revisions"}],"predecessor-version":[{"id":12011,"href":"https:\/\/worknow.vn\/vi\/wp-json\/wp\/v2\/pages\/10491\/revisions\/12011"}],"wp:attachment":[{"href":"https:\/\/worknow.vn\/vi\/wp-json\/wp\/v2\/media?parent=10491"}],"curies":[{"name":"wp","href":"https:\/\/api.w.org\/{rel}","templated":true}]}}