{"id":10494,"date":"2022-08-09T07:35:19","date_gmt":"2022-08-09T07:35:19","guid":{"rendered":"https:\/\/worknow.vn\/chief-diversity-officer\/"},"modified":"2023-06-01T08:34:37","modified_gmt":"2023-06-01T08:34:37","slug":"giam-doc-da-dang","status":"publish","type":"page","link":"https:\/\/worknow.vn\/vi\/giam-doc-da-dang\/","title":{"rendered":"Gi\u00e1m \u0110\u1ed1c \u0110a D\u1ea1ng"},"content":{"rendered":"<div class=\"wpb-content-wrapper\">[vc_row top_margin=&#8221;0&#8243; bottom_margin=&#8221;0&#8243; css=&#8221;.vc_custom_1499912039446{margin-top: -30px !important;}&#8221;][vc_column]<div class=\"shortcode-wrapper shortcode-title clearfix hb-animate-element hb-fade-in\"><p style=\"color:#878787!important;border-color:#878787\" class=\"hb-text-large aligncenter\">GI\u00c1M \u0110\u1ed0C T\u1ed4NG H\u1ee2P<\/p><\/div>[vc_row_inner][vc_column_inner][vc_empty_space height=&#8221;10px&#8221;]<div class=\"shortcode-wrapper shortcode-icon-box clearfix\"><div class=\"feature-box alternative left-icon-box aligncenter\"><div class=\"feature-box-content\"><h4 class=\"bold\">M\u00f4 t\u1ea3 c\u00f4ng vi\u1ec7c<\/h4><p>L\u00e0 qu\u1ea3n l\u00fd c\u1ea5p tr\u00ean chuy\u00ean tr\u00e1ch v\u1ec1 s\u1ef1 h\u00f2a nh\u1eadp v\u00e0 b\u00ecnh \u0111\u1eb3ng t\u1ea1i c\u00e1c c\u00f4ng ty. L\u00e0 nh\u00e0 \u0111i\u1ec1u h\u00e0nh v\u00e0 l\u00e3nh \u0111\u1ea1o kinh doanh c\u00f3 kinh nghi\u1ec7m, t\u1ea1o ra c\u00e1c chi\u1ebfn l\u01b0\u1ee3c h\u00f2a nh\u1eadp cho c\u00f4ng ty. H\u1ecd \u0111\u1ea3m b\u1ea3o r\u1eb1ng t\u1ed5 ch\u1ee9c c\u00f3 m\u1ed9t m\u00f4i tr\u01b0\u1eddng l\u00e0m vi\u1ec7c th\u00e2n thi\u1ec7n v\u1edbi m\u1ecdi ng\u01b0\u1eddi thu\u1ed9c m\u1ecdi gi\u1edbi t\u00ednh, ch\u1ee7ng t\u1ed9c, v\u0103n h\u00f3a, l\u1ee9a tu\u1ed5i v\u00e0 kh\u1ea3 n\u0103ng. Khuy\u1ebfn kh\u00edch v\u00e0 h\u1ed7 tr\u1ee3 s\u1ef1 \u0111a d\u1ea1ng th\u00f4ng qua v\u0103n h\u00f3a c\u00f4ng ty, \u0111\u00e0o t\u1ea1o nh\u00e2n vi\u00ean, c\u00e1c ho\u1ea1t \u0111\u1ed9ng t\u1ea1i n\u01a1i l\u00e0m vi\u1ec7c v\u00e0 tuy\u1ec3n d\u1ee5ng.<\/p>\n<p><strong>Vai tr\u00f2 v\u00e0 tr\u00e1ch nhi\u1ec7m<\/strong><\/p>\n<ul>\n<li>T\u1ea1o v\u00e0 qu\u1ea3n l\u00fd c\u00e1c ch\u01b0\u01a1ng tr\u00ecnh DEI, bao g\u1ed3m c\u00e1c ch\u01b0\u01a1ng tr\u00ecnh li\u00ean quan \u0111\u1ebfn tuy\u1ec3n d\u1ee5ng, th\u0103ng ch\u1ee9c, tr\u1ea3 c\u00f4ng, hu\u1ea5n luy\u1ec7n nh\u00e2n vi\u00ean, v.v.<\/li>\n<li>Ph\u00e2n t\u00edch k\u1ebft qu\u1ea3 c\u1ee7a c\u00e1c s\u00e1ng ki\u1ebfn \u200b\u200bDEI \u0111\u1ec3 \u0111o l\u01b0\u1eddng ti\u1ebfn \u0111\u1ed9 v\u00e0 \u0111\u1ec1 xu\u1ea5t c\u00e1c c\u1ea3i ti\u1ebfn.<\/li>\n<li>Thu\u00ea ng\u01b0\u1eddi qu\u1ea3n l\u00fd \u0111\u1ec3 th\u1ef1c hi\u1ec7n c\u00e1c ch\u01b0\u01a1ng tr\u00ecnh, thu th\u1eadp v\u00e0 ph\u00e2n t\u00edch d\u1eef li\u1ec7u v\u00e0 h\u1ed7 tr\u1ee3 nh\u00e2n vi\u00ean.<\/li>\n<li>Qu\u1ea3n l\u00fd ng\u00e2n s\u00e1ch v\u00e0 chu\u1ea9n b\u1ecb ch\u00fang \u0111\u1ec3 ph\u00ea duy\u1ec7t t\u1eeb ph\u1ea7n c\u00f2n l\u1ea1i c\u1ee7a nh\u00f3m \u0111i\u1ec1u h\u00e0nh.<\/li>\n<li>Lu\u00f4n c\u1eadp nh\u1eadt c\u00e1c xu h\u01b0\u1edbng, lu\u1eadt v\u00e0 quy \u0111\u1ecbnh c\u0169ng nh\u01b0 c\u00e1c y\u1ebfu t\u1ed1 kh\u00e1c \u1ea3nh h\u01b0\u1edfng \u0111\u1ebfn c\u00e1c ch\u01b0\u01a1ng tr\u00ecnh DEI.<\/li>\n<li>T\u01b0 v\u1ea5n cho nh\u00f3m \u0111i\u1ec1u h\u00e0nh v\u1ec1 c\u00e1c v\u1ea5n \u0111\u1ec1 li\u00ean quan \u0111\u1ebfn \u0111a d\u1ea1ng v\u00e0 h\u00f2a nh\u1eadp.<\/li>\n<li>\u0110\u1ea1i di\u1ec7n cho t\u1ed5 ch\u1ee9c t\u1ea1i c\u00e1c s\u1ef1 ki\u1ec7n v\u00e0 cu\u1ed9c h\u1ecdp c\u1ee7a ng\u00e0nh.<\/li>\n<li>L\u1eadp k\u1ebf ho\u1ea1ch, ch\u1ec9 \u0111\u1ea1o v\u00e0 \u0111i\u1ec1u ph\u1ed1i t\u1ea5t c\u1ea3 c\u00e1c ch\u1ee9c n\u0103ng ho\u1ea1t \u0111\u1ed9ng k\u1ebf to\u00e1n.<\/li>\n<li>Qu\u1ea3n l\u00fd vi\u1ec7c t\u00edch l\u0169y v\u00e0 h\u1ee3p nh\u1ea5t t\u1ea5t c\u1ea3 d\u1eef li\u1ec7u t\u00e0i ch\u00ednh c\u1ea7n thi\u1ebft \u0111\u1ec3 h\u1ea1ch to\u00e1n ch\u00ednh x\u00e1c k\u1ebft qu\u1ea3 kinh doanh h\u1ee3p nh\u1ea5t..<\/li>\n<li>\u0110i\u1ec1u ph\u1ed1i v\u00e0 chu\u1ea9n b\u1ecb c\u00e1c b\u00e1o c\u00e1o t\u00e0i ch\u00ednh n\u1ed9i b\u1ed9 v\u00e0 b\u00ean ngo\u00e0i.<\/li>\n<li>Ph\u1ed1i h\u1ee3p ho\u1ea1t \u0111\u1ed9ng c\u1ee7a c\u00e1c chuy\u00ean gia \u0111\u00e1nh gi\u00e1 b\u00ean ngo\u00e0i.<\/li>\n<li>Cung c\u1ea5p cho ban l\u00e3nh \u0111\u1ea1o nh\u1eefng th\u00f4ng tin quan tr\u1ecdng \u0111\u1ed1i v\u1edbi qu\u00e1 tr\u00ecnh ra quy\u1ebft \u0111\u1ecbnh.<\/li>\n<li>Qu\u1ea3n l\u00fd quy tr\u00ecnh ng\u00e2n s\u00e1ch.<\/li>\n<li>\u0110\u00e1nh gi\u00e1 c\u00e1c ho\u1ea1t \u0111\u1ed9ng k\u1ebf to\u00e1n hi\u1ec7n t\u1ea1i, \u0111\u01b0a ra c\u00e1c khuy\u1ebfn ngh\u1ecb \u0111\u1ec3 c\u1ea3i ti\u1ebfn v\u00e0 th\u1ef1c hi\u1ec7n c\u00e1c quy tr\u00ecnh m\u1edbi.<\/li>\n<li>\u0110\u00e1nh gi\u00e1 h\u1ec7 th\u1ed1ng k\u1ebf to\u00e1n v\u00e0 ki\u1ec3m so\u00e1t n\u1ed9i b\u1ed9.<\/li>\n<li>\u0110\u00e1nh gi\u00e1 hi\u1ec7u qu\u1ea3 c\u1ee7a ph\u1ea7n m\u1ec1m k\u1ebf to\u00e1n v\u00e0 c\u01a1 s\u1edf d\u1eef li\u1ec7u h\u1ed7 tr\u1ee3, n\u1ebfu c\u1ea7n.<\/li>\n<li>Ph\u00e1t tri\u1ec3n v\u00e0 gi\u00e1m s\u00e1t c\u00e1c ch\u1ec9 s\u1ed1 \u0111o l\u01b0\u1eddng hi\u1ec7u qu\u1ea3 kinh doanh.<\/li>\n<li>Gi\u00e1m s\u00e1t b\u00e1o c\u00e1o quy \u0111\u1ecbnh, th\u01b0\u1eddng xuy\u00ean bao g\u1ed3m l\u1eadp k\u1ebf ho\u1ea1ch thu\u1ebf v\u00e0 tu\u00e2n th\u1ee7.<\/li>\n<li>Tuy\u1ec3n d\u1ee5ng, \u0111\u00e0o t\u1ea1o v\u00e0 duy tr\u00ec \u0111\u1ed9i ng\u0169 nh\u00e2n vi\u00ean k\u1ebf to\u00e1n l\u00e0nh ngh\u1ec1.<\/li>\n<\/ul>\n<\/p><\/div><\/div><\/div>[vc_empty_space height=&#8221;30px&#8221;]<div class=\"shortcode-wrapper shortcode-icon-box clearfix\"><div class=\"feature-box alternative left-icon-box aligncenter\"><div class=\"feature-box-content\"><h4 class=\"bold\">K\u1ef9 n\u0103ng thi\u1ebft y\u1ebfu<\/h4><p>\n<ul>\n<li>K\u1ef9 n\u0103ng l\u00e3nh \u0111\u1ea1o<\/li>\n<li>K\u1ef9 n\u0103ng giao ti\u1ebfp<\/li>\n<li>Nh\u1eefng k\u1ef9 n\u0103ng t\u1ed5 ch\u1ee9c<\/li>\n<li>Suy ngh\u0129 chi\u1ebfn l\u01b0\u1ee3c<\/li>\n<li>K\u1ef9 n\u0103ng c\u00f4ng ngh\u1ec7<\/li>\n<\/ul>\n<p><strong>Tr\u00ecnh \u0111\u1ed9 chuy\u00ean m\u00f4n:<\/strong> B\u1eb1ng c\u1eed nh\u00e2n trong m\u1ed9t l\u0129nh v\u1ef1c li\u00ean quan, ch\u1eb3ng h\u1ea1n nh\u01b0 qu\u1ea3n tr\u1ecb kinh doanh, h\u00e0nh ch\u00ednh c\u00f4ng, lu\u1eadt ho\u1eb7c ngh\u1ec7 thu\u1eadt t\u1ef1 do.<\/p><\/div><\/div><\/div>[\/vc_column_inner][\/vc_row_inner][\/vc_column][\/vc_row]\n<\/div>","protected":false},"excerpt":{"rendered":"<p>[vc_row top_margin=&#8221;0&#8243; bottom_margin=&#8221;0&#8243; css=&#8221;.vc_custom_1499912039446{margin-top: -30px !important;}&#8221;][vc_column][vc_row_inner][vc_column_inner][vc_empty_space height=&#8221;10px&#8221;][vc_empty_space height=&#8221;30px&#8221;][\/vc_column_inner][\/vc_row_inner][\/vc_column][\/vc_row]<\/p>\n","protected":false},"author":4,"featured_media":0,"parent":0,"menu_order":0,"comment_status":"closed","ping_status":"closed","template":"","meta":{"nf_dc_page":"","footnotes":""},"class_list":["post-10494","page","type-page","status-publish","hentry"],"_links":{"self":[{"href":"https:\/\/worknow.vn\/vi\/wp-json\/wp\/v2\/pages\/10494","targetHints":{"allow":["GET"]}}],"collection":[{"href":"https:\/\/worknow.vn\/vi\/wp-json\/wp\/v2\/pages"}],"about":[{"href":"https:\/\/worknow.vn\/vi\/wp-json\/wp\/v2\/types\/page"}],"author":[{"embeddable":true,"href":"https:\/\/worknow.vn\/vi\/wp-json\/wp\/v2\/users\/4"}],"replies":[{"embeddable":true,"href":"https:\/\/worknow.vn\/vi\/wp-json\/wp\/v2\/comments?post=10494"}],"version-history":[{"count":4,"href":"https:\/\/worknow.vn\/vi\/wp-json\/wp\/v2\/pages\/10494\/revisions"}],"predecessor-version":[{"id":12012,"href":"https:\/\/worknow.vn\/vi\/wp-json\/wp\/v2\/pages\/10494\/revisions\/12012"}],"wp:attachment":[{"href":"https:\/\/worknow.vn\/vi\/wp-json\/wp\/v2\/media?parent=10494"}],"curies":[{"name":"wp","href":"https:\/\/api.w.org\/{rel}","templated":true}]}}