{"id":10496,"date":"2022-08-09T07:35:43","date_gmt":"2022-08-09T07:35:43","guid":{"rendered":"https:\/\/worknow.vn\/contract-recruiter\/"},"modified":"2023-06-01T08:34:38","modified_gmt":"2023-06-01T08:34:38","slug":"nguoi-tuyen-dung-hop-dong","status":"publish","type":"page","link":"https:\/\/worknow.vn\/vi\/nguoi-tuyen-dung-hop-dong\/","title":{"rendered":"Ng\u01b0\u1eddi Tuy\u1ec3n D\u1ee5ng H\u1ee3p \u0110\u1ed3ng"},"content":{"rendered":"<div class=\"wpb-content-wrapper\">[vc_row top_margin=&#8221;0&#8243; bottom_margin=&#8221;0&#8243; css=&#8221;.vc_custom_1499912039446{margin-top: -30px !important;}&#8221;][vc_column]<div class=\"shortcode-wrapper shortcode-title clearfix hb-animate-element hb-fade-in\"><p style=\"color:#878787!important;border-color:#878787\" class=\"hb-text-large aligncenter\">CHUY\u00caN VI\u00caN TUY\u1ec2N D\u1ee4NG THEO H\u1ee2P \u0110\u1ed2NG<\/p><\/div>[vc_row_inner][vc_column_inner][vc_empty_space height=&#8221;10px&#8221;]<div class=\"shortcode-wrapper shortcode-icon-box clearfix\"><div class=\"feature-box alternative left-icon-box aligncenter\"><div class=\"feature-box-content\"><h4 class=\"bold\">M\u00f4 t\u1ea3 c\u00f4ng vi\u1ec7c<\/h4><p>C\u00f3 tr\u00e1ch nhi\u1ec7m t\u00ecm ki\u1ebfm v\u00e0 b\u1ed1 tr\u00ed ng\u01b0\u1eddi lao \u0111\u1ed9ng v\u00e0o c\u00e1c v\u1ecb tr\u00ed t\u1ea1m th\u1eddi. L\u00e0m vi\u1ec7c v\u1edbi c\u1ea3 nh\u1eefng c\u00e1 nh\u00e2n \u0111ang t\u00ecm ki\u1ebfm c\u00f4ng vi\u1ec7c ng\u1eafn h\u1ea1n v\u00e0 c\u00e1c c\u00f4ng ty \u0111ang t\u00ecm c\u00e1ch l\u1ea5p \u0111\u1ea7y c\u00e1c v\u1ecb tr\u00ed tuy\u1ec3n d\u1ee5ng d\u00e0i h\u1ea1n. X\u00e2y d\u1ef1ng m\u1ed1i quan h\u1ec7 v\u1edbi nh\u1eefng ng\u01b0\u1eddi qu\u1ea3n l\u00fd tuy\u1ec3n d\u1ee5ng t\u1ea1i c\u00e1c c\u00f4ng ty v\u00e0 t\u00ecm hi\u1ec3u v\u1ec1 c\u00e1c vai tr\u00f2, tr\u00e1ch nhi\u1ec7m c\u1ee7a c\u00e1c v\u1ecb tr\u00ed tuy\u1ec3n d\u1ee5ng.<\/p>\n<p><strong>Vai tr\u00f2 v\u00e0 tr\u00e1ch nhi\u1ec7m<\/strong><\/p>\n<ul>\n<li>Ph\u1ecfng v\u1ea5n c\u00e1c \u1ee9ng vi\u00ean \u0111\u1ec3 x\u00e1c \u0111\u1ecbnh tr\u00ecnh \u0111\u1ed9 v\u00e0 s\u1ef1 quan t\u00e2m c\u1ee7a h\u1ecd \u0111\u1ed1i v\u1edbi v\u1ecb tr\u00ed.<\/li>\n<li>S\u00e0ng l\u1ecdc c\u00e1c \u1ee9ng vi\u00ean d\u1ef1a tr\u00ean tr\u00ecnh \u0111\u1ed9 v\u00e0 kinh nghi\u1ec7m c\u1ee7a h\u1ecd \u0111\u1ec3 x\u00e1c \u0111\u1ecbnh ai s\u1ebd \u0111\u01b0\u1ee3c ph\u1ecfng v\u1ea5n cho c\u00f4ng vi\u1ec7c.<\/li>\n<li>Ph\u1ed1i h\u1ee3p ph\u1ecfng v\u1ea5n v\u1edbi c\u00e1c nh\u00e0 qu\u1ea3n l\u00fd tuy\u1ec3n d\u1ee5ng ho\u1eb7c c\u00e1c chuy\u00ean gia nh\u00e2n s\u1ef1 \u0111\u1ec3 l\u00ean l\u1ecbch ph\u1ecfng v\u1ea5n v\u1edbi c\u00e1c \u1ee9ng vi\u00ean.<\/li>\n<li>Gi\u1ea3i th\u00edch c\u00e1c y\u00eau c\u1ea7u c\u00f4ng vi\u1ec7c v\u00e0 tr\u00e1ch nhi\u1ec7m v\u1edbi c\u00e1c \u1ee9ng vi\u00ean ti\u1ec1m n\u0103ng \u0111\u1ec3 x\u00e1c \u0111\u1ecbnh xem h\u1ecd c\u00f3 ph\u00f9 h\u1ee3p v\u1edbi v\u1ecb tr\u00ed kh\u00f4ng.<\/li>\n<li>Ph\u1ed1i h\u1ee3p c\u00e1c quy tr\u00ecnh tuy\u1ec3n d\u1ee5ng v\u1edbi ng\u01b0\u1eddi qu\u1ea3n l\u00fd tuy\u1ec3n d\u1ee5ng, nh\u00e2n vi\u00ean nh\u00e2n s\u1ef1 v\u00e0 c\u00e1c th\u00e0nh vi\u00ean kh\u00e1c trong nh\u00f3m \u0111\u1ec3 \u0111\u1ea3m b\u1ea3o r\u1eb1ng t\u1ea5t c\u1ea3 c\u00e1c b\u01b0\u1edbc \u0111\u01b0\u1ee3c ho\u00e0n th\u00e0nh m\u1ed9t c\u00e1ch k\u1ecbp th\u1eddi.<\/li>\n<li>\u0110\u00e0m ph\u00e1n c\u00e1c g\u00f3i l\u01b0\u01a1ng th\u01b0\u1edfng v\u1edbi c\u00e1c \u1ee9ng vi\u00ean \u0111\u00e3 \u0111\u01b0\u1ee3c \u0111\u1ec1 ngh\u1ecb c\u00e1c v\u1ecb tr\u00ed.<\/li>\n<li>Xem x\u00e9t s\u01a1 y\u1ebfu l\u00fd l\u1ecbch v\u00e0 c\u00e1c t\u00e0i li\u1ec7u \u1ee9ng tuy\u1ec3n kh\u00e1c \u0111\u1ec3 x\u00e1c \u0111\u1ecbnh xem \u1ee9ng vi\u00ean c\u00f3 \u0111\u1ee7 ti\u00eau chu\u1ea9n cho v\u1ecb tr\u00ed kh\u00f4ng.<\/li>\n<li>X\u00e1c \u0111\u1ecbnh xem \u1ee9ng vi\u00ean c\u00f3 \u0111\u1ee7 tr\u00ecnh \u0111\u1ed9 v\u00e0 kinh nghi\u1ec7m c\u1ea7n thi\u1ebft cho v\u1ecb tr\u00ed kh\u00f4ng.<\/li>\n<li>Theo d\u00f5i c\u00e1c \u1ee9ng vi\u00ean sau khi ph\u1ecfng v\u1ea5n \u0111\u1ec3 cho h\u1ecd bi\u1ebft li\u1ec7u h\u1ecd c\u00f3 \u0111\u01b0\u1ee3c ch\u1ecdn v\u00e0o v\u1ecb tr\u00ed hay kh\u00f4ng.<\/li>\n<\/ul>\n<\/p><\/div><\/div><\/div>[vc_empty_space height=&#8221;30px&#8221;]<div class=\"shortcode-wrapper shortcode-icon-box clearfix\"><div class=\"feature-box alternative left-icon-box aligncenter\"><div class=\"feature-box-content\"><h4 class=\"bold\">K\u1ef9 n\u0103ng thi\u1ebft y\u1ebfu<\/h4><p>\n<ul>\n<li>Kinh nghi\u1ec7m tuy\u1ec3n d\u1ee5ng.<\/li>\n<li>Ch\u1ee9ng nh\u1eadn CIR v\u00e0 AIRS (\u01b0u ti\u00ean)<\/li>\n<li>Th\u00e0nh th\u1ea1o m\u00e1y t\u00ednh.<\/li>\n<li>C\u00e1c m\u1ed1i quan h\u1ec7 hi\u1ec7n c\u00f3 v\u1edbi c\u00e1c tr\u01b0\u1eddng \u0111\u1ea1i h\u1ecdc v\u00e0 c\u00e1c t\u1ed5 ch\u1ee9c ngh\u1ec1 nghi\u1ec7p.<\/li>\n<li>Giao ti\u1ebfp t\u1ed1t v\u00e0 k\u1ef9 n\u0103ng giao ti\u1ebfp.<\/li>\n<\/ul>\n<p><strong>B\u1eb1ng c\u1ea5p:<\/strong> B\u1eb1ng c\u1eed nh\u00e2n v\u1ec1 nh\u00e2n s\u1ef1, kinh doanh ho\u1eb7c l\u0129nh v\u1ef1c c\u00f3 li\u00ean quan.<\/p><\/div><\/div><\/div>[\/vc_column_inner][\/vc_row_inner][\/vc_column][\/vc_row]\n<\/div>","protected":false},"excerpt":{"rendered":"<p>[vc_row top_margin=&#8221;0&#8243; bottom_margin=&#8221;0&#8243; css=&#8221;.vc_custom_1499912039446{margin-top: -30px !important;}&#8221;][vc_column][vc_row_inner][vc_column_inner][vc_empty_space height=&#8221;10px&#8221;][vc_empty_space height=&#8221;30px&#8221;][\/vc_column_inner][\/vc_row_inner][\/vc_column][\/vc_row]<\/p>\n","protected":false},"author":4,"featured_media":0,"parent":0,"menu_order":0,"comment_status":"closed","ping_status":"closed","template":"","meta":{"nf_dc_page":"","footnotes":""},"class_list":["post-10496","page","type-page","status-publish","hentry"],"_links":{"self":[{"href":"https:\/\/worknow.vn\/vi\/wp-json\/wp\/v2\/pages\/10496","targetHints":{"allow":["GET"]}}],"collection":[{"href":"https:\/\/worknow.vn\/vi\/wp-json\/wp\/v2\/pages"}],"about":[{"href":"https:\/\/worknow.vn\/vi\/wp-json\/wp\/v2\/types\/page"}],"author":[{"embeddable":true,"href":"https:\/\/worknow.vn\/vi\/wp-json\/wp\/v2\/users\/4"}],"replies":[{"embeddable":true,"href":"https:\/\/worknow.vn\/vi\/wp-json\/wp\/v2\/comments?post=10496"}],"version-history":[{"count":5,"href":"https:\/\/worknow.vn\/vi\/wp-json\/wp\/v2\/pages\/10496\/revisions"}],"predecessor-version":[{"id":12013,"href":"https:\/\/worknow.vn\/vi\/wp-json\/wp\/v2\/pages\/10496\/revisions\/12013"}],"wp:attachment":[{"href":"https:\/\/worknow.vn\/vi\/wp-json\/wp\/v2\/media?parent=10496"}],"curies":[{"name":"wp","href":"https:\/\/api.w.org\/{rel}","templated":true}]}}