{"id":10502,"date":"2022-08-11T03:38:55","date_gmt":"2022-08-11T03:38:55","guid":{"rendered":"https:\/\/worknow.vn\/advertising-director\/"},"modified":"2023-05-31T09:24:00","modified_gmt":"2023-05-31T09:24:00","slug":"giam-doc-quang-cao","status":"publish","type":"page","link":"https:\/\/worknow.vn\/vi\/giam-doc-quang-cao\/","title":{"rendered":"Gi\u00e1m \u0110\u1ed1c Qu\u1ea3ng C\u00e1o"},"content":{"rendered":"<div class=\"wpb-content-wrapper\">[vc_row top_margin=&#8221;0&#8243; bottom_margin=&#8221;0&#8243; css=&#8221;.vc_custom_1499912039446{margin-top: -30px !important;}&#8221;][vc_column]<div class=\"shortcode-wrapper shortcode-title clearfix hb-animate-element hb-fade-in\"><p style=\"color:#878787!important;border-color:#878787\" class=\"hb-text-large aligncenter\">Gi\u00e1m \u0110\u1ed1c Qu\u1ea3ng C\u00e1o<\/p><\/div>[vc_row_inner][vc_column_inner][vc_empty_space height=&#8221;10px&#8221;]<div class=\"shortcode-wrapper shortcode-icon-box clearfix\"><div class=\"feature-box alternative left-icon-box aligncenter\"><div class=\"feature-box-content\"><h4 class=\"bold\">M\u00f4 t\u1ea3 c\u00f4ng vi\u1ec7c<\/h4><p>Gi\u00e1m \u0111\u1ed1c qu\u1ea3ng c\u00e1o l\u00e0 ng\u01b0\u1eddi ch\u1ecbu tr\u00e1ch nhi\u1ec7m gi\u00e1m s\u00e1t vi\u1ec7c t\u1ea1o ra c\u00e1c qu\u1ea3ng c\u00e1o. H\u1ecd l\u00e0m vi\u1ec7c v\u1edbi m\u1ed9t nh\u00f3m c\u00e1c nh\u00e0 thi\u1ebft k\u1ebf, nh\u00e0 v\u0103n v\u00e0 nh\u1eefng ng\u01b0\u1eddi s\u00e1ng t\u1ea1o kh\u00e1c \u0111\u1ec3 ph\u00e1t tri\u1ec3n nh\u1eefng th\u00f4ng \u0111i\u1ec7p h\u1ea5p d\u1eabn s\u1ebd \u0111\u01b0\u1ee3c s\u1eed d\u1ee5ng \u0111\u1ec3 b\u00e1n s\u1ea3n ph\u1ea9m ho\u1eb7c d\u1ecbch v\u1ee5. Gi\u00e1m \u0111\u1ed1c qu\u1ea3ng c\u00e1o c\u0169ng c\u00f3 th\u1ec3 tham gia v\u00e0o vi\u1ec7c ph\u00e1t tri\u1ec3n c\u00e1c chi\u1ebfn l\u01b0\u1ee3c ti\u1ebfp th\u1ecb d\u00e0i h\u1ea1n cho c\u00f4ng ty c\u1ee7a h\u1ecd. \u0110i\u1ec1u n\u00e0y c\u00f3 th\u1ec3 bao g\u1ed3m vi\u1ec7c t\u1ea1o k\u1ebf ho\u1ea1ch v\u1ec1 c\u00e1ch ti\u1ebfp c\u1eadn kh\u00e1ch h\u00e0ng t\u1ed1t nh\u1ea5t th\u00f4ng qua c\u00e1c k\u00eanh kh\u00e1c nhau (ch\u1eb3ng h\u1ea1n nh\u01b0 qu\u1ea3ng c\u00e1o tr\u00ean m\u1ea1ng x\u00e3 h\u1ed9i ho\u1eb7c truy\u1ec1n h\u00ecnh), lo\u1ea1i th\u00f4ng \u0111i\u1ec7p n\u00e0o n\u00ean \u0111\u01b0\u1ee3c s\u1eed d\u1ee5ng \u0111\u1ec3 giao ti\u1ebfp v\u1edbi nh\u1eefng \u0111\u1ed1i t\u01b0\u1ee3ng n\u00e0y, v.v.<\/p>\n<p>Gi\u00e1m \u0111\u1ed1c qu\u1ea3ng c\u00e1o s\u1eed d\u1ee5ng s\u1ef1 s\u00e1ng t\u1ea1o c\u1ee7a m\u00ecnh \u0111\u1ec3 ph\u00e1t tri\u1ec3n c\u00e1c chi\u1ebfn d\u1ecbch g\u00e2y \u0111\u01b0\u1ee3c ti\u1ebfng vang v\u1edbi kh\u00e1n gi\u1ea3. H\u1ecd s\u1eed d\u1ee5ng s\u1ef1 s\u00e1ng t\u1ea1o c\u1ee7a m\u00ecnh \u0111\u1ec3 ph\u00e1t tri\u1ec3n c\u00e1c chi\u1ebfn l\u01b0\u1ee3c v\u00e0 chi\u1ebfn thu\u1eadt m\u1edbi nh\u1eb1m t\u0103ng nh\u1eadn th\u1ee9c v\u1ec1 th\u01b0\u01a1ng hi\u1ec7u v\u00e0 ch\u1ec9 s\u1ed1 b\u00e1n h\u00e0ng. L\u00e0 Gi\u00e1m \u0111\u1ed1c qu\u1ea3ng c\u00e1o, b\u1ea1n c\u1ea7n ph\u1ea3i giao ti\u1ebfp v\u1edbi kh\u00e1ch h\u00e0ng, c\u00e1c chuy\u00ean gia qu\u1ea3ng c\u00e1o v\u00e0 c\u00e1c ph\u00f2ng ban kh\u00e1c trong c\u00f4ng ty. Giao ti\u1ebfp hi\u1ec7u qu\u1ea3 c\u00f3 th\u1ec3 gi\u00fap b\u1ea1n truy\u1ec1n \u0111\u1ea1t \u00fd t\u01b0\u1edfng v\u00e0 th\u00f4ng \u0111i\u1ec7p c\u1ee7a m\u00ecnh t\u1edbi ng\u01b0\u1eddi kh\u00e1c v\u00e0 c\u00f3 th\u1ec3 gi\u00fap b\u1ea1n x\u00e2y d\u1ef1ng m\u1ed1i quan h\u1ec7 b\u1ec1n v\u1eefng v\u1edbi nh\u1eefng ng\u01b0\u1eddi kh\u00e1c. K\u1ef9 n\u0103ng l\u00e3nh \u0111\u1ea1o c\u00f3 th\u1ec3 gi\u00fap b\u1ea1n tr\u1edf th\u00e0nh m\u1ed9t Gi\u00e1m \u0111\u1ed1c qu\u1ea3ng c\u00e1o gi\u1ecfi. <strong>Vai<\/strong> tr\u00f2 n\u00e0y y\u00eau c\u1ea7u b\u1ea1n l\u00e0 ng\u01b0\u1eddi qu\u1ea3n l\u00fd c\u1ee7a m\u1ed9t nh\u00f3m g\u1ed3m nhi\u1ec1u c\u00e1 nh\u00e2n, v\u00ec v\u1eady b\u1ea1n c\u1ea7n c\u00f3 kh\u1ea3 n\u0103ng h\u01b0\u1edbng d\u1eabn v\u00e0 ch\u1ec9 \u0111\u1ea1o cho nh\u00f3m c\u1ee7a m\u00ecnh. T\u01b0 duy chi\u1ebfn l\u01b0\u1ee3c l\u00e0 kh\u1ea3 n\u0103ng nh\u00ecn th\u1ea5y b\u1ee9c tranh to\u00e0n c\u1ea3nh v\u00e0 hi\u1ec3u t\u1eebng ph\u1ea7n c\u1ee7a d\u1ef1 \u00e1n ho\u1eb7c chi\u1ebfn d\u1ecbch ph\u00f9 h\u1ee3p v\u1edbi nhau nh\u01b0 th\u1ebf n\u00e0o. K\u1ef9 n\u0103ng n\u00e0y r\u1ea5t quan tr\u1ecdng \u0111\u1ed1i v\u1edbi c\u00e1c Gi\u00e1m \u0111\u1ed1c qu\u1ea3ng c\u00e1o v\u00ec h\u1ecd c\u1ea7n c\u00f3 kh\u1ea3 n\u0103ng th\u1ea5y \u00fd t\u01b0\u1edfng c\u1ee7a m\u00ecnh s\u1ebd \u1ea3nh h\u01b0\u1edfng nh\u01b0 th\u1ebf n\u00e0o \u0111\u1ebfn chi\u1ebfn l\u01b0\u1ee3c ti\u1ebfp th\u1ecb t\u1ed5ng th\u1ec3 c\u1ee7a c\u00f4ng ty. K\u1ef9 n\u0103ng ph\u00e2n t\u00edch l\u00e0 kh\u1ea3 n\u0103ng chia nh\u1ecf th\u00f4ng tin v\u00e0 d\u1eef li\u1ec7u th\u00e0nh nh\u1eefng ph\u1ea7n c\u01a1 b\u1ea3n nh\u1ea5t. L\u00e0 Gi\u00e1m \u0111\u1ed1c qu\u1ea3ng c\u00e1o, b\u1ea1n c\u00f3 th\u1ec3 ch\u1ecbu tr\u00e1ch nhi\u1ec7m t\u1ea1o chi\u1ebfn l\u01b0\u1ee3c qu\u1ea3ng c\u00e1o cho m\u1ed9t chi\u1ebfn d\u1ecbch.<\/p>\n<p>Gi\u00e1m \u0111\u1ed1c qu\u1ea3ng c\u00e1o c\u1ea7n c\u00f3 b\u1eb1ng c\u1eed nh\u00e2n v\u1ec1 ti\u1ebfp th\u1ecb, qu\u1ea3ng c\u00e1o ho\u1eb7c c\u00e1c l\u0129nh v\u1ef1c li\u00ean quan. M\u1ed9t s\u1ed1 chuy\u00ean ng\u00e0nh ph\u1ed5 bi\u1ebfn nh\u1ea5t cho gi\u00e1m \u0111\u1ed1c qu\u1ea3ng c\u00e1o l\u00e0 truy\u1ec1n th\u00f4ng, ti\u1ebfng Anh v\u00e0 kinh doanh. Gi\u00e1m \u0111\u1ed1c qu\u1ea3ng c\u00e1o th\u01b0\u1eddng c\u00f3 \u00edt nh\u1ea5t n\u0103m n\u0103m kinh nghi\u1ec7m trong ng\u00e0nh qu\u1ea3ng c\u00e1o. H\u1ecd c\u00f3 th\u1ec3 b\u1eaft \u0111\u1ea7u v\u1edbi t\u01b0 c\u00e1ch l\u00e0 c\u1ed9ng t\u00e1c vi\u00ean qu\u1ea3ng c\u00e1o v\u00e0 ti\u1ebfn d\u1ea7n l\u00ean v\u1ecb tr\u00ed qu\u1ea3n l\u00fd. H\u1ecd c\u0169ng c\u00f3 th\u1ec3 l\u00e0m vi\u1ec7c v\u1edbi t\u01b0 c\u00e1ch l\u00e0 ng\u01b0\u1eddi vi\u1ebft qu\u1ea3ng c\u00e1o ho\u1eb7c gi\u00e1m \u0111\u1ed1c ngh\u1ec7 thu\u1eadt tr\u01b0\u1edbc khi tr\u1edf th\u00e0nh gi\u00e1m \u0111\u1ed1c qu\u1ea3ng c\u00e1o. Ch\u1ee9ng ch\u1ec9 ngh\u1ec1 nghi\u1ec7p c\u00f3 th\u1ec3 x\u00e1c nh\u1eadn tr\u00ecnh \u0111\u1ed9 c\u1ee7a m\u1ed9t chuy\u00ean gia \u0111\u1ed1i v\u1edbi c\u00e1c nh\u00e0 tuy\u1ec3n d\u1ee5ng hi\u1ec7n t\u1ea1i v\u00e0 t\u01b0\u01a1ng lai. Gi\u00e1m \u0111\u1ed1c qu\u1ea3ng c\u00e1o c\u00f3 th\u1ec3 \u0111\u1ea1t \u0111\u01b0\u1ee3c c\u00e1c ch\u1ee9ng ch\u1ec9 \u0111\u1ec3 c\u00f3 th\u00eam ki\u1ebfn th\u1ee9c th\u1ef1c t\u1ebf v\u1ec1 tr\u00e1ch nhi\u1ec7m h\u00e0ng ng\u00e0y c\u1ee7a h\u1ecd, ki\u1ec3m tra c\u00e1c k\u1ef9 n\u0103ng chuy\u00ean nghi\u1ec7p v\u00e0 th\u0103ng ti\u1ebfn h\u01a1n n\u1eefa trong s\u1ef1 nghi\u1ec7p.<\/p><\/div><\/div><\/div>[vc_empty_space height=&#8221;30px&#8221;]<div class=\"shortcode-wrapper shortcode-icon-box clearfix\"><div class=\"feature-box alternative left-icon-box aligncenter\"><div class=\"feature-box-content\"><h4 class=\"bold\">Vai tr\u00f2 v\u00e0 tr\u00e1ch nhi\u1ec7m<\/h4><p>\n<ul>\n<li>Gi\u00e1m s\u00e1t ho\u1ea1t \u0111\u1ed9ng c\u1ee7a b\u1ed9 ph\u1eadn v\u00e0 nh\u00e2n vi\u00ean.<\/li>\n<li>L\u00e0m vi\u1ec7c v\u1edbi nh\u00e2n vi\u00ean, kh\u00e1ch h\u00e0ng ho\u1eb7c c\u00f4ng ty qu\u1ea3ng c\u00e1o \u0111\u1ec3 thi\u1ebft l\u1eadp v\u00e0 \u0111\u00e1p \u1ee9ng c\u00e1c m\u1ee5c ti\u00eau, ng\u00e2n s\u00e1ch v\u00e0 th\u1eddi gian c\u1ee7a d\u1ef1 \u00e1n.<\/li>\n<li>Ph\u00e1t tri\u1ec3n c\u00e1c chi\u1ebfn l\u01b0\u1ee3c qu\u1ea3ng c\u00e1o \u0111\u1ec3 t\u0103ng s\u1ef1 quan t\u00e2m c\u1ee7a ng\u01b0\u1eddi mua \u0111\u1ed1i v\u1edbi s\u1ea3n ph\u1ea9m ho\u1eb7c d\u1ecbch v\u1ee5.<\/li>\n<li>Gi\u00e1m s\u00e1t ti\u1ebfn \u0111\u1ed9 d\u1ef1 \u00e1n, t\u1eeb l\u1eadp k\u1ebf ho\u1ea1ch \u0111\u1ebfn th\u1ef1c hi\u1ec7n, \u0111\u1ec3 \u0111\u1ea3m b\u1ea3o n\u00f3 lu\u00f4n t\u1eadp trung v\u00e0 hi\u1ec7u qu\u1ea3.<\/li>\n<li>\u0110\u00e0m ph\u00e1n c\u00e1c th\u00f4ng s\u1ed1 k\u1ef9 thu\u1eadt v\u00e0 \u0111i\u1ec1u kho\u1ea3n c\u1ee7a h\u1ee3p \u0111\u1ed3ng v\u1edbi kh\u00e1ch h\u00e0ng ho\u1eb7c c\u00e1c b\u00ean b\u00ean ngo\u00e0i kh\u00e1c.<\/li>\n<li>Kh\u1edfi x\u01b0\u1edbng v\u00e0 ch\u1ec9 \u0111\u1ea1o c\u00e1c n\u1ed7 l\u1ef1c nghi\u00ean c\u1ee9u.<\/li>\n<li>Thu th\u1eadp v\u00e0 ph\u00e2n t\u00edch d\u1eef li\u1ec7u v\u00e0 tr\u00ecnh b\u00e0y d\u1eef li\u1ec7u \u0111\u00f3 cho c\u00e1c b\u00ean kh\u00e1c, bao g\u1ed3m c\u1ea3 ban qu\u1ea3n l\u00fd v\u00e0 kh\u00e1ch h\u00e0ng.<\/li>\n<li>Tham gia tuy\u1ec3n d\u1ee5ng v\u00e0 \u0111\u00e1nh gi\u00e1 nh\u00e2n vi\u00ean trong b\u1ed9 ph\u1eadn qu\u1ea3ng c\u00e1o.<\/li>\n<li>Cung c\u1ea5p l\u1eddi khuy\u00ean chuy\u00ean m\u00f4n v\u1ec1 c\u00e1c ph\u01b0\u01a1ng ph\u00e1p ti\u1ebfp th\u1ecb v\u00e0 qu\u1ea3ng c\u00e1o cho c\u00e1c s\u1ea3n ph\u1ea9m ho\u1eb7c d\u1ecbch v\u1ee5 m\u1edbi ho\u1eb7c hi\u1ec7n c\u00f3.<\/li>\n<\/ul>\n<p>K\u1ef9 n\u0103ng:<\/p>\n<ul>\n<li>Hi\u1ec3u bi\u1ebft v\u1ec1 c\u00e1c nguy\u00ean t\u1eafc v\u00e0 k\u1ef9 thu\u1eadt thi\u1ebft k\u1ebf v\u00e0 ti\u1ebfp th\u1ecb.<\/li>\n<li>Kh\u1ea3 n\u0103ng x\u00e2y d\u1ef1ng chi\u1ebfn l\u01b0\u1ee3c d\u1ef1a tr\u00ean xu h\u01b0\u1edbng v\u00e0 s\u1ef1 ph\u00e1t tri\u1ec3n c\u1ee7a ng\u00e0nh.<\/li>\n<li>K\u1ef9 n\u0103ng t\u1ed5 ch\u1ee9c v\u00e0 \u0111a nhi\u1ec7m xu\u1ea5t s\u1eafc, \u0111\u1eb7c bi\u1ec7t khi l\u00e0m vi\u1ec7c v\u1edbi nhi\u1ec1u d\u1ef1 \u00e1n ho\u1eb7c nh\u00f3m.<\/li>\n<li>K\u1ef9 n\u0103ng qu\u1ea3n l\u00fd, \u0111\u00e0m ph\u00e1n, l\u1eafng nghe v\u00e0 giao ti\u1ebfp b\u1eb1ng l\u1eddi n\u00f3i v\u00e0 v\u0103n b\u1ea3n xu\u1ea5t s\u1eafc.<\/li>\n<li>Quy\u1ebft \u0111o\u00e1n v\u00e0 k\u1ef9 n\u0103ng gi\u1ea3i quy\u1ebft v\u1ea5n \u0111\u1ec1 t\u1ed1t, \u0111\u1eb7c bi\u1ec7t l\u00e0 d\u01b0\u1edbi \u00e1p l\u1ef1c.<\/li>\n<li>Kh\u1ea3 n\u0103ng ph\u00e1t tri\u1ec3n v\u00e0 duy tr\u00ec c\u00e1c m\u1ed1i quan h\u1ec7 c\u00f4ng vi\u1ec7c.<\/li>\n<li>K\u1ef9 n\u0103ng thuy\u1ebft tr\u00ecnh v\u00e0 b\u00e1n h\u00e0ng v\u1eefng ch\u1eafc.<\/li>\n<\/ul>\n<p>Tr\u00ecnh \u0111\u1ed9 chuy\u00ean m\u00f4n: B\u1eb1ng c\u1eed nh\u00e2n v\u1ec1 qu\u1ea3ng c\u00e1o, ti\u1ebfp th\u1ecb ho\u1eb7c l\u0129nh v\u1ef1c li\u00ean quan.<\/p><\/div><\/div><\/div>[\/vc_column_inner][\/vc_row_inner][\/vc_column][\/vc_row]\n<\/div>","protected":false},"excerpt":{"rendered":"<p>[vc_row top_margin=&#8221;0&#8243; bottom_margin=&#8221;0&#8243; css=&#8221;.vc_custom_1499912039446{margin-top: -30px !important;}&#8221;][vc_column][vc_row_inner][vc_column_inner][vc_empty_space height=&#8221;10px&#8221;][vc_empty_space height=&#8221;30px&#8221;][\/vc_column_inner][\/vc_row_inner][\/vc_column][\/vc_row]<\/p>\n","protected":false},"author":4,"featured_media":0,"parent":0,"menu_order":0,"comment_status":"closed","ping_status":"closed","template":"","meta":{"nf_dc_page":"","footnotes":""},"class_list":["post-10502","page","type-page","status-publish","hentry"],"_links":{"self":[{"href":"https:\/\/worknow.vn\/vi\/wp-json\/wp\/v2\/pages\/10502","targetHints":{"allow":["GET"]}}],"collection":[{"href":"https:\/\/worknow.vn\/vi\/wp-json\/wp\/v2\/pages"}],"about":[{"href":"https:\/\/worknow.vn\/vi\/wp-json\/wp\/v2\/types\/page"}],"author":[{"embeddable":true,"href":"https:\/\/worknow.vn\/vi\/wp-json\/wp\/v2\/users\/4"}],"replies":[{"embeddable":true,"href":"https:\/\/worknow.vn\/vi\/wp-json\/wp\/v2\/comments?post=10502"}],"version-history":[{"count":5,"href":"https:\/\/worknow.vn\/vi\/wp-json\/wp\/v2\/pages\/10502\/revisions"}],"predecessor-version":[{"id":11911,"href":"https:\/\/worknow.vn\/vi\/wp-json\/wp\/v2\/pages\/10502\/revisions\/11911"}],"wp:attachment":[{"href":"https:\/\/worknow.vn\/vi\/wp-json\/wp\/v2\/media?parent=10502"}],"curies":[{"name":"wp","href":"https:\/\/api.w.org\/{rel}","templated":true}]}}