{"id":10506,"date":"2022-08-11T03:41:55","date_gmt":"2022-08-11T03:41:55","guid":{"rendered":"https:\/\/worknow.vn\/art-director\/"},"modified":"2023-05-31T09:23:54","modified_gmt":"2023-05-31T09:23:54","slug":"giam-doc-nghe-thuat","status":"publish","type":"page","link":"https:\/\/worknow.vn\/vi\/giam-doc-nghe-thuat\/","title":{"rendered":"Gi\u00e1m \u0110\u1ed1c Ngh\u1ec7 Thu\u1eadt"},"content":{"rendered":"<div class=\"wpb-content-wrapper\">[vc_row top_margin=&#8221;0&#8243; bottom_margin=&#8221;0&#8243; css=&#8221;.vc_custom_1499912039446{margin-top: -30px !important;}&#8221;][vc_column]<div class=\"shortcode-wrapper shortcode-title clearfix hb-animate-element hb-fade-in\"><p style=\"color:#878787!important;border-color:#878787\" class=\"hb-text-large aligncenter\">Gi\u00e1m \u0110\u1ed1c Ngh\u1ec7 Thu\u1eadt<\/p><\/div>[vc_row_inner][vc_column_inner][vc_empty_space height=&#8221;10px&#8221;]<div class=\"shortcode-wrapper shortcode-icon-box clearfix\"><div class=\"feature-box alternative left-icon-box aligncenter\"><div class=\"feature-box-content\"><h4 class=\"bold\">M\u00f4 t\u1ea3 c\u00f4ng vi\u1ec7c<\/h4><p>Gi\u00e1m \u0111\u1ed1c ngh\u1ec7 thu\u1eadt l\u00e0 m\u1ed9t chuy\u00ean gia ch\u1ecbu tr\u00e1ch nhi\u1ec7m ph\u00e1t tri\u1ec3n v\u00e0 duy tr\u00ec c\u00f3 th\u1ec3 n\u00f3i l\u00e0 m\u1ed9t t\u1ea7m nh\u00ecn s\u00e1ng t\u1ea1o cho ng\u01b0\u1eddi \u0111\u1ecdc, ng\u01b0\u1eddi xem ho\u1eb7c ng\u01b0\u1eddi d\u00f9ng. \u0110\u1ec3 th\u1ef1c hi\u1ec7n \u0111i\u1ec1u n\u00e0y, h\u1ecd qu\u1ea3n l\u00fd c\u00e1c nh\u00f3m nh\u00e0 thi\u1ebft k\u1ebf l\u00e0m vi\u1ec7c trong c\u00e1c d\u1ef1 \u00e1n s\u00e1ng t\u1ea1o nh\u01b0 qu\u1ea3ng c\u00e1o phim v\u00e0 truy\u1ec1n h\u00ecnh, thi\u1ebft k\u1ebf \u0111\u1ed3 h\u1ecda v\u00e0 ti\u1ebfp th\u1ecb.<\/p>\n<p>L\u00e0 m\u1ed9t gi\u00e1m \u0111\u1ed1c c\u1ee7a b\u1ea5t k\u1ef3 l\u0129nh v\u1ef1c n\u00e0o c\u0169ng \u0111\u1ec1u \u0111\u00f2i h\u1ecfi k\u1ef9 n\u0103ng l\u00e3nh \u0111\u1ea1o. \u0110\u1ed1i v\u1edbi m\u1ed9t gi\u00e1m \u0111\u1ed1c ngh\u1ec7 thu\u1eadt, b\u1ea1n s\u1ebd ch\u1ecbu tr\u00e1ch nhi\u1ec7m qu\u1ea3n l\u00fd c\u00e1c c\u00e1 nh\u00e2n l\u00e0m vi\u1ec7c trong d\u1ef1 \u00e1n v\u00e0 \u0111\u1ea3m b\u1ea3o r\u1eb1ng d\u1ef1 \u00e1n \u0111\u01b0\u1ee3c ho\u00e0n th\u00e0nh k\u1ecbp th\u1eddi. B\u1ea5t k\u1ec3 b\u1ea1n l\u00e0m vi\u1ec7c trong l\u0129nh v\u1ef1c n\u00e0o, b\u1ea1n c\u0169ng n\u00ean trau d\u1ed3i k\u1ef9 n\u0103ng l\u00e3nh \u0111\u1ea1o c\u1ee7a m\u00ecnh, \u0111\u1eb7c bi\u1ec7t n\u1ebfu b\u1ea1n \u0111ang c\u00e2n nh\u1eafc theo \u0111u\u1ed5i s\u1ef1 nghi\u1ec7p l\u00e0 gi\u00e1m \u0111\u1ed1c ngh\u1ec7 thu\u1eadt.<\/p>\n<p>Gi\u00e1m \u0111\u1ed1c ngh\u1ec7 thu\u1eadt gi\u00e1m s\u00e1t m\u1ecdi kh\u00eda c\u1ea1nh c\u1ee7a nhi\u1ec1u d\u1ef1 \u00e1n s\u00e1ng t\u1ea1o, bao g\u1ed3m s\u1ea3n xu\u1ea5t phim, truy\u1ec1n th\u00f4ng v\u00e0 qu\u1ea3ng c\u00e1o. T\u1ed5 ch\u1ee9c v\u00e0 c\u00f3 th\u1ec3 x\u1eed l\u00fd nhi\u1ec1u ph\u1ea7n c\u1ee7a m\u1ed9t d\u1ef1 \u00e1n bao g\u1ed3m c\u1ea3 ti\u1ebfn \u0111\u1ed9 v\u00e0 ng\u00e2n s\u00e1ch l\u00e0 ch\u00eca kh\u00f3a \u0111\u1ec3 tr\u1edf th\u00e0nh m\u1ed9t Gi\u00e1m \u0111\u1ed1c ngh\u1ec7 thu\u1eadt th\u00e0nh c\u00f4ng. Gi\u00e1m \u0111\u1ed1c ngh\u1ec7 thu\u1eadt c\u1ea7n c\u00f3 kh\u1ea3 n\u0103ng giao ti\u1ebfp v\u1edbi c\u1ea3 nh\u00f3m c\u0169ng nh\u01b0 kh\u00e1ch h\u00e0ng c\u1ee7a h\u1ecd \u0111\u1ec3 ho\u00e0n th\u00e0nh t\u1ed1t m\u1ed9t d\u1ef1 \u00e1n. Trao \u0111\u1ed5i t\u1ed1t ti\u1ebfn \u0111\u1ed9 v\u00e0 k\u1ef3 v\u1ecdng cho c\u00e1c th\u00e0nh vi\u00ean trong nh\u00f3m c\u0169ng nh\u01b0 hi\u1ec3u v\u00e0 gi\u1ea3i th\u00edch mong mu\u1ed1n c\u1ee7a kh\u00e1ch h\u00e0ng l\u00e0 m\u1ed9t ph\u1ea7n quan tr\u1ecdng. L\u00e0 m\u1ed9t gi\u00e1m \u0111\u1ed1c ngh\u1ec7 thu\u1eadt, b\u1ea1n s\u1ebd ch\u1ecbu tr\u00e1ch nhi\u1ec7m \u0111\u01b0a ra \u00fd t\u01b0\u1edfng v\u00e0 t\u1ea1o ra t\u00ednh th\u1ea9m m\u1ef9 cho t\u1ed5ng th\u1ec3 c\u1ee7a m\u1ed9t d\u1ef1 \u00e1n. D\u00f9 b\u1ea1n \u0111ang tri\u1ec3n khai thi\u1ebft k\u1ebf m\u1edbi cho trang web c\u1ee7a kh\u00e1ch h\u00e0ng hay thi\u1ebft k\u1ebf tr\u00f2 ch\u01a1i \u0111i\u1ec7n t\u1eed, th\u00ec vi\u1ec7c c\u00f3 kh\u1ea3 n\u0103ng ph\u00e1n \u0111o\u00e1n th\u1ea9m m\u1ef9 t\u1ed1t l\u00e0 k\u1ef9 n\u0103ng ch\u00ednh c\u1ea7n c\u00f3 c\u1ee7a c\u00e1c gi\u00e1m \u0111\u1ed1c ngh\u1ec7 thu\u1eadt.<\/p>\n<p>H\u1ea7u h\u1ebft v\u1ecb tr\u00ed gi\u00e1m \u0111\u1ed1c ngh\u1ec7 thu\u1eadt \u0111\u1ec1u y\u00eau c\u1ea7u b\u1ea1n ph\u1ea3i c\u00f3 t\u1ed1i thi\u1ec3u b\u1eb1ng c\u1eed nh\u00e2n v\u1ec1 tr\u00ecnh \u0111\u1ed9 h\u1ecdc v\u1ea5n. C\u00f3 m\u1ed9t s\u1ed1 b\u1eb1ng c\u1ea5p, ch\u1ee9ng ch\u1ec9 c\u00f3 th\u1ec3 h\u1ed7 tr\u1ee3 m\u1ee5c ti\u00eau tr\u1edf th\u00e0nh gi\u00e1m \u0111\u1ed1c ngh\u1ec7 thu\u1eadt c\u1ee7a b\u1ea1n, bao g\u1ed3m b\u1eb1ng c\u1ea5p v\u1ec1 qu\u1ea3ng c\u00e1o, m\u1ef9 thu\u1eadt v\u00e0 thi\u1ebft k\u1ebf \u0111\u1ed3 h\u1ecda. Ngo\u00e0i ra c\u00f2n c\u00f3 c\u00e1c b\u1eb1ng c\u1ea5p qu\u1ea3n l\u00fd ngh\u1ec7 thu\u1eadt, n\u00f3 k\u1ebft h\u1ee3p qu\u1ea3n l\u00fd kinh doanh v\u1edbi th\u1ef1c h\u00e0nh ngh\u1ec7 thu\u1eadt. M\u1eb7c d\u00f9 kh\u00f4ng ph\u1ea3i l\u00fac n\u00e0o c\u0169ng y\u00eau c\u1ea7u, nh\u01b0ng nhi\u1ec1u gi\u00e1m \u0111\u1ed1c ngh\u1ec7 thu\u1eadt c\u0169ng c\u00f3 b\u1eb1ng th\u1ea1c s\u0129 v\u1ec1 m\u1ef9 thu\u1eadt ho\u1eb7c l\u0129nh v\u1ef1c li\u00ean quan. Theo \u0111u\u1ed5i b\u1eb1ng th\u1ea1c s\u0129 c\u00f3 th\u1ec3 gi\u00fap b\u1ea1n chu\u1ea9n b\u1ecb th\u00eam cho v\u1ecb tr\u00ed gi\u00e1m \u0111\u1ed1c ngh\u1ec7 thu\u1eadt v\u00e0 trang b\u1ecb cho b\u1ea1n nh\u1eefng k\u1ef9 n\u0103ng qu\u1ea3n l\u00fd c\u00f3 gi\u00e1 tr\u1ecb c\u1ea7n thi\u1ebft \u0111\u1ec3 gi\u00e1m s\u00e1t m\u1ed9t nh\u00f3m s\u00e1ng t\u1ea1o.<\/p><\/div><\/div><\/div>[vc_empty_space height=&#8221;30px&#8221;]<div class=\"shortcode-wrapper shortcode-icon-box clearfix\"><div class=\"feature-box alternative left-icon-box aligncenter\"><div class=\"feature-box-content\"><h4 class=\"bold\">Vai tr\u00f2 v\u00e0 tr\u00e1ch nhi\u1ec7m<\/h4><p>\n<ul>\n<li>\u0110\u01b0a ra \u00fd t\u01b0\u1edfng v\u00e0 kh\u00e1i ni\u1ec7m r\u00f5 r\u00e0ng song song v\u1edbi ng\u01b0\u1eddi vi\u1ebft qu\u1ea3ng c\u00e1o<\/li>\n<li>T\u1ea1o b\u1ea3n ph\u00e1c th\u1ea3o, b\u1ea3ng ph\u00e2n c\u1ea3nh, b\u1ea3n ph\u00e1c th\u1ea3o \u0111\u1ec3 h\u00ecnh dung \u00fd t\u01b0\u1edfng<\/li>\n<li>Hi\u1ec3u c\u00e1c s\u00e1ng ki\u1ebfn ti\u1ebfp th\u1ecb, \u0111\u1ecbnh v\u1ecb chi\u1ebfn l\u01b0\u1ee3c v\u00e0 \u0111\u1ed1i t\u01b0\u1ee3ng m\u1ee5c ti\u00eau<\/li>\n<li>H\u1ee3p t\u00e1c v\u1edbi ph\u1ea7n c\u00f2n l\u1ea1i c\u1ee7a nh\u00f3m s\u00e1ng t\u1ea1o tr\u00ean c\u00e1c lo\u1ea1i ph\u01b0\u01a1ng ti\u1ec7n kh\u00e1c nhau<\/li>\n<li>\u0110\u01b0a c\u00f4ng vi\u1ec7c t\u1eeb \u00fd t\u01b0\u1edfng \u0111\u1ebfn th\u1ef1c hi\u1ec7n cu\u1ed1i c\u00f9ng trong th\u1eddi h\u1ea1n<\/li>\n<li>Qu\u1ea3n l\u00fd v\u00e0 \u1ee7y th\u00e1c tr\u00e1ch nhi\u1ec7m cho c\u00e1c nh\u00e0 thi\u1ebft k\u1ebf kh\u00e1c v\u00e0 \u0111\u01b0a ra h\u01b0\u1edbng d\u1eabn<\/li>\n<li>Tr\u00ecnh b\u00e0y \u00fd t\u01b0\u1edfng \u0111\u00e3 ho\u00e0n th\u00e0nh cho kh\u00e1ch h\u00e0ng\/th\u00e0nh vi\u00ean nh\u00f3m<\/li>\n<li>Lu\u00f4n c\u1eadp nh\u1eadt m\u1ecdi xu h\u01b0\u1edbng v\u00e0 duy tr\u00ec c\u00e1c ph\u01b0\u01a1ng ph\u00e1p hay nh\u1ea5t<\/li>\n<\/ul>\n<p>K\u1ef9 n\u0103ng:<\/p>\n<ul>\n<li>Kinh nghi\u1ec7m l\u00e0m vi\u1ec7c \u0111\u00e3 \u0111\u01b0\u1ee3c ch\u1ee9ng minh v\u1edbi vai tr\u00f2 Gi\u00e1m \u0111\u1ed1c Ngh\u1ec7 thu\u1eadt<\/li>\n<li>C\u00f3 kinh nghi\u1ec7m th\u1ef1c t\u1ebf v\u1ec1 thi\u1ebft k\u1ebf logo, ki\u1ec3u ch\u1eef, m\u00e0u s\u1eafc, thi\u1ebft k\u1ebf b\u1ed1 c\u1ee5c web, s\u1ea3n xu\u1ea5t in \u1ea5n, l\u1ef1a ch\u1ecdn h\u00ecnh \u1ea3nh v\u00e0 thi\u1ebft k\u1ebf bao b\u00ec<\/li>\n<li>S\u1eed d\u1ee5ng th\u00e0nh th\u1ea1o InDesign, Photoshop, Illustrator ho\u1eb7c c\u00e1c c\u00f4ng c\u1ee5 thi\u1ebft k\u1ebf tr\u1ef1c quan kh\u00e1c<\/li>\n<li>Th\u1ec3 hi\u1ec7n k\u1ef9 n\u0103ng thi\u1ebft k\u1ebf \u0111\u1ed3 h\u1ecda v\u1edbi danh m\u1ee5c \u0111\u1ea7u t\u01b0 m\u1ea1nh m\u1ebd<\/li>\n<li>K\u1ebft h\u1ee3p th\u00f4ng tin ph\u1ea3n h\u1ed3i v\u00e0 th\u1ef1c hi\u1ec7n\/\u0111\u01b0a ra \u0111\u1ecbnh h\u01b0\u1edbng t\u1ed1t<\/li>\n<li>Th\u00e0nh vi\u00ean nh\u00f3m c\u00f3 k\u1ef9 n\u0103ng giao ti\u1ebfp v\u00e0 thuy\u1ebft tr\u00ecnh t\u1ed1t<\/li>\n<\/ul>\n<p>Tr\u00ecnh \u0111\u1ed9 chuy\u00ean m\u00f4n: T\u1ed1t nghi\u1ec7p chuy\u00ean ng\u00e0nh qu\u1ea3ng c\u00e1o, m\u1ef9 thu\u1eadt, thi\u1ebft k\u1ebf \u0111\u1ed3 h\u1ecda<\/p><\/div><\/div><\/div>[\/vc_column_inner][\/vc_row_inner][\/vc_column][\/vc_row]\n<\/div>","protected":false},"excerpt":{"rendered":"<p>[vc_row top_margin=&#8221;0&#8243; bottom_margin=&#8221;0&#8243; css=&#8221;.vc_custom_1499912039446{margin-top: -30px !important;}&#8221;][vc_column][vc_row_inner][vc_column_inner][vc_empty_space height=&#8221;10px&#8221;][vc_empty_space height=&#8221;30px&#8221;][\/vc_column_inner][\/vc_row_inner][\/vc_column][\/vc_row]<\/p>\n","protected":false},"author":4,"featured_media":0,"parent":0,"menu_order":0,"comment_status":"closed","ping_status":"closed","template":"","meta":{"nf_dc_page":"","footnotes":""},"class_list":["post-10506","page","type-page","status-publish","hentry"],"_links":{"self":[{"href":"https:\/\/worknow.vn\/vi\/wp-json\/wp\/v2\/pages\/10506","targetHints":{"allow":["GET"]}}],"collection":[{"href":"https:\/\/worknow.vn\/vi\/wp-json\/wp\/v2\/pages"}],"about":[{"href":"https:\/\/worknow.vn\/vi\/wp-json\/wp\/v2\/types\/page"}],"author":[{"embeddable":true,"href":"https:\/\/worknow.vn\/vi\/wp-json\/wp\/v2\/users\/4"}],"replies":[{"embeddable":true,"href":"https:\/\/worknow.vn\/vi\/wp-json\/wp\/v2\/comments?post=10506"}],"version-history":[{"count":5,"href":"https:\/\/worknow.vn\/vi\/wp-json\/wp\/v2\/pages\/10506\/revisions"}],"predecessor-version":[{"id":11908,"href":"https:\/\/worknow.vn\/vi\/wp-json\/wp\/v2\/pages\/10506\/revisions\/11908"}],"wp:attachment":[{"href":"https:\/\/worknow.vn\/vi\/wp-json\/wp\/v2\/media?parent=10506"}],"curies":[{"name":"wp","href":"https:\/\/api.w.org\/{rel}","templated":true}]}}