{"id":10508,"date":"2022-08-11T03:43:17","date_gmt":"2022-08-11T03:43:17","guid":{"rendered":"https:\/\/worknow.vn\/creative-assistant\/"},"modified":"2023-05-31T09:23:52","modified_gmt":"2023-05-31T09:23:52","slug":"tro-ly-sang-tao","status":"publish","type":"page","link":"https:\/\/worknow.vn\/vi\/tro-ly-sang-tao\/","title":{"rendered":"Tr\u1ee3 L\u00fd S\u00e1ng T\u1ea1o"},"content":{"rendered":"<div class=\"wpb-content-wrapper\">[vc_row top_margin=&#8221;0&#8243; bottom_margin=&#8221;0&#8243; css=&#8221;.vc_custom_1499912039446{margin-top: -30px !important;}&#8221;][vc_column]<div class=\"shortcode-wrapper shortcode-title clearfix hb-animate-element hb-fade-in\"><p style=\"color:#878787!important;border-color:#878787\" class=\"hb-text-large aligncenter\">Tr\u1ee3 L\u00fd S\u00e1ng T\u1ea1o<\/p><\/div>[vc_row_inner][vc_column_inner][vc_empty_space height=&#8221;10px&#8221;]<div class=\"shortcode-wrapper shortcode-icon-box clearfix\"><div class=\"feature-box alternative left-icon-box aligncenter\"><div class=\"feature-box-content\"><h4 class=\"bold\">M\u00f4 t\u1ea3 c\u00f4ng vi\u1ec7c<\/h4><p>Tr\u1ee3 l\u00fd s\u00e1ng t\u1ea1o l\u00e0 chuy\u00ean gia thi\u1ebft k\u1ebf v\u00e0 t\u1ea1o t\u00e0i li\u1ec7u qu\u1ea3ng c\u00e1o. H\u1ecd th\u01b0\u1eddng l\u00e0m vi\u1ec7c trong l\u0129nh v\u1ef1c ti\u1ebfp th\u1ecb v\u00e0 qu\u1ea3ng c\u00e1o, nh\u01b0ng m\u1ed9t s\u1ed1 Tr\u1ee3 l\u00fd s\u00e1ng t\u1ea1o l\u00e0m vi\u1ec7c t\u1ea1i c\u00e1c c\u00f4ng ty thi\u1ebft k\u1ebf ho\u1eb7c c\u00f4ng ty s\u1ea3n xu\u1ea5t. Tr\u1ee3 l\u00fd s\u00e1ng t\u1ea1o th\u01b0\u1eddng ph\u1ed1i h\u1ee3p l\u00e0m vi\u1ec7c v\u1edbi nh\u00f3m ti\u1ebfp th\u1ecb v\u00e0 c\u00f3 th\u1ec3 \u0111\u01b0a ra l\u1eddi khuy\u00ean c\u0169ng nh\u01b0 \u00fd t\u01b0\u1edfng v\u1ec1 c\u00e1ch l\u00e0m cho chi\u1ebfn d\u1ecbch qu\u1ea3ng c\u00e1o h\u1ea5p d\u1eabn v\u1ec1 m\u1eb7t h\u00ecnh \u1ea3nh v\u00e0 gi\u00fap t\u1ea1o \u00fd t\u01b0\u1edfng m\u1edbi. \u0110\u1ec3 l\u00e0m \u0111\u01b0\u1ee3c \u0111i\u1ec1u n\u00e0y b\u1ea1n c\u1ea7n t\u1ea1o c\u00e1c h\u00ecnh minh h\u1ecda, ph\u1ed1i m\u00e0u, th\u00eam c\u00e1c h\u00ecnh \u1ea3nh ho\u1eb7c video v\u00e0o c\u00e1c b\u00e0i \u0111\u0103ng tr\u00ean m\u1ea1ng x\u00e3 h\u1ed9i.<\/p>\n<p>K\u1ef9 n\u0103ng s\u00e1ng t\u1ea1o r\u1ea5t quan tr\u1ecdng \u0111\u1ed1i v\u1edbi ng\u00e0nh n\u00e0y, v\u00ec n\u00f3 th\u01b0\u1eddng li\u00ean quan \u0111\u1ebfn vi\u1ec7c ph\u00e1t tri\u1ec3n c\u00e1c thi\u1ebft k\u1ebf, l\u00ean \u00fd t\u01b0\u1edfng m\u1edbi cho c\u00e1c chi\u1ebfn d\u1ecbch ti\u1ebfp th\u1ecb. \u0110i\u1ec1u n\u00e0y c\u00f3 th\u1ec3 bao g\u1ed3m c\u00e1c nhi\u1ec7m v\u1ee5 nh\u01b0 thi\u1ebft k\u1ebf in \u1ea5n qu\u1ea3ng c\u00e1o, ch\u1ecdn ch\u1ee7 \u0111\u1ec1 cho c\u00e1c tin qu\u1ea3ng c\u00e1o v\u00e0 ph\u00e1t tri\u1ec3n gi\u00e1 tr\u1ecb v\u1ec1 th\u01b0\u01a1ng hi\u1ec7u cho c\u00e1c c\u00f4ng ty. Nhi\u1ec1u tr\u1ee3 l\u00fd s\u00e1ng t\u1ea1o khao kh\u00e1t \u0111\u01b0\u1ee3c l\u00e0m vi\u1ec7c \u0111\u1ec3 c\u00f3 th\u1ec3 c\u1ea3i thi\u1ec7n k\u1ef9 n\u0103ng s\u00e1ng t\u1ea1o t\u1ecfng th\u1eddi gian h\u1ecdc \u0111\u1ea1i h\u1ecdc, ch\u1eb3ng h\u1ea1n h\u1ecd c\u00f3 th\u1ec3 tham gia c\u00e1c kh\u00f3a h\u1ecdc v\u1ec1 c\u00e1c l\u0129nh v\u1ef1c thi\u1ebft k\u1ebf. M\u1ed9t c\u00e1ch kh\u00e1c \u0111\u1ec3 ph\u00e1t tri\u1ec3n k\u1ef9 n\u0103ng s\u00e1ng t\u1ea1o c\u1ee7a b\u1ea1n l\u00e0 t\u1ef1 thi\u1ebft k\u1ebf v\u00e0 t\u1ea1o ra c\u00e1c s\u1ea3n ph\u1ea9m ngh\u1ec7 thu\u1eadt c\u1ee7a m\u00ecnh \u0111\u1ec3 s\u1eed d\u1ee5ng tr\u00ean c\u00e1c ph\u01b0\u01a1ng ti\u1ec7n hay c\u00e1c ph\u1ea7n m\u1ec1m kh\u00e1c nhau. Hi\u1ec7n nay c\u00f3 nhi\u1ec1u d\u1ef1 \u00e1n d\u00e0nh cho Tr\u1ee3 k\u00fd s\u00e1ng t\u1ea1o li\u00ean quan \u0111\u1ebfn vi\u1ec7c s\u1eed d\u1ee5ng c\u00e1c ph\u1ea7n m\u1ec1m ch\u1ec9nh s\u1eeda \u1ea3nh, n\u1ebfu b\u1ea1n \u0111ang s\u1eed d\u1ee5ng c\u00e1c ph\u1ea7n m\u1ec1m kh\u00e1c nhau \u0111\u1ec3 t\u00ecm c\u00e1ch ch\u1ec9nh s\u1eeda h\u00ecnh \u1ea3nh hi\u1ec7u qu\u1ea3 th\u00ec \u0111i\u1ec1u n\u00e0y c\u0169ng r\u1ea5t h\u1eefu \u00edch. Th\u00f4ng th\u01b0\u1eddng, c\u00e1c b\u1ea1n Tr\u1ee3 l\u00fd s\u00e1ng t\u1ea1o ch\u1ee7 y\u1ebfu l\u00e0m vi\u1ec7c v\u1ec1 l\u0129nh v\u1ef1c ti\u1ebfp th\u1ecb. Do \u0111\u00f3, c\u00e1c \u1ee9ng vi\u00ean c\u00f3 th\u1ec3 c\u00f3 kinh nghi\u1ec7m trong l\u0129nh v\u1ef1c n\u00e0y tr\u01b0\u1edbc khi n\u1ed9p h\u1ed3 s\u01a1 v\u00e0o v\u1ecb tr\u00ed Tr\u1ee3 l\u00fd s\u00e1ng t\u1ea1o. \u0110i\u1ec1u n\u00e0y gi\u00fap b\u1ea1n bi\u1ebft \u0111\u01b0\u1ee3c c\u00e1c ph\u01b0\u01a1ng ph\u00e1p v\u00e0 quy tr\u00ecnh t\u1ed1t nh\u1ea5t m\u00e0 nh\u00f3m ti\u1ebfp th\u1ecb th\u1ecb tr\u01b0\u1eddng lu\u00f4n theo, t\u1eeb \u0111\u00f3 b\u1ea1n c\u00f3 th\u1ec3 d\u1ec5 d\u00e0ng \u0111\u01b0a ra \u00fd ki\u1ebfn chuy\u00ean m\u00f4n v\u00e0 \u0111\u1ec1 xu\u1ea5t v\u1edbi t\u01b0 c\u00e1ch l\u00e0 Tr\u1ee3 l\u00fd s\u00e1ng t\u1ea1o.<\/p>\n<p>H\u1ea7u h\u1ebft c\u00e1c nh\u00e0 tuy\u1ec3n d\u1ee5ng \u0111\u1ec1u y\u00eau c\u1ea7u \u1ee9ng vi\u00ean v\u1ecb tr\u1ecb Tr\u1ee3 l\u00fd s\u00e1ng t\u1ea1o ph\u1ea3i c\u00f3 \u00edt nh\u1ea5t b\u1eb1ng c\u1eed nh\u00e2n. B\u1edfi v\u00ec c\u00e1c Tr\u1ee3 l\u00fd s\u00e1ng t\u1ea1o th\u01b0\u1eddng l\u00e0m vi\u1ec7c trong c\u00e1c chi\u1ebfn d\u1ecbch ti\u1ebfp th\u1ecb v\u00e0 qu\u1ea3ng c\u00e1o, c\u00f4ng vi\u1ec7c n\u00e0y c\u00f3 th\u1ec3 d\u1ec5 d\u00e0ng h\u01a1n n\u1ebfu c\u00f3 ki\u1ebfn th\u1ee9c c\u01a1 b\u1ea3n v\u1ec1 ng\u00e0nh. Chuy\u00ean ng\u00e0nh ph\u00f9 h\u1ee3p cho nh\u1eefng \u1ee9ng vi\u00ean n\u00e0y th\u01b0\u1eddng l\u00e0 ti\u1ebfp th\u1ecb, nh\u01b0ng b\u1ea1n c\u0169ng c\u00f3 th\u1ec3 ch\u1ecdn chuy\u00ean ng\u00e0nh li\u00ean quan nh\u01b0 thi\u1ebft k\u1ebf, truy\u1ec1n th\u00f4ng ho\u1eb7c qu\u1ea3ng c\u00e1o. Trong c\u00e1c chuy\u00ean ng\u00e0nh n\u00e0y, b\u1ea1n c\u00f3 th\u1ec3 t\u00ecm hi\u1ec3u c\u00e1c ch\u1ee7 \u0111\u1ec1 nh\u01b0 c\u00e1ch nghi\u00ean c\u1ee9u xu h\u01b0\u1edbng ti\u1ebfp th\u1ecb, ph\u01b0\u01a1ng ph\u00e1p thi\u1ebft k\u1ebf n\u00e0o hi\u1ec7u qu\u1ea3 nh\u1ea5t v\u00e0 c\u00e1ch qu\u1ea3ng b\u00e1 c\u00e1c s\u1ea3n ph\u1ea9m v\u00e0 d\u1ecbch v\u1ee5 kh\u00e1c nhau th\u00f4ng qua c\u00e1c k\u00eanh tr\u1ef1c quan.<\/p><\/div><\/div><\/div>[vc_empty_space height=&#8221;30px&#8221;]<div class=\"shortcode-wrapper shortcode-icon-box clearfix\"><div class=\"feature-box alternative left-icon-box aligncenter\"><div class=\"feature-box-content\"><h4 class=\"bold\">Vai tr\u00f2 v\u00e0 tr\u00e1ch nhi\u1ec7m<\/h4><p>\n<ul>\n<li>Gi\u00fap thi\u1ebft k\u1ebf c\u00e1c m\u1eabu qu\u1ea3ng c\u00e1o, ch\u1eb3ng h\u1ea1n nh\u01b0 gi\u1ea5y qu\u1ea3ng c\u00e1o ho\u1eb7c video qu\u1ea3ng c\u00e1o<\/li>\n<li>Ti\u1ebfn h\u00e0nh nghi\u00ean c\u1ee9u th\u1ecb tr\u01b0\u1eddng \u0111\u1ec3 x\u00e1c \u0111\u1ecbnh xu h\u01b0\u1edbng v\u00e0 \u00fd t\u01b0\u1edfng b\u1ee9t ph\u00e1<\/li>\n<li>Vi\u1ebft n\u1ed9i dung cho c\u00e1c t\u00e0i li\u1ec7u qu\u1ea3ng c\u00e1o, ch\u1eb3ng h\u1ea1n nh\u01b0 b\u00e1o ch\u00ed v\u00e0 b\u00e0i \u0111\u0103ng tr\u00ean m\u1ea1ng x\u00e3 h\u1ed9i<\/li>\n<li>S\u1ea3n xu\u1ea5t \u0111\u1ed3 h\u1ecda th\u00f4ng tin \u0111i k\u00e8m v\u1edbi qu\u1ea3ng c\u00e1o ho\u1eb7c b\u00e0i \u0111\u0103ng tr\u00ean m\u1ea1ng x\u00e3 h\u1ed9i<\/li>\n<li>T\u1ea1o n\u1ed9i dung cho qu\u1ea3ng c\u00e1o truy\u1ec1n th\u00f4ng<\/li>\n<li>Ph\u00e1t tri\u1ec3n c\u00e1c m\u1eabu thi\u1ebft k\u1ebf \u0111\u1ec3 s\u1eed d\u1ee5ng trong t\u01b0\u01a1ng lai<\/li>\n<li>Theo d\u00f5i c\u00e1c t\u00e0i li\u1ec7u h\u1ecd t\u1ea1o ra \u0111\u1ec3 x\u00e1c \u0111\u1ecbnh c\u00e1c ph\u01b0\u01a1ng ph\u00e1p qu\u1ea3ng c\u00e1o s\u00e1ng t\u1ea1o hi\u1ec7u qu\u1ea3<\/li>\n<li>Ph\u1ed1i h\u1ee3p v\u1edbi nh\u00f3m ti\u1ebfp th\u1ecb \u0111\u1ec3 thu th\u1eadp th\u00f4ng tin v\u00e0 h\u00ecnh \u1ea3nh \u0111\u1ec3 s\u1eed d\u1ee5ng trong c\u00e1c t\u00e0i li\u1ec7u qu\u1ea3ng c\u00e1o<\/li>\n<\/ul>\n<p>K\u1ef9 n\u0103ng:<\/p>\n<ul>\n<li>C\u00f3 kinh nghi\u1ec7m l\u00e0m vi\u1ec7c \u1edf v\u1ecb tr\u00ed Tr\u1ee3 l\u00fd S\u00e1ng t\u1ea1o ho\u1eb7c Tr\u1ee3 l\u00fd Ti\u1ebfp th\u1ecb l\u00e0 m\u1ed9t l\u1ee3i th\u1ebf<\/li>\n<li>C\u00f3 kinh nghi\u1ec7m v\u1edbi ph\u1ea7n m\u1ec1m ch\u1ec9nh s\u1eeda \u1ea3nh ho\u1eb7c video (nh\u01b0 Photoshop ho\u1eb7c Adobe Premiere Pro)<\/li>\n<li>Hi\u1ec3u bi\u1ebft v\u1ec1 c\u00e1c chi\u1ebfn thu\u1eadt qu\u1ea3ng c\u00e1o k\u1ef9 thu\u1eadt s\u1ed1<\/li>\n<li>K\u1ef9 n\u0103ng vi\u1ebft qu\u1ea3ng c\u00e1o<\/li>\n<li>Kh\u1ea3 n\u0103ng vi\u1ebft v\u00e0 giao ti\u1ebfp xu\u1ea5t s\u1eafc<\/li>\n<\/ul>\n<p>Tr\u00ecnh \u0111\u1ed9 chuy\u00ean m\u00f4n: C\u1eed nh\u00e2n Marketing, Thi\u1ebft k\u1ebf ho\u1eb7c l\u0129nh v\u1ef1c li\u00ean quan<\/p><\/div><\/div><\/div>[\/vc_column_inner][\/vc_row_inner][\/vc_column][\/vc_row]\n<\/div>","protected":false},"excerpt":{"rendered":"<p>[vc_row top_margin=&#8221;0&#8243; bottom_margin=&#8221;0&#8243; css=&#8221;.vc_custom_1499912039446{margin-top: -30px !important;}&#8221;][vc_column][vc_row_inner][vc_column_inner][vc_empty_space height=&#8221;10px&#8221;][vc_empty_space height=&#8221;30px&#8221;][\/vc_column_inner][\/vc_row_inner][\/vc_column][\/vc_row]<\/p>\n","protected":false},"author":4,"featured_media":0,"parent":0,"menu_order":0,"comment_status":"closed","ping_status":"closed","template":"","meta":{"nf_dc_page":"","footnotes":""},"class_list":["post-10508","page","type-page","status-publish","hentry"],"_links":{"self":[{"href":"https:\/\/worknow.vn\/vi\/wp-json\/wp\/v2\/pages\/10508","targetHints":{"allow":["GET"]}}],"collection":[{"href":"https:\/\/worknow.vn\/vi\/wp-json\/wp\/v2\/pages"}],"about":[{"href":"https:\/\/worknow.vn\/vi\/wp-json\/wp\/v2\/types\/page"}],"author":[{"embeddable":true,"href":"https:\/\/worknow.vn\/vi\/wp-json\/wp\/v2\/users\/4"}],"replies":[{"embeddable":true,"href":"https:\/\/worknow.vn\/vi\/wp-json\/wp\/v2\/comments?post=10508"}],"version-history":[{"count":5,"href":"https:\/\/worknow.vn\/vi\/wp-json\/wp\/v2\/pages\/10508\/revisions"}],"predecessor-version":[{"id":11906,"href":"https:\/\/worknow.vn\/vi\/wp-json\/wp\/v2\/pages\/10508\/revisions\/11906"}],"wp:attachment":[{"href":"https:\/\/worknow.vn\/vi\/wp-json\/wp\/v2\/media?parent=10508"}],"curies":[{"name":"wp","href":"https:\/\/api.w.org\/{rel}","templated":true}]}}