{"id":10510,"date":"2022-09-16T09:47:09","date_gmt":"2022-09-16T09:47:09","guid":{"rendered":"https:\/\/worknow.vn\/creative-director\/"},"modified":"2023-05-31T09:23:51","modified_gmt":"2023-05-31T09:23:51","slug":"giam-doc-sang-tao","status":"publish","type":"page","link":"https:\/\/worknow.vn\/vi\/giam-doc-sang-tao\/","title":{"rendered":"Gi\u00e1m \u0110\u1ed1c S\u00e1ng T\u1ea1o"},"content":{"rendered":"<div class=\"wpb-content-wrapper\">[vc_row top_margin=&#8221;0&#8243; bottom_margin=&#8221;0&#8243; css=&#8221;.vc_custom_1499912039446{margin-top: -30px !important;}&#8221;][vc_column]<div class=\"shortcode-wrapper shortcode-title clearfix hb-animate-element hb-fade-in\"><p style=\"color:#878787!important;border-color:#878787\" class=\"hb-text-large aligncenter\">Gi\u00e1m \u0110\u1ed1c S\u00e1ng T\u1ea1o<\/p><\/div>[vc_row_inner][vc_column_inner][vc_empty_space height=&#8221;10px&#8221;]<div class=\"shortcode-wrapper shortcode-icon-box clearfix\"><div class=\"feature-box alternative left-icon-box aligncenter\"><div class=\"feature-box-content\"><h4 class=\"bold\">M\u00f4 t\u1ea3 c\u00f4ng vi\u1ec7c<\/h4><p>Gi\u00e1m \u0111\u1ed1c s\u00e1ng t\u1ea1o l\u00e0 ng\u01b0\u1eddi \u0111\u1ee9ng \u0111\u1ea7u b\u1ed9 ph\u1eadn s\u00e1ng t\u1ea1o. H\u1ecd l\u00e0 ng\u01b0\u1eddi qu\u1ea3n l\u00fd c\u00e1c h\u00ecnh \u1ea3nh v\u00e0 di\u1ec7n m\u1ea1o c\u00e1c c\u00e2u chuy\u1ec7n c\u1ee7a c\u00e1c chi\u1ebfn d\u1ecbch s\u00e1ng t\u1ea1o v\u00e0 \u0111\u1ea3m b\u1ea3o r\u1eb1ng t\u1ea5t c\u1ea3 n\u1ed9i dung cu\u1ed1i c\u00f9ng \u0111\u1ec1u ph\u00f9 h\u1ee3p v\u1edbi th\u00f4ng \u0111i\u1ec7p l\u1edbn c\u1ee7a th\u01b0\u01a1ng hi\u1ec7u \u0111ang \u0111\u01b0\u1ee3c truy\u1ec1n t\u1ea3i. M\u1ed9t gi\u00e1m \u0111\u1ed1c s\u00e1ng t\u1ea1o v\u1eeba l\u00e0 ng\u01b0\u1eddi qu\u1ea3n l\u00fd v\u1eeba l\u00e0 ng\u01b0\u1eddi c\u1ed1 v\u1ea5n, d\u1eabn d\u1eaft nh\u00f3m c\u1ee7a h\u1ecd h\u01b0\u1edbng t\u1edbi th\u00e0nh c\u00f4ng. Gi\u00e1m \u0111\u1ed1c s\u00e1ng t\u1ea1o gi\u00e1m s\u00e1t v\u00e0 qu\u1ea3n l\u00fd t\u1ea5t c\u1ea3 c\u00e1c ph\u1ea7n mang t\u00ednh th\u1ea9m m\u1ef9 v\u00e0 ch\u1ee9c n\u0103ng c\u1ee7a thi\u1ebft k\u1ebf qu\u1ea3ng c\u00e1o, \u0111\u1ea3m b\u1ea3o r\u1eb1ng m\u1ed7i ph\u1ea7n k\u1ebft h\u1ee3p v\u1edbi nhau tu\u00e2n th\u1ee7 c\u00e1c ti\u00eau chu\u1ea9n th\u01b0\u01a1ng hi\u1ec7u c\u1ee7a kh\u00e1ch h\u00e0ng. H\u1ecd qu\u1ea3n l\u00fd to\u00e0n b\u1ed9 nh\u00f3m s\u00e1ng t\u1ea1o\u2014nh\u00e0 thi\u1ebft k\u1ebf \u0111\u1ed3 h\u1ecda, ng\u01b0\u1eddi vi\u1ebft qu\u1ea3ng c\u00e1o v\u00e0 gi\u00e1m \u0111\u1ed1c ngh\u1ec7 thu\u1eadt\u2014gi\u1eef cho t\u1ea7m nh\u00ecn s\u00e1ng t\u1ea1o \u0111i \u0111\u00fang h\u01b0\u1edbng. Gi\u00e1m \u0111\u1ed1c s\u00e1ng t\u1ea1o l\u00e0 nh\u1eefng ng\u01b0\u1eddi quan s\u00e1t nh\u1ea1y b\u00e9n v\u00e0 c\u00f3 th\u1ec3 h\u1ecdc h\u1ecfi \u0111\u1ec3 t\u1ea1o ra s\u1ea3n ph\u1ea9m ch\u1ea5t l\u01b0\u1ee3ng cao nh\u1ea5t.<\/p>\n<p>H\u1ecd c\u00f3 th\u1ec3 h\u00ecnh dung ra m\u1ee5c ti\u00eau c\u1ee7a m\u00ecnh v\u00e0 bi\u1ebft c\u00e1ch \u0111\u1ea1t \u0111\u01b0\u1ee3c n\u00f3. H\u1ecd lu\u00f4n c\u1eadp nh\u1eadt c\u00e1c xu h\u01b0\u1edbng c\u1ee7a ng\u00e0nh v\u00e0 s\u1ef1 thay \u0111\u1ed5i c\u1ee7a th\u1ecb tr\u01b0\u1eddng gi\u1eef cho nh\u00f3m c\u1ee7a m\u00ecnh \u0111i \u0111\u00fang h\u01b0\u1edbng v\u00e0 c\u00f3 th\u1ec3 th\u1ea5y t\u1ea5t c\u1ea3 c\u00e1c qu\u00e1 tr\u00ecnh ph\u00e1t tri\u1ec3n c\u0169ng nh\u01b0 c\u00e1ch ho\u1ea1t \u0111\u1ed9ng c\u00f9ng nhau \u0111\u1ec3 t\u1ea1o ra m\u1ed9t thi\u1ebft k\u1ebf \u0111\u00e1ng nh\u1edb. Qu\u1ea3n l\u00fd s\u00e1ng t\u1ea1o kh\u00f4ng ch\u1ec9 l\u00e0 giao ti\u1ebfp b\u1eb1ng h\u00ecnh \u1ea3nh; n\u00f3 c\u00f2n l\u00e0 v\u1ec1 giao ti\u1ebfp v\u1edbi m\u1ecdi ng\u01b0\u1eddi v\u1ec1 c\u00f4ng vi\u1ec7c s\u00e1ng t\u1ea1o c\u1ee7a h\u1ecd. M\u1ed9t gi\u00e1m \u0111\u1ed1c s\u00e1ng t\u1ea1o lu\u00f4n c\u1ea3i thi\u1ec7n k\u1ef9 n\u0103ng giao ti\u1ebfp \u0111\u1ec3 t\u1ea1o ra m\u1ed9t m\u00f4i tr\u01b0\u1eddng l\u00e0m vi\u1ec7c tho\u1ea3i m\u00e1i v\u00e0 c\u1edfi m\u1edf. T\u1eeb \u0111\u00f3 c\u00f3 truy\u1ec1n \u0111\u1ea1t r\u00f5 r\u00e0ng v\u00e0 c\u1ee5 th\u1ec3 nh\u1eefng suy ngh\u0129 c\u1ee7a m\u00ecnh \u0111\u1ed3ng th\u1eddi ch\u1ea5p nh\u1eadn ph\u1ea3n h\u1ed3i. Trong thi\u1ebft k\u1ebf, k\u1ef9 n\u0103ng l\u00e3nh \u0111\u1ea1o v\u00e0 qu\u1ea3n l\u00fd th\u1eddi gian l\u00e0 ch\u00eca kh\u00f3a \u0111\u1ec3 nh\u1eefng ng\u01b0\u1eddi s\u00e1ng t\u1ea1o c\u00f3 th\u1ec3 h\u01b0\u1edbng t\u1edbi m\u1ee5c ti\u00eau c\u1ee7a m\u00ecnh. Gi\u00e1m \u0111\u1ed1c s\u00e1ng t\u1ea1o l\u00e0 nh\u1eefng ng\u01b0\u1eddi ch\u1ee7 \u0111\u1ed9ng, s\u00e1ng t\u1ea1o v\u00e0 c\u00f3 th\u1ec3 d\u1ef1 \u0111o\u00e1n xu h\u01b0\u1edbng. H\u1ecd s\u1eed d\u1ee5ng kinh nghi\u1ec7m l\u00e0m vi\u1ec7c tr\u01b0\u1edbc \u0111\u00e2y c\u1ee7a m\u00ecnh \u0111\u1ec3 bi\u1ebft \u0111i\u1ec1u g\u00ec n\u00ean v\u00e0 \u0111i\u1ec1u g\u00ec kh\u00f4ng, \u0111\u1ed3ng th\u1eddi h\u1ecd bi\u1ebft c\u00e1ch h\u01b0\u1edbng d\u1eabn m\u1ed9t d\u1ef1 \u00e1n s\u00e1ng t\u1ea1o ho\u00e0n th\u00e0nh \u0111\u00fang th\u1eddi h\u1ea1n. C\u00e1c gi\u00e1m \u0111\u1ed1c s\u00e1ng t\u1ea1o gi\u1ecfi nh\u1ea5t l\u1eafng nghe m\u1ecdi ng\u01b0\u1eddi, gi\u1ea3i th\u00edch h\u00e0nh \u0111\u1ed9ng c\u1ee7a h\u1ecd \u00a0nh\u1edd \u0111\u00f3 gi\u00fap h\u1ecd ti\u1ebfn b\u1ed9 trong s\u1ef1 nghi\u1ec7p s\u00e1ng t\u1ea1o c\u1ee7a m\u00ecnh.<\/p>\n<p>V\u1ecb tr\u00ed Gi\u00e1m \u0111\u1ed1c s\u00e1ng t\u1ea1o th\u01b0\u1eddng y\u00eau c\u1ea7u b\u1eb1ng c\u1eed nh\u00e2n ho\u1eb7c th\u1ea1c s\u0129 trong m\u1ed9t l\u0129nh v\u1ef1c s\u00e1ng t\u1ea1o c\u1ee5 th\u1ec3, ch\u1eb3ng h\u1ea1n nh\u01b0 ti\u1ebfp th\u1ecb, thi\u1ebft k\u1ebf \u0111\u1ed3 h\u1ecda ho\u1eb7c m\u1ef9 thu\u1eadt. Th\u00f4ng th\u01b0\u1eddng b\u1ea1n s\u1ebd c\u1ea7n t\u1eeb 7 \u0111\u1ebfn 10 n\u0103m kinh nghi\u1ec7m l\u00e0m vi\u1ec7c trong l\u0129nh v\u1ef1c c\u1ee7a m\u00ecnh.<\/p><\/div><\/div><\/div>[vc_empty_space height=&#8221;30px&#8221;]<div class=\"shortcode-wrapper shortcode-icon-box clearfix\"><div class=\"feature-box alternative left-icon-box aligncenter\"><div class=\"feature-box-content\"><h4 class=\"bold\">Vai tr\u00f2 v\u00e0 tr\u00e1ch nhi\u1ec7m<\/h4><p>\n<ul>\n<li>H\u00ecnh th\u00e0nh v\u00e0 th\u1ef1c hi\u1ec7n c\u00e1c \u00fd t\u01b0\u1edfng, h\u01b0\u1edbng d\u1eabn v\u00e0 \u0111\u01b0a ra chi\u1ebfn l\u01b0\u1ee3c trong c\u00e1c d\u1ef1 \u00e1n s\u00e1ng t\u1ea1o kh\u00e1c nhau sau \u0111\u00f3 gi\u00e1m s\u00e1t ch\u00fang \u0111\u1ebfn khi ho\u00e0n th\u00e0nh<\/li>\n<li>Ph\u1ed1i h\u1ee3p v\u1edbi Gi\u00e1m \u0111\u1ed1c \u0111i\u1ec1u h\u00e0nh t\u00e0i kho\u1ea3n \u0111\u1ec3 c\u00f3 th\u00f4ng v\u1ec1 c\u00e1c y\u00eau c\u1ea7u c\u1ee7a kh\u00e1ch h\u00e0ng<\/li>\n<li>Ch\u1ec9 \u0111\u1ea1o v\u00e0 \u0111\u1ed9ng vi\u00ean c\u00e1c nh\u00f3m Gi\u00e1m \u0111\u1ed1c ngh\u1ec7 thu\u1eadt, H\u1ecda s\u0129 minh h\u1ecda, Ng\u01b0\u1eddi vi\u1ebft qu\u1ea3ng c\u00e1o, v.v. \u0111\u1ec3 gi\u00fap h\u1ecd s\u1eed d\u1ee5ng t\u00e0i n\u0103ng c\u1ee7a m\u00ecnh m\u1ed9t c\u00e1ch hi\u1ec7u qu\u1ea3<\/li>\n<li>D\u1eabn d\u1eaft c\u00e1c bu\u1ed5i s\u00e1ng t\u1ea1o \u0111\u1ec3 t\u1ea1o ra \u00fd t\u01b0\u1edfng<\/li>\n<li>Vi\u1ebft, thi\u1ebft k\u1ebf n\u1ed9i dung \u0111\u1ed9c \u0111\u00e1o v\u00e0 \u0111\u01b0\u1ee3c trau chu\u1ed1t k\u1ef9 l\u01b0\u1ee1ng nh\u1eb1m \u0111\u00e1p \u1ee9ng nhu c\u1ea7u c\u1ee7a kh\u00e1ch h\u00e0ng c\u0169ng nh\u01b0 c\u1ee7a ch\u00ednh ch\u00fang ta<\/li>\n<li>Ch\u1ec9nh s\u1eeda n\u1ed9i dung v\u00e0 b\u1ea3n tr\u00ecnh b\u00e0y, ph\u00ea duy\u1ec7t\/t\u1eeb ch\u1ed1i \u00fd t\u01b0\u1edfng, cung c\u1ea5p ph\u1ea3n h\u1ed3i cho nh\u00f3m<\/li>\n<li>\u0110\u00e0o t\u1ea1o v\u00e0 h\u01b0\u1edbng d\u1eabn c\u1ea5p d\u01b0\u1edbi tr\u1edf th\u00e0nh nh\u1eefng chuy\u00ean gia gi\u1ecfi<\/li>\n<li>Theo d\u00f5i k\u1ebft qu\u1ea3 n\u1ed7 l\u1ef1c c\u1ee7a nh\u00f3m v\u00e0 \u0111\u1ec1 xu\u1ea5t h\u00e0nh \u0111\u1ed9ng cho t\u01b0\u01a1ng lai<\/li>\n<\/ul>\n<p>K\u1ef9 n\u0103ng:<\/p>\n<ul>\n<li>Kinh nghi\u1ec7m \u0111\u00e3 \u0111\u01b0\u1ee3c ch\u1ee9ng minh v\u1edbi vai tr\u00f2 Gi\u00e1m \u0111\u1ed1c s\u00e1ng t\u1ea1o ho\u1eb7c vai tr\u00f2 s\u00e1ng t\u1ea1o t\u01b0\u01a1ng t\u1ef1<\/li>\n<li>Kinh nghi\u1ec7m th\u1ef1c t\u1ebf trong quy tr\u00ecnh s\u00e1ng t\u1ea1o, ti\u1ebfp th\u1ecb, thi\u1ebft k\u1ebf \u0111\u1ed3 h\u1ecda v\u00e0 ph\u00e1t tri\u1ec3n th\u01b0\u01a1ng hi\u1ec7u<\/li>\n<li>Ki\u1ebfn th\u1ee9c l\u00e0m vi\u1ec7c xu\u1ea5t s\u1eafc v\u1ec1 c\u00e1c ph\u1ea7n m\u1ec1m nh\u01b0 Photoshop, Illustrator, InDesign, v.v.<\/li>\n<li>K\u1ef9 n\u0103ng l\u00e3nh \u0111\u1ea1o v\u00e0 t\u1ed5 ch\u1ee9c xu\u1ea5t s\u1eafc<\/li>\n<li>Kh\u1ea3 n\u0103ng ph\u00e2n t\u00edch v\u00e0 giao ti\u1ebfp c\u00e1 nh\u00e2n m\u1eabu m\u1ef1c<\/li>\n<\/ul>\n<p>Tr\u00ecnh \u0111\u1ed9 chuy\u00ean m\u00f4n: C\u1eed nh\u00e2n\/c\u1eed nh\u00e2n qu\u1ea3ng c\u00e1o, m\u1ef9 thu\u1eadt, thi\u1ebft k\u1ebf ho\u1eb7c l\u0129nh v\u1ef1c li\u00ean quan; Th\u1ea1c s\u0129 s\u1ebd \u0111\u01b0\u1ee3c \u01b0u ti\u00ean<\/p><\/div><\/div><\/div>[\/vc_column_inner][\/vc_row_inner][\/vc_column][\/vc_row]\n<\/div>","protected":false},"excerpt":{"rendered":"<p>[vc_row top_margin=&#8221;0&#8243; bottom_margin=&#8221;0&#8243; css=&#8221;.vc_custom_1499912039446{margin-top: -30px !important;}&#8221;][vc_column][vc_row_inner][vc_column_inner][vc_empty_space height=&#8221;10px&#8221;][vc_empty_space height=&#8221;30px&#8221;][\/vc_column_inner][\/vc_row_inner][\/vc_column][\/vc_row]<\/p>\n","protected":false},"author":4,"featured_media":0,"parent":0,"menu_order":0,"comment_status":"closed","ping_status":"closed","template":"","meta":{"nf_dc_page":"","footnotes":""},"class_list":["post-10510","page","type-page","status-publish","hentry"],"_links":{"self":[{"href":"https:\/\/worknow.vn\/vi\/wp-json\/wp\/v2\/pages\/10510","targetHints":{"allow":["GET"]}}],"collection":[{"href":"https:\/\/worknow.vn\/vi\/wp-json\/wp\/v2\/pages"}],"about":[{"href":"https:\/\/worknow.vn\/vi\/wp-json\/wp\/v2\/types\/page"}],"author":[{"embeddable":true,"href":"https:\/\/worknow.vn\/vi\/wp-json\/wp\/v2\/users\/4"}],"replies":[{"embeddable":true,"href":"https:\/\/worknow.vn\/vi\/wp-json\/wp\/v2\/comments?post=10510"}],"version-history":[{"count":6,"href":"https:\/\/worknow.vn\/vi\/wp-json\/wp\/v2\/pages\/10510\/revisions"}],"predecessor-version":[{"id":11905,"href":"https:\/\/worknow.vn\/vi\/wp-json\/wp\/v2\/pages\/10510\/revisions\/11905"}],"wp:attachment":[{"href":"https:\/\/worknow.vn\/vi\/wp-json\/wp\/v2\/media?parent=10510"}],"curies":[{"name":"wp","href":"https:\/\/api.w.org\/{rel}","templated":true}]}}