{"id":10512,"date":"2022-08-11T03:43:52","date_gmt":"2022-08-11T03:43:52","guid":{"rendered":"https:\/\/worknow.vn\/marketing-specialist\/"},"modified":"2023-05-31T09:35:55","modified_gmt":"2023-05-31T09:35:55","slug":"chuyen-gia-marketing","status":"publish","type":"page","link":"https:\/\/worknow.vn\/vi\/chuyen-gia-marketing\/","title":{"rendered":"Chuy\u00ean Gia Marketing"},"content":{"rendered":"<div class=\"wpb-content-wrapper\">[vc_row top_margin=&#8221;0&#8243; bottom_margin=&#8221;0&#8243; css=&#8221;.vc_custom_1499912039446{margin-top: -30px !important;}&#8221;][vc_column]<div class=\"shortcode-wrapper shortcode-title clearfix hb-animate-element hb-fade-in\"><p style=\"color:#878787!important;border-color:#878787\" class=\"hb-text-large aligncenter\">Chuy\u00ean Gia Marketing<\/p><\/div>[vc_row_inner][vc_column_inner][vc_empty_space height=&#8221;10px&#8221;]<div class=\"shortcode-wrapper shortcode-icon-box clearfix\"><div class=\"feature-box alternative left-icon-box aligncenter\"><div class=\"feature-box-content\"><h4 class=\"bold\">M\u00f4 t\u1ea3 c\u00f4ng vi\u1ec7c<\/h4><p>Chuy\u00ean gia Marketing hay Chuy\u00ean gia ti\u1ebfp th\u1ecb k\u1ef9 thu\u1eadt s\u1ed1 l\u00e0 ng\u01b0\u1eddi ch\u1ecbu tr\u00e1ch nhi\u1ec7m ph\u1ed1i h\u1ee3p v\u1edbi c\u00e1c \u00a0b\u1ed9 ph\u1eadn ti\u1ebfp th\u1ecb v\u00e0 b\u00e1n h\u00e0ng \u0111\u1ec3 th\u1ef1c hi\u1ec7n c\u00e1c chi\u1ebfn d\u1ecbch s\u00e1ng t\u1ea1o cho th\u01b0\u01a1ng hi\u1ec7u ho\u1eb7c ra m\u1eaft s\u1ea3n ph\u1ea9m. Nhi\u1ec7m v\u1ee5 c\u1ee7a h\u1ecd bao g\u1ed3m nghi\u00ean c\u1ee9u \u0111\u1ed1i t\u01b0\u1ee3ng, ghi l\u1ea1i d\u1eef li\u1ec7u t\u1eeb k\u1ebft qu\u1ea3 chi\u1ebfn d\u1ecbch \u0111\u1ec3 th\u00eam v\u00e0o c\u00e1c b\u00e1o c\u00e1o trong t\u01b0\u01a1ng lai v\u00e0 gi\u00e1m s\u00e1t c\u00e1c k\u00eanh truy\u1ec1n th\u00f4ng x\u00e3 h\u1ed9i c\u1ee7a c\u00f4ng ty \u0111\u1ec3 \u0111\u1ea3m b\u1ea3o t\u00ednh \u0111\u1ed3ng nh\u1ea5t c\u1ee7a th\u01b0\u01a1ng hi\u1ec7u. Chuy\u00ean gia Marketing l\u00e0m vi\u1ec7c cho c\u00e1c t\u1eadp \u0111o\u00e0n trong nhi\u1ec1u ng\u00e0nh kh\u00e1c nhau v\u1edbi t\u01b0 c\u00e1ch l\u00e0 m\u1ed9t ph\u1ea7n c\u1ee7a b\u1ed9 ph\u1eadn Marketing. H\u1ecd s\u1eed d\u1ee5ng ki\u1ebfn th\u1ee9c v\u1ec1 c\u00e1c chi\u1ebfn thu\u1eadt SEO \u0111\u1ec3 t\u1ea1o kh\u00e1ch h\u00e0ng ti\u1ec1m n\u0103ng \u0111\u1ebfn c\u00e1c trang s\u1ea3n ph\u1ea9m ho\u1eb7c trang web c\u1ee7a c\u00f4ng ty. H\u1ecd c\u0169ng c\u00f3 th\u1ec3 ch\u1ecbu tr\u00e1ch nhi\u1ec7m t\u1ea1o m\u1ed9t s\u1ed1 n\u1ed9i dung b\u00e0i \u0111\u0103ng tr\u00ean blog ho\u1eb7c \u0111\u1ed3 h\u1ecda th\u00f4ng tin \u0111\u1ec3 h\u1ed7 tr\u1ee3 chi\u1ebfn d\u1ecbch marketing.<\/p>\n<p>Nh\u1eefng k\u1ef9 n\u0103ng n\u00e0y cho ph\u00e9p b\u1ea1n trao \u0111\u1ed5i v\u1edbi kh\u00e1ch h\u00e0ng ti\u1ec1m n\u0103ng th\u00f4ng qua c\u00e1c chi\u1ebfn d\u1ecbch qu\u1ea3ng c\u00e1o, n\u1ec1n t\u1ea3ng truy\u1ec1n th\u00f4ng x\u00e3 h\u1ed9i v\u00e0 c\u00e1c ph\u01b0\u01a1ng th\u1ee9c kh\u00e1c. N\u00f3i r\u00f5 r\u00e0ng v\u00e0 l\u1eafng nghe t\u00edch c\u1ef1c l\u00e0 r\u1ea5t quan tr\u1ecdng \u0111\u1ec3 \u0111\u1ea3m b\u1ea3o giao ti\u1ebfp th\u1ea5u \u0111\u00e1o v\u00e0 t\u00f4n tr\u1ecdng v\u1edbi ng\u01b0\u1eddi kh\u00e1c, \u0111\u1ed3ng th\u1eddi s\u1ef1 \u0111\u1ed3ng c\u1ea3m v\u00e0 nh\u1eadn bi\u1ebft c\u1ea3m x\u00fac l\u00e0 c\u1ea7n thi\u1ebft \u0111\u1ec3 th\u1ea5y tr\u01b0\u1edbc nhu c\u1ea7u c\u1ee7a kh\u00e1ch h\u00e0ng, l\u00e0m vi\u1ec7c nh\u00f3m hi\u1ec7u qu\u1ea3 v\u00e0 mang l\u1ea1i k\u1ebft qu\u1ea3 cho c\u00f4ng ty. C\u00e1c Chuy\u00ean gia Marketing ph\u1ea3i s\u1eafp x\u1ebfp th\u1ee9 t\u1ef1 \u01b0u ti\u00ean v\u00e0 ho\u00e0n th\u00e0nh c\u00e1c nhi\u1ec7m v\u1ee5 \u0111\u1ec3 \u0111\u00e1p \u1ee9ng th\u1eddi h\u1ea1n trong khi cam k\u1ebft tham gia \u0111\u1ed3ng th\u1eddi m\u1ed9t s\u1ed1 d\u1ef1 \u00e1n, v\u01b0\u1ee3t qua nh\u1eefng th\u1ea5t b\u1ea1i, ng\u0103n ch\u1eb7n s\u1ef1 gi\u00e1n \u0111o\u1ea1n, s\u1eed d\u1ee5ng c\u00f4ng c\u1ee5 k\u1ef9 thu\u1eadt s\u1ed1 v\u00e0 th\u1ef1c hi\u1ec7n t\u1ea5t c\u1ea3 \u0111i\u1ec1u n\u00e0y m\u1ed9t c\u00e1ch ch\u1eafc ch\u1eafn. C\u00e1c nh\u00e2n vi\u00ean Marketing d\u00f9ng k\u1ef9 n\u0103ng t\u1ed5 ch\u1ee9c \u0111\u1ec3 t\u1eadp trung ho\u00e0n th\u00e0nh c\u00e1c nhi\u1ec7m v\u1ee5 ch\u00ednh x\u00e1c v\u00e0 \u0111\u00fang h\u1ea1n, t\u1ea1o ra c\u00e1c k\u1ebf ho\u1ea1ch marketing ch\u00ednh v\u00e0 d\u1ef1 ph\u00f2ng, \u0111\u1ed3ng th\u1eddi ph\u1ed1i h\u1ee3p c\u00e1c y\u1ebfu t\u1ed1 c\u1ea7n thi\u1ebft \u0111\u1ec3 th\u1ef1c hi\u1ec7n c\u00e1c k\u1ebf ho\u1ea1ch n\u00e0y. Nh\u00e2n vi\u00ean Marketing s\u1eed d\u1ee5ng c\u00e1c k\u1ef9 n\u0103ng k\u1ef9 thu\u1eadt \u0111\u1ec3 s\u1eed d\u1ee5ng c\u00f4ng c\u1ee5 ti\u1ebfp th\u1ecb k\u1ef9 thu\u1eadt s\u1ed1 nh\u1eb1m ph\u00e2n ph\u1ed1i v\u00e0 theo d\u00f5i c\u00e1c th\u00e0nh ph\u1ea7n c\u1ee7a d\u1ef1 \u00e1n. M\u1ed9t s\u1ed1 c\u00f4ng c\u1ee5 m\u00e0 c\u00e1c Nh\u00e2n vi\u00ean Marketing s\u1eed d\u1ee5ng h\u1eb1ng ng\u00e0y l\u00e0: SEO, SEM, CRM, email v\u00e0 m\u1ea1ng x\u00e3 h\u1ed9i.<\/p>\n<p>C\u00e1c Chuy\u00ean gia Marketing th\u01b0\u1eddng ph\u1ea3i c\u00f3 \u00edt nh\u1ea5t b\u1eb1ng Cao \u0111\u1eb3ng v\u1ec1 Marketing, trong khi m\u1ed9t s\u1ed1 nh\u00e0 tuy\u1ec3n d\u1ee5ng y\u00eau c\u1ea7u b\u1eb1ng c\u1eed nh\u00e2n v\u00e0 m\u1ed9t m\u1ee9c \u0111\u1ed9 kinh nghi\u1ec7m chuy\u00ean m\u00f4n nh\u1ea5t \u0111\u1ecbnh. M\u1ed9t s\u1ed1 Chuy\u00ean gia Marketing ch\u1ecdn h\u1ecdc c\u00e1c ng\u00e0nh b\u1ed5 sung nh\u01b0 truy\u1ec1n th\u00f4ng, qu\u1ea3ng c\u00e1o ho\u1eb7c quan h\u1ec7 c\u00f4ng ch\u00fang. \u0110\u1ea1t \u0111\u01b0\u1ee3c c\u00e1c ch\u1ee9ng ch\u1ec9 v\u1ec1 SEO\/SEM, b\u00e1n h\u00e0ng, ti\u1ebfp th\u1ecb k\u1ef9 thu\u1eadt s\u1ed1 v\u00e0 qu\u1ea3n tr\u1ecb kinh doanh c\u00f3 th\u1ec3 gi\u00fap b\u1ea1n chu\u1ea9n b\u1ecb cho c\u00e1c tr\u00e1ch nhi\u1ec7m c\u1ee7a m\u1ed9t Chuy\u00ean gia Marketing.<\/p><\/div><\/div><\/div>[vc_empty_space height=&#8221;30px&#8221;]<div class=\"shortcode-wrapper shortcode-icon-box clearfix\"><div class=\"feature-box alternative left-icon-box aligncenter\"><div class=\"feature-box-content\"><h4 class=\"bold\">Vai tr\u00f2 v\u00e0 tr\u00e1ch nhi\u1ec7m<\/h4><p>\n<ul>\n<li>Ti\u1ebfn h\u00e0nh nghi\u00ean c\u1ee9u th\u1ecb tr\u01b0\u1eddng v\u1ec1 xu h\u01b0\u1edbng th\u00f3i quen c\u1ee7a ng\u01b0\u1eddi ti\u00eau d\u00f9ng<\/li>\n<li>Truy\u1ec1n t\u1ea3i th\u00f4ng \u0111i\u1ec7p nh\u1ea5t qu\u00e1n v\u1ec1 th\u01b0\u01a1ng hi\u1ec7u<\/li>\n<li>Ph\u00e1t tri\u1ec3n \u00fd t\u01b0\u1edfng s\u00e1ng t\u1ea1o cho c\u00e1c chi\u1ebfn d\u1ecbch Marketing<\/li>\n<li>\u0110\u00e1p \u1ee9ng c\u00e1c m\u1ee5c ti\u00eau h\u00e0ng ng\u00e0y v\u1ec1 th\u1ef1c hi\u1ec7n v\u00e0 n\u00e2ng cao chi\u1ebfn d\u1ecbch<\/li>\n<li>H\u1ed7 tr\u1ee3 c\u00e1c ho\u1ea1t \u0111\u1ed9ng ti\u1ebfp th\u1ecb b\u1eb1ng c\u00e1ch s\u1eed d\u1ee5ng chuy\u00ean m\u00f4n c\u1ee7a b\u1ea1n trong c\u00e1c l\u0129nh v\u1ef1c nh\u01b0 ph\u00e1t tri\u1ec3n v\u00e0 t\u1ed1i \u01b0u h\u00f3a n\u1ed9i dung v\u00e0 qu\u1ea3ng c\u00e1o<\/li>\n<li>Giao ti\u1ebfp v\u1edbi c\u00e1c nh\u00e0 cung c\u1ea5p \u0111\u1ec3 l\u00ean k\u1ebf ho\u1ea1ch cho c\u00e1c s\u1ef1 ki\u1ec7n v\u00e0 chi\u1ebfn d\u1ecbch qu\u1ea3ng c\u00e1o<\/li>\n<li>Ph\u1ed1i h\u1ee3p v\u1edbi nh\u00f3m Marketing c\u1ee7a ch\u00fang t\u00f4i \u0111\u1ec3 th\u1ef1c hi\u1ec7n c\u00e1c n\u1ed7 l\u1ef1c ti\u1ebfp th\u1ecb v\u00e0 n\u00e2ng cao nh\u1eadn th\u1ee9c v\u1ec1 th\u01b0\u01a1ng hi\u1ec7u<\/li>\n<li>Thi\u1ebft k\u1ebf v\u00e0 th\u1ef1c hi\u1ec7n c\u00e1c s\u00e1ng ki\u1ebfn c\u00f3 m\u1ee5c ti\u00eau \u0111\u1ec3 ti\u1ebfp c\u1eadn \u0111\u1ed1i t\u01b0\u1ee3ng th\u00f4ng qua nhi\u1ec1u k\u00eanh kh\u00e1c nhau<\/li>\n<li>Ph\u00e2n t\u00edch k\u1ebft qu\u1ea3 chi\u1ebfn d\u1ecbch, t\u1ef7 l\u1ec7 chuy\u1ec3n \u0111\u1ed5i v\u00e0 l\u01b0u l\u01b0\u1ee3ng truy c\u1eadp trang web \u0111\u1ec3 c\u1ea3i thi\u1ec7n c\u00e1c ho\u1ea1t \u0111\u1ed9ng ti\u1ebfp th\u1ecb trong t\u01b0\u01a1ng lai<\/li>\n<\/ul>\n<p>K\u1ef9 n\u0103ng:<\/p>\n<ul>\n<li>C\u00f3 kinh nghi\u1ec7m r\u00f5 r\u00e0ng trong c\u00e1c c\u00f4ng c\u1ee5 v\u00e0 ph\u00e2n t\u00edch d\u1eef li\u1ec7u ti\u1ebfp th\u1ecb<\/li>\n<li>K\u1ef9 n\u0103ng ph\u1ea7n m\u1ec1m, bao g\u1ed3m x\u1eed l\u00fd v\u0103n b\u1ea3n, ph\u1ea7n m\u1ec1m v\u00e0 \u1ee9ng d\u1ee5ng thi\u1ebft k\u1ebf v\u00e0 ti\u1ebfp th\u1ecb<\/li>\n<li>Ki\u1ebfn th\u1ee9c l\u00e0m vi\u1ec7c v\u1ec1 ng\u00f4n ng\u1eef l\u1eadp tr\u00ecnh v\u00e0 c\u00e1c c\u00f4ng c\u1ee5 ph\u00e1t tri\u1ec3n web \u0111\u01b0\u1ee3c \u01b0u ti\u00ean<\/li>\n<li>C\u00f3 t\u1ed5 ch\u1ee9c, hi\u1ec7u qu\u1ea3 v\u00e0 h\u01b0\u1edbng \u0111\u1ebfn k\u1ebft qu\u1ea3<\/li>\n<li>K\u1ef9 n\u0103ng giao ti\u1ebfp b\u1eb1ng v\u0103n b\u1ea3n v\u00e0 b\u1eb1ng l\u1eddi n\u00f3i \u0111\u1eb7c bi\u1ec7t<\/li>\n<li>Suy ngh\u0129 s\u00e1ng t\u1ea1o<\/li>\n<\/ul>\n<p>Tr\u00ecnh \u0111\u1ed9 chuy\u00ean m\u00f4n: B\u1eb1ng c\u1eed nh\u00e2n v\u1ec1 Marketing, Truy\u1ec1n th\u00f4ng ho\u1eb7c t\u01b0\u01a1ng \u0111\u01b0\u01a1ng<\/p><\/div><\/div><\/div>[\/vc_column_inner][\/vc_row_inner][\/vc_column][\/vc_row]\n<\/div>","protected":false},"excerpt":{"rendered":"<p>[vc_row top_margin=&#8221;0&#8243; bottom_margin=&#8221;0&#8243; css=&#8221;.vc_custom_1499912039446{margin-top: -30px !important;}&#8221;][vc_column][vc_row_inner][vc_column_inner][vc_empty_space height=&#8221;10px&#8221;][vc_empty_space height=&#8221;30px&#8221;][\/vc_column_inner][\/vc_row_inner][\/vc_column][\/vc_row]<\/p>\n","protected":false},"author":4,"featured_media":0,"parent":0,"menu_order":0,"comment_status":"closed","ping_status":"closed","template":"","meta":{"nf_dc_page":"","footnotes":""},"class_list":["post-10512","page","type-page","status-publish","hentry"],"_links":{"self":[{"href":"https:\/\/worknow.vn\/vi\/wp-json\/wp\/v2\/pages\/10512","targetHints":{"allow":["GET"]}}],"collection":[{"href":"https:\/\/worknow.vn\/vi\/wp-json\/wp\/v2\/pages"}],"about":[{"href":"https:\/\/worknow.vn\/vi\/wp-json\/wp\/v2\/types\/page"}],"author":[{"embeddable":true,"href":"https:\/\/worknow.vn\/vi\/wp-json\/wp\/v2\/users\/4"}],"replies":[{"embeddable":true,"href":"https:\/\/worknow.vn\/vi\/wp-json\/wp\/v2\/comments?post=10512"}],"version-history":[{"count":5,"href":"https:\/\/worknow.vn\/vi\/wp-json\/wp\/v2\/pages\/10512\/revisions"}],"predecessor-version":[{"id":11926,"href":"https:\/\/worknow.vn\/vi\/wp-json\/wp\/v2\/pages\/10512\/revisions\/11926"}],"wp:attachment":[{"href":"https:\/\/worknow.vn\/vi\/wp-json\/wp\/v2\/media?parent=10512"}],"curies":[{"name":"wp","href":"https:\/\/api.w.org\/{rel}","templated":true}]}}