{"id":10514,"date":"2022-08-11T03:45:39","date_gmt":"2022-08-11T03:45:39","guid":{"rendered":"https:\/\/worknow.vn\/media-buyer\/"},"modified":"2023-05-31T09:35:54","modified_gmt":"2023-05-31T09:35:54","slug":"nguoi-mua-phuong-tien-truyen-thong","status":"publish","type":"page","link":"https:\/\/worknow.vn\/vi\/nguoi-mua-phuong-tien-truyen-thong\/","title":{"rendered":"Ng\u01b0\u1eddi Mua Ph\u01b0\u01a1ng Ti\u1ec7n Truy\u1ec1n Th\u00f4ng"},"content":{"rendered":"<div class=\"wpb-content-wrapper\">[vc_row top_margin=&#8221;0&#8243; bottom_margin=&#8221;0&#8243; css=&#8221;.vc_custom_1499912039446{margin-top: -30px !important;}&#8221;][vc_column]<div class=\"shortcode-wrapper shortcode-title clearfix hb-animate-element hb-fade-in\"><p style=\"color:#878787!important;border-color:#878787\" class=\"hb-text-large aligncenter\">Ng\u01b0\u1eddi Mua Ph\u01b0\u01a1ng Ti\u1ec7n Truy\u1ec1n Th\u00f4ng<\/p><\/div>[vc_row_inner][vc_column_inner][vc_empty_space height=&#8221;10px&#8221;]<div class=\"shortcode-wrapper shortcode-icon-box clearfix\"><div class=\"feature-box alternative left-icon-box aligncenter\"><div class=\"feature-box-content\"><h4 class=\"bold\">M\u00f4 t\u1ea3 c\u00f4ng vi\u1ec7c<\/h4><p>Ng\u01b0\u1eddi mua ph\u01b0\u01a1ng ti\u1ec7n truy\u1ec1n th\u00f4ng l\u00e0 c\u00e1c Chuy\u00ean gia Marketing, h\u1ecd l\u00e0 nh\u1eefng ng\u01b0\u1eddi mua qu\u1ea3ng c\u00e1o. H\u1ecd h\u1ee3p t\u00e1c v\u1edbi c\u00e1c chuy\u00ean gia nh\u01b0 Gi\u00e1m \u0111\u1ed1c t\u1ea1p ch\u00ed v\u00e0 \u0110i\u1ec1u ph\u1ed1i vi\u00ean truy\u1ec1n th\u00f4ng x\u00e3 h\u1ed9i. Ng\u01b0\u1eddi mua ph\u01b0\u01a1ng ti\u1ec7n truy\u1ec1n th\u00f4ng c\u00f3 th\u1ec3 t\u00ecm mua qu\u1ea3ng c\u00e1o nh\u01b0 c\u00e1c trang in tr\u00ean b\u00e1o ho\u1eb7c t\u1ea1p ch\u00ed, qu\u1ea3ng c\u00e1o \u00e2m thanh trong podcast ho\u1eb7c ch\u01b0\u01a1ng tr\u00ecnh radio, c\u00e1c kh\u00f4ng gian tr\u1ef1c tuy\u1ebfn nh\u01b0 blog v\u00e0 c\u00e1c trang web kh\u00e1c. H\u1ecd x\u00e1c \u0111\u1ecbnh qu\u1ea3ng c\u00e1o n\u00e0o l\u00e0 t\u1ed1t nh\u1ea5t d\u1ef1a tr\u00ean c\u00e1c m\u1ee5c ti\u00eau c\u1ee7a chi\u1ebfn d\u1ecbch. V\u00ed d\u1ee5: Ng\u01b0\u1eddi mua ph\u01b0\u01a1ng ti\u1ec7n truy\u1ec1n th\u00f4ng c\u00f3 th\u1ec3 ch\u1ecdn \u0111i\u1ec3m qu\u1ea3ng c\u00e1o d\u1ef1a tr\u00ean s\u1ed1 l\u1ea7n hi\u1ec3n th\u1ecb, s\u1ed1 nh\u1ea5p chu\u1ed9t v\u00e0 m\u1ee5c ti\u00eau chuy\u1ec3n \u0111\u1ed5i.<\/p>\n<p>Ng\u01b0\u1eddi mua ph\u01b0\u01a1ng ti\u1ec7n truy\u1ec1n th\u00f4ng c\u00f3 th\u1ec3 s\u1eed d\u1ee5ng m\u00e1y t\u00ednh \u0111\u1ec3 thu th\u1eadp th\u00f4ng tin v\u00e0 trao \u0111\u1ed5i v\u1edbi c\u00e1c nh\u00e0 cung c\u1ea5p cho c\u00e1c \u0111i\u1ec3m qu\u1ea3ng c\u00e1o. \u0110i\u1ec1u quan tr\u1ecdng l\u00e0 Ng\u01b0\u1eddi mua ph\u01b0\u01a1ng ti\u1ec7n truy\u1ec1n th\u00f4ng hi\u1ec3u c\u00e1ch s\u1eed d\u1ee5ng c\u00f4ng ngh\u1ec7 nh\u01b0 b\u1ea3ng t\u00ednh v\u00e0 c\u00e1c ch\u01b0\u01a1ng tr\u00ecnh qu\u1ea3n l\u00fd d\u1ef1 \u00e1n. Ng\u01b0\u1eddi mua ph\u01b0\u01a1ng ti\u1ec7n truy\u1ec1n th\u00f4ng c\u00f3 th\u1ec3 t\u01b0\u01a1ng t\u00e1c v\u1edbi c\u00e1c Chuy\u00ean gia Marketing kh\u00e1c nh\u01b0 Ng\u01b0\u1eddi qu\u1ea3n l\u00fd v\u00e0 Nh\u00e0 thi\u1ebft k\u1ebf qu\u1ea3ng c\u00e1o. K\u1ef9 n\u0103ng giao ti\u1ebfp t\u1ed1t cho ph\u00e9p h\u1ecd truy\u1ec1n \u0111\u1ea1t th\u00f4ng tin hi\u1ec7u qu\u1ea3, c\u00f3 th\u1ec3 c\u1ea3i thi\u1ec7n n\u0103ng su\u1ea5t v\u00e0 tinh th\u1ea7n l\u00e0m vi\u1ec7c nh\u00f3m. \u0110\u00e0m ph\u00e1n l\u00e0 m\u1ed9t lo\u1ea1i k\u1ef9 n\u0103ng m\u00e0 Ng\u01b0\u1eddi mua ph\u01b0\u01a1ng ti\u1ec7n c\u00f3 th\u1ec3 s\u1eed d\u1ee5ng \u0111\u1ec3 t\u00ecm gi\u1ea3i ph\u00e1p gi\u1eefa h\u1ecd v\u00e0 nh\u00e0 cung c\u1ea5p ho\u1eb7c Ng\u01b0\u1eddi qu\u1ea3n l\u00fd ph\u01b0\u01a1ng ti\u1ec7n. Ng\u01b0\u1eddi mua ph\u01b0\u01a1ng ti\u1ec7n truy\u1ec1n th\u00f4ng c\u00f3 th\u1ec3 s\u1eed d\u1ee5ng c\u00e1c k\u1ef9 n\u0103ng \u0111\u00e0m ph\u00e1n c\u1ee7a h\u1ecd \u0111\u1ec3 c\u00f3 \u0111\u01b0\u1ee3c gi\u00e1 qu\u1ea3ng c\u00e1o th\u1ea5p h\u01a1n. T\u01b0 duy ph\u1ea3n bi\u1ec7n l\u00e0 kh\u1ea3 n\u0103ng \u0111\u00e1nh gi\u00e1 m\u1ed9t t\u00ecnh hu\u1ed1ng, x\u00e1c \u0111\u1ecbnh c\u00e1c v\u1ea5n \u0111\u1ec1 v\u00e0 \u0111\u1ec1 xu\u1ea5t c\u00e1c gi\u1ea3i ph\u00e1p kh\u1ea3 thi. Ng\u01b0\u1eddi mua ph\u01b0\u01a1ng ti\u1ec7n truy\u1ec1n th\u00f4ng c\u00f3 th\u1ec3 s\u1eed d\u1ee5ng k\u1ef9 n\u0103ng n\u00e0y \u0111\u1ec3 gi\u1ea3i quy\u1ebft c\u00e1c v\u1ea5n \u0111\u1ec1 t\u1ea1i n\u01a1i l\u00e0m vi\u1ec7c v\u00e0 t\u00ecm gi\u1ea3i ph\u00e1p qu\u1ea3ng c\u00e1o.<\/p>\n<p>Ng\u01b0\u1eddi s\u1eed d\u1ee5ng lao \u0111\u1ed9ng c\u00f3 th\u1ec3 y\u00eau c\u1ea7u Ng\u01b0\u1eddi mua ph\u01b0\u01a1ng ti\u1ec7n truy\u1ec1n th\u00f4ng \u00edt nh\u1ea5t ph\u1ea3i c\u00f3 b\u1eb1ng c\u1eed nh\u00e2n. Ng\u01b0\u1eddi mua ph\u01b0\u01a1ng ti\u1ec7n truy\u1ec1n th\u00f4ng c\u00f3 th\u1ec3 c\u00f3 b\u1eb1ng c\u1eed nh\u00e2n v\u1ec1 c\u00e1c m\u00f4n h\u1ecdc nh\u01b0 marketing, kinh doanh, qu\u1ea3ng c\u00e1o, truy\u1ec1n th\u00f4ng v\u00e0 ti\u1ebfp th\u1ecb truy\u1ec1n th\u00f4ng x\u00e3 h\u1ed9i. Nh\u1eefng ng\u01b0\u1eddi l\u00e0m vi\u1ec7c trong c\u00e1c d\u1ef1 \u00e1n marketing v\u1edbi c\u00e1c c\u00f4ng ty l\u1edbn h\u01a1n c\u00f3 th\u1ec3 c\u00f3 \u0111\u01b0\u1ee3c b\u1eb1ng c\u1ea5p cao \u0111\u1ec3 n\u00e2ng cao ki\u1ebfn th\u1ee9c v\u00e0 k\u1ef9 n\u0103ng c\u1ee7a h\u1ecd. V\u00ed d\u1ee5: b\u1ea1n c\u00f3 th\u1ec3 c\u00f3 \u0111\u01b0\u1ee3c b\u1eb1ng th\u1ea1c s\u0129 v\u1ec1 kinh doanh ho\u1eb7c marketing v\u1edbi t\u01b0 c\u00e1ch l\u00e0 Ng\u01b0\u1eddi mua ph\u01b0\u01a1ng ti\u1ec7n truy\u1ec1n th\u00f4ng cho m\u1ed9t d\u1ef1 \u00e1n marketing l\u1edbn.<\/p><\/div><\/div><\/div>[vc_empty_space height=&#8221;30px&#8221;]<div class=\"shortcode-wrapper shortcode-icon-box clearfix\"><div class=\"feature-box alternative left-icon-box aligncenter\"><div class=\"feature-box-content\"><h4 class=\"bold\">Vai tr\u00f2 v\u00e0 tr\u00e1ch nhi\u1ec7m<\/h4><p>\n<ul>\n<li>Ph\u00e2n t\u00edch d\u1eef li\u1ec7u truy\u1ec1n th\u00f4ng v\u00e0 marketing<\/li>\n<li>X\u00e1c \u0111\u1ecbnh v\u1ecb tr\u00ed t\u1ed1t nh\u1ea5t cho qu\u1ea3ng c\u00e1o<\/li>\n<li>Tuy\u1ec3n d\u1ee5ng v\u00e0 qu\u1ea3n l\u00fd nh\u00f3m s\u00e1ng t\u1ea1o qu\u1ea3ng c\u00e1o<\/li>\n<li>Giao ti\u1ebfp v\u1edbi c\u00e1c nh\u00e0 qu\u1ea3n l\u00fd truy\u1ec1n th\u00f4ng<\/li>\n<li>\u0110\u00e0m ph\u00e1n gi\u00e1 th\u1ea5p h\u01a1n cho c\u00e1c \u0111i\u1ec3m qu\u1ea3ng c\u00e1o<\/li>\n<li>Ph\u1ed1i h\u1ee3p v\u1edbi c\u00e1c Nh\u00e2n vi\u00ean Marketing kh\u00e1c<\/li>\n<\/ul>\n<p>K\u1ef9 n\u0103ng:<\/p>\n<ul>\n<li>L\u1eafng nghe t\u00edch c\u1ef1c<\/li>\n<li>T\u01b0 duy ph\u1ea3n bi\u1ec7n<\/li>\n<li>Thuy\u1ebft ph\u1ee5c<\/li>\n<li>Nh\u1eadn th\u1ee9c x\u00e3 h\u1ed9i<\/li>\n<li>N\u00f3i<\/li>\n<li>Ph\u00e1n \u0111o\u00e1n v\u00e0 ra quy\u1ebft \u0111\u1ecbnh<\/li>\n<li>K\u0129 n\u0103ng th\u01b0\u01a1ng l\u01b0\u1ee3ng<\/li>\n<li>Gi\u00e1m s\u00e1t<\/li>\n<li>H\u1ecdc ch\u1ee7 \u0111\u1ed9ng<\/li>\n<li>Ph\u1ed1i h\u1ee3p<\/li>\n<li>Ph\u00e2n t\u00edch ho\u1ea1t \u0111\u1ed9ng<\/li>\n<\/ul>\n<p>Tr\u00ecnh \u0111\u1ed9 chuy\u00ean m\u00f4n: B\u1eb1ng c\u1eed nh\u00e2n v\u1ec1 Qu\u1ea3ng c\u00e1o, Marketing ho\u1eb7c Truy\u1ec1n th\u00f4ng<\/p><\/div><\/div><\/div>[\/vc_column_inner][\/vc_row_inner][\/vc_column][\/vc_row]\n<\/div>","protected":false},"excerpt":{"rendered":"<p>[vc_row top_margin=&#8221;0&#8243; bottom_margin=&#8221;0&#8243; css=&#8221;.vc_custom_1499912039446{margin-top: -30px !important;}&#8221;][vc_column][vc_row_inner][vc_column_inner][vc_empty_space height=&#8221;10px&#8221;][vc_empty_space height=&#8221;30px&#8221;][\/vc_column_inner][\/vc_row_inner][\/vc_column][\/vc_row]<\/p>\n","protected":false},"author":4,"featured_media":0,"parent":0,"menu_order":0,"comment_status":"closed","ping_status":"closed","template":"","meta":{"nf_dc_page":"","footnotes":""},"class_list":["post-10514","page","type-page","status-publish","hentry"],"_links":{"self":[{"href":"https:\/\/worknow.vn\/vi\/wp-json\/wp\/v2\/pages\/10514","targetHints":{"allow":["GET"]}}],"collection":[{"href":"https:\/\/worknow.vn\/vi\/wp-json\/wp\/v2\/pages"}],"about":[{"href":"https:\/\/worknow.vn\/vi\/wp-json\/wp\/v2\/types\/page"}],"author":[{"embeddable":true,"href":"https:\/\/worknow.vn\/vi\/wp-json\/wp\/v2\/users\/4"}],"replies":[{"embeddable":true,"href":"https:\/\/worknow.vn\/vi\/wp-json\/wp\/v2\/comments?post=10514"}],"version-history":[{"count":5,"href":"https:\/\/worknow.vn\/vi\/wp-json\/wp\/v2\/pages\/10514\/revisions"}],"predecessor-version":[{"id":11925,"href":"https:\/\/worknow.vn\/vi\/wp-json\/wp\/v2\/pages\/10514\/revisions\/11925"}],"wp:attachment":[{"href":"https:\/\/worknow.vn\/vi\/wp-json\/wp\/v2\/media?parent=10514"}],"curies":[{"name":"wp","href":"https:\/\/api.w.org\/{rel}","templated":true}]}}