{"id":10516,"date":"2022-08-11T03:46:22","date_gmt":"2022-08-11T03:46:22","guid":{"rendered":"https:\/\/worknow.vn\/media-assistant\/"},"modified":"2023-05-31T09:35:52","modified_gmt":"2023-05-31T09:35:52","slug":"tro-ly-truyen-thong","status":"publish","type":"page","link":"https:\/\/worknow.vn\/vi\/tro-ly-truyen-thong\/","title":{"rendered":"Tr\u1ee3 L\u00fd Truy\u1ec1n Th\u00f4ng"},"content":{"rendered":"<div class=\"wpb-content-wrapper\">[vc_row top_margin=&#8221;0&#8243; bottom_margin=&#8221;0&#8243; css=&#8221;.vc_custom_1499912039446{margin-top: -30px !important;}&#8221;][vc_column]<div class=\"shortcode-wrapper shortcode-title clearfix hb-animate-element hb-fade-in\"><p style=\"color:#878787!important;border-color:#878787\" class=\"hb-text-large aligncenter\">Tr\u1ee3 L\u00fd Truy\u1ec1n Th\u00f4ng<\/p><\/div>[vc_row_inner][vc_column_inner][vc_empty_space height=&#8221;10px&#8221;]<div class=\"shortcode-wrapper shortcode-icon-box clearfix\"><div class=\"feature-box alternative left-icon-box aligncenter\"><div class=\"feature-box-content\"><h4 class=\"bold\">M\u00f4 t\u1ea3 c\u00f4ng vi\u1ec7c<\/h4><p>Tr\u1ee3 l\u00fd truy\u1ec1n th\u00f4ng l\u00e0 nh\u1eefng chuy\u00ean gia h\u1eadu tr\u01b0\u1eddng gi\u00fap \u0111\u1ea3m b\u1ea3o r\u1eb1ng c\u00e1c nh\u00e0 b\u00e1o v\u00e0 c\u00e1c chuy\u00ean gia truy\u1ec1n th\u00f4ng kh\u00e1c c\u00f3 th\u1ec3 th\u1ef1c hi\u1ec7n c\u00f4ng vi\u1ec7c c\u1ee7a h\u1ecd m\u1ed9t c\u00e1ch hi\u1ec7u qu\u1ea3. H\u1ecd th\u01b0\u1eddng l\u00e0m vi\u1ec7c v\u1edbi c\u00e1c Ph\u00f3ng vi\u00ean, Nhi\u1ebfp \u1ea3nh gia, Nh\u00e0 quay phim, Nh\u00e0 s\u1ea3n xu\u1ea5t, Bi\u00ean t\u1eadp vi\u00ean v\u00e0 c\u00e1c Chuy\u00ean gia truy\u1ec1n th\u00f4ng kh\u00e1c \u0111\u1ec3 \u0111\u1ea3m b\u1ea3o r\u1eb1ng h\u1ecd c\u00f3 m\u1ecdi th\u1ee9 h\u1ecd c\u1ea7n \u0111\u1ec3 s\u1ea3n xu\u1ea5t n\u1ed9i dung c\u00f3 ch\u1ea5t l\u01b0\u1ee3ng. Tr\u1ee3 l\u00fd truy\u1ec1n th\u00f4ng c\u00f3 th\u1ec3 \u0111\u01b0\u1ee3c giao nhi\u1ec1u nhi\u1ec7m v\u1ee5 kh\u00e1c nhau t\u00f9y thu\u1ed9c v\u00e0o nhu c\u1ea7u c\u1ee7a ch\u1ee7 lao \u0111\u1ed9ng ho\u1eb7c kh\u00e1ch h\u00e0ng. Ch\u00fang c\u00f3 th\u1ec3 bao g\u1ed3m m\u1ecdi th\u1ee9 t\u1eeb l\u00ean l\u1ecbch ph\u1ecfng v\u1ea5n, s\u1ef1 ki\u1ec7n \u0111\u1ebfn s\u1eafp x\u1ebfp vi\u1ec7c \u0111i l\u1ea1i, x\u1eed l\u00fd th\u1ee7 t\u1ee5c gi\u1ea5y t\u1edd, cung c\u1ea5p t\u00e0i li\u1ec7u nghi\u00ean c\u1ee9u, v.v.<\/p>\n<p>K\u1ef9 n\u0103ng t\u1ed5 ch\u1ee9c gi\u00fap b\u1ea1n theo d\u00f5i nhi\u1ec1u nhi\u1ec7m v\u1ee5 v\u00e0 d\u1ef1 \u00e1n c\u00f9ng m\u1ed9t l\u00fac. L\u00e0 Tr\u1ee3 l\u00fd truy\u1ec1n th\u00f4ng, b\u1ea1n c\u00f3 th\u1ec3 ch\u1ecbu tr\u00e1ch nhi\u1ec7m qu\u1ea3n l\u00fd nhi\u1ec1u t\u00e0i kho\u1ea3n m\u1ea1ng x\u00e3 h\u1ed9i, c\u1eadp nh\u1eadt blog v\u00e0 theo d\u00f5i l\u1ecbch s\u1ef1 ki\u1ec7n. K\u1ef9 n\u0103ng t\u1ed5 ch\u1ee9c c\u00f3 th\u1ec3 gi\u00fap b\u1ea1n qu\u1ea3n l\u00fd kh\u1ed1i l\u01b0\u1ee3ng c\u00f4ng vi\u1ec7c v\u00e0 \u01b0u ti\u00ean th\u1eddi gian c\u1ee7a m\u00ecnh. K\u1ef9 n\u0103ng qu\u1ea3n l\u00fd th\u1eddi gian gi\u00fap b\u1ea1n \u01b0u ti\u00ean c\u00e1c nhi\u1ec7m v\u1ee5 quan tr\u1ecdng v\u00e0 \u0111\u00e1p \u1ee9ng th\u1eddi h\u1ea1n. L\u00e0 m\u1ed9t Tr\u1ee3 l\u00fd truy\u1ec1n th\u00f4ng, b\u1ea1n c\u00f3 th\u1ec3 ch\u1ecbu tr\u00e1ch nhi\u1ec7m cho nhi\u1ec1u d\u1ef1 \u00e1n c\u00f9ng m\u1ed9t l\u00fac, do \u0111\u00f3 \u0111i\u1ec1u quan tr\u1ecdng l\u00e0 ph\u1ea3i \u01b0u ti\u00ean c\u00e1c nhi\u1ec7m v\u1ee5 c\u1ee7a b\u1ea1n v\u00e0 \u0111\u00e1p \u1ee9ng th\u1eddi h\u1ea1n c\u1ee7a b\u1ea1n. \u0110i\u1ec1u n\u00e0y c\u00f3 th\u1ec3 gi\u00fap b\u1ea1n \u0111\u1ea3m b\u1ea3o danh ti\u1ebfng cho c\u00f4ng ty ho\u1eb7c t\u1ed5 ch\u1ee9c c\u1ee7a m\u00ecnh. K\u1ef9 n\u0103ng giao ti\u1ebfp l\u00e0 c\u1ea7n thi\u1ebft cho b\u1ea5t k\u1ef3 c\u00f4ng vi\u1ec7c n\u00e0o v\u00e0 v\u1edbi Tr\u1ee3 l\u00fd truy\u1ec1n th\u00f4ng \u0111\u1ec3 c\u00f3 th\u1ec3 th\u00e0nh c\u00f4ng th\u00ec k\u1ef9 n\u0103ng n\u00e0y c\u1ea7n ph\u1ea3i xu\u1ea5t s\u1eafc. B\u1ea1n c\u00f3 th\u1ec3 \u0111\u01b0\u1ee3c y\u00eau c\u1ea7u giao ti\u1ebfp v\u1edbi kh\u00e1ch h\u00e0ng, \u0111\u1ed3ng nghi\u1ec7p v\u00e0 c\u00e1c chuy\u00ean gia kh\u00e1c, do \u0111\u00f3 b\u1ea1n c\u1ea7n ph\u1ea3i c\u00f3 kh\u1ea3 n\u0103ng giao ti\u1ebfp m\u1ed9t c\u00e1ch chuy\u00ean nghi\u1ec7p v\u00e0 l\u1ecbch s\u1ef1. B\u1ea1n c\u0169ng c\u1ea7n c\u00f3 kh\u1ea3 n\u0103ng so\u1ea1n th\u1ea3o v\u0103n b\u1ea3n, k\u1ef9 n\u0103ng n\u00e0y c\u0169ng r\u1ea5t quan tr\u1ecdng. L\u00e0 Tr\u1ee3 l\u00fd truy\u1ec1n th\u00f4ng, b\u1ea1n n\u00ean c\u00f3 ki\u1ebfn th\u1ee9c c\u01a1 b\u1ea3n v\u1ec1 ph\u1ea7n m\u1ec1m m\u00e1y t\u00ednh, bao g\u1ed3m x\u1eed l\u00fd v\u0103n b\u1ea3n, b\u1ea3ng t\u00ednh v\u00e0 c\u00e1c ch\u01b0\u01a1ng tr\u00ecnh kh\u00e1c. B\u00ean c\u1ea1nh \u0111\u00f3 b\u1ea1n c\u0169ng n\u00ean l\u00e0m quen v\u1edbi c\u00e1c n\u1ec1n t\u1ea3ng truy\u1ec1n th\u00f4ng x\u00e3 h\u1ed9i kh\u00e1c nhau v\u00e0 c\u00e1ch s\u1eed d\u1ee5ng ch\u00fang \u0111\u1ec3 qu\u1ea3ng b\u00e1 th\u01b0\u01a1ng hi\u1ec7u ho\u1eb7c t\u1ed5 ch\u1ee9c. Khi l\u00e0m vi\u1ec7c v\u1edbi m\u1ed9t nh\u00f3m, \u0111i\u1ec1u quan tr\u1ecdng l\u00e0 ph\u1ea3i c\u00f3 k\u1ef9 n\u0103ng nghi\u00ean c\u1ee9u \u0111\u1ec3 b\u1ea1n c\u00f3 th\u1ec3 t\u00ecm th\u1ea5y th\u00f4ng tin m\u00e0 nh\u00f3m c\u1ee7a b\u1ea1n c\u1ea7n. B\u1ea1n c\u00f3 th\u1ec3 s\u1eed d\u1ee5ng c\u00e1c k\u1ef9 n\u0103ng nghi\u00ean c\u1ee9u \u0111\u1ec3 t\u00ecm th\u00f4ng tin v\u1ec1 m\u1ed9t ch\u1ee7 \u0111\u1ec1, ng\u01b0\u1eddi ho\u1eb7c c\u00f4ng ty. \u0110i\u1ec1u n\u00e0y c\u00f3 th\u1ec3 gi\u00fap b\u1ea1n t\u1ea1o ra nh\u1eefng c\u00e2u chuy\u1ec7n v\u00e0 d\u1ef1 \u00e1n truy\u1ec1n th\u00f4ng hi\u1ec7u qu\u1ea3 h\u01a1n.<\/p>\n<p>C\u00e1c Tr\u1ee3 l\u00fd truy\u1ec1n th\u00f4ng th\u01b0\u1eddng \u0111\u01b0\u1ee3c y\u00eau c\u1ea7u ph\u1ea3i c\u00f3 t\u1ed1i thi\u1ec3u b\u1eb1ng c\u1eed nh\u00e2n v\u1ec1 b\u00e1o ch\u00ed, truy\u1ec1n th\u00f4ng, ti\u1ebfng Anh ho\u1eb7c m\u1ed9t l\u0129nh v\u1ef1c li\u00ean quan kh\u00e1c. C\u00e1c ch\u01b0\u01a1ng tr\u00ecnh n\u00e0y cung c\u1ea5p cho sinh vi\u00ean nh\u1eefng k\u1ef9 n\u0103ng v\u00e0 ki\u1ebfn th\u1ee9c c\u1ea7n thi\u1ebft \u0111\u1ec3 vi\u1ebft b\u00e1o ch\u00ed, t\u1ea1o c\u00e1c b\u00e0i truy\u1ec1n th\u00f4ng v\u00e0 vi\u1ebft b\u00e0i. M\u1eb7c d\u00f9 kh\u00f4ng b\u1eaft bu\u1ed9c ph\u1ea3i c\u00f3 ch\u1ee9ng ch\u1ec9 \u0111\u1ec3 tr\u1edf th\u00e0nh Tr\u1ee3 l\u00fd truy\u1ec1n th\u00f4ng, nh\u01b0ng ch\u00fang c\u00f3 th\u1ec3 cung c\u1ea5p cho b\u1ea1n ki\u1ebfn th\u1ee9c c\u1ea7n thi\u1ebft \u0111\u1ec3 th\u1ef1c hi\u1ec7n c\u00f4ng vi\u1ec7c hi\u1ec7u qu\u1ea3 h\u01a1n.<\/p><\/div><\/div><\/div>[vc_empty_space height=&#8221;30px&#8221;]<div class=\"shortcode-wrapper shortcode-icon-box clearfix\"><div class=\"feature-box alternative left-icon-box aligncenter\"><div class=\"feature-box-content\"><h4 class=\"bold\">Vai tr\u00f2 v\u00e0 tr\u00e1ch nhi\u1ec7m<\/h4><p>\n<ul>\n<li>Gi\u00fap Ng\u01b0\u1eddi mua ph\u01b0\u01a1ng ti\u1ec7n truy\u1ec1n th\u00f4ng v\u00e0 Ng\u01b0\u1eddi l\u1eadp k\u1ebf ho\u1ea1ch ph\u00e1t tri\u1ec3n, th\u1ef1c hi\u1ec7n v\u00e0 gi\u00e1m s\u00e1t c\u00e1c k\u1ebf ho\u1ea1ch truy\u1ec1n th\u00f4ng<\/li>\n<li>Chu\u1ea9n b\u1ecb b\u00e1o c\u00e1o, th\u01b0 t\u1eeb v\u00e0 c\u00e1c th\u1ee7 t\u1ee5c gi\u1ea5y t\u1edd kh\u00e1c<\/li>\n<li>\u0110\u1ecdc v\u00e0 ch\u1ec9nh s\u1eeda c\u00e1c h\u1ee3p \u0111\u1ed3ng v\u00e0 th\u1ecfa thu\u1eadn<\/li>\n<li>T\u1ea1o v\u00e0 theo d\u00f5i l\u1ecbch tr\u00ecnh truy\u1ec1n th\u00f4ng<\/li>\n<li>\u0110\u1ea3m b\u1ea3o quy tr\u00ecnh thanh to\u00e1n di\u1ec5n ra su\u00f4n s\u1ebb<\/li>\n<li>Ti\u1ebfn h\u00e0nh nghi\u00ean c\u1ee9u \u0111\u1ec3 thu th\u1eadp d\u1eef li\u1ec7u truy\u1ec1n th\u00f4ng h\u1eefu \u00edch (v\u00ed d\u1ee5: x\u1ebfp h\u1ea1ng c\u1ee7a Nielsen)<\/li>\n<li>Gi\u1ea3i quy\u1ebft c\u00e1c v\u1ea5n \u0111\u1ec1 v\u00e0 gi\u00fap x\u00e2y d\u1ef1ng m\u1ed1i quan h\u1ec7 b\u1ec1n ch\u1eb7t v\u1edbi c\u00e1c c\u01a1 quan truy\u1ec1n th\u00f4ng<\/li>\n<li>\u0110\u1ea3m nh\u1eadn c\u00e1c c\u00f4ng vi\u1ec7c mua h\u00e0ng theo s\u1ef1 ph\u00e2n c\u00f4ng c\u1ee7a Ng\u01b0\u1eddi mua ph\u01b0\u01a1ng ti\u1ec7n truy\u1ec1n th\u00f4ng<\/li>\n<\/ul>\n<p>K\u1ef9 n\u0103ng:<\/p>\n<ul>\n<li>Kinh nghi\u1ec7m \u0111\u00e3 \u0111\u01b0\u1ee3c ch\u1ee9ng minh v\u1edbi vai tr\u00f2 Tr\u1ee3 l\u00fd truy\u1ec1n th\u00f4ng ho\u1eb7c vai tr\u00f2 qu\u1ea3n tr\u1ecb kh\u00e1c<\/li>\n<li>C\u00f3 kinh nghi\u1ec7m v\u1ec1 qu\u1ea3ng c\u00e1o k\u1ef9 thu\u1eadt s\u1ed1 l\u00e0 m\u1ed9t l\u1ee3i th\u1ebf<\/li>\n<li>Hi\u1ec3u bi\u1ebft v\u1ec1 l\u1eadp k\u1ebf ho\u1ea1ch v\u00e0 mua ph\u01b0\u01a1ng ti\u1ec7n truy\u1ec1n th\u00f4ng<\/li>\n<li>S\u1eed d\u1ee5ng th\u00e0nh th\u1ea1o MS Office; \u01b0u ti\u00ean c\u00f3 kinh nghi\u1ec7m v\u1edbi ph\u1ea7n m\u1ec1m ph\u00e2n t\u00edch ph\u01b0\u01a1ng ti\u1ec7n<\/li>\n<li>K\u1ef9 n\u0103ng nghi\u00ean c\u1ee9u t\u1ed1t<\/li>\n<li>Kh\u1ea3 n\u0103ng t\u1ed5 ch\u1ee9c v\u00e0 \u0111a nhi\u1ec7m m\u1ea1nh m\u1ebd<\/li>\n<li>K\u1ef9 n\u0103ng giao ti\u1ebfp v\u00e0 l\u00e0m vi\u1ec7c nh\u00f3m xu\u1ea5t s\u1eafc<\/li>\n<\/ul>\n<\/p><\/div><\/div><\/div>[\/vc_column_inner][\/vc_row_inner][\/vc_column][\/vc_row]\n<\/div>","protected":false},"excerpt":{"rendered":"<p>[vc_row top_margin=&#8221;0&#8243; bottom_margin=&#8221;0&#8243; css=&#8221;.vc_custom_1499912039446{margin-top: -30px !important;}&#8221;][vc_column][vc_row_inner][vc_column_inner][vc_empty_space height=&#8221;10px&#8221;][vc_empty_space height=&#8221;30px&#8221;][\/vc_column_inner][\/vc_row_inner][\/vc_column][\/vc_row]<\/p>\n","protected":false},"author":4,"featured_media":0,"parent":0,"menu_order":0,"comment_status":"closed","ping_status":"closed","template":"","meta":{"nf_dc_page":"","footnotes":""},"class_list":["post-10516","page","type-page","status-publish","hentry"],"_links":{"self":[{"href":"https:\/\/worknow.vn\/vi\/wp-json\/wp\/v2\/pages\/10516","targetHints":{"allow":["GET"]}}],"collection":[{"href":"https:\/\/worknow.vn\/vi\/wp-json\/wp\/v2\/pages"}],"about":[{"href":"https:\/\/worknow.vn\/vi\/wp-json\/wp\/v2\/types\/page"}],"author":[{"embeddable":true,"href":"https:\/\/worknow.vn\/vi\/wp-json\/wp\/v2\/users\/4"}],"replies":[{"embeddable":true,"href":"https:\/\/worknow.vn\/vi\/wp-json\/wp\/v2\/comments?post=10516"}],"version-history":[{"count":5,"href":"https:\/\/worknow.vn\/vi\/wp-json\/wp\/v2\/pages\/10516\/revisions"}],"predecessor-version":[{"id":11924,"href":"https:\/\/worknow.vn\/vi\/wp-json\/wp\/v2\/pages\/10516\/revisions\/11924"}],"wp:attachment":[{"href":"https:\/\/worknow.vn\/vi\/wp-json\/wp\/v2\/media?parent=10516"}],"curies":[{"name":"wp","href":"https:\/\/api.w.org\/{rel}","templated":true}]}}