{"id":10522,"date":"2022-08-11T03:49:58","date_gmt":"2022-08-11T03:49:58","guid":{"rendered":"https:\/\/worknow.vn\/media-researcher\/"},"modified":"2023-05-31T09:35:48","modified_gmt":"2023-05-31T09:35:48","slug":"nghien-cuu-truyen-thong","status":"publish","type":"page","link":"https:\/\/worknow.vn\/vi\/nghien-cuu-truyen-thong\/","title":{"rendered":"Nghi\u00ean C\u1ee9u Truy\u1ec1n Th\u00f4ng"},"content":{"rendered":"<div class=\"wpb-content-wrapper\">[vc_row top_margin=&#8221;0&#8243; bottom_margin=&#8221;0&#8243; css=&#8221;.vc_custom_1499912039446{margin-top: -30px !important;}&#8221;][vc_column]<div class=\"shortcode-wrapper shortcode-title clearfix hb-animate-element hb-fade-in\"><p style=\"color:#878787!important;border-color:#878787\" class=\"hb-text-large aligncenter\">Nghi\u00ean C\u1ee9u Truy\u1ec1n Th\u00f4ng<\/p><\/div>[vc_row_inner][vc_column_inner][vc_empty_space height=&#8221;10px&#8221;]<div class=\"shortcode-wrapper shortcode-icon-box clearfix\"><div class=\"feature-box alternative left-icon-box aligncenter\"><div class=\"feature-box-content\"><h4 class=\"bold\">M\u00f4 t\u1ea3 c\u00f4ng vi\u1ec7c<\/h4><p>C\u00e1c nh\u00e0 Nghi\u00ean c\u1ee9u truy\u1ec1n th\u00f4ng gi\u00fap c\u00e1c c\u00f4ng ty in \u1ea5n, ph\u00e1t s\u00f3ng v\u00e0 tin t\u1ee9c k\u1ef9 thu\u1eadt s\u1ed1 t\u00ecm th\u1ea5y th\u00f4ng tin h\u1ecd c\u1ea7n \u0111\u1ec3 truy\u1ec1n t\u1ea3i c\u00e2u chuy\u1ec7n \u0111\u1ebfn kh\u00e1n gi\u1ea3 c\u1ee7a h\u1ecd. V\u00ed d\u1ee5: khi l\u00e0m vi\u1ec7c cho TV ho\u1eb7c \u0111\u00e0i ph\u00e1t thanh, h\u1ecd th\u01b0\u1eddng t\u00ecm th\u00f4ng tin chi ti\u1ebft v\u1ec1 \u0111\u1ecba \u0111i\u1ec3m chi\u1ebfu v\u00e0 c\u00e1c th\u00f4ng tin c\u01a1 b\u1ea3n kh\u00e1c c\u1ea7n thi\u1ebft cho qu\u00e1 tr\u00ecnh s\u1ea3n xu\u1ea5t. C\u00e1c nh\u00e0 Nghi\u00ean c\u1ee9u truy\u1ec1n th\u00f4ng ti\u1ebfn h\u00e0nh nghi\u00ean c\u1ee9u theo nhi\u1ec1u c\u00e1ch kh\u00e1c nhau nh\u01b0 th\u00f4ng qua c\u00e1c cu\u1ed9c ph\u1ecfng v\u1ea5n ho\u1eb7c ph\u01b0\u01a1ng ti\u1ec7n truy\u1ec1n th\u00f4ng x\u00e3 h\u1ed9i. C\u00e1c ch\u1ee9c danh c\u00f4ng vi\u1ec7c kh\u00e1c cho ngh\u1ec1 n\u00e0y bao g\u1ed3m nh\u00e0 Nghi\u00ean c\u1ee9u truy\u1ec1n h\u00ecnh, nh\u00e0 Nghi\u00ean c\u1ee9u truy\u1ec1n th\u00f4ng x\u00e3 h\u1ed9i ho\u1eb7c nh\u00e0 Nghi\u00ean c\u1ee9u \u0111\u00e0i ph\u00e1t thanh.<\/p>\n<p>C\u00e1c nh\u00e0 Nghi\u00ean c\u1ee9u truy\u1ec1n th\u00f4ng s\u1eed d\u1ee5ng c\u00e1c k\u1ef9 n\u0103ng giao ti\u1ebfp c\u1ee7a h\u1ecd \u0111\u1ec3 giao ti\u1ebfp v\u00e0 t\u01b0\u01a1ng t\u00e1c hi\u1ec7u qu\u1ea3 v\u1edbi c\u00e1c \u0111\u1ed3ng nghi\u1ec7p v\u00e0 ng\u01b0\u1eddi gi\u00e1m s\u00e1t. T\u01b0\u01a1ng t\u1ef1, \u0111\u1ec3 c\u00f3 th\u1ec3 tr\u00ecnh b\u00e0y \u00fd t\u01b0\u1edfng v\u00e0 nghi\u00ean c\u1ee9u c\u1ee7a m\u00ecnh m\u1ed9t c\u00e1ch t\u1ed1t nh\u1ea5t th\u00ec h\u1ecd c\u1ea7n ph\u1ea3i c\u00f3 k\u1ef9 n\u0103ng giao ti\u1ebfp v\u00e0 tr\u00ecnh b\u00e0y v\u0103n b\u1ea3n. C\u00e1c nh\u00e0 Nghi\u00ean c\u1ee9u truy\u1ec1n th\u00f4ng s\u1eed d\u1ee5ng k\u1ef9 n\u0103ng tin h\u1ecdc c\u1ee7a h\u1ecd \u0111\u1ec3 t\u00ecm th\u00f4ng tin h\u1ecd c\u1ea7n tr\u00ean tr\u1ef1c tuy\u1ebfn. Bi\u1ebft c\u00e1ch s\u1eed d\u1ee5ng m\u00e1y t\u00ednh gi\u00fap h\u1ecd d\u00f9ng internet d\u1ec5 d\u00e0ng h\u01a1n v\u00e0 \u0111\u1ea3m b\u1ea3o to\u00e0n b\u1ed9 qu\u00e1 tr\u00ecnh nghi\u00ean c\u1ee9u hi\u1ec7u qu\u1ea3. M\u1eb7c d\u00f9 c\u00e1c k\u1ef9 n\u0103ng c\u1ea7n thi\u1ebft cho vai tr\u00f2 n\u00e0y kh\u00e1c nhau t\u00f9y theo y\u00eau c\u1ea7u c\u1ee7a nh\u00e0 tuy\u1ec3n d\u1ee5ng, nh\u01b0ng m\u1ecdi nh\u00e0 Nghi\u00ean c\u1ee9u truy\u1ec1n th\u00f4ng \u0111\u1ec1u c\u1ea7n c\u00f3 k\u1ef9 n\u0103ng nghi\u00ean c\u1ee9u v\u1eefng ch\u1eafc. K\u1ef9 n\u0103ng n\u00e0y cho ph\u00e9p h\u1ecd t\u00ecm th\u1ea5y th\u00f4ng tin t\u1ed1t v\u00e0 ch\u00ednh x\u00e1c nh\u1ea5t \u0111\u1ec3 h\u1ed7 tr\u1ee3 nhi\u1ec1u ph\u01b0\u01a1ng ti\u1ec7n truy\u1ec1n th\u00f4ng c\u0169ng nh\u01b0 c\u00e1c n\u1ec1n t\u1ea3ng kh\u00e1c nhau. Ngo\u00e0i ra, nh\u00e0 Nghi\u00ean c\u1ee9u truy\u1ec1n th\u00f4ng \u00a0\u0111\u1ec3 qu\u1ea3n l\u00fd v\u00e0 s\u1eafp x\u1ebfp t\u1ea5t c\u1ea3 th\u00f4ng tin h\u1ecd thu th\u1eadp \u0111\u01b0\u1ee3c th\u00ec h\u1ecd c\u1ea7n c\u00f3 k\u1ef9 n\u0103ng t\u1ed5 ch\u1ee9c. K\u1ef9 n\u0103ng n\u00e0y c\u0169ng gi\u00fap h\u1ecd t\u00ecm th\u1ea5y th\u00f4ng tin m\u00e0 h\u1ecd c\u1ea7n nhanh h\u1ee3n.<\/p>\n<p>D\u1ef1a tr\u00ean nh\u1eefng g\u00ec b\u1ea1n c\u1ea7n, h\u00e3y x\u00e1c \u0111\u1ecbnh xem vi\u1ec7c theo \u0111u\u1ed5i b\u1eb1ng c\u1eed nh\u00e2n hay th\u1ea1c s\u0129 c\u00f3 l\u1ee3i hay kh\u00f4ng. M\u1eb7c d\u00f9 b\u1ea1n lu\u00f4n c\u00f3 th\u1ec3 theo \u0111u\u1ed5i t\u1ea5m b\u1eb1ng b\u00e1o ch\u00ed, nh\u01b0ng b\u1ea1n c\u0169ng c\u00f3 th\u1ec3 theo \u0111u\u1ed5i t\u1ea5m b\u1eb1ng c\u1ee5 th\u1ec3 h\u01a1n cho c\u00f4ng vi\u1ec7c m\u00e0 b\u1ea1n quan t\u00e2m. V\u00ed d\u1ee5: n\u1ebfu b\u1ea1n d\u1ef1 \u0111\u1ecbnh l\u00e0m vi\u1ec7c t\u1ea1i m\u1ed9t \u0111\u00e0i truy\u1ec1n h\u00ecnh c\u00f3 ch\u01b0\u01a1ng tr\u00ecnh ch\u00ednh tr\u1ecb, th\u00ec t\u1ea5m b\u1eb1ng v\u1ec1 ch\u00ednh tr\u1ecb khoa h\u1ecdc c\u00f3 th\u1ec3 gi\u00fap b\u1ea1n th\u00e0nh c\u00f4ng v\u00e0 cung c\u1ea5p cho b\u1ea1n nhi\u1ec1u ki\u1ebfn th\u1ee9c h\u01a1n v\u1ec1 v\u1ea5n \u0111\u1ec1 \u0111\u00f3.<\/p><\/div><\/div><\/div>[vc_empty_space height=&#8221;30px&#8221;]<div class=\"shortcode-wrapper shortcode-icon-box clearfix\"><div class=\"feature-box alternative left-icon-box aligncenter\"><div class=\"feature-box-content\"><h4 class=\"bold\">Vai tr\u00f2 v\u00e0 tr\u00e1ch nhi\u1ec7m<\/h4><p>\n<ul>\n<li>Nghi\u00ean c\u1ee9u th\u1ecb tr\u01b0\u1eddng v\u00e0 t\u00ecnh tr\u1ea1ng c\u1ee7a ng\u00e0nh \u0111\u1ec3 \u0111\u1ea3m b\u1ea3o c\u00e1c ch\u01b0\u01a1ng tr\u00ecnh \u0111\u00e1p \u1ee9ng nhu c\u1ea7u th\u1ecb tr\u01b0\u1eddng.<\/li>\n<li>Th\u1ea3o lu\u1eadn \u00fd t\u01b0\u1edfng v\u1edbi \u0111\u1ed3ng nghi\u1ec7p c\u1ee7a h\u1ecd, c\u00f3 th\u1ec3 bao g\u1ed3m nh\u00e0 s\u1ea3n xu\u1ea5t, bi\u00ean t\u1eadp vi\u00ean ho\u1eb7c nh\u00e0 b\u00e1o.<\/li>\n<li>Duy tr\u00ec h\u1ed3 s\u01a1 ch\u00ednh x\u00e1c c\u1ee7a c\u00e1c t\u00e0i li\u1ec7u truy\u1ec1n th\u00f4ng.<\/li>\n<li>\u0110\u01b0\u1ee3c ph\u00e9p s\u1eed d\u1ee5ng th\u00f4ng tin c\u00f3 b\u1ea3n quy\u1ec1n.<\/li>\n<li>T\u00ecm \u0111\u1ecba \u0111i\u1ec3m th\u00edch h\u1ee3p \u0111\u1ec3 ch\u1ee5p \u1ea3nh ho\u1eb7c ph\u1ecfng v\u1ea5n.<\/li>\n<li>Duy tr\u00ec danh s\u00e1ch c\u1eadp nh\u1eadt th\u00f4ng tin li\u00ean l\u1ea1c cho c\u00e1c b\u00ean li\u00ean quan.<\/li>\n<li>Tham d\u1ef1 c\u00e1c s\u1ef1 ki\u1ec7n \u0111\u1ec3 c\u1eadp nh\u1eadt nh\u1eefng di\u1ec5n bi\u1ebfn m\u1edbi nh\u1ea5t trong ng\u00e0nh.<\/li>\n<li>T\u00ecm \u00fd t\u01b0\u1edfng cho c\u00e1c t\u00e1c ph\u1ea9m ti\u1ebfp theo.<\/li>\n<li>Cung c\u1ea5p cho nh\u00e0 s\u1ea3n xu\u1ea5t b\u1ea3n t\u00f3m t\u1eaft.<\/li>\n<li>Th\u1ef1c hi\u1ec7n nghi\u00ean c\u1ee9u b\u1eb1ng nhi\u1ec1u ph\u01b0\u01a1ng ph\u00e1p kh\u00e1c nhau.<\/li>\n<li>Thu th\u1eadp th\u00f4ng tin th\u1ef1c t\u1ebf.<\/li>\n<li>Gi\u00fap t\u1ed5 ch\u1ee9c d\u00e0n di\u1ec5n vi\u00ean cho phim.<\/li>\n<li>V\u1eadn h\u00e0nh thi\u1ebft b\u1ecb s\u1ea3n xu\u1ea5t.<\/li>\n<\/ul>\n<p>K\u1ef9 n\u0103ng:<\/p>\n<ul>\n<li>ki\u1ebfn th\u1ee9c v\u1ec1 ng\u00f4n ng\u1eef ti\u1ebfng Anh<\/li>\n<li>k\u1ef9 n\u0103ng t\u01b0 duy ph\u00e2n t\u00edch<\/li>\n<li>k\u1ef9 l\u01b0\u1ee1ng v\u00e0 ch\u00fa \u00fd \u0111\u1ebfn chi ti\u1ebft<\/li>\n<li>kh\u1ea3 n\u0103ng s\u1eed d\u1ee5ng s\u00e1ng ki\u1ebfn c\u1ee7a b\u1ea1n<\/li>\n<li>k\u1ef9 n\u0103ng ph\u1ee5c v\u1ee5 kh\u00e1ch h\u00e0ng<\/li>\n<li>ho\u00e0i b\u00e3o v\u00e0 khao kh\u00e1t th\u00e0nh c\u00f4ng<\/li>\n<li>ki\u00ean tr\u00ec v\u00e0 quy\u1ebft t\u00e2m<\/li>\n<li>k\u1ef9 n\u0103ng giao ti\u1ebfp b\u1eb1ng l\u1eddi n\u00f3i xu\u1ea5t s\u1eafc<\/li>\n<li>\u0111\u1ec3 c\u00f3 th\u1ec3 s\u1eed d\u1ee5ng m\u00e1y t\u00ednh v\u00e0 c\u00e1c g\u00f3i ph\u1ea7n m\u1ec1m ch\u00ednh m\u1ed9t c\u00e1ch t\u1ef1 tin<\/li>\n<\/ul>\n<p>Tr\u00ecnh \u0111\u1ed9 chuy\u00ean m\u00f4n: B\u1eb1ng c\u1ea5p trong m\u1ed9t ch\u1ee7 \u0111\u1ec1 c\u00f3 li\u00ean quan nh\u01b0:<\/p>\n<ul>\n<li>ph\u00e1t thanh v\u00e0 ph\u01b0\u01a1ng ti\u1ec7n truy\u1ec1n th\u00f4ng<\/li>\n<li>Ti\u1ebfng Anh<\/li>\n<li>l\u1ecbch s\u1eed<\/li>\n<li>b\u00e1o ch\u00ed<\/li>\n<li>ch\u00ednh tr\u1ecb<\/li>\n<\/ul>\n<\/p><\/div><\/div><\/div>[\/vc_column_inner][\/vc_row_inner][\/vc_column][\/vc_row]\n<\/div>","protected":false},"excerpt":{"rendered":"<p>[vc_row top_margin=&#8221;0&#8243; bottom_margin=&#8221;0&#8243; css=&#8221;.vc_custom_1499912039446{margin-top: -30px !important;}&#8221;][vc_column][vc_row_inner][vc_column_inner][vc_empty_space height=&#8221;10px&#8221;][vc_empty_space height=&#8221;30px&#8221;][\/vc_column_inner][\/vc_row_inner][\/vc_column][\/vc_row]<\/p>\n","protected":false},"author":4,"featured_media":0,"parent":0,"menu_order":0,"comment_status":"closed","ping_status":"closed","template":"","meta":{"nf_dc_page":"","footnotes":""},"class_list":["post-10522","page","type-page","status-publish","hentry"],"_links":{"self":[{"href":"https:\/\/worknow.vn\/vi\/wp-json\/wp\/v2\/pages\/10522","targetHints":{"allow":["GET"]}}],"collection":[{"href":"https:\/\/worknow.vn\/vi\/wp-json\/wp\/v2\/pages"}],"about":[{"href":"https:\/\/worknow.vn\/vi\/wp-json\/wp\/v2\/types\/page"}],"author":[{"embeddable":true,"href":"https:\/\/worknow.vn\/vi\/wp-json\/wp\/v2\/users\/4"}],"replies":[{"embeddable":true,"href":"https:\/\/worknow.vn\/vi\/wp-json\/wp\/v2\/comments?post=10522"}],"version-history":[{"count":5,"href":"https:\/\/worknow.vn\/vi\/wp-json\/wp\/v2\/pages\/10522\/revisions"}],"predecessor-version":[{"id":11921,"href":"https:\/\/worknow.vn\/vi\/wp-json\/wp\/v2\/pages\/10522\/revisions\/11921"}],"wp:attachment":[{"href":"https:\/\/worknow.vn\/vi\/wp-json\/wp\/v2\/media?parent=10522"}],"curies":[{"name":"wp","href":"https:\/\/api.w.org\/{rel}","templated":true}]}}