{"id":10526,"date":"2022-08-11T03:51:34","date_gmt":"2022-08-11T03:51:34","guid":{"rendered":"https:\/\/worknow.vn\/promotions-assistant-marketing-assistant\/"},"modified":"2023-05-31T09:33:57","modified_gmt":"2023-05-31T09:33:57","slug":"tro-ly-marketing","status":"publish","type":"page","link":"https:\/\/worknow.vn\/vi\/tro-ly-marketing\/","title":{"rendered":"Tr\u1ee3 L\u00fd Marketing"},"content":{"rendered":"<div class=\"wpb-content-wrapper\">[vc_row top_margin=&#8221;0&#8243; bottom_margin=&#8221;0&#8243; css=&#8221;.vc_custom_1499912039446{margin-top: -30px !important;}&#8221;][vc_column]<div class=\"shortcode-wrapper shortcode-title clearfix hb-animate-element hb-fade-in\"><p style=\"color:#878787!important;border-color:#878787\" class=\"hb-text-large aligncenter\">Tr\u1ee3 L\u00fd Marketing<\/p><\/div>[vc_row_inner][vc_column_inner][vc_empty_space height=&#8221;10px&#8221;]<div class=\"shortcode-wrapper shortcode-icon-box clearfix\"><div class=\"feature-box alternative left-icon-box aligncenter\"><div class=\"feature-box-content\"><h4 class=\"bold\">M\u00f4 t\u1ea3 c\u00f4ng vi\u1ec7c<\/h4><p>Tr\u1ee3 l\u00fd Marketing l\u00e0m vi\u1ec7c trong b\u1ed9 ph\u1eadn Marketing, n\u01a1i h\u1ecd theo d\u00f5i c\u00e1c xu h\u01b0\u1edbng li\u00ean quan \u0111\u1ebfn ng\u00e0nh v\u00e0 t\u1ea1o ra c\u00e1c ch\u01b0\u01a1ng tr\u00ecnh khuy\u1ebfn m\u00e3i c\u1ee7a c\u00f4ng ty. M\u1ee5c \u0111\u00edch l\u00e0 nh\u1eafm m\u1ee5c ti\u00eau ng\u01b0\u1eddi ti\u00eau d\u00f9ng c\u00f3 nhi\u1ec1u kh\u1ea3 n\u0103ng mua nh\u1eefng g\u00ec c\u00f4ng ty \u0111ang b\u00e1n, c\u00f3 th\u1ec3 l\u00e0 h\u00e0ng h\u00f3a ho\u1eb7c d\u1ecbch v\u1ee5. M\u00f4i tr\u01b0\u1eddng l\u00e0m vi\u1ec7c cho c\u00e1c tr\u1ee3 l\u00fd Marketing c\u00f3 nh\u1ecbp \u0111\u1ed9 nhanh v\u00e0 b\u1eadn r\u1ed9n. B\u1ea1n s\u1ebd l\u00e0m vi\u1ec7c tr\u00ean nhi\u1ec1u d\u1ef1 \u00e1n c\u00f9ng m\u1ed9t l\u00fac, \u0111i\u1ec1u n\u00e0y th\u01b0\u1eddng \u0111\u00f2i h\u1ecfi ph\u1ea3i l\u00e0m vi\u1ec7c nhi\u1ec1u gi\u1edd t\u1ea1i v\u0103n ph\u00f2ng. Tr\u1ee3 l\u00fd Marketing ch\u1ecbu tr\u00e1ch nhi\u1ec7m t\u1ea1o v\u00e0 th\u1ef1c hi\u1ec7n c\u00e1c chi\u1ebfn d\u1ecbch ti\u1ebfp th\u1ecb thay m\u1eb7t cho c\u00f4ng ty ho\u1eb7c t\u1ed5 ch\u1ee9c c\u1ee7a h\u1ecd. H\u1ecd th\u01b0\u1eddng l\u00e0m vi\u1ec7c v\u1edbi m\u1ed9t nh\u00f3m g\u1ed3m c\u00e1c nh\u00e0 Marketing, nh\u00e0 thi\u1ebft k\u1ebf, ng\u01b0\u1eddi vi\u1ebft qu\u1ea3ng c\u00e1o, v.v., \u0111\u1ec3 ph\u00e1t tri\u1ec3n c\u00e1c t\u00e0i li\u1ec7u qu\u1ea3ng c\u00e1o nh\u01b0 t\u1edd r\u01a1i, \u00e1p ph\u00edch, t\u00e0i li\u1ec7u qu\u1ea3ng c\u00e1o, trang web, video, v.v. Tr\u1ee3 l\u00fd Marketing c\u0169ng c\u00f3 th\u1ec3 \u0111\u01b0\u1ee3c giao nhi\u1ec7m v\u1ee5 qu\u1ea3n l\u00fd vi\u1ec7c ph\u00e2n ph\u1ed1i c\u00e1c t\u00e0i li\u1ec7u n\u00e0y\u2014 \u0111i\u1ec1u n\u00e0y c\u00f3 th\u1ec3 bao g\u1ed3m gi\u00e1m s\u00e1t c\u00e1c d\u1ecbch v\u1ee5 in \u1ea5n, g\u1eedi th\u01b0 ho\u1eb7c giao h\u00e0ng.<br \/>\nT\u1ed5 ch\u1ee9c l\u00e0 m\u1ed9t k\u1ef9 n\u0103ng c\u1ea7n thi\u1ebft \u0111\u1ec3 gi\u00fap b\u1ea1n th\u00e0nh c\u00f4ng trong vai tr\u00f2 l\u00e0 m\u1ed9t tr\u1ee3 l\u00fd Marketing. B\u1ea1n c\u00f3 th\u1ec3 ch\u1ecbu tr\u00e1ch nhi\u1ec7m qu\u1ea3n l\u00fd l\u1ecbch s\u1ef1 ki\u1ec7n, l\u1eadp k\u1ebf ho\u1ea1ch v\u00e0 chu\u1ea9n b\u1ecb t\u00e0i li\u1ec7u qu\u1ea3ng c\u00e1o c\u0169ng nh\u01b0 duy tr\u00ec t\u1ec7p th\u00f4ng tin. Kh\u1ea3 n\u0103ng theo d\u00f5i c\u00e1c nhi\u1ec7m v\u1ee5 v\u00e0 th\u00f4ng tin kh\u00e1c nhau c\u00f3 th\u1ec3 gi\u00fap b\u1ea1n ho\u00e0n th\u00e0nh c\u00f4ng vi\u1ec7c m\u1ed9t c\u00e1ch hi\u1ec7u qu\u1ea3. Giao ti\u1ebfp c\u0169ng l\u00e0 m\u1ed9t k\u1ef9 n\u0103ng h\u1eefu \u00edch \u1edf v\u1ecb tr\u00ed tr\u1ee3 l\u00fd Marketing. B\u1ea1n c\u00f3 th\u1ec3 \u0111\u01b0\u1ee3c y\u00eau c\u1ea7u giao ti\u1ebfp v\u1edbi kh\u00e1ch h\u00e0ng, c\u00e1c b\u1ed9 ph\u1eadn kh\u00e1c v\u00e0 c\u00e1c th\u00e0nh vi\u00ean kh\u00e1c c\u1ee7a c\u00f4ng ty. \u0110i\u1ec1u n\u00e0y c\u00f3 th\u1ec3 bao g\u1ed3m tr\u1ea3 l\u1eddi c\u00e1c cu\u1ed9c g\u1ecdi \u0111i\u1ec7n tho\u1ea1i, g\u1eedi email v\u00e0 g\u1eedi tin nh\u1eafn qua m\u1ea1ng x\u00e3 h\u1ed9i. K\u0129 n\u0103ng Qu\u1ea3n l\u00fd th\u1eddi gian c\u0169ng r\u1ea5t quan tr\u1ecdng \u0111\u1ed1i v\u1edbi m\u1ed9t tr\u1ee3 l\u00fd Marketing v\u00ec c\u00f3 r\u1ea5t nhi\u1ec1u nhi\u1ec7m v\u1ee5 kh\u00e1c nhau ph\u1ea3i ho\u00e0n th\u00e0nh trong m\u1ed9t ng\u00e0y. Khi l\u00e0m vi\u1ec7c trong l\u0129nh v\u1ef1c th\u0103ng ti\u1ebfn, b\u1ea1n c\u00f3 th\u1ec3 \u0111\u01b0\u1ee3c giao nhi\u1ec7m v\u1ee5 t\u00ecm gi\u1ea3i ph\u00e1p cho c\u00e1c v\u1ea5n \u0111\u1ec1, do \u0111\u00f3, b\u1ea1n c\u0169ng c\u1ea7n c\u00f3 k\u1ef9 n\u0103ng gi\u1ea3i quy\u1ebft v\u1ea5n \u0111\u1ec1. Ngo\u00e0i ra, m\u00e1y t\u00ednh l\u00e0 m\u1ed9t c\u00f4ng c\u1ee5 thi\u1ebft y\u1ebfu cho h\u1ea7u h\u1ebft c\u00e1c c\u00f4ng vi\u1ec7c v\u00e0 tr\u1ee3 l\u00fd n\u00ean c\u00f3 k\u1ef9 n\u0103ng m\u00e1y t\u00ednh c\u01a1 b\u1ea3n.<br \/>\nC\u00e1c tr\u1ee3 l\u00fd Marketing th\u01b0\u1eddng \u0111\u01b0\u1ee3c y\u00eau c\u1ea7u ph\u1ea3i c\u00f3 b\u1eb1ng c\u1eed nh\u00e2n v\u1ec1 Marketing, truy\u1ec1n th\u00f4ng ho\u1eb7c c\u00e1c l\u0129nh v\u1ef1c li\u00ean quan. C\u00e1c ch\u01b0\u01a1ng tr\u00ecnh n\u00e0y d\u1ea1y cho sinh vi\u00ean v\u1ec1 qu\u1ea3ng c\u00e1o, khuy\u1ebfn m\u00e3i v\u00e0 b\u00e1n h\u00e0ng. Ch\u1ee9ng ch\u1ec9 th\u01b0\u1eddng kh\u00f4ng nh\u1ea5t thi\u1ebft ph\u1ea3i c\u00f3 \u0111\u1ec3 tr\u1edf th\u00e0nh m\u1ed9t tr\u1ee3 l\u00fd Marketing, nh\u01b0ng ch\u00fang c\u00f3 th\u1ec3 gi\u00fap b\u1ea1n tr\u1edf th\u00e0nh m\u1ed9t \u1ee9ng vi\u00ean c\u1ea1nh tranh h\u01a1n khi xin vi\u1ec7c.<\/p><\/div><\/div><\/div>[vc_empty_space height=&#8221;30px&#8221;]<div class=\"shortcode-wrapper shortcode-icon-box clearfix\"><div class=\"feature-box alternative left-icon-box aligncenter\"><div class=\"feature-box-content\"><h4 class=\"bold\">Vai tr\u00f2 v\u00e0 tr\u00e1ch nhi\u1ec7m<\/h4><p>\u2022 T\u1ea1o t\u00e0i li\u1ec7u qu\u1ea3ng c\u00e1o<br \/>\n\u2022 Tr\u1ea3 l\u1eddi \u0111i\u1ec7n tho\u1ea1i v\u0103n ph\u00f2ng<br \/>\n\u2022 D\u1ef1 th\u1ea3o b\u00e1o c\u00e1o cho \u0111\u1ed9i ng\u0169 b\u00e1n h\u00e0ng<br \/>\n\u2022 L\u1eadp k\u1ebf ho\u1ea1ch v\u00e0 qu\u1ea3n l\u00fd c\u00e1c s\u1ef1 ki\u1ec7n qu\u1ea3ng c\u00e1o t\u1ea1i ch\u1ed7<br \/>\n\u2022 Cung c\u1ea5p th\u00f4ng tin c\u1eadp nh\u1eadt v\u1ec1 c\u00e1c ch\u01b0\u01a1ng tr\u00ecnh khuy\u1ebfn m\u00e3i<br \/>\n\u2022 Ghi v\u00e0 cung c\u1ea5p ghi ch\u00fa cho c\u00e1c cu\u1ed9c h\u1ecdp h\u00e0ng tu\u1ea7n<br \/>\n\u2022 Duy tr\u00ec v\u00e0 chia s\u1ebb l\u1ecbch s\u1ef1 ki\u1ec7n qu\u1ea3ng c\u00e1o<br \/>\n\u2022 L\u00e0m vi\u1ec7c v\u1edbi nh\u00f3m b\u00e1n h\u00e0ng \u0111\u1ec3 c\u00f3 \u0111\u01b0\u1ee3c c\u00e1c t\u00e0i li\u1ec7u qu\u1ea3ng c\u00e1o ph\u00f9 h\u1ee3p<br \/>\n\u2022 Vi\u1ebft n\u1ed9i dung v\u00e0 qu\u1ea3n l\u00fd c\u00e1c cu\u1ed9c thi tr\u1ef1c tuy\u1ebfn<br \/>\n\u2022 Qu\u1ea3n l\u00fd qu\u1ea3ng c\u00e1o radio, cu\u1ed9c thi v\u00e0 khuy\u1ebfn m\u00e3i<br \/>\n\u2022 Hu\u1ea5n luy\u1ec7n v\u00e0 qu\u1ea3n l\u00fd Street Team c\u1ee7a c\u00f4ng ty<br \/>\n\u2022 Gi\u00e1m s\u00e1t thi\u1ebft l\u1eadp tr\u1ea1m s\u1ef1 ki\u1ec7n v\u00e0 kh\u1ea3 n\u0103ng hi\u1ec3n th\u1ecb<br \/>\n\u2022 Duy tr\u00ec c\u01a1 s\u1edf d\u1eef li\u1ec7u m\u00e1y t\u00ednh c\u1ee7a t\u1ea5t c\u1ea3 c\u00e1c ch\u01b0\u01a1ng tr\u00ecnh khuy\u1ebfn m\u00e3i<br \/>\n\u2022 Qu\u1ea3n l\u00fd c\u00e1c n\u1ec1n t\u1ea3ng truy\u1ec1n th\u00f4ng x\u00e3 h\u1ed9i v\u00e0 qu\u1ea3ng c\u00e1o<br \/>\nK\u1ef9 n\u0103ng:<br \/>\n\u2022 K\u1ef9 n\u0103ng nghi\u00ean c\u1ee9u<br \/>\n\u2022 K\u1ef9 n\u0103ng x\u00e3 h\u1ed9i<br \/>\n\u2022 K\u1ef9 n\u0103ng tin h\u1ecdc<br \/>\n\u2022 K\u0129 n\u0103ng giao ti\u1ebfp<br \/>\n\u2022 K\u1ef9 n\u0103ng ti\u1ebfp th\u1ecb qua Internet<br \/>\n\u2022 K\u1ef9 n\u0103ng x\u00e2y d\u1ef1ng th\u01b0\u01a1ng hi\u1ec7u s\u1ea3n ph\u1ea9m\/d\u1ecbch v\u1ee5<br \/>\nTr\u00ecnh \u0111\u1ed9 chuy\u00ean m\u00f4n: B\u1eb1ng c\u1eed nh\u00e2n v\u1ec1 Marketing, qu\u1ea3ng c\u00e1o, truy\u1ec1n th\u00f4ng, quan h\u1ec7 c\u00f4ng ch\u00fang ho\u1eb7c l\u0129nh v\u1ef1c li\u00ean quan kh\u00e1c<\/p><\/div><\/div><\/div>[\/vc_column_inner][\/vc_row_inner][\/vc_column][\/vc_row]\n<\/div>","protected":false},"excerpt":{"rendered":"<p>[vc_row top_margin=&#8221;0&#8243; bottom_margin=&#8221;0&#8243; css=&#8221;.vc_custom_1499912039446{margin-top: -30px !important;}&#8221;][vc_column][vc_row_inner][vc_column_inner][vc_empty_space height=&#8221;10px&#8221;][vc_empty_space height=&#8221;30px&#8221;][\/vc_column_inner][\/vc_row_inner][\/vc_column][\/vc_row]<\/p>\n","protected":false},"author":4,"featured_media":0,"parent":0,"menu_order":0,"comment_status":"closed","ping_status":"closed","template":"","meta":{"nf_dc_page":"","footnotes":""},"class_list":["post-10526","page","type-page","status-publish","hentry"],"_links":{"self":[{"href":"https:\/\/worknow.vn\/vi\/wp-json\/wp\/v2\/pages\/10526","targetHints":{"allow":["GET"]}}],"collection":[{"href":"https:\/\/worknow.vn\/vi\/wp-json\/wp\/v2\/pages"}],"about":[{"href":"https:\/\/worknow.vn\/vi\/wp-json\/wp\/v2\/types\/page"}],"author":[{"embeddable":true,"href":"https:\/\/worknow.vn\/vi\/wp-json\/wp\/v2\/users\/4"}],"replies":[{"embeddable":true,"href":"https:\/\/worknow.vn\/vi\/wp-json\/wp\/v2\/comments?post=10526"}],"version-history":[{"count":5,"href":"https:\/\/worknow.vn\/vi\/wp-json\/wp\/v2\/pages\/10526\/revisions"}],"predecessor-version":[{"id":11919,"href":"https:\/\/worknow.vn\/vi\/wp-json\/wp\/v2\/pages\/10526\/revisions\/11919"}],"wp:attachment":[{"href":"https:\/\/worknow.vn\/vi\/wp-json\/wp\/v2\/media?parent=10526"}],"curies":[{"name":"wp","href":"https:\/\/api.w.org\/{rel}","templated":true}]}}