{"id":10530,"date":"2022-08-11T03:52:57","date_gmt":"2022-08-11T03:52:57","guid":{"rendered":"https:\/\/worknow.vn\/advertising-coordinator\/"},"modified":"2023-05-31T09:49:29","modified_gmt":"2023-05-31T09:49:29","slug":"dieu-phoi-vien-quang-cao","status":"publish","type":"page","link":"https:\/\/worknow.vn\/vi\/dieu-phoi-vien-quang-cao\/","title":{"rendered":"\u0110i\u1ec1u Ph\u1ed1i Vi\u00ean Qu\u1ea3ng C\u00e1o"},"content":{"rendered":"<div class=\"wpb-content-wrapper\">[vc_row top_margin=&#8221;0&#8243; bottom_margin=&#8221;0&#8243; css=&#8221;.vc_custom_1499912039446{margin-top: -30px !important;}&#8221;][vc_column]<div class=\"shortcode-wrapper shortcode-title clearfix hb-animate-element hb-fade-in\"><p style=\"color:#878787!important;border-color:#878787\" class=\"hb-text-large aligncenter\">\u0110i\u1ec1u Ph\u1ed1i Vi\u00ean Qu\u1ea3ng C\u00e1o<\/p><\/div>[vc_row_inner][vc_column_inner][vc_empty_space height=&#8221;10px&#8221;]<div class=\"shortcode-wrapper shortcode-icon-box clearfix\"><div class=\"feature-box alternative left-icon-box aligncenter\"><div class=\"feature-box-content\"><h4 class=\"bold\">M\u00f4 t\u1ea3 c\u00f4ng vi\u1ec7c<\/h4><p>\u0110i\u1ec1u ph\u1ed1i vi\u00ean Marketing h\u1ed7 tr\u1ee3 b\u1ed9 ph\u1eadn ti\u1ebfp th\u1ecb c\u1ee7a m\u1ed9t c\u00f4ng ty \u0111i\u1ec1u ph\u1ed1i t\u1ea5t c\u1ea3 c\u00e1c chi\u1ebfn l\u01b0\u1ee3c Marketing c\u1ee7a c\u00f4ng ty. \u0110i\u1ec1u ph\u1ed1i vi\u00ean Marketing c\u00f3 th\u1ec3 h\u1ed7 tr\u1ee3 gi\u00e1m \u0111\u1ed1c ho\u1eb7c ph\u00f3 ch\u1ee7 t\u1ecbch Marketing ho\u00e0n th\u00e0nh c\u00e1c nhi\u1ec7m v\u1ee5 gi\u00fap b\u1ed9 ph\u1eadn \u0111\u1ea1t \u0111\u01b0\u1ee3c c\u00e1c m\u1ee5c ti\u00eau chi\u1ebfn l\u01b0\u1ee3c. Tr\u00e1ch nhi\u1ec7m c\u1ee7a \u0110i\u1ec1u ph\u1ed1i vi\u00ean Marketing l\u00e0 ph\u00e1t tri\u1ec3n v\u00e0 th\u1ef1c hi\u1ec7n c\u00e1c k\u1ebf ho\u1ea1ch cho m\u1ed9t chi\u1ebfn d\u1ecbch ti\u1ebfp th\u1ecb. H\u1ecd l\u00e0m \u0111i\u1ec1u n\u00e0y th\u00f4ng qua vi\u1ec7c so\u1ea1n th\u1ea3o b\u00e1o c\u00e1o, t\u1ea1o n\u1ed9i dung ho\u1eb7c ph\u1ed1i h\u1ee3p s\u1ea3n xu\u1ea5t n\u1ed9i dung \u0111\u00f3 v\u1edbi c\u00e1c nh\u00f3m b\u00e1n h\u00e0ng \u0111\u1ec3 chi\u1ebfn l\u01b0\u1ee3c c\u1ee7a h\u1ecd th\u00e0nh c\u00f4ng. H\u1ecd c\u0169ng theo d\u00f5i k\u1ebft qu\u1ea3 t\u1eeb nh\u1eefng ho\u1ea1t \u0111\u1ed9ng n\u00e0y \u0111\u1ec3 l\u1eadp k\u1ebf ho\u1ea1ch cho nh\u1eefng n\u1ed7 l\u1ef1c trong t\u01b0\u01a1ng lai d\u1ef1a tr\u00ean nh\u1eefng kinh nghi\u1ec7m tr\u01b0\u1edbc \u0111\u00f3.<br \/>\nC\u00e1c \u0111i\u1ec1u ph\u1ed1i vi\u00ean Marketing ch\u1ecbu tr\u00e1ch nhi\u1ec7m \u0111i\u1ec1u ph\u1ed1i c\u00e1c nhi\u1ec7m v\u1ee5 gi\u1eefa t\u1ea5t c\u1ea3 c\u00e1c th\u00e0nh vi\u00ean nh\u00f3m Marketing v\u00e0 nh\u00e0 cung c\u1ea5p d\u1ef1 \u00e1n, v\u00ec v\u1eady k\u1ef9 n\u0103ng giao ti\u1ebfp b\u1eb1ng l\u1eddi n\u00f3i v\u00e0 b\u1eb1ng v\u0103n b\u1ea3n l\u00e0 r\u1ea5t quan tr\u1ecdng. \u0110i\u1ec1u ph\u1ed1i vi\u00ean Marketing th\u01b0\u1eddng c\u00f3 nhi\u1ec1u d\u1ef1 \u00e1n di\u1ec5n ra c\u00f9ng m\u1ed9t l\u00fac. K\u1ef9 n\u0103ng qu\u1ea3n l\u00fd d\u1ef1 \u00e1n m\u1ea1nh m\u1ebd s\u1ebd gi\u00fap t\u1ed5 ch\u1ee9c, l\u1eadp k\u1ebf ho\u1ea1ch v\u00e0 ho\u00e0n th\u00e0nh t\u1eebng d\u1ef1 \u00e1n n\u00e0y. \u0110i\u1ec1u ph\u1ed1i vi\u00ean Marketing th\u01b0\u1eddng \u0111\u01b0\u1ee3c giao nhi\u1ec7m v\u1ee5 t\u1ea1o t\u00e0i li\u1ec7u ti\u1ebfp th\u1ecb, v\u00ec v\u1eady k\u1ef9 n\u0103ng s\u00e1ng t\u1ea1o c\u00f3 th\u1ec3 h\u1eefu \u00edch. Vi\u1ec7c ph\u00e2n t\u00edch k\u1ebft qu\u1ea3 c\u1ee7a c\u00e1c s\u00e1ng ki\u1ebfn ti\u1ebfp th\u1ecb c\u00f3 th\u1ec3 c\u0169ng quan tr\u1ecdng nh\u01b0 vi\u1ec7c l\u1eadp k\u1ebf ho\u1ea1ch cho ch\u00fang. K\u1ef9 n\u0103ng ph\u00e2n t\u00edch s\u1ebd h\u1ed7 tr\u1ee3 \u0111i\u1ec1u ph\u1ed1i vi\u00ean di\u1ec5n gi\u1ea3i s\u1ef1 th\u00e0nh c\u00f4ng c\u1ee7a chi\u1ebfn d\u1ecbch v\u00e0 th\u1ef1c hi\u1ec7n c\u00e1c thay \u0111\u1ed5i c\u1ea7n thi\u1ebft \u0111\u1ec3 c\u1ea3i thi\u1ec7n k\u1ebft qu\u1ea3. Hi\u1ec3u bi\u1ebft t\u1ed1t v\u1ec1 c\u00f4ng ngh\u1ec7 c\u00f3 th\u1ec3 h\u1eefu \u00edch trong vai tr\u00f2 \u0111i\u1ec1u ph\u1ed1i vi\u00ean Marketing. C\u00e1c \u0111i\u1ec1u ph\u1ed1i vi\u00ean Marketing th\u01b0\u1eddng l\u00e0m vi\u1ec7c v\u1edbi m\u00e1y t\u00ednh, \u0111i\u1ec7n tho\u1ea1i di \u0111\u1ed9ng v\u00e0 m\u00e1y t\u00ednh b\u1ea3ng \u0111\u1ec3 \u0111i\u1ec1u ph\u1ed1i c\u00e1c chi\u1ebfn l\u01b0\u1ee3c v\u00e0 truy\u1ec1n th\u00f4ng k\u1ef9 thu\u1eadt s\u1ed1. H\u1ecd c\u0169ng c\u00f3 th\u1ec3 s\u1eed d\u1ee5ng m\u00e1y t\u00ednh \u0111\u1ec3 t\u1ea1o v\u00e0 thi\u1ebft k\u1ebf c\u00e1c t\u00e0i li\u1ec7u ti\u1ebfp th\u1ecb. T\u00f9y thu\u1ed9c v\u00e0o vai tr\u00f2, m\u1ed9t s\u1ed1 \u0111i\u1ec1u ph\u1ed1i vi\u00ean ti\u1ebfp th\u1ecb s\u1ebd ch\u1ecbu tr\u00e1ch nhi\u1ec7m \u0111\u01b0a ra quy\u1ebft \u0111\u1ecbnh nhanh ch\u00f3ng. Cho d\u00f9 \u0111\u00f3 l\u00e0 c\u00e1ch tr\u1ea3 l\u1eddi khi\u1ebfu n\u1ea1i c\u1ee7a kh\u00e1ch h\u00e0ng tr\u00ean n\u1ec1n t\u1ea3ng truy\u1ec1n th\u00f4ng x\u00e3 h\u1ed9i hay qu\u1ea3ng c\u00e1o n\u00e0o \u0111\u1ec3 in, k\u1ef9 n\u0103ng ra quy\u1ebft \u0111\u1ecbnh t\u1ef1 tin l\u00e0 \u0111i\u1ec1u c\u1ea7n thi\u1ebft.<\/p><\/div><\/div><\/div>[vc_empty_space height=&#8221;30px&#8221;]<div class=\"shortcode-wrapper shortcode-icon-box clearfix\"><div class=\"feature-box alternative left-icon-box aligncenter\"><div class=\"feature-box-content\"><h4 class=\"bold\">Vai tr\u00f2 v\u00e0 tr\u00e1ch nhi\u1ec7m:<\/h4><p>\u2022 T\u1ea1o c\u00e1c chi\u1ebfn d\u1ecbch ti\u1ebfp th\u1ecb d\u1ef1a tr\u00ean nhu c\u1ea7u, m\u1ee5c ti\u00eau v\u00e0 th\u1ecb tr\u01b0\u1eddng m\u1ee5c ti\u00eau c\u1ee7a kh\u00e1ch h\u00e0ng<br \/>\n\u2022 Xem l\u1ea1i b\u1ea3n sao qu\u1ea3ng c\u00e1o \u0111\u1ec3 t\u00ecm l\u1ed7i ng\u1eef ph\u00e1p v\u00e0 \u0111\u01b0a ra \u0111\u1ec1 xu\u1ea5t c\u1ea3i thi\u1ec7n<br \/>\n\u2022 \u0110\u1ea3m b\u1ea3o r\u1eb1ng t\u1ea5t c\u1ea3 c\u00e1c t\u00e0i li\u1ec7u qu\u1ea3ng c\u00e1o ph\u00f9 h\u1ee3p v\u1edbi ti\u00eau chu\u1ea9n th\u01b0\u01a1ng hi\u1ec7u v\u00e0 t\u00e0i li\u1ec7u \u0111\u01b0\u1ee3c s\u1ea3n xu\u1ea5t k\u1ecbp th\u1eddi<br \/>\n\u2022 Nghi\u00ean c\u1ee9u \u0111i\u1ec1u ki\u1ec7n th\u1ecb tr\u01b0\u1eddng \u0111\u1ec3 x\u00e1c \u0111\u1ecbnh s\u1ea3n ph\u1ea9m n\u00e0o s\u1ebd c\u00f3 nhu c\u1ea7u trong t\u01b0\u01a1ng lai<br \/>\n\u2022 Chu\u1ea9n b\u1ecb ng\u00e2n s\u00e1ch v\u00e0 t\u1ea1o ng\u00e2n s\u00e1ch cho c\u00e1c chi\u1ebfn d\u1ecbch qu\u1ea3ng c\u00e1o<br \/>\n\u2022 Ph\u1ed1i h\u1ee3p c\u00e1c chi\u1ebfn d\u1ecbch qu\u1ea3ng c\u00e1o v\u1edbi c\u00e1c ph\u00f2ng ban kh\u00e1c trong t\u1ed5 ch\u1ee9c nh\u01b0 nh\u00e2n s\u1ef1 ho\u1eb7c quan h\u1ec7 c\u00f4ng ch\u00fang<br \/>\n\u2022 X\u00e1c \u0111\u1ecbnh gi\u00e1 cho qu\u1ea3ng c\u00e1o d\u1ef1a tr\u00ean quy m\u00f4 \u0111\u1ed1i t\u01b0\u1ee3ng ti\u1ebfp c\u1eadn v\u00e0 t\u1ea7n su\u1ea5t hi\u1ec3n th\u1ecb<br \/>\n\u2022 Xem l\u1ea1i hi\u1ec7u su\u1ea5t c\u1ee7a c\u00e1c qu\u1ea3ng c\u00e1o tr\u01b0\u1edbc \u0111\u00e2y \u0111\u1ec3 x\u00e1c \u0111\u1ecbnh qu\u1ea3ng c\u00e1o n\u00e0o ho\u1ea1t \u0111\u1ed9ng t\u1ed1t v\u00e0 qu\u1ea3ng c\u00e1o n\u00e0o kh\u00f4ng ho\u1ea1t \u0111\u1ed9ng t\u1ed1t<br \/>\nK\u1ef9 n\u0103ng:<br \/>\n\u2022 Li\u00ean l\u1ea1c<br \/>\n\u2022 T\u1ed5 ch\u1ee9c<br \/>\n\u2022 Qu\u1ea3n l\u00fd th\u1eddi gian<br \/>\n\u2022 Gi\u1ea3i quy\u1ebft v\u1ea5n \u0111\u1ec1<br \/>\n\u2022 S\u00e1ng t\u1ea1o<br \/>\nTr\u00ecnh \u0111\u1ed9 chuy\u00ean m\u00f4n: B\u1eb1ng c\u1eed nh\u00e2n v\u1ec1 qu\u1ea3ng c\u00e1o, ti\u1ebfp th\u1ecb ho\u1eb7c l\u0129nh v\u1ef1c li\u00ean quan<\/p><\/div><\/div><\/div>[\/vc_column_inner][\/vc_row_inner][\/vc_column][\/vc_row]\n<\/div>","protected":false},"excerpt":{"rendered":"<p>[vc_row top_margin=&#8221;0&#8243; bottom_margin=&#8221;0&#8243; css=&#8221;.vc_custom_1499912039446{margin-top: -30px !important;}&#8221;][vc_column][vc_row_inner][vc_column_inner][vc_empty_space height=&#8221;10px&#8221;][vc_empty_space height=&#8221;30px&#8221;][\/vc_column_inner][\/vc_row_inner][\/vc_column][\/vc_row]<\/p>\n","protected":false},"author":4,"featured_media":0,"parent":0,"menu_order":0,"comment_status":"closed","ping_status":"closed","template":"","meta":{"nf_dc_page":"","footnotes":""},"class_list":["post-10530","page","type-page","status-publish","hentry"],"_links":{"self":[{"href":"https:\/\/worknow.vn\/vi\/wp-json\/wp\/v2\/pages\/10530","targetHints":{"allow":["GET"]}}],"collection":[{"href":"https:\/\/worknow.vn\/vi\/wp-json\/wp\/v2\/pages"}],"about":[{"href":"https:\/\/worknow.vn\/vi\/wp-json\/wp\/v2\/types\/page"}],"author":[{"embeddable":true,"href":"https:\/\/worknow.vn\/vi\/wp-json\/wp\/v2\/users\/4"}],"replies":[{"embeddable":true,"href":"https:\/\/worknow.vn\/vi\/wp-json\/wp\/v2\/comments?post=10530"}],"version-history":[{"count":5,"href":"https:\/\/worknow.vn\/vi\/wp-json\/wp\/v2\/pages\/10530\/revisions"}],"predecessor-version":[{"id":11938,"href":"https:\/\/worknow.vn\/vi\/wp-json\/wp\/v2\/pages\/10530\/revisions\/11938"}],"wp:attachment":[{"href":"https:\/\/worknow.vn\/vi\/wp-json\/wp\/v2\/media?parent=10530"}],"curies":[{"name":"wp","href":"https:\/\/api.w.org\/{rel}","templated":true}]}}