{"id":10532,"date":"2022-08-11T03:53:29","date_gmt":"2022-08-11T03:53:29","guid":{"rendered":"https:\/\/worknow.vn\/advertising-sales-representatives\/"},"modified":"2023-05-31T09:49:25","modified_gmt":"2023-05-31T09:49:25","slug":"dai-dien-ban-hang","status":"publish","type":"page","link":"https:\/\/worknow.vn\/vi\/dai-dien-ban-hang\/","title":{"rendered":"\u0110\u1ea1i Di\u1ec7n B\u00e1n H\u00e0ng"},"content":{"rendered":"<div class=\"wpb-content-wrapper\">[vc_row top_margin=&#8221;0&#8243; bottom_margin=&#8221;0&#8243; css=&#8221;.vc_custom_1499912039446{margin-top: -30px !important;}&#8221;][vc_column]<div class=\"shortcode-wrapper shortcode-title clearfix hb-animate-element hb-fade-in\"><p style=\"color:#878787!important;border-color:#878787\" class=\"hb-text-large aligncenter\">\u0110\u1ea1i Di\u1ec7n B\u00e1n H\u00e0ng<\/p><\/div>[vc_row_inner][vc_column_inner][vc_empty_space height=&#8221;10px&#8221;]<div class=\"shortcode-wrapper shortcode-icon-box clearfix\"><div class=\"feature-box alternative left-icon-box aligncenter\"><div class=\"feature-box-content\"><h4 class=\"bold\">M\u00f4 t\u1ea3 c\u00f4ng vi\u1ec7c<\/h4><p>M\u1ed9t \u0111\u1ea1i di\u1ec7n b\u00e1n h\u00e0ng qu\u1ea3ng c\u00e1o b\u00e1n kh\u00f4ng gian trong c\u00e1c \u1ea5n ph\u1ea9m in, tr\u00ean c\u00e1c trang web v\u00e0 tr\u00ean c\u00e1c ph\u01b0\u01a1ng ti\u1ec7n truy\u1ec1n th\u00f4ng ngo\u00e0i tr\u1eddi cho c\u00e1c c\u00f4ng ty mu\u1ed1n qu\u1ea3ng c\u00e1o s\u1ea3n ph\u1ea9m c\u1ee7a h\u1ecd. Ng\u01b0\u1eddi \u0111\u00f3 c\u0169ng c\u00f3 th\u1ec3 b\u00e1n th\u1eddi gian ph\u00e1t s\u00f3ng trong c\u00e1c ch\u01b0\u01a1ng tr\u00ecnh ph\u00e1t thanh ho\u1eb7c truy\u1ec1n h\u00ecnh. \u0110\u1ea1i di\u1ec7n b\u00e1n h\u00e0ng qu\u1ea3ng c\u00e1o ph\u1ea3i thuy\u1ebft ph\u1ee5c c\u00e1c nh\u00e0 qu\u1ea3ng c\u00e1o r\u1eb1ng \u0111\u00e2y l\u00e0 c\u00e1ch t\u1ed1t nh\u1ea5t \u0111\u1ec3 ti\u1ebfp c\u1eadn ng\u01b0\u1eddi ti\u00eau d\u00f9ng. C\u00f2n \u0111\u01b0\u1ee3c g\u1ecdi l\u00e0 \u0111\u1ea1i l\u00fd b\u00e1n h\u00e0ng qu\u1ea3ng c\u00e1o ho\u1eb7c \u0111\u1ea1i di\u1ec7n b\u00e1n h\u00e0ng qu\u1ea3ng c\u00e1o, ng\u01b0\u1eddi \u0111\u00f3 x\u00e2y d\u1ef1ng c\u01a1 s\u1edf kh\u00e1ch h\u00e0ng b\u1eb1ng c\u00e1ch thi\u1ebft l\u1eadp c\u00e1c cu\u1ed9c g\u1eb7p v\u1edbi kh\u00e1ch h\u00e0ng ti\u1ec1m n\u0103ng, \u0111\u00e1nh gi\u00e1 nhu c\u1ea7u c\u1ee7a h\u1ecd v\u00e0 tr\u00ecnh b\u00e0y \u0111\u1ec1 xu\u1ea5t v\u1edbi h\u1ecd. M\u1ed9t \u0111\u1ec1 xu\u1ea5t cung c\u1ea5p chi ti\u1ebft v\u1ec1 k\u1ebf ho\u1ea1ch qu\u1ea3ng c\u00e1o v\u00e0 cung c\u1ea5p chi ph\u00ed c\u0169ng nh\u01b0 l\u1ee3i \u00edch c\u1ee7a n\u00f3. \u0110\u1ea1i di\u1ec7n b\u00e1n h\u00e0ng qu\u1ea3ng c\u00e1o l\u00e0 \u0111\u1ea7u m\u1ed1i li\u00ean h\u1ec7 ch\u00ednh c\u1ee7a kh\u00e1ch h\u00e0ng, tr\u1ea3 l\u1eddi c\u00e1c c\u00e2u h\u1ecfi, gi\u1ea3i quy\u1ebft m\u1ecdi v\u1ea5n \u0111\u1ec1 ph\u00e1t sinh v\u00e0 \u0111\u1ec1 xu\u1ea5t c\u00e1c k\u1ebf ho\u1ea1ch qu\u1ea3ng c\u00e1o m\u1edbi. Ng\u01b0\u1eddi \u0111\u00f3 c\u0169ng ph\u00e2n t\u00edch d\u1eef li\u1ec7u b\u00e1n h\u00e0ng c\u1ee7a kh\u00e1ch h\u00e0ng v\u00e0 chu\u1ea9n b\u1ecb b\u00e1o c\u00e1o.<br \/>\nC\u00e1c \u0111\u1ea1i di\u1ec7n b\u00e1n h\u00e0ng th\u01b0\u1eddng c\u00f3 nhi\u1ec1u k\u1ef9 n\u0103ng m\u1ec1m h\u1ed7 tr\u1ee3 h\u1ecd trong s\u1ef1 nghi\u1ec7p b\u00e1n h\u00e0ng c\u1ee7a m\u00ecnh. B\u1ea1n ph\u1ea3i c\u00f3 kh\u1ea3 n\u0103ng giao ti\u1ebfp v\u1edbi kh\u00e1ch h\u00e0ng c\u1ee7a b\u1ea1n. \u0110i\u1ec1u n\u00e0y \u0111\u00f2i h\u1ecfi k\u1ef9 n\u0103ng nghe v\u00e0 n\u00f3i tuy\u1ec7t v\u1eddi. B\u1ea1n n\u00ean hi\u1ec3u r\u00f5 v\u1ec1 c\u00e1c k\u1ef9 thu\u1eadt giao ti\u1ebfp t\u00edch c\u1ef1c v\u00e0 k\u1ef9 n\u0103ng ng\u00f4n ng\u1eef c\u01a1 th\u1ec3. Th\u01b0\u1eddng ph\u1ea3i m\u1ea5t v\u00e0i cu\u1ed9c g\u1eb7p v\u1edbi m\u1ed9t kh\u00e1ch h\u00e0ng ti\u1ec1m n\u0103ng \u0111\u1ec3 thuy\u1ebft ph\u1ee5c h\u1ecd mua kh\u00f4ng gian qu\u1ea3ng c\u00e1o ho\u1eb7c th\u1eddi gian ph\u00e1t s\u00f3ng t\u1eeb b\u1ea1n. B\u1ea1n c\u00f3 th\u1ec3 c\u1ea7n h\u1ecdc c\u00e1ch v\u01b0\u1ee3t qua ranh gi\u1edbi mong manh gi\u1eefa s\u1ef1 ki\u00ean tr\u00ec v\u00e0 s\u1ef1 kh\u00f3 ch\u1ecbu. Hy v\u1ecdng r\u1eb1ng b\u1ea1n s\u1ebd c\u00f3 nhi\u1ec1u kh\u00e1ch h\u00e0ng \u0111\u1ec3 theo d\u00f5i nhi\u1ec1u t\u00e0i kho\u1ea3n c\u1ee7a h\u1ecd. Kh\u1ed1i l\u01b0\u1ee3ng c\u00f4ng vi\u1ec7c n\u00e0y s\u1ebd y\u00eau c\u1ea7u b\u1ea1n ph\u1ea3i \u0111\u01b0\u1ee3c t\u1ed5 ch\u1ee9c t\u1ed1t. M\u1ed9t trong nh\u1eefng c\u00f4ng c\u1ee5 t\u1ed1t nh\u1ea5t b\u1ea1n c\u00f3 th\u1ec3 s\u1eed d\u1ee5ng \u0111\u1ec3 s\u1eafp x\u1ebfp c\u00f4ng vi\u1ec7c l\u00e0 l\u1ecbch. S\u1eed d\u1ee5ng n\u00f3 \u0111\u1ec3 li\u1ec7t k\u00ea t\u1ea5t c\u1ea3 c\u00e1c ho\u1ea1t \u0111\u1ed9ng kh\u00e1c nhau cho m\u1ed7i kh\u00e1ch h\u00e0ng. T\u01b0\u01a1ng t\u00e1c c\u1ee7a b\u1ea1n v\u1edbi kh\u00e1ch h\u00e0ng v\u00e0 kh\u00e1ch h\u00e0ng ti\u1ec1m n\u0103ng \u0111\u00f2i h\u1ecfi b\u1ea1n ph\u1ea3i c\u00f3 k\u1ef9 n\u0103ng thuy\u1ebft ph\u1ee5c v\u00e0 \u0111\u00e0m ph\u00e1n tuy\u1ec7t v\u1eddi. B\u1ea1n c\u0169ng ph\u1ea3i c\u00f3 kh\u1ea3 n\u0103ng nh\u1eadn th\u1ee9c x\u00e3 h\u1ed9i, ngh\u0129a l\u00e0 b\u1ea1n c\u00f3 th\u1ec3 d\u1ec5 d\u00e0ng bi\u1ebft \u0111\u01b0\u1ee3c ai \u0111\u00f3 \u0111ang ngh\u0129 g\u00ec m\u00e0 kh\u00f4ng c\u1ea7n h\u1ecd n\u00f3i cho b\u1ea1n bi\u1ebft.<br \/>\nC\u00e1c y\u00eau c\u1ea7u gi\u00e1o d\u1ee5c \u0111\u1ec3 tr\u1edf th\u00e0nh \u0111\u1ea1i di\u1ec7n b\u00e1n h\u00e0ng qu\u1ea3ng c\u00e1o c\u00f3 th\u1ec3 s\u1ebd kh\u00e1c nhau gi\u1eefa c\u00e1c c\u00f4ng ty. Tuy nhi\u00ean, nhi\u1ec1u c\u01a1 quan s\u1ebd thu\u00ea nh\u1eefng \u1ee9ng vi\u00ean ch\u1ec9 c\u00f3 b\u1eb1ng t\u1ed1t nghi\u1ec7p trung h\u1ecdc cho c\u00e1c v\u1ecb tr\u00ed \u0111\u1ea7u v\u00e0o. T\u00f9y thu\u1ed9c v\u00e0o quy m\u00f4 v\u00e0 t\u00ednh ch\u1ea5t c\u1ee7a c\u00f4ng ty, b\u1eb1ng \u0111\u1ea1i h\u1ecdc ho\u1eb7c l\u1ecbch s\u1eed kh\u00f3a h\u1ecdc trong c\u00e1c l\u0129nh v\u1ef1c nh\u01b0 qu\u1ea3ng c\u00e1o v\u00e0 truy\u1ec1n th\u00f4ng c\u00f3 th\u1ec3 l\u00e0m t\u0103ng kh\u1ea3 n\u0103ng t\u00ecm \u0111\u01b0\u1ee3c vi\u1ec7c l\u00e0m.<\/p><\/div><\/div><\/div>[vc_empty_space height=&#8221;30px&#8221;]<div class=\"shortcode-wrapper shortcode-icon-box clearfix\"><div class=\"feature-box alternative left-icon-box aligncenter\"><div class=\"feature-box-content\"><h4 class=\"bold\">Vai tr\u00f2 v\u00e0 tr\u00e1ch nhi\u1ec7m:<\/h4><p>\u2022 Qu\u1ea3n l\u00fd to\u00e0n b\u1ed9 chu tr\u00ecnh b\u00e1n h\u00e0ng bao g\u1ed3m; t\u00ecm ki\u1ebfm kh\u00e1ch h\u00e0ng ti\u1ec1m n\u0103ng, t\u00ecm hi\u1ec3u th\u1ef1c t\u1ebf, tr\u00ecnh b\u00e0y, \u0111\u00e0m ph\u00e1n v\u00e0 \u0111\u00f3ng c\u00e1c t\u00e0i kho\u1ea3n th\u01b0\u01a1ng hi\u1ec7u v\u00e0 \u0111\u1ea1i l\u00fd ch\u00ednh<br \/>\n\u2022 Qu\u1ea3n l\u00fd v\u00e0 t\u1ea1o doanh thu t\u1eeb danh s\u00e1ch b\u00e1n h\u00e0ng ph\u00e1t tri\u1ec3n<br \/>\n\u2022 T\u01b0\u01a1ng t\u00e1c v\u1edbi c\u00e1c b\u1ed9 ph\u1eadn n\u1ed9i b\u1ed9 kh\u00e1c nhau \u0111\u1ec3 th\u1ef1c hi\u1ec7n c\u00e1c y\u00eau c\u1ea7u c\u1ee7a kh\u00e1ch h\u00e0ng nh\u01b0 l\u00ean l\u1ecbch qu\u1ea3ng c\u00e1o<br \/>\n\u2022 Ph\u1ea3n h\u1ed3i c\u00e1c y\u00eau c\u1ea7u g\u1eedi \u0111\u1ebfn c\u1ee7a kh\u00e1ch h\u00e0ng qua \u0111i\u1ec7n tho\u1ea1i v\u00e0 tr\u1ef1c tuy\u1ebfn<br \/>\n\u2022 S\u1eed d\u1ee5ng \u0111i\u1ec7n tho\u1ea1i v\u00e0 email, th\u1ec9nh tho\u1ea3ng th\u1ef1c hi\u1ec7n c\u00e1c cu\u1ed9c g\u1ecdi b\u00e1n h\u00e0ng tr\u1ef1c ti\u1ebfp<br \/>\n\u2022 Ph\u00e1t tri\u1ec3n m\u1ed1i quan h\u1ec7 \u0111\u1ec3 ph\u00e1t tri\u1ec3n l\u00e2u d\u00e0i<br \/>\n\u2022 H\u1ed7 tr\u1ee3 kh\u00e1ch h\u00e0ng v\u1ec1 b\u1ed1 c\u1ee5c v\u00e0 thi\u1ebft k\u1ebf qu\u1ea3ng c\u00e1o c\u01a1 b\u1ea3n c\u0169ng nh\u01b0 ph\u00e1t tri\u1ec3n c\u00e1c qu\u1ea3ng c\u00e1o c\u1ee5 th\u1ec3<br \/>\nK\u1ef9 n\u0103ng:<br \/>\n\u2022 Kinh nghi\u1ec7m l\u00e0m \u0111\u1ea1i di\u1ec7n b\u00e1n h\u00e0ng qu\u1ea3ng c\u00e1o \u0111\u00e3 \u0111\u01b0\u1ee3c ch\u1ee9ng minh.<br \/>\n\u2022 S\u1eed d\u1ee5ng th\u00e0nh th\u1ea1o t\u1ea5t c\u1ea3 c\u00e1c \u1ee9ng d\u1ee5ng Microsoft Office.<br \/>\n\u2022 Ki\u1ebfn th\u1ee9c v\u1eefng ch\u1eafc v\u1ec1 c\u00e1c nguy\u00ean t\u1eafc v\u00e0 k\u1ef9 thu\u1eadt ti\u1ebfp th\u1ecb.<br \/>\n\u2022 K\u1ef9 n\u0103ng t\u1ed5 ch\u1ee9c v\u00e0 ph\u00e2n t\u00edch xu\u1ea5t s\u1eafc.<br \/>\n\u2022 K\u1ef9 n\u0103ng \u0111\u00e0m ph\u00e1n v\u00e0 t\u01b0 v\u1ea5n b\u00e1n h\u00e0ng t\u1ed1t.<br \/>\n\u2022 K\u1ef9 n\u0103ng giao ti\u1ebfp hi\u1ec7u qu\u1ea3.<br \/>\n\u2022 K\u1ef9 n\u0103ng ph\u1ee5c v\u1ee5 kh\u00e1ch h\u00e0ng \u0111\u1eb7c bi\u1ec7t.<br \/>\ntr\u00ecnh \u0111\u1ed9:<br \/>\n\u2022 B\u1eb1ng t\u1ed1t nghi\u1ec7p trung h\u1ecdc ho\u1eb7c GED.<br \/>\n\u2022 \u01afu ti\u00ean c\u00f3 b\u1eb1ng c\u1eed nh\u00e2n ho\u1eb7c b\u1eb1ng cao \u0111\u1eb3ng v\u1ec1 qu\u1ea3ng c\u00e1o, truy\u1ec1n th\u00f4ng ho\u1eb7c l\u0129nh v\u1ef1c li\u00ean quan.<\/p><\/div><\/div><\/div>[\/vc_column_inner][\/vc_row_inner][\/vc_column][\/vc_row]\n<\/div>","protected":false},"excerpt":{"rendered":"<p>[vc_row top_margin=&#8221;0&#8243; bottom_margin=&#8221;0&#8243; css=&#8221;.vc_custom_1499912039446{margin-top: -30px !important;}&#8221;][vc_column][vc_row_inner][vc_column_inner][vc_empty_space height=&#8221;10px&#8221;][vc_empty_space height=&#8221;30px&#8221;][\/vc_column_inner][\/vc_row_inner][\/vc_column][\/vc_row]<\/p>\n","protected":false},"author":4,"featured_media":0,"parent":0,"menu_order":0,"comment_status":"closed","ping_status":"closed","template":"","meta":{"nf_dc_page":"","footnotes":""},"class_list":["post-10532","page","type-page","status-publish","hentry"],"_links":{"self":[{"href":"https:\/\/worknow.vn\/vi\/wp-json\/wp\/v2\/pages\/10532","targetHints":{"allow":["GET"]}}],"collection":[{"href":"https:\/\/worknow.vn\/vi\/wp-json\/wp\/v2\/pages"}],"about":[{"href":"https:\/\/worknow.vn\/vi\/wp-json\/wp\/v2\/types\/page"}],"author":[{"embeddable":true,"href":"https:\/\/worknow.vn\/vi\/wp-json\/wp\/v2\/users\/4"}],"replies":[{"embeddable":true,"href":"https:\/\/worknow.vn\/vi\/wp-json\/wp\/v2\/comments?post=10532"}],"version-history":[{"count":5,"href":"https:\/\/worknow.vn\/vi\/wp-json\/wp\/v2\/pages\/10532\/revisions"}],"predecessor-version":[{"id":11937,"href":"https:\/\/worknow.vn\/vi\/wp-json\/wp\/v2\/pages\/10532\/revisions\/11937"}],"wp:attachment":[{"href":"https:\/\/worknow.vn\/vi\/wp-json\/wp\/v2\/media?parent=10532"}],"curies":[{"name":"wp","href":"https:\/\/api.w.org\/{rel}","templated":true}]}}