{"id":10534,"date":"2022-08-11T03:54:25","date_gmt":"2022-08-11T03:54:25","guid":{"rendered":"https:\/\/worknow.vn\/junior-copywriter\/"},"modified":"2023-05-31T09:49:23","modified_gmt":"2023-05-31T09:49:23","slug":"nguoi-viet-noi-dung","status":"publish","type":"page","link":"https:\/\/worknow.vn\/vi\/nguoi-viet-noi-dung\/","title":{"rendered":"Ng\u01b0\u1eddi Vi\u1ebft N\u1ed9i Dung"},"content":{"rendered":"<div class=\"wpb-content-wrapper\">[vc_row top_margin=&#8221;0&#8243; bottom_margin=&#8221;0&#8243; css=&#8221;.vc_custom_1499912039446{margin-top: -30px !important;}&#8221;][vc_column]<div class=\"shortcode-wrapper shortcode-title clearfix hb-animate-element hb-fade-in\"><p style=\"color:#878787!important;border-color:#878787\" class=\"hb-text-large aligncenter\">Ng\u01b0\u1eddi Vi\u1ebft N\u1ed9i Dung<\/p><\/div>[vc_row_inner][vc_column_inner][vc_empty_space height=&#8221;10px&#8221;]<div class=\"shortcode-wrapper shortcode-icon-box clearfix\"><div class=\"feature-box alternative left-icon-box aligncenter\"><div class=\"feature-box-content\"><h4 class=\"bold\">M\u00f4 t\u1ea3 c\u00f4ng vi\u1ec7c<\/h4><p>Vi\u1ebft qu\u1ea3ng c\u00e1o l\u00e0 m\u1ed9t c\u00f4ng vi\u1ec7c quan tr\u1ecdng mang \u0111\u1ebfn nhi\u1ec1u c\u01a1 h\u1ed9i trong h\u1ea7u h\u1ebft m\u1ecdi ng\u00e0nh v\u00e0 lo\u1ea1i h\u00ecnh t\u1ed5 ch\u1ee9c. L\u00e0 m\u1ed9t copywriter m\u1edbi, b\u1ea1n gi\u00fap c\u00e1c nh\u00f3m g\u00e2y \u1ea3nh h\u01b0\u1edfng \u0111\u1ebfn ng\u01b0\u1eddi \u0111\u1ecdc ho\u1eb7c kh\u00e1n gi\u1ea3 v\u00e0 vi\u1ebft \u0111\u1ec3 truy\u1ec1n t\u1ea3i th\u00f4ng \u0111i\u1ec7p c\u1ee7a c\u00f4ng ty ho\u1eb7c m\u1ee5c \u0111\u00edch c\u1ee7a s\u1ea3n ph\u1ea9m. N\u1ebfu b\u1ea1n th\u00edch vi\u1ebft, bi\u00ean t\u1eadp v\u00e0 t\u1ea1o ra nh\u1eefng m\u1ea9u th\u00f4ng tin mang t\u00ednh truy\u1ec1n th\u00f4ng, tr\u1edf th\u00e0nh m\u1ed9t copywriter l\u00e0 m\u1ed9t con \u0111\u01b0\u1eddng s\u1ef1 nghi\u1ec7p \u0111\u00e1ng \u0111\u1ec3 l\u1ef1a ch\u1ecdn. Ng\u01b0\u1eddi vi\u1ebft qu\u1ea3ng c\u00e1o c\u1ea5p d\u01b0\u1edbi l\u00e0 m\u1ed9t v\u1ecb tr\u00ed vi\u1ebft \u1edf c\u1ea5p \u0111\u1ed9 \u0111\u1ea7u v\u00e0o, t\u1ea1o ra c\u00e1c t\u1eeb v\u00e0 b\u1ea3n sao trong c\u00e1c t\u00e0i li\u1ec7u x\u00e2y d\u1ef1ng th\u01b0\u01a1ng hi\u1ec7u, qu\u1ea3ng c\u00e1o v\u00e0 tr\u1ef1c tuy\u1ebfn. B\u1ea1n vi\u1ebft thay m\u1eb7t cho m\u1ed9t doanh nghi\u1ec7p ho\u1eb7c t\u1ed5 ch\u1ee9c, t\u1ea1o b\u1ea3n sao d\u1ea1ng ng\u1eafn v\u00e0 d\u00e0i, nh\u01b0 ti\u00eau \u0111\u1ec1, k\u1ecbch b\u1ea3n, blog, c\u00e2u c\u1eeda mi\u1ec7ng v\u00e0 n\u1ed9i dung ch\u00ednh c\u1ee7a b\u00e0i b\u00e1o ho\u1eb7c v\u0103n b\u1ea3n. Ng\u01b0\u1eddi vi\u1ebft qu\u1ea3ng c\u00e1o c\u1ea5p d\u01b0\u1edbi b\u00e1o c\u00e1o cho ng\u01b0\u1eddi vi\u1ebft qu\u1ea3ng c\u00e1o v\u00e0 ng\u01b0\u1eddi vi\u1ebft qu\u1ea3ng c\u00e1o c\u1ea5p cao, th\u01b0\u1eddng l\u00e0 trong ng\u00e0nh qu\u1ea3ng c\u00e1o ho\u1eb7c ti\u1ebfp th\u1ecb v\u00e0 c\u00f3 th\u1ec3 l\u00e0m vi\u1ec7c tr\u00ean c\u01a1 s\u1edf \u0111\u01b0\u1ee3c tr\u1ea3 l\u01b0\u01a1ng, l\u00e0m vi\u1ec7c t\u1ef1 do ho\u1eb7c theo h\u1ee3p \u0111\u1ed3ng. B\u1ea1n th\u01b0\u1eddng g\u1eedi t\u00e1c ph\u1ea9m c\u1ee7a m\u00ecnh v\u1edbi t\u01b0 c\u00e1ch l\u00e0 m\u1ed9t copywriter c\u1ea5p d\u01b0\u1edbi cho m\u1ed9t bi\u00ean t\u1eadp vi\u00ean, ng\u01b0\u1eddi gi\u00e1m s\u00e1t ho\u1eb7c copywriter c\u1ea5p cao tr\u01b0\u1edbc khi xu\u1ea5t b\u1ea3n.<br \/>\nM\u1ed9t copywriter m\u1edbi v\u00e0o ngh\u1ec1 th\u00e0nh c\u00f4ng nh\u1ea5t khi h\u1ecd c\u00f3 mong mu\u1ed1n v\u00e0 \u0111am m\u00ea v\u1ec1 \u0111\u1ed9 ch\u00ednh x\u00e1c c\u0169ng nh\u01b0 con m\u1eaft tinh t\u01b0\u1eddng v\u1ec1 \u0111\u1ecbnh d\u1ea1ng, ch\u00ednh t\u1ea3 v\u00e0 d\u1ea5u c\u00e2u ph\u00f9 h\u1ee3p. C\u00f3 kh\u1ea3 n\u0103ng l\u00e0m vi\u1ec7c \u0111\u1ed3ng th\u1eddi tr\u00ean nhi\u1ec1u d\u1ef1 \u00e1n v\u00e0 s\u1eafp x\u1ebfp ng\u00e0y l\u00e0m vi\u1ec7c c\u1ee7a b\u1ea1n \u0111\u1ec3 \u0111\u1ea1t \u0111\u01b0\u1ee3c m\u1ee5c ti\u00eau v\u00e0 h\u1ea1n ng\u1ea1ch l\u00e0 m\u1ed9t ph\u1ea7n quan tr\u1ecdng c\u1ee7a vi\u1ec7c tr\u1edf th\u00e0nh m\u1ed9t copywriter m\u1edbi v\u00e0o ngh\u1ec1. Vi\u1ebft l\u00e0 m\u1ed9t k\u1ef9 n\u0103ng thi\u1ebft y\u1ebfu c\u1ea7n thi\u1ebft \u0111\u1ec3 tr\u1edf th\u00e0nh m\u1ed9t copywriter v\u00e0 b\u1ea1n ph\u1ea3i c\u00f3 kh\u1ea3 n\u0103ng t\u1ea1o ra nh\u1eefng b\u1ea3n sao m\u1ea1nh m\u1ebd, \u0111\u00fang ng\u1eef ph\u00e1p v\u00e0 kh\u00f4ng c\u00f3 l\u1ed7i, d\u1ec5 \u0111\u1ecdc, th\u00fa v\u1ecb v\u00e0 h\u1ea5p d\u1eabn. B\u1ea1n vi\u1ebft v\u1ec1 nhi\u1ec1u ch\u1ee7 \u0111\u1ec1 kh\u00e1c nhau v\u1edbi t\u01b0 c\u00e1ch l\u00e0 m\u1ed9t copywriter, v\u00e0 kh\u1ea3 n\u0103ng chuy\u1ec3n \u00fd t\u01b0\u1edfng c\u1ee7a b\u1ea1n th\u00e0nh n\u1ed9i dung v\u00e0 h\u1ecdc h\u1ecfi t\u1eeb c\u00e1c chuy\u00ean gia s\u00e1ng t\u1ea1o kh\u00e1c l\u00e0 r\u1ea5t quan tr\u1ecdng. C\u00f3 th\u1ec3 \u0111i\u1ec1u tra nhi\u1ec1u ch\u1ee7 \u0111\u1ec1 v\u00e0 n\u1ed9i dung l\u00e0 m\u1ed9t ph\u1ea7n c\u00f4ng vi\u1ec7c b\u1ea1n l\u00e0m v\u1edbi t\u01b0 c\u00e1ch l\u00e0 m\u1ed9t ng\u01b0\u1eddi vi\u1ebft qu\u1ea3ng c\u00e1o m\u1edbi v\u00e0o ngh\u1ec1 tr\u01b0\u1edbc khi t\u1ea1o ra n\u1ed9i dung ch\u00ednh x\u00e1c, trung th\u1ef1c v\u00e0 c\u00f3 gi\u00e1 tr\u1ecb. \u0110\u00e1p \u1ee9ng th\u1eddi h\u1ea1n v\u00e0 ho\u00e0n th\u00e0nh h\u1ea1n ng\u1ea1ch l\u00e0 m\u1ed9t ph\u1ea7n tr\u00e1ch nhi\u1ec7m c\u1ee7a b\u1ea1n v\u1edbi t\u01b0 c\u00e1ch l\u00e0 ng\u01b0\u1eddi vi\u1ebft qu\u1ea3ng c\u00e1o m\u1edbi v\u00e0o ngh\u1ec1, v\u00ec v\u1eady vi\u1ec7c thi\u1ebft l\u1eadp c\u00e1c ph\u01b0\u01a1ng ph\u00e1p qu\u1ea3n l\u00fd th\u1eddi gian t\u1ed1t c\u00f3 th\u1ec3 gi\u00fap b\u1ea1n th\u00e0nh c\u00f4ng. Kh\u1ea3 n\u0103ng nh\u1eadp ch\u00ednh x\u00e1c v\u00e0 nhanh ch\u00f3ng, l\u01b0u t\u1ec7p v\u00e0 s\u1eed d\u1ee5ng World Wide Web \u0111\u1ec3 nghi\u00ean c\u1ee9u n\u1ed9i dung c\u1ee7a b\u1ea1n l\u00e0 c\u01a1 s\u1edf c\u1ee7a vai tr\u00f2 vi\u1ebft qu\u1ea3ng c\u00e1o.<br \/>\nB\u1eb1ng c\u1ea5p gi\u00e1o d\u1ee5c \u0111\u1ea1i h\u1ecdc th\u01b0\u1eddng \u0111\u01b0\u1ee3c \u01b0u ti\u00ean h\u01a1n, m\u1eb7c d\u00f9 kh\u00f4ng ph\u1ea3i l\u00fac n\u00e0o c\u0169ng b\u1eaft bu\u1ed9c, \u0111\u1ec3 c\u00f3 \u0111\u01b0\u1ee3c vi\u1ec7c l\u00e0m v\u1edbi t\u01b0 c\u00e1ch l\u00e0 ng\u01b0\u1eddi vi\u1ebft qu\u1ea3ng c\u00e1o m\u1edbi v\u00e0o ngh\u1ec1 v\u00e0 c\u00f3 th\u1ec3 gi\u00fap b\u1ea1n tr\u1edf th\u00e0nh \u1ee9ng vi\u00ean c\u1ea1nh tranh h\u01a1n trong m\u1eaft c\u00e1c nh\u00e0 tuy\u1ec3n d\u1ee5ng. Xem x\u00e9t chuy\u00ean ng\u00e0nh ho\u1eb7c chuy\u00ean ng\u00e0nh Qu\u1ea3ng c\u00e1o, Ti\u1ebfng Anh, Truy\u1ec1n th\u00f4ng, Vi\u1ebft l\u00e1ch, B\u00e1o ch\u00ed, Quan h\u1ec7 c\u00f4ng ch\u00fang, Kinh doanh.<\/p><\/div><\/div><\/div>[vc_empty_space height=&#8221;30px&#8221;]<div class=\"shortcode-wrapper shortcode-icon-box clearfix\"><div class=\"feature-box alternative left-icon-box aligncenter\"><div class=\"feature-box-content\"><h4 class=\"bold\">Vai tr\u00f2 v\u00e0 tr\u00e1ch nhi\u1ec7m:<\/h4><p>\u2022 Vi\u1ebft v\u00e0 \u0111\u1ecdc l\u1ea1i c\u00e1c b\u00e0i \u0111\u0103ng tr\u00ean blog v\u1ec1 c\u00e1c s\u1ea3n ph\u1ea9m v\u00e0 d\u1ecbch v\u1ee5 c\u1ee7a c\u00f4ng ty ch\u00fang t\u00f4i<br \/>\n\u2022 T\u1ea1o v\u0103n b\u1ea3n qu\u1ea3ng c\u00e1o cho qu\u1ea3ng c\u00e1o tr\u1ef1c tuy\u1ebfn, bi\u1ec3u ng\u1eef, t\u00e0i li\u1ec7u qu\u1ea3ng c\u00e1o v\u00e0 m\u1ea1ng x\u00e3 h\u1ed9i<br \/>\n\u2022 Ti\u1ebfn h\u00e0nh nghi\u00ean c\u1ee9u t\u1eeb kh\u00f3a c\u01a1 b\u1ea3n<br \/>\n\u2022 G\u1eedi c\u00e1c b\u1ea3n th\u1ea3o c\u00f3 c\u1ea5u tr\u00fac t\u1ed1t cho c\u00e1c nh\u00e0 vi\u1ebft qu\u1ea3ng c\u00e1o v\u00e0 bi\u00ean t\u1eadp vi\u00ean c\u1ea5p cao trong th\u1eddi h\u1ea1n<br \/>\n\u2022 C\u1eadp nh\u1eadt n\u1ed9i dung hi\u1ec7n c\u00f3 tr\u00ean c\u00e1c trang web c\u1ee7a ch\u00fang t\u00f4i<br \/>\n\u2022 Tham gia c\u00e1c chi\u1ebfn d\u1ecbch ti\u1ebfp th\u1ecb qua email<br \/>\n\u2022 Th\u1ef1c hi\u1ec7n c\u00e1c ph\u01b0\u01a1ng ph\u00e1p SEO \u0111\u1ec3 t\u0103ng kh\u1ea3 n\u0103ng hi\u1ec3n th\u1ecb c\u1ee7a c\u00e1c b\u00e0i \u0111\u0103ng tr\u00ean blog<br \/>\n\u2022 Ph\u1ecfng v\u1ea5n c\u00e1c th\u00e0nh vi\u00ean n\u1ed9i b\u1ed9 c\u1ee7a nh\u00f3m (v\u00ed d\u1ee5: nh\u00e0 ph\u00e1t tri\u1ec3n s\u1ea3n ph\u1ea9m v\u00e0 nh\u00e2n vi\u00ean b\u00e1n h\u00e0ng) \u0111\u1ec3 t\u00ecm hi\u1ec3u v\u1ec1 c\u00e1c t\u00ednh n\u0103ng c\u1ee7a s\u1ea3n ph\u1ea9m<br \/>\n\u2022 Ph\u1ed1i h\u1ee3p v\u1edbi c\u00e1c nh\u00e0 thi\u1ebft k\u1ebf \u0111\u1ec3 b\u1ed5 sung cho v\u0103n b\u1ea3n b\u1eb1ng h\u00ecnh \u1ea3nh, \u0111\u1ed3 h\u1ecda v\u00e0 bi\u1ec3u \u0111\u1ed3 khi c\u1ea7n<br \/>\nK\u1ef9 n\u0103ng:<br \/>\n\u2022 Kinh nghi\u1ec7m l\u00e0m vi\u1ec7c v\u1edbi vai tr\u00f2 l\u00e0 Ng\u01b0\u1eddi vi\u1ebft qu\u1ea3ng c\u00e1o nh\u1ecf, Ng\u01b0\u1eddi vi\u1ebft n\u1ed9i dung ho\u1eb7c vai tr\u00f2 t\u01b0\u01a1ng t\u1ef1<br \/>\n\u2022 Copywriting m\u1eabu; m\u1ed9t danh m\u1ee5c c\u00e1c b\u00e0i b\u00e1o \u0111\u01b0\u1ee3c xu\u1ea5t b\u1ea3n l\u00e0 m\u1ed9t l\u1ee3i th\u1ebf<br \/>\n\u2022 Kh\u1ea3 n\u0103ng m\u00f4 t\u1ea3 c\u00e1c t\u00ednh n\u0103ng c\u1ee7a s\u1ea3n ph\u1ea9m m\u1ed9t c\u00e1ch s\u00e1ng t\u1ea1o v\u00e0 gi\u00e0u th\u00f4ng tin<br \/>\n\u2022 K\u1ef9 n\u0103ng vi\u1ebft v\u00e0 bi\u00ean t\u1eadp b\u1eb1ng ti\u1ebfng Anh xu\u1ea5t s\u1eafc<br \/>\n\u2022 Tr\u1ea3i nghi\u1ec7m th\u1ef1c t\u1ebf v\u1edbi H\u1ec7 th\u1ed1ng qu\u1ea3n l\u00fd n\u1ed9i dung (v\u00ed d\u1ee5: WordPress)<br \/>\n\u2022 Ki\u1ebfn th\u1ee9c c\u01a1 b\u1ea3n v\u1ec1 SEO v\u00e0 c\u00e1c c\u00f4ng c\u1ee5 nghi\u00ean c\u1ee9u t\u1eeb kh\u00f3a (v\u00ed d\u1ee5: Keyword Planner v\u00e0 Moz)<br \/>\n\u2022 Quen thu\u1ed9c v\u1edbi truy\u1ec1n th\u00f4ng x\u00e3 h\u1ed9i cho doanh nghi\u1ec7p<br \/>\n\u2022 K\u1ef9 n\u0103ng qu\u1ea3n l\u00fd th\u1eddi gian v\u1eefng ch\u1eafc<br \/>\nTr\u00ecnh \u0111\u1ed9 chuy\u00ean m\u00f4n: C\u1eed nh\u00e2n Marketing, Truy\u1ec1n th\u00f4ng, B\u00e1o ch\u00ed ho\u1eb7c l\u0129nh v\u1ef1c li\u00ean quan<\/p><\/div><\/div><\/div>[\/vc_column_inner][\/vc_row_inner][\/vc_column][\/vc_row]\n<\/div>","protected":false},"excerpt":{"rendered":"<p>[vc_row top_margin=&#8221;0&#8243; bottom_margin=&#8221;0&#8243; css=&#8221;.vc_custom_1499912039446{margin-top: -30px !important;}&#8221;][vc_column][vc_row_inner][vc_column_inner][vc_empty_space height=&#8221;10px&#8221;][vc_empty_space height=&#8221;30px&#8221;][\/vc_column_inner][\/vc_row_inner][\/vc_column][\/vc_row]<\/p>\n","protected":false},"author":4,"featured_media":0,"parent":0,"menu_order":0,"comment_status":"closed","ping_status":"closed","template":"","meta":{"nf_dc_page":"","footnotes":""},"class_list":["post-10534","page","type-page","status-publish","hentry"],"_links":{"self":[{"href":"https:\/\/worknow.vn\/vi\/wp-json\/wp\/v2\/pages\/10534","targetHints":{"allow":["GET"]}}],"collection":[{"href":"https:\/\/worknow.vn\/vi\/wp-json\/wp\/v2\/pages"}],"about":[{"href":"https:\/\/worknow.vn\/vi\/wp-json\/wp\/v2\/types\/page"}],"author":[{"embeddable":true,"href":"https:\/\/worknow.vn\/vi\/wp-json\/wp\/v2\/users\/4"}],"replies":[{"embeddable":true,"href":"https:\/\/worknow.vn\/vi\/wp-json\/wp\/v2\/comments?post=10534"}],"version-history":[{"count":5,"href":"https:\/\/worknow.vn\/vi\/wp-json\/wp\/v2\/pages\/10534\/revisions"}],"predecessor-version":[{"id":11936,"href":"https:\/\/worknow.vn\/vi\/wp-json\/wp\/v2\/pages\/10534\/revisions\/11936"}],"wp:attachment":[{"href":"https:\/\/worknow.vn\/vi\/wp-json\/wp\/v2\/media?parent=10534"}],"curies":[{"name":"wp","href":"https:\/\/api.w.org\/{rel}","templated":true}]}}