{"id":10536,"date":"2022-08-11T03:55:03","date_gmt":"2022-08-11T03:55:03","guid":{"rendered":"https:\/\/worknow.vn\/graphic-designer\/"},"modified":"2023-05-31T09:49:22","modified_gmt":"2023-05-31T09:49:22","slug":"thiet-ke-do-hoa","status":"publish","type":"page","link":"https:\/\/worknow.vn\/vi\/thiet-ke-do-hoa\/","title":{"rendered":"Thi\u1ebft K\u1ebf \u0110\u1ed3 H\u1ecda"},"content":{"rendered":"<div class=\"wpb-content-wrapper\">[vc_row top_margin=&#8221;0&#8243; bottom_margin=&#8221;0&#8243; css=&#8221;.vc_custom_1499912039446{margin-top: -30px !important;}&#8221;][vc_column]<div class=\"shortcode-wrapper shortcode-title clearfix hb-animate-element hb-fade-in\"><p style=\"color:#878787!important;border-color:#878787\" class=\"hb-text-large aligncenter\">Thi\u1ebft K\u1ebf \u0110\u1ed3 H\u1ecda<\/p><\/div>[vc_row_inner][vc_column_inner][vc_empty_space height=&#8221;10px&#8221;]<div class=\"shortcode-wrapper shortcode-icon-box clearfix\"><div class=\"feature-box alternative left-icon-box aligncenter\"><div class=\"feature-box-content\"><h4 class=\"bold\">M\u00f4 t\u1ea3 c\u00f4ng vi\u1ec7c<\/h4><p>C\u00e1c nh\u00e0 thi\u1ebft k\u1ebf \u0111\u1ed3 h\u1ecda t\u1ea1o ra n\u1ed9i dung tr\u1ef1c quan \u1edf c\u1ea3 d\u1ea1ng in v\u00e0 d\u1ea1ng k\u1ef9 thu\u1eadt s\u1ed1. H\u1ecd c\u00f3 th\u1ec3 l\u00e0m vi\u1ec7c tr\u00ean qu\u1ea3ng c\u00e1o, b\u1ea3n tin, \u1ea5n ph\u1ea9m, ph\u01b0\u01a1ng ti\u1ec7n k\u1ef9 thu\u1eadt s\u1ed1, phim, thi\u1ebft k\u1ebf web ho\u1eb7c \u1ee9ng d\u1ee5ng, bao b\u00ec s\u1ea3n ph\u1ea9m ho\u1eb7c thi\u1ebft k\u1ebf n\u1ed9i th\u1ea5t ho\u1eb7c ki\u1ebfn tr\u00fac. M\u1ed9t c\u00f4ng ty, kh\u00e1ch h\u00e0ng ho\u1eb7c gi\u00e1m \u0111\u1ed1c ngh\u1ec7 thu\u1eadt s\u1ebd cung c\u1ea5p cho nh\u00e0 thi\u1ebft k\u1ebf \u0111\u1ed3 h\u1ecda m\u1ed9t th\u00f4ng \u0111i\u1ec7p ho\u1eb7c \u00fd t\u01b0\u1edfng \u0111\u1ec3 truy\u1ec1n th\u00f4ng m\u1ed9t c\u00e1ch tr\u1ef1c quan. Sau \u0111\u00f3, nh\u00e0 thi\u1ebft k\u1ebf s\u1eed d\u1ee5ng v\u0103n b\u1ea3n, h\u00ecnh \u1ea3nh v\u00e0 m\u00e0u s\u1eafc \u0111\u1ec3 t\u1ea1o th\u00e0nh ph\u1ea7n h\u00ecnh \u1ea3nh \u0111\u00f3. M\u1ed9t nh\u00e0 thi\u1ebft k\u1ebf \u0111\u1ed3 h\u1ecda t\u1ea1o ra nh\u1eefng h\u00ecnh \u1ea3nh h\u1eefu \u00edch, c\u00f3 \u00fd ngh\u0129a v\u00e0 ch\u1ee9c n\u0103ng b\u1eb1ng nhi\u1ec1u ph\u01b0\u01a1ng ti\u1ec7n c\u00f4ng ngh\u1ec7 kh\u00e1c nhau. C\u00f4ng vi\u1ec7c ph\u1ee5 thu\u1ed9c ph\u1ea7n l\u1edbn v\u00e0o nhu c\u1ea7u c\u1ee7a kh\u00e1ch h\u00e0ng ho\u1eb7c c\u00f4ng ty, nh\u01b0ng tr\u00e1ch nhi\u1ec7m chung c\u1ee7a nh\u00e0 thi\u1ebft k\u1ebf c\u00f3 th\u1ec3 bao g\u1ed3m: ph\u00e1t tri\u1ec3n t\u00e0i s\u1ea3n tr\u1ef1c quan \u0111\u1ec3 h\u1ed7 tr\u1ee3 chi\u1ebfn d\u1ecbch ti\u1ebfp th\u1ecb, thi\u1ebft k\u1ebf l\u1edbp ph\u1ee7 \u0111\u1ed3 h\u1ecda cho c\u00e1c b\u00e0i \u0111\u0103ng tr\u00ean m\u1ea1ng x\u00e3 h\u1ed9i, ch\u00ednh th\u1ee9c h\u00f3a b\u1ed1 c\u1ee5c cho qu\u1ea3ng c\u00e1o in v\u00e0 ch\u1ec9nh s\u1eeda \u1ea3nh cho b\u1ea3ng hi\u1ec7u k\u1ef9 thu\u1eadt s\u1ed1 .<br \/>\nC\u00e1c nh\u00e0 thi\u1ebft k\u1ebf \u0111\u1ed3 h\u1ecda ph\u1ea3i ngh\u0129 ra nh\u1eefng c\u00e1ch m\u1edbi v\u00e0 th\u00fa v\u1ecb \u0111\u1ec3 truy\u1ec1n \u0111\u1ea1t \u00fd t\u01b0\u1edfng m\u1ed9t c\u00e1ch tr\u1ef1c quan. Ngo\u00e0i vi\u1ec7c \u0111\u01b0a ra \u00fd t\u01b0\u1edfng, c\u00e1c nh\u00e0 thi\u1ebft k\u1ebf \u0111\u1ed3 h\u1ecda ph\u1ea3i c\u00f3 t\u00e0i n\u0103ng ngh\u1ec7 thu\u1eadt \u0111\u1ec3 v\u1ebd, minh h\u1ecda ho\u1eb7c t\u1ea1o h\u00ecnh \u1ea3nh b\u1eb1ng m\u00e1y t\u00ednh. H\u1ecd c\u0169ng n\u00ean c\u1ea3m th\u1ea5y tho\u1ea3i m\u00e1i khi s\u1eed d\u1ee5ng c\u00e1c ph\u01b0\u01a1ng ti\u1ec7n kh\u00e1c nhau. C\u00e1c nh\u00e0 thi\u1ebft k\u1ebf \u0111\u1ed3 h\u1ecda n\u00ean th\u1ea3o lu\u1eadn r\u00f5 r\u00e0ng v\u1ec1 c\u00e1c th\u00f4ng \u0111i\u1ec7p v\u00e0 \u00fd t\u01b0\u1edfng v\u1edbi gi\u00e1m \u0111\u1ed1c ngh\u1ec7 thu\u1eadt, kh\u00e1ch h\u00e0ng ho\u1eb7c c\u00e1c ngh\u1ec7 s\u0129 kh\u00e1c \u0111\u1ec3 \u0111\u1ea3m b\u1ea3o r\u1eb1ng h\u1ecd \u0111ang t\u1ea1o ra m\u1ed9t thi\u1ebft k\u1ebf hi\u1ec7u qu\u1ea3. Ng\u00e0y nay, h\u1ea7u h\u1ebft c\u00e1c nh\u00e0 thi\u1ebft k\u1ebf s\u1eed d\u1ee5ng ph\u1ea7n m\u1ec1m thi\u1ebft k\u1ebf \u0111\u1ed3 h\u1ecda \u0111\u1ec3 t\u1ea1o ho\u1eb7c ch\u1ec9nh s\u1eeda h\u00ecnh \u1ea3nh v\u00e0 b\u1ed1 c\u1ee5c. H\u1ecd c\u00f3 th\u1ec3 c\u1ea7n hi\u1ec3u c\u00e1ch s\u1eed d\u1ee5ng ph\u1ea7n m\u1ec1m ch\u1ec9nh s\u1eeda, b\u1ed1 c\u1ee5c v\u00e0 xu\u1ea5t b\u1ea3n \u1ea3nh. C\u00e1c nh\u00e0 thi\u1ebft k\u1ebf \u0111\u1ed3 h\u1ecda th\u01b0\u1eddng l\u00e0m vi\u1ec7c theo th\u1eddi h\u1ea1n nghi\u00eam ng\u1eb7t v\u00e0 nhi\u1ec1u d\u1ef1 \u00e1n c\u00f9ng m\u1ed9t l\u00fac. H\u1ecd ph\u1ea3i \u01b0u ti\u00ean c\u00e1c d\u1ef1 \u00e1n v\u00e0 s\u1eed d\u1ee5ng th\u1eddi gian hi\u1ec7u qu\u1ea3 \u0111\u1ec3 \u0111\u00e1p \u1ee9ng c\u00e1c th\u1eddi h\u1ea1n n\u00e0y. C\u00e1c nh\u00e0 thi\u1ebft k\u1ebf \u0111\u1ed3 h\u1ecda s\u1ebd c\u00f3 th\u1ec3 l\u1ea5y m\u1ed9t \u00fd t\u01b0\u1edfng ho\u1eb7c t\u1eadp h\u1ee3p d\u1eef li\u1ec7u ph\u1ee9c t\u1ea1p v\u00e0 x\u00e1c \u0111\u1ecbnh c\u00e1ch th\u1ec3 hi\u1ec7n h\u00ecnh \u1ea3nh t\u1ed1t nh\u1ea5t.<br \/>\nM\u1ed9t s\u1ed1 nh\u00e0 thi\u1ebft k\u1ebf \u0111\u1ed3 h\u1ecda c\u00f3 th\u1ec3 ki\u1ebfm \u0111\u01b0\u1ee3c vi\u1ec7c l\u00e0m ch\u1ec9 v\u1edbi ch\u1ee9ng ch\u1ec9 ho\u1eb7c b\u1eb1ng cao \u0111\u1eb3ng hai n\u0103m. Tuy nhi\u00ean, h\u1ea7u h\u1ebft c\u00e1c nh\u00e0 thi\u1ebft k\u1ebf \u0111\u1ed3 h\u1ecda \u0111\u00e3 nh\u1eadn \u0111\u01b0\u1ee3c b\u1eb1ng C\u1eed nh\u00e2n Ngh\u1ec7 thu\u1eadt ho\u1eb7c mM\u1ef9 thu\u1eadt v\u1ec1 ngh\u1ec7 thu\u1eadt \u0111\u1ed3 h\u1ecda, thi\u1ebft k\u1ebf \u0111\u1ed3 h\u1ecda ho\u1eb7c m\u1ed9t l\u0129nh v\u1ef1c t\u01b0\u01a1ng t\u1ef1. M\u1ed9t s\u1ed1 tr\u01b0\u1eddng cao \u0111\u1eb3ng c\u00f3 c\u00e1c ch\u01b0\u01a1ng tr\u00ecnh t\u1eadp trung \u0111\u1eb7c bi\u1ec7t v\u00e0o ngh\u1ec7 thu\u1eadt v\u00e0 thi\u1ebft k\u1ebf v\u00e0 c\u00e1c kh\u00f3a h\u1ecdc c\u1ea7n thi\u1ebft \u0111\u1ec3 chu\u1ea9n b\u1ecb cho sinh vi\u00ean t\u1ed1t nghi\u1ec7p cho c\u00f4ng vi\u1ec7c thi\u1ebft k\u1ebf \u0111\u1ed3 h\u1ecda. Nhi\u1ec1u tr\u01b0\u1eddng trong s\u1ed1 n\u00e0y \u0111\u01b0\u1ee3c Hi\u1ec7p h\u1ed9i c\u00e1c tr\u01b0\u1eddng ngh\u1ec7 thu\u1eadt v\u00e0 thi\u1ebft k\u1ebf qu\u1ed1c gia c\u00f4ng nh\u1eadn. C\u00f4ng vi\u1ec7c thi\u1ebft k\u1ebf \u0111\u1ed3 h\u1ecda th\u01b0\u1eddng kh\u00f4ng y\u00eau c\u1ea7u b\u1eb1ng c\u1ea5p cao ngo\u00e0i b\u1eb1ng c\u1eed nh\u00e2n.<\/p><\/div><\/div><\/div>[vc_empty_space height=&#8221;30px&#8221;]<div class=\"shortcode-wrapper shortcode-icon-box clearfix\"><div class=\"feature-box alternative left-icon-box aligncenter\"><div class=\"feature-box-content\"><h4 class=\"bold\">Vai tr\u00f2 v\u00e0 tr\u00e1ch nhi\u1ec7m:<\/h4><p>\u2022 L\u1eadp k\u1ebf ho\u1ea1ch kh\u00e1i ni\u1ec7m b\u1eb1ng c\u00e1ch nghi\u00ean c\u1ee9u th\u00f4ng tin v\u00e0 t\u00e0i li\u1ec7u li\u00ean quan.<br \/>\n\u2022 Minh h\u1ecda c\u00e1c kh\u00e1i ni\u1ec7m b\u1eb1ng c\u00e1ch thi\u1ebft k\u1ebf c\u00e1c v\u00ed d\u1ee5 v\u1ec1 ngh\u1ec7 thu\u1eadt s\u1eafp x\u1ebfp, k\u00edch c\u1ee1, c\u1ee1 ch\u1eef v\u00e0 phong c\u00e1ch v\u00e0 \u0111\u1ec7 tr\u00ecnh ch\u00fang \u0111\u1ec3 ph\u00ea duy\u1ec7t.<br \/>\n\u2022 Chu\u1ea9n b\u1ecb m\u1ef9 thu\u1eadt ho\u00e0n thi\u1ec7n b\u1eb1ng c\u00e1ch v\u1eadn h\u00e0nh c\u00e1c thi\u1ebft b\u1ecb v\u00e0 ph\u1ea7n m\u1ec1m c\u1ea7n thi\u1ebft.<br \/>\n\u2022 Ph\u1ed1i h\u1ee3p v\u1edbi c\u00e1c c\u01a1 quan b\u00ean ngo\u00e0i, d\u1ecbch v\u1ee5 ngh\u1ec7 thu\u1eadt, nh\u00e0 thi\u1ebft k\u1ebf web, ti\u1ebfp th\u1ecb, m\u00e1y in v\u00e0 \u0111\u1ed3ng nghi\u1ec7p khi c\u1ea7n thi\u1ebft.<br \/>\n\u2022 \u0110\u00f3ng g\u00f3p v\u00e0o n\u1ed7 l\u1ef1c c\u1ee7a nh\u00f3m b\u1eb1ng c\u00e1ch ho\u00e0n th\u00e0nh nhi\u1ec7m v\u1ee5 khi c\u1ea7n thi\u1ebft.<br \/>\n\u2022 Giao ti\u1ebfp v\u1edbi kh\u00e1ch h\u00e0ng v\u1ec1 b\u1ed1 c\u1ee5c v\u00e0 thi\u1ebft k\u1ebf.<br \/>\n\u2022 T\u1ea1o nhi\u1ec1u lo\u1ea1i \u0111\u1ed3 h\u1ecda v\u00e0 b\u1ed1 c\u1ee5c cho h\u00ecnh minh h\u1ecda s\u1ea3n ph\u1ea9m, logo c\u00f4ng ty v\u00e0 trang web b\u1eb1ng ph\u1ea7n m\u1ec1m nh\u01b0 photoshop.<br \/>\n\u2022 Xem l\u1ea1i b\u1ed1 c\u1ee5c cu\u1ed1i c\u00f9ng v\u00e0 \u0111\u1ec1 xu\u1ea5t c\u1ea3i ti\u1ebfn khi c\u1ea7n thi\u1ebft.<br \/>\nK\u1ef9 n\u0103ng:<br \/>\n\u2022 Th\u1ec3 hi\u1ec7n k\u1ef9 n\u0103ng thi\u1ebft k\u1ebf \u0111\u1ed3 h\u1ecda v\u1edbi danh m\u1ee5c \u0111\u1ea7u t\u01b0 m\u1ea1nh m\u1ebd.<br \/>\n\u2022 Th\u00e0nh th\u1ea1o c\u00e1c c\u00f4ng c\u1ee5 xu\u1ea5t b\u1ea3n tr\u00ean m\u00e1y t\u00ednh \u0111\u1ec3 b\u00e0n c\u1ea7n thi\u1ebft, bao g\u1ed3m Photoshop, InDesign Quark v\u00e0 Illustrator.<br \/>\n\u2022 C\u00f3 con m\u1eaft tinh t\u01b0\u1eddng v\u1ec1 b\u1ed1 c\u1ee5c h\u00ecnh \u1ea3nh.<br \/>\n\u2022 K\u1ef9 n\u0103ng qu\u1ea3n l\u00fd th\u1eddi gian hi\u1ec7u qu\u1ea3 v\u00e0 kh\u1ea3 n\u0103ng \u0111\u00e1p \u1ee9ng th\u1eddi h\u1ea1n.<br \/>\n\u2022 C\u00f3 th\u1ec3 \u0111\u01b0a ra v\u00e0 nh\u1eadn nh\u1eefng l\u1eddi ch\u1ec9 tr\u00edch mang t\u00ednh x\u00e2y d\u1ef1ng.<br \/>\n\u2022 Hi\u1ec3u bi\u1ebft v\u1ec1 ti\u1ebfp th\u1ecb, s\u1ea3n xu\u1ea5t, thi\u1ebft k\u1ebf trang web, b\u1ea3n s\u1eafc c\u00f4ng ty, bao b\u00ec s\u1ea3n ph\u1ea9m, qu\u1ea3ng c\u00e1o v\u00e0 thi\u1ebft k\u1ebf \u0111a ph\u01b0\u01a1ng ti\u1ec7n.<br \/>\n\u2022 Kinh nghi\u1ec7m v\u1edbi thi\u1ebft k\u1ebf c\u00f3 s\u1ef1 tr\u1ee3 gi\u00fap c\u1ee7a m\u00e1y t\u00ednh.<br \/>\nTr\u00ecnh \u0111\u1ed9 chuy\u00ean m\u00f4n: B\u1eb1ng c\u1eed nh\u00e2n thi\u1ebft k\u1ebf \u0111\u1ed3 h\u1ecda ho\u1eb7c l\u0129nh v\u1ef1c li\u00ean quan.<\/p><\/div><\/div><\/div>[\/vc_column_inner][\/vc_row_inner][\/vc_column][\/vc_row]\n<\/div>","protected":false},"excerpt":{"rendered":"<p>[vc_row top_margin=&#8221;0&#8243; bottom_margin=&#8221;0&#8243; css=&#8221;.vc_custom_1499912039446{margin-top: -30px !important;}&#8221;][vc_column][vc_row_inner][vc_column_inner][vc_empty_space height=&#8221;10px&#8221;][vc_empty_space height=&#8221;30px&#8221;][\/vc_column_inner][\/vc_row_inner][\/vc_column][\/vc_row]<\/p>\n","protected":false},"author":4,"featured_media":0,"parent":0,"menu_order":0,"comment_status":"closed","ping_status":"closed","template":"","meta":{"nf_dc_page":"","footnotes":""},"class_list":["post-10536","page","type-page","status-publish","hentry"],"_links":{"self":[{"href":"https:\/\/worknow.vn\/vi\/wp-json\/wp\/v2\/pages\/10536","targetHints":{"allow":["GET"]}}],"collection":[{"href":"https:\/\/worknow.vn\/vi\/wp-json\/wp\/v2\/pages"}],"about":[{"href":"https:\/\/worknow.vn\/vi\/wp-json\/wp\/v2\/types\/page"}],"author":[{"embeddable":true,"href":"https:\/\/worknow.vn\/vi\/wp-json\/wp\/v2\/users\/4"}],"replies":[{"embeddable":true,"href":"https:\/\/worknow.vn\/vi\/wp-json\/wp\/v2\/comments?post=10536"}],"version-history":[{"count":5,"href":"https:\/\/worknow.vn\/vi\/wp-json\/wp\/v2\/pages\/10536\/revisions"}],"predecessor-version":[{"id":11935,"href":"https:\/\/worknow.vn\/vi\/wp-json\/wp\/v2\/pages\/10536\/revisions\/11935"}],"wp:attachment":[{"href":"https:\/\/worknow.vn\/vi\/wp-json\/wp\/v2\/media?parent=10536"}],"curies":[{"name":"wp","href":"https:\/\/api.w.org\/{rel}","templated":true}]}}