{"id":10541,"date":"2022-08-11T03:57:26","date_gmt":"2022-08-11T03:57:26","guid":{"rendered":"https:\/\/worknow.vn\/product-manager\/"},"modified":"2023-05-31T09:49:19","modified_gmt":"2023-05-31T09:49:19","slug":"quan-ly-san-xuat","status":"publish","type":"page","link":"https:\/\/worknow.vn\/vi\/quan-ly-san-xuat\/","title":{"rendered":"Qu\u1ea3n L\u00fd S\u1ea3n Xu\u1ea5t"},"content":{"rendered":"<div class=\"wpb-content-wrapper\">[vc_row top_margin=&#8221;0&#8243; bottom_margin=&#8221;0&#8243; css=&#8221;.vc_custom_1499912039446{margin-top: -30px !important;}&#8221;][vc_column]<div class=\"shortcode-wrapper shortcode-title clearfix hb-animate-element hb-fade-in\"><p style=\"color:#878787!important;border-color:#878787\" class=\"hb-text-large aligncenter\">Qu\u1ea3n L\u00fd S\u1ea3n Xu\u1ea5t<\/p><\/div>[vc_row_inner][vc_column_inner][vc_empty_space height=&#8221;10px&#8221;]<div class=\"shortcode-wrapper shortcode-icon-box clearfix\"><div class=\"feature-box alternative left-icon-box aligncenter\"><div class=\"feature-box-content\"><h4 class=\"bold\">M\u00f4 t\u1ea3 c\u00f4ng vi\u1ec7c<\/h4><p>Ng\u01b0\u1eddi qu\u1ea3n l\u00fd s\u1ea3n ph\u1ea9m \u0111i\u1ec1u ph\u1ed1i vi\u1ec7c t\u1ea1o, thi\u1ebft k\u1ebf, tri\u1ec3n khai v\u00e0 ra m\u1eaft s\u1ea3n ph\u1ea9m trong su\u1ed1t v\u00f2ng \u0111\u1eddi s\u1ea3n ph\u1ea9m. H\u1ecd l\u00e0m vi\u1ec7c v\u1edbi c\u00e1c c\u00e1 nh\u00e2n v\u00e0 nh\u00f3m \u0111\u1ec3 \u0111\u1ea3m b\u1ea3o s\u1ea3n ph\u1ea9m \u0111\u01b0a ra th\u1ecb tr\u01b0\u1eddng v\u1edbi c\u00e1c t\u00ednh n\u0103ng ph\u00f9 h\u1ee3p. Ng\u01b0\u1eddi qu\u1ea3n l\u00fd s\u1ea3n ph\u1ea9m l\u00e0 ng\u01b0\u1eddi l\u00e3nh \u0111\u1ea1o \u0111\u01b0a ra c\u00e1c quy\u1ebft \u0111\u1ecbnh chi\u1ebfn l\u01b0\u1ee3c, s\u00e1ng su\u1ed1t d\u1ef1a tr\u00ean d\u1eef li\u1ec7u v\u00e0 ph\u00e2n t\u00edch. H\u1ecd c\u1ea7n c\u00f3 c\u00e1i nh\u00ecn s\u00e2u s\u1eafc v\u00e0 hi\u1ec3u bi\u1ebft \u0111\u1ec3 \u0111\u01b0a ra quy\u1ebft \u0111\u1ecbnh v\u1ec1 s\u1ea3n ph\u1ea9m v\u00ec h\u1ecd c\u00f3 tr\u00e1ch nhi\u1ec7m trong t\u1ea5t c\u1ea3 c\u00e1c ph\u1ea7n c\u1ee7a qu\u00e1 tr\u00ecnh ph\u00e1t tri\u1ec3n, qu\u1ea3n l\u00fd c\u00e1c quy tr\u00ecnh nh\u01b0 t\u1ed3n \u0111\u1ecdng s\u1ea3n ph\u1ea9m v\u00e0 l\u1ed9 tr\u00ecnh, l\u00e0m h\u00e0i l\u00f2ng c\u00e1c b\u00ean li\u00ean quan, t\u00ecm ki\u1ebfm nh\u00e0 \u0111\u1ea7u t\u01b0, n\u00f3i chuy\u1ec7n v\u1edbi kh\u00e1ch h\u00e0ng ti\u1ec1m n\u0103ng, v.v.<br \/>\nM\u1ed9t qu\u1ea3n l\u00fd s\u1ea3n xu\u1ea5t gi\u1ecfi c\u00f3 th\u1ec3 bi\u1ebft nh\u1eefng \u0111i\u1ec1u n\u00ean v\u00e0 kh\u00f4ng n\u00ean l\u00e0m trong m\u1ed9t cu\u1ed9c ph\u1ecfng v\u1ea5n kh\u00e1ch h\u00e0ng, nh\u01b0ng nh\u1eefng qu\u1ea3n l\u00fd s\u1ea3n xu\u1ea5t gi\u1ecfi nh\u1ea5t c\u00f3 kh\u1ea3 n\u0103ng \u0111\u1ed3ng c\u1ea3m v\u1edbi kh\u00e1ch h\u00e0ng trong cu\u1ed9c ph\u1ecfng v\u1ea5n \u0111\u00f3, \u0111i\u1ec1u ch\u1ec9nh ng\u00f4n ng\u1eef c\u01a1 th\u1ec3 v\u00e0 c\u1ea3m x\u00fac c\u1ee7a h\u1ecd, \u0111\u1ed3ng th\u1eddi c\u00f3 th\u1ec3 kh\u00e9o l\u00e9o ch\u1ec9 ra nh\u1eefng \u0111i\u1ec3m kh\u00f3 kh\u0103n m\u00e0 h\u1ecd g\u1eb7p ph\u1ea3i. S\u1ea3n ph\u1ea9m ho\u1eb7c t\u00ednh n\u0103ng s\u1ebd gi\u1ea3i quy\u1ebft. M\u1ed9t qu\u1ea3n l\u00fd s\u1ea3n xu\u1ea5tc\u00f3 EQ cao c\u00f3 c\u00e1c m\u1ed1i quan h\u1ec7 b\u1ec1n ch\u1eb7t trong t\u1ed5 ch\u1ee9c c\u1ee7a h\u1ecd v\u00e0 c\u00f3 \u00fd th\u1ee9c s\u00e2u s\u1eafc v\u1ec1 c\u00e1ch v\u01b0\u1ee3t qua c\u00e1c r\u00e0o c\u1ea3n b\u00ean trong v\u00e0 b\u00ean ngo\u00e0i \u0111\u1ec3 cung c\u1ea5p m\u1ed9t s\u1ea3n ph\u1ea9m tuy\u1ec7t v\u1eddi. C\u00f3 l\u1ebd m\u1ed9t trong nh\u1eefng \u0111\u1eb7c \u0111i\u1ec3m quan tr\u1ecdng nh\u1ea5t c\u1ee7a m\u1ed9t qu\u1ea3n l\u00fd s\u1ea3n xu\u1ea5t tuy\u1ec7t v\u1eddi l\u00e0 k\u1ef9 n\u0103ng qu\u1ea3n l\u00fd m\u1ed1i quan h\u1ec7 c\u1ee7a h\u1ecd. B\u1eb1ng c\u00e1ch h\u00ecnh th\u00e0nh c\u00e1c k\u1ebft n\u1ed1i x\u00e1c th\u1ef1c v\u00e0 \u0111\u00e1ng tin c\u1eady v\u1edbi c\u1ea3 c\u00e1c b\u00ean li\u00ean quan b\u00ean trong v\u00e0 b\u00ean ngo\u00e0i, c\u00e1c qu\u1ea3n l\u00fd s\u1ea3n xu\u1ea5t gi\u1ecfi nh\u1ea5t s\u1ebd truy\u1ec1n c\u1ea3m h\u1ee9ng cho m\u1ecdi ng\u01b0\u1eddi v\u00e0 gi\u00fap h\u1ecd ph\u00e1t huy h\u1ebft ti\u1ec1m n\u0103ng c\u1ee7a m\u00ecnh. Qu\u1ea3n l\u00fd m\u1ed1i quan h\u1ec7 c\u0169ng r\u1ea5t quan tr\u1ecdng trong vi\u1ec7c \u0111\u00e0m ph\u00e1n th\u00e0nh c\u00f4ng, gi\u1ea3i quy\u1ebft xung \u0111\u1ed9t v\u00e0 l\u00e0m vi\u1ec7c v\u1edbi nh\u1eefng ng\u01b0\u1eddi kh\u00e1c h\u01b0\u1edbng t\u1edbi m\u1ee5c ti\u00eau chung, \u0111i\u1ec1u n\u00e0y \u0111\u1eb7c bi\u1ec7t kh\u00f3 kh\u0103n khi qu\u1ea3n l\u00fd s\u1ea3n xu\u1ea5t \u0111\u01b0\u1ee3c giao nhi\u1ec7m v\u1ee5 c\u00e2n b\u1eb1ng nhu c\u1ea7u c\u1ee7a kh\u00e1ch h\u00e0ng, nh\u00f3m k\u1ef9 thu\u1eadt h\u1ea1n ch\u1ebf v\u1ec1 ngu\u1ed3n l\u1ef1c v\u00e0 m\u1ee5c ti\u00eau doanh thu c\u1ee7a c\u00f4ng ty. M\u1ed9t qu\u1ea3n l\u00fd s\u1ea3n xu\u1ea5t ph\u1ea3i duy tr\u00ec c\u1ea3m x\u00fac c\u1ee7a h\u1ecd v\u00e0 gi\u1eef b\u00ecnh t\u0129nh tr\u01b0\u1edbc \u00e1p l\u1ef1c. C\u00e1c qu\u1ea3n l\u00fd s\u1ea3n xu\u1ea5t gi\u1ecfi nh\u1ea5t bi\u1ebft c\u00e1ch th\u00fac \u0111\u1ea9y m\u1ea1nh m\u1ebd c\u00e1c \u01b0u ti\u00ean \u0111\u00fang \u0111\u1eafn, v\u1edbi s\u1ef1 kh\u1ea9n c\u1ea5p nh\u01b0ng kh\u00f4ng mang l\u1ea1i c\u1ea3m gi\u00e1c ho\u1ea3ng s\u1ee3 ho\u1eb7c c\u0103ng th\u1eb3ng. Nh\u1eadn th\u1ee9c x\u00e3 h\u1ed9i \u0111\u1ea3m b\u1ea3o c\u00e1c QU\u1ea2N l\u00fd s\u1ea3n xu\u1ea5t ph\u1ee5c v\u1ee5 kh\u00e1ch h\u00e0ng c\u1ee7a h\u1ecd t\u1ed1t nh\u1ea5t b\u1eb1ng m\u1ed9t s\u1ea3n ph\u1ea9m gi\u1ea3i quy\u1ebft \u0111\u01b0\u1ee3c c\u00f4ng vi\u1ec7c c\u1ee7a h\u1ecd ph\u1ea3i ho\u00e0n th\u00e0nh, \u0111\u00e2y cu\u1ed1i c\u00f9ng l\u00e0 \u0111i\u1ec1u th\u00fac \u0111\u1ea9y s\u1ea3n ph\u1ea9m ph\u00f9 h\u1ee3p v\u1edbi th\u1ecb tr\u01b0\u1eddng.<br \/>\nM\u1ed9t ch\u01b0\u01a1ng tr\u00ecnh MBA c\u00f3 th\u1ec3 gi\u00fap b\u1ea1n trau d\u1ed3i k\u1ef9 n\u0103ng chuy\u00ean nghi\u1ec7p trong l\u0129nh v\u1ef1c qu\u1ea3n l\u00fd s\u1ea3n ph\u1ea9m. Th\u00f4ng th\u01b0\u1eddng, c\u00e1c nh\u00e0 qu\u1ea3n l\u00fd s\u1ea3n ph\u1ea9m \u0111\u1ea7y tham v\u1ecdng s\u1ebd tham gia m\u1ed9t ch\u01b0\u01a1ng tr\u00ecnh v\u1edbi kinh nghi\u1ec7m kinh doanh t\u1eeb ba \u0111\u1ebfn n\u0103m n\u0103m, v\u00ec v\u1eady h\u1ecd \u0111\u00e3 c\u00f3 m\u1ed9t s\u1ed1 k\u1ef9 n\u0103ng c\u1ea7n thi\u1ebft \u0111\u1ec3 qu\u1ea3n l\u00fd s\u1ea3n ph\u1ea9m.<\/p><\/div><\/div><\/div>[vc_empty_space height=&#8221;30px&#8221;]<div class=\"shortcode-wrapper shortcode-icon-box clearfix\"><div class=\"feature-box alternative left-icon-box aligncenter\"><div class=\"feature-box-content\"><h4 class=\"bold\">Vai tr\u00f2 v\u00e0 tr\u00e1ch nhi\u1ec7m:<\/h4><p>\u2022 Ph\u00e2n t\u00edch y\u00eau c\u1ea7u c\u1ee7a kh\u00e1ch h\u00e0ng<br \/>\n\u2022 Ti\u1ebfn h\u00e0nh nghi\u00ean c\u1ee9u v\u1ec1 s\u1ea3n ph\u1ea9m, d\u1ecbch v\u1ee5, \u0111\u1ed1i th\u1ee7 c\u1ea1nh tranh ho\u1eb7c th\u1ecb tr\u01b0\u1eddng<br \/>\n\u2022 L\u1eadp k\u1ebf ho\u1ea1ch chi\u1ebfn l\u01b0\u1ee3c cho m\u1ed9t s\u1ea3n ph\u1ea9m ho\u1eb7c d\u1ecbch v\u1ee5 (ph\u00e1t tri\u1ec3n, \u0111\u00f3ng g\u00f3i, tung ra, m\u1edf r\u1ed9ng)<br \/>\n\u2022 Ph\u1ed1i h\u1ee3p v\u00e0 trao \u0111\u1ed5i th\u00f4ng tin v\u1ec1 s\u1ea3n ph\u1ea9m ho\u1eb7c d\u1ecbch v\u1ee5 v\u1edbi ban qu\u1ea3n l\u00fd, nh\u00f3m v\u00e0 c\u00e1c b\u00ean li\u00ean quan<br \/>\n\u2022 Thu th\u1eadp v\u00e0 ph\u00e2n t\u00edch ph\u1ea3n h\u1ed3i v\u1ec1 s\u1ea3n ph\u1ea9m ho\u1eb7c d\u1ecbch v\u1ee5<br \/>\n\u2022 X\u00e2y d\u1ef1ng l\u1ed9 tr\u00ecnh nhi\u1ec1u n\u0103m cho s\u1ea3n ph\u1ea9m v\u00e0 d\u1ecbch v\u1ee5<br \/>\nK\u1ef9 n\u0103ng:<br \/>\n\u2022 K\u0129 n\u0103ng giao ti\u1ebfp<br \/>\n\u2022 Suy ngh\u0129 chi\u1ebfn l\u01b0\u1ee3c<br \/>\n\u2022 K\u1ef9 n\u0103ng qu\u1ea3n l\u00fd con ng\u01b0\u1eddi<br \/>\n\u2022 K\u1ef9 n\u0103ng thi\u1ebft k\u1ebf\/k\u1ef9 thu\u1eadt<br \/>\n\u2022 Khoa h\u1ecdc ng\u01b0\u1eddi d\u00f9ng v\u00e0 s\u1ef1 \u0111\u1ed3ng c\u1ea3m<br \/>\nTr\u00ecnh \u0111\u1ed9 chuy\u00ean m\u00f4n: B\u1eb1ng c\u1eed nh\u00e2n kinh doanh ho\u1eb7c l\u0129nh v\u1ef1c li\u00ean quan<\/p><\/div><\/div><\/div>[\/vc_column_inner][\/vc_row_inner][\/vc_column][\/vc_row]\n<\/div>","protected":false},"excerpt":{"rendered":"<p>[vc_row top_margin=&#8221;0&#8243; bottom_margin=&#8221;0&#8243; css=&#8221;.vc_custom_1499912039446{margin-top: -30px !important;}&#8221;][vc_column][vc_row_inner][vc_column_inner][vc_empty_space height=&#8221;10px&#8221;][vc_empty_space height=&#8221;30px&#8221;][\/vc_column_inner][\/vc_row_inner][\/vc_column][\/vc_row]<\/p>\n","protected":false},"author":4,"featured_media":0,"parent":0,"menu_order":0,"comment_status":"closed","ping_status":"closed","template":"","meta":{"nf_dc_page":"","footnotes":""},"class_list":["post-10541","page","type-page","status-publish","hentry"],"_links":{"self":[{"href":"https:\/\/worknow.vn\/vi\/wp-json\/wp\/v2\/pages\/10541","targetHints":{"allow":["GET"]}}],"collection":[{"href":"https:\/\/worknow.vn\/vi\/wp-json\/wp\/v2\/pages"}],"about":[{"href":"https:\/\/worknow.vn\/vi\/wp-json\/wp\/v2\/types\/page"}],"author":[{"embeddable":true,"href":"https:\/\/worknow.vn\/vi\/wp-json\/wp\/v2\/users\/4"}],"replies":[{"embeddable":true,"href":"https:\/\/worknow.vn\/vi\/wp-json\/wp\/v2\/comments?post=10541"}],"version-history":[{"count":5,"href":"https:\/\/worknow.vn\/vi\/wp-json\/wp\/v2\/pages\/10541\/revisions"}],"predecessor-version":[{"id":11933,"href":"https:\/\/worknow.vn\/vi\/wp-json\/wp\/v2\/pages\/10541\/revisions\/11933"}],"wp:attachment":[{"href":"https:\/\/worknow.vn\/vi\/wp-json\/wp\/v2\/media?parent=10541"}],"curies":[{"name":"wp","href":"https:\/\/api.w.org\/{rel}","templated":true}]}}